{"id":1410,"date":"2020-12-02T14:45:34","date_gmt":"2020-12-02T12:45:34","guid":{"rendered":"https:\/\/etno.net\/?post_type=product&#038;p=1410"},"modified":"2022-08-01T13:01:48","modified_gmt":"2022-08-01T11:01:48","slug":"musiikkia-vanhoilta-ja-uusilta-laitumilta","status":"publish","type":"product","link":"https:\/\/etno.net\/en\/julkaisu\/opinnaytteet\/tohtoriopinnot\/kirjalliset\/musiikkia-vanhoilta-ja-uusilta-laitumilta","title":{"rendered":"Musiikkia vanhoilta ja uusilta laitumilta"},"content":{"rendered":"<p><strong>Tiivistelm\u00e4<\/strong><\/p>\n<p>T\u00e4m\u00e4 kirjallinen ty\u00f6 on osa taiteellista musiikin tohtorin tutkintoani Sibelius-Akatemiassa. Tutkintoni koostui erilaisten opintojen lis\u00e4ksi viidest\u00e4 konsertista sek\u00e4 soitinkehitysprojektista. Musiikkia vanhoilta ja uusilta laitumilta viittaa paimenmusiikkiin, joka oli tutkintoni keskeinen aineisto ja inspiraation l\u00e4hteeni. S\u00e4velsin ja esitin viidess\u00e4 konsertissa uutta musiikkia kansanomaisille puhaltimille, jotka ovat olleet paimenten p\u00e4\u00e4asiallisia soittimia. Konserteissa soivat muiden muassa m\u00e4ntyhuilu, erilaiset pitk\u00e4huilut, puusarvet, luikut ja lirut. K\u00e4ytin musiikissa my\u00f6s ly\u00f6m\u00e4soittimia ja omaa \u00e4\u00e4nt\u00e4ni.<\/p>\n<p>Tavoitteeni t\u00e4ss\u00e4 tutkintoprojektissa on ollut altistaa itseni paimenmusiikille mahdollisimman monin eri tavoin: kuuntelemalla, soittamalla, arkistoihin ja aikalaisteksteihin tutustumalla, soittimia tutkimalla, paimenmusiikkia nuotintamalla ja sit\u00e4 opettamalla. Olen perehtynyt paimenmusiikin muunteluelementteihin ja s\u00e4velmien historiallisiin tyylipiirteisiin. Enemm\u00e4n kuin paimenmusiikin elvytt\u00e4minen tai paimensoittimien tutkiminen minua on kuitenkin kiinnostanut paimensoittajana oleminen, sik\u00e4li kuin se liittyy muusikon suhteeseen soittimeensa, musiikkiin ja itseens\u00e4. Olen halunnut n\u00e4hd\u00e4, millaista musiikkia t\u00e4m\u00e4 prosessi minussa tuottaa.<\/p>\n<p>Muita keskeisi\u00e4 tutkintoni aihepiirej\u00e4 ovat olleet muuntelu ja improvisaatio, ilmaisu ja l\u00e4sn\u00e4olo, yksinsoitto sek\u00e4 itseni haastaminen muusikkona. Tutkintoon kuului my\u00f6s soitinkehityshanke Museosoittimesta ty\u00f6v\u00e4lineeksi, jossa yhdess\u00e4 soitinrakentajan kanssa kehitimme uudenlaisen m\u00e4ntyhuilumallin.<\/p>\n<p>Olen tutkinnon my\u00f6t\u00e4 muuttunut muusikkona. Muinaissuomalaisesta, arkaaisesta musiikista on tullut entist\u00e4 rakkaampaa ja l\u00e4heisemp\u00e4\u00e4. Paimenmusiikkiin sukeltaminen avasi minulle uusia v\u00e4yli\u00e4 improvisaatioon, muusikkouteen ja ilmaisuun. T\u00e4ss\u00e4 kirjallisessa ty\u00f6ss\u00e4 esittelen jatkotutkintoni keskeisi\u00e4 teemoja ja taiteellisen tutkimuksen menetelmi\u00e4ni. Dokumentoin tutkinnon tekemisen vaiheita, kerron oivalluksistani ja arvioin paimenmusiikin ja koko prosessin vaikutuksia omaan muusikkouteeni.<\/p>\n<p><strong>Avainsanat:<\/strong> paimenmusiikki, paimensoittimet, vanhakantaiset puhaltimet, improvisaatio, muuntelu, kansanmusiikki, taiteellinen tutkimus<\/p>","protected":false},"excerpt":{"rendered":"<p><a href=\"https:\/\/media.etno.net\/storage\/document\/Kristiina%20Ilmonen%20Musiikkia%20vanhoilta%20ja%20uusilta%20laitumilta.pdf\">Kristiina Ilmonen Musiikkia vanhoilta ja uusilta laitumilta (PDF)<\/a><\/p>\n<p>Kristiina Ilmonen 2014<br \/>\nTaideyliopisto, Sibelius-Akatemia.<br \/>\nMuTri-tohtorikoulu. Kansanmusiikin aineryhm\u00e4.<br \/>\nTaiteellinen tohtorintutkinto<br \/>\nSibelius-Akatemian kansanmusiikkijulkaisuja 23<\/p>","protected":false},"featured_media":1411,"comment_status":"closed","ping_status":"closed","template":"","meta":{"_acf_changed":false},"product_brand":[],"product_cat":[15,76,85,78],"product_tag":[71,73,72,68,69,74,70],"class_list":{"0":"post-1410","1":"product","2":"type-product","3":"status-publish","4":"has-post-thumbnail","6":"product_cat-kirjat","7":"product_cat-opinnaytteet","8":"product_cat-kirjalliset","9":"product_cat-tohtoriopinnot","10":"product_tag-improvisaatio","11":"product_tag-kansanmusiikki","12":"product_tag-muuntelu","13":"product_tag-paimenmusiikki","14":"product_tag-paimensoittimet","15":"product_tag-taiteellinen-tutkimus","16":"product_tag-vanhakantaiset-puhaltimet","18":"first","19":"instock","20":"shipping-taxable","21":"product-type-simple"},"acf":[],"_links":{"self":[{"href":"https:\/\/etno.net\/en\/wp-json\/wp\/v2\/product\/1410","targetHints":{"allow":["GET"]}}],"collection":[{"href":"https:\/\/etno.net\/en\/wp-json\/wp\/v2\/product"}],"about":[{"href":"https:\/\/etno.net\/en\/wp-json\/wp\/v2\/types\/product"}],"replies":[{"embeddable":true,"href":"https:\/\/etno.net\/en\/wp-json\/wp\/v2\/comments?post=1410"}],"wp:featuredmedia":[{"embeddable":true,"href":"https:\/\/etno.net\/en\/wp-json\/wp\/v2\/media\/1411"}],"wp:attachment":[{"href":"https:\/\/etno.net\/en\/wp-json\/wp\/v2\/media?parent=1410"}],"wp:term":[{"taxonomy":"product_brand","embeddable":true,"href":"https:\/\/etno.net\/en\/wp-json\/wp\/v2\/product_brand?post=1410"},{"taxonomy":"product_cat","embeddable":true,"href":"https:\/\/etno.net\/en\/wp-json\/wp\/v2\/product_cat?post=1410"},{"taxonomy":"product_tag","embeddable":true,"href":"https:\/\/etno.net\/en\/wp-json\/wp\/v2\/product_tag?post=1410"}],"curies":[{"name":"wp","href":"https:\/\/api.w.org\/{rel}","templated":true}]}}