{"id":1418,"date":"2020-12-03T16:39:04","date_gmt":"2020-12-03T14:39:04","guid":{"rendered":"https:\/\/etno.net\/?post_type=product&#038;p=1418"},"modified":"2020-12-03T16:44:28","modified_gmt":"2020-12-03T14:44:28","slug":"baltian-kantelekansat","status":"publish","type":"product","link":"https:\/\/etno.net\/en\/julkaisu\/kirjat\/baltian-kantelekansat","title":{"rendered":"Baltian kantelekansat"},"content":{"rendered":"<div class=\"field field-name-body field-type-text-with-summary field-label-hidden\">\n<div class=\"field-items\">\n<div class=\"field-item even\">\n<p>Tervetuloa matkalle eri kansojen kanteleiden pariin. Baltian kantelekansat -kirja vie meid\u00e4t virolaisten, latvialaisten ja liettualaisten kanteleiden luo. P\u00e4\u00e4semme tutustumaan soittajiin, soitinrakentajiin, tutkijoihin ja soittimiin. Kannel, kokle, kokles ja kankl\u00e8s johdattavat matkan alkuun. Matka jatkuu seuraavassa kirjasarjan osassa Volgalle.<\/p>\n<p>Kanteleen kielin on ker\u00e4nnyt aineistoa kentt\u00e4matkoilla \u00e4\u00e4nitt\u00e4en, kuvaten ja haastatellen. Timo V\u00e4\u00e4n\u00e4nen, Leena H\u00e4kkinen, Kari Dahlblom ja Matti Kontio ovat tehneet matkat Viroon, Latviaan, Liettuaan, Puolaan, Ven\u00e4j\u00e4lle, Udmurtiaan, T\u0161uvassiaan, Tatarstaniin ja Marinmaalle.<\/p>\n<\/div>\n<\/div>\n<\/div>","protected":false},"excerpt":{"rendered":"<p>Artikkelit &#8211; Timo V\u00e4\u00e4n\u00e4nen, Leena H\u00e4kkinen ja Kari Dahlblom<br \/>\nValokuvat, ellei toisin mainita &#8211; Timo V\u00e4\u00e4n\u00e4nen<br \/>\nTaitto &#8211; Timo V\u00e4\u00e4n\u00e4nen, Leena H\u00e4kkinen ja Kari Dahlblom<\/p>\n<p>T\u00e4m\u00e4n kirjan tekemist\u00e4 ja tiedonhankintaa ovat tukeneet Koneen S\u00e4\u00e4ti\u00f6 ja Tiedonjulkistamisen neuvottelukunta.<\/p>\n<p>\u00a9 Kanteleen kielin -ty\u00f6ryhm\u00e4 &#8211; Kari Dahlblom, Leena H\u00e4kkinen, Matti Kontio ja Timo V\u00e4\u00e4n\u00e4nen 2013<br \/>\nMaanite 2013<br \/>\nSibelius-Akatemian kansanmusiikkijulkaisuja 21<br \/>\nISSN-L 2242-8054<br \/>\nISSN 2242-8054<br \/>\nISBN 978-952-5959-41-3<br \/>\nN-Paino, Lahti, 2012<\/p>","protected":false},"featured_media":1419,"comment_status":"closed","ping_status":"closed","template":"","meta":{"_acf_changed":false},"product_brand":[],"product_cat":[15],"product_tag":[],"class_list":{"0":"post-1418","1":"product","2":"type-product","3":"status-publish","4":"has-post-thumbnail","6":"product_cat-kirjat","8":"first","9":"instock","10":"shipping-taxable","11":"product-type-simple"},"acf":[],"_links":{"self":[{"href":"https:\/\/etno.net\/en\/wp-json\/wp\/v2\/product\/1418","targetHints":{"allow":["GET"]}}],"collection":[{"href":"https:\/\/etno.net\/en\/wp-json\/wp\/v2\/product"}],"about":[{"href":"https:\/\/etno.net\/en\/wp-json\/wp\/v2\/types\/product"}],"replies":[{"embeddable":true,"href":"https:\/\/etno.net\/en\/wp-json\/wp\/v2\/comments?post=1418"}],"wp:featuredmedia":[{"embeddable":true,"href":"https:\/\/etno.net\/en\/wp-json\/wp\/v2\/media\/1419"}],"wp:attachment":[{"href":"https:\/\/etno.net\/en\/wp-json\/wp\/v2\/media?parent=1418"}],"wp:term":[{"taxonomy":"product_brand","embeddable":true,"href":"https:\/\/etno.net\/en\/wp-json\/wp\/v2\/product_brand?post=1418"},{"taxonomy":"product_cat","embeddable":true,"href":"https:\/\/etno.net\/en\/wp-json\/wp\/v2\/product_cat?post=1418"},{"taxonomy":"product_tag","embeddable":true,"href":"https:\/\/etno.net\/en\/wp-json\/wp\/v2\/product_tag?post=1418"}],"curies":[{"name":"wp","href":"https:\/\/api.w.org\/{rel}","templated":true}]}}