{"id":1421,"date":"2020-12-03T16:47:10","date_gmt":"2020-12-03T14:47:10","guid":{"rendered":"https:\/\/etno.net\/?post_type=product&#038;p=1421"},"modified":"2022-08-01T12:59:31","modified_gmt":"2022-08-01T10:59:31","slug":"tulin-kuin-tulikipuna-larin-parasken-runolauluopissa","status":"publish","type":"product","link":"https:\/\/etno.net\/en\/julkaisu\/opinnaytteet\/tohtoriopinnot\/kirjalliset\/tulin-kuin-tulikipuna-larin-parasken-runolauluopissa","title":{"rendered":"Tulin kuin tulikipuna &#8211; Larin Parasken runolauluopissa"},"content":{"rendered":"<p>Ilona Korhonen on musiikin monitaitaja: laulaja, s\u00e4velt\u00e4j\u00e4, tutkija ja opettaja. Monipuolisuus n\u00e4kyy my\u00f6s Ilona Korhosen tohtorin tutkinnossa. Tutkintoon kuuluu viisi konserttia ja kirjallinen ty\u00f6. Kirjallinen ty\u00f6 koostuu kolmesta osasta: projektikuvauksesta, kolmannen konsertin kuoropartituurista ja runoteoksesta Kulje mulle valkeana.<\/p>\n<p>Inkeril\u00e4inen runolaulaja Larin Parske on ollut Korhosen esikuva ja innoittaja t\u00e4ll\u00e4 matkalla runolaulajan universaaliin mielentilaan, flowhun, jossa laulaja voi tuottaa ja improvisoida runolaulua syk\u00e4hdytt\u00e4v\u00e4sti, vahvasti ja v\u00e4kev\u00e4sti.<\/p>\n<p>Ty\u00f6n tavoitteena on ollut syvent\u00e4\u00e4 sek\u00e4 yleist\u00e4 tiet\u00e4myst\u00e4 ett\u00e4 tekij\u00e4n omaa k\u00e4sityst\u00e4 inkeril\u00e4isest\u00e4 kalevalamittaisesta laulutavasta. Tavoitteena on my\u00f6s ollut eteneminen tarkkailijan, tutkijan ja kuulijan asemasta tuottajan, v\u00e4litt\u00e4j\u00e4n ja tunteiden tulkitsijan rooliin. Korhosen matka Larin Parasken runolauluopissa johti konserttisarjan edetess\u00e4 kykyyn tuottaa ja improvisoida inkeril\u00e4ist\u00e4 lyriikkaa ja melodiikkaa.<\/p>\n<p><strong>Tiivistelm\u00e4<\/strong><\/p>\n<p>Tohtorintutkintoni tavoitteena on ollut syvent\u00e4\u00e4 sek\u00e4 yleist\u00e4 tiet\u00e4myst\u00e4 ett\u00e4 omaa k\u00e4sityst\u00e4ni inkeril\u00e4isest\u00e4 kalevalamittaisesta laulutavasta, my\u00f6s yksin lauletusta ja esitetyst\u00e4 runolaulusta.<\/p>\n<p>Oma kehitykseni runolaulajana on johtanut konserttisarjan edetess\u00e4 kykyyn tuottaa ja improvisoida inkeril\u00e4ist\u00e4 lyriikkaa ja melodiikkaa. Koen muuttaneeni itse Larin Parasken ja muiden inkeril\u00e4isten runolaulajien \u201dihon alle\u201d, tulleeni itse Paraskeksi. Tavoitteenani on ollut p\u00e4\u00e4st\u00e4 tarkkailijan, tutkijan ja kuulijan asemasta tuottajan, v\u00e4litt\u00e4j\u00e4n ja tunteiden tulkitsijan rooliin.<\/p>\n<p>Larin Paraske oli inkeril\u00e4isist\u00e4 runolaulajista kuuluisin ja saavutti kansantaiteen ikonin aseman jo aikalaistensa keskuudessa. Omassa tutkinnossani Larin Paraske on ollut innoittajana ja esikuvana matkallani runolaulajan universaaliin mielentilaan; flowhun, jossa voin tuottaa ja improvisoida runolaulua syk\u00e4hdytt\u00e4v\u00e4sti, vahvasti ja v\u00e4kev\u00e4sti kuin Inkerin laulajat aikanaan, kaikkia runolaulun tyylipiirteit\u00e4 ja mittas\u00e4\u00e4nt\u00f6j\u00e4 \u2014 tieten tai tiedostamatta, automaatioksi muuttuneena \u2014 kunnioittaen.<\/p>\n<p>Viiden tohtorintutkintooni kuuluvan konsertin sarja on ollut seuraavanlainen:<\/p>\n<p>1. Mets\u00e4n s\u00e4vel, Q-teatteri 21.1.2007<br \/>\n2. Jyrki \u2014 akkuusmusiikkia Inkerist\u00e4, Stoa, 21.4.2007<br \/>\n3. Tarkka p\u00e4\u00e4, tania mieli, Temppeliaukion kirkko, 23.9.2008<br \/>\n4. Rautamuurahainen, Koko-teatteri, 23.8.2009<br \/>\n5. Min\u00e4, Paraske, Helsingin Tuomiokirkon Krypta, 28.2.2012<\/p>\n<p>Tohtorintutkintooni kuuluva kirjallinen osa koostuu kolmesta erilaisesta osasta: projektikuvauksesta, kolmannen konserttini koko partituurista sek\u00e4 runokirjasta Kulje mulle y\u00f6n valona.<\/p>\n<p><strong>Avainsanat: <\/strong>Larin Paraske, Inkeri, runolaulu, imorovisaatio, lyriikka, epiikka, kalevalamitta<\/p>","protected":false},"excerpt":{"rendered":"<p><a href=\"https:\/\/media.etno.net\/storage\/document\/ilona_korhonen%20_tulin_kuin_tulikipuna_larin_parasken_runolauluopissa.pdf\">Ilona Korhonen &#8211; Tulin kuin tulikipuna &#8211; Larin Parasken runolauluopissa (PDF)<\/a><\/p>\n<p>Sibelius-Akatemian kansanmusiikkijulkaisuja 20<\/p>\n<p>Taitto &#8211; Timo V\u00e4\u00e4n\u00e4nen<br \/>\nKannen valokuva &#8211; Eero Grundstr\u00f6m<br \/>\nTakakannen valokuva &#8211; Kukka-Maaria K\u00e4rki<br \/>\nMuut kuvat &#8211; Eero Grundstr\u00f6m (s. 15-18), Jorma Airola (s. 19-30, 36, 106 Jorma Airola), Kari Koskelainen (s. 31)<\/p>\n<p>Paino: AM Print Oy 2012<\/p>\n<p>\u00a9 Ilona Korhonen &amp; Sibelius-Akatemia<br \/>\nISSN-L 2242-8054<br \/>\nISSN 2242-8054<br \/>\nISBN 978-952-5959-25-3<\/p>","protected":false},"featured_media":1422,"comment_status":"closed","ping_status":"closed","template":"","meta":{"_acf_changed":false},"product_brand":[],"product_cat":[15,76,85,78],"product_tag":[141,139,138,142,137,140,75],"class_list":{"0":"post-1421","1":"product","2":"type-product","3":"status-publish","4":"has-post-thumbnail","6":"product_cat-kirjat","7":"product_cat-opinnaytteet","8":"product_cat-kirjalliset","9":"product_cat-tohtoriopinnot","10":"product_tag-epiikka","11":"product_tag-imorovisaatio","12":"product_tag-inkeri","13":"product_tag-kalevalamitta","14":"product_tag-larin-paraske","15":"product_tag-lyriikka","16":"product_tag-runolaulu","18":"first","19":"instock","20":"shipping-taxable","21":"product-type-simple"},"acf":[],"_links":{"self":[{"href":"https:\/\/etno.net\/en\/wp-json\/wp\/v2\/product\/1421","targetHints":{"allow":["GET"]}}],"collection":[{"href":"https:\/\/etno.net\/en\/wp-json\/wp\/v2\/product"}],"about":[{"href":"https:\/\/etno.net\/en\/wp-json\/wp\/v2\/types\/product"}],"replies":[{"embeddable":true,"href":"https:\/\/etno.net\/en\/wp-json\/wp\/v2\/comments?post=1421"}],"wp:featuredmedia":[{"embeddable":true,"href":"https:\/\/etno.net\/en\/wp-json\/wp\/v2\/media\/1422"}],"wp:attachment":[{"href":"https:\/\/etno.net\/en\/wp-json\/wp\/v2\/media?parent=1421"}],"wp:term":[{"taxonomy":"product_brand","embeddable":true,"href":"https:\/\/etno.net\/en\/wp-json\/wp\/v2\/product_brand?post=1421"},{"taxonomy":"product_cat","embeddable":true,"href":"https:\/\/etno.net\/en\/wp-json\/wp\/v2\/product_cat?post=1421"},{"taxonomy":"product_tag","embeddable":true,"href":"https:\/\/etno.net\/en\/wp-json\/wp\/v2\/product_tag?post=1421"}],"curies":[{"name":"wp","href":"https:\/\/api.w.org\/{rel}","templated":true}]}}