{"id":1424,"date":"2020-12-03T16:54:57","date_gmt":"2020-12-03T14:54:57","guid":{"rendered":"https:\/\/etno.net\/?post_type=product&#038;p=1424"},"modified":"2022-08-01T12:32:28","modified_gmt":"2022-08-01T10:32:28","slug":"viululaulaja","status":"publish","type":"product","link":"https:\/\/etno.net\/en\/julkaisu\/opinnaytteet\/tohtoriopinnot\/kirjalliset\/viululaulaja","title":{"rendered":"Viululaulaja"},"content":{"rendered":"<p>Yht\u00e4aikainen viulunsoitto ja laulaminen saavat tekij\u00e4ns\u00e4 korvissa aikaan ainutlaatuisen resonoinnin. T\u00e4m\u00e4 l\u00e4hes maaginen tunne on saanut monet muusikot vieh\u00e4ttym\u00e4\u00e4n viulunsa ja oman \u00e4\u00e4nens\u00e4 yhdist\u00e4misest\u00e4. Se on johdattanut Hanni Autereen tutkimaan t\u00e4m\u00e4n niin sanotun viululaulun mahdollisuuksia oman musiikillisen ilmaisunsa v\u00e4yl\u00e4n\u00e4.<\/p>\n<p>Autere on Sibelius-Akatemian kansainv\u00e4lisesti arvostetun kansanmusiikin osaston kasvatteja. Maisteriopintojensa aikana h\u00e4n yhdisti kaksi rakkainta instrumenttiaan ja hakeutui valmistumisensa j\u00e4\u00e4lkeen taiteelliseen tohtorikoulutusohjelmaan tutkimaan viululaulua. Uusia n\u00e4k\u00f6kulmia etsiess\u00e4\u00e4n h\u00e4n yhdisti viululauluunsa live-\u00e4\u00e4nenmuokkauksen, liikeilmaisun ja n\u00e4ytt\u00e4m\u00f6llisyyden sek\u00e4 improvisoimisen. Tavoitteena oli saada aikaan uusia sointiv\u00e4rej\u00e4 ja uutta, viululauluun pohjautuvaa musiikkia.<\/p>\n<p>T\u00e4m\u00e4 kirjallinen ty\u00f6 on prosessikuvaus tutkintokonserttien muodostamasta kehityskaaresta. Autere kuvaa ty\u00f6ss\u00e4\u00e4n musiikillisen taustansa lis\u00e4ksi luovaa muusikkoutta sek\u00e4 kaikki tutkintokonserttinsa suunnitteluvaiheesta j\u00e4lkitunnelmiin. P\u00e4\u00e4osassa ovat viululaulu, s\u00e4velt\u00e4minen sek\u00e4 muusikkouteen, esiintymiseen ja ilmaisuun vaikuttavat asiat. Kirjallisen ty\u00f6n liitteen\u00e4 olevalla \u00e4\u00e4nitteell\u00e4 on esityksen painopisteen ilmaiseva n\u00e4yte jokaisesta konsertista.<\/p>\n<p><strong>Tiivistelm\u00e4<\/strong><\/p>\n<p>Taiteellisen tohtorintutkintoni aihe on viululaulun eli yht\u00e4aikaisen viulunsoiton ja laulamisen tutkiminen ja kehitt\u00e4minen. L\u00e4ht\u00f6kohtana taiteellisessa prosessissa oli kiinnostukseni t\u00e4ll\u00e4 instrumenttiyhdistelm\u00e4ll\u00e4 aikaansaatuun musiikkiin. Opiskelun tavoitteena olivat viululaulun entist\u00e4 parempi fyysinen hallinta sek\u00e4 s\u00e4vellyksellisten taitojeni ja ilmaisuni kehitt\u00e4minen. Niin ik\u00e4\u00e4n uuden, viulun ja laulun yhdist\u00e4v\u00e4n musiikin s\u00e4velt\u00e4minen sek\u00e4 viululaulun tunnetuksi tekeminen oli t\u00e4rke\u00e4\u00e4.<\/p>\n<p>Alun perin muusikko-s\u00e4velt\u00e4j\u00e4 Minni Ilmosen kehitt\u00e4m\u00e4 sana viululaulu on termin\u00e4 uusi, eik\u00e4 viululaulumusiikkia ole merkitt\u00e4v\u00e4ss\u00e4 m\u00e4\u00e4rin suurelle yleis\u00f6lle Suomessa esitelty. Siksi olen konserteissani l\u00e4hestynyt aihetta subjektiivisesta n\u00e4k\u00f6kulmasta k\u00e4ytt\u00e4en tutkimusmateriaalina enimm\u00e4kseen omia s\u00e4vellyksi\u00e4ni. Niiden avulla olen tutkinut instrumenttiyhdistelm\u00e4ni mahdollisuuksia, ja luonut uusia \u00e4\u00e4nens\u00e4vyj\u00e4 sek\u00e4 ilmaisutapoja musiikkiini. Esikuvani ja motivoijani viululaulun tutkimisessa on tsekkil\u00e4inen muusikko-s\u00e4velt\u00e4j\u00e4 Iva Bittov\u00e1.<\/p>\n<p>Ty\u00f6skentelymetodinani on ollut p\u00e4\u00e4osin improvisointi, joka on aiemmin ollut minulle l\u00e4hes k\u00e4ytt\u00e4m\u00e4t\u00f6n voimavara. Tutkinnon edetess\u00e4 olen l\u00f6yt\u00e4nyt sen avulla uuden s\u00e4velmaailman. Tutkintoprosessin aikana olen tehnyt lukuisia kokeiluja soitto- ja laulutapojen parissa sek\u00e4 opiskellut kunkin konsertin painopisteeseen liittyvi\u00e4 asioita. Konserttikohtaisina aiheina ovat olleet muun muassa esitystilanteessa tapahtuva \u00e4\u00e4nenmuokkaus, liikeilmaisu, improvisoiminen sek\u00e4 s\u00e4velt\u00e4minen. Ohjaajina konserteissa ovat olleet Heikki Laitinen, Pekka Kuusisto, P\u00e4ivi J\u00e4rvinen, Maria Kalaniemi sek\u00e4 Jarmo Saari. Ohjaajieni johdolla olen tehnyt erilaisia tutkimusmatkoja etsien muusikkouteni mment\u00e4misen rajoja.<\/p>\n<p>Prosessikuvaukseksi luonnehdittavassa kirjallisessa ty\u00f6ss\u00e4ni pohdin muun muassa viululaulun olemusta, tiet\u00e4ni muusikoksi sek\u00e4 tutkintokonserttien tapahtumia ja tuloksia. Nostan joka konsertista esiin yhden s\u00e4vellyksen, ja analysoin sit\u00e4 nuotinnoksen sek\u00e4 konserttitallenteiden avulla.<\/p>\n<p><strong>Avainsanat:<\/strong> viululaulu, muusikkous, improvisointi, s\u00e4velt\u00e4minen, \u00e4\u00e4nens\u00e4vyt, liikeilmaisu, \u00e4\u00e4nenmuokkaus<\/p>","protected":false},"excerpt":{"rendered":"<p><a href=\"https:\/\/media.etno.net\/storage\/document\/hanni_autere_viululaulaja.pdf\">Hanni Autere &#8211; Viululaulaja (PDF)<\/a><\/p>\n<p>Sibelius-Akatemian kansanmusiikin osaston julkaisuja 19<\/p>\n<div class=\"field field-name-body field-type-text-with-summary field-label-hidden\">\n<div class=\"field-items\">\n<div class=\"field-item even\">\n<p>Juuret 8.10.2003 klo 19 Kamarimusiikkisali, Sibelius-Akatemia<br \/>\nYksi \u00e4\u00e4ni 8.12.2004 klo 19 Kamarimusiikkisali, Sibelius-Akatemia<br \/>\nTrio kahdelle 30. ja 31.5.2006 klo 19 Kallio-Kuninkalan Leonora-sali<br \/>\nViulajan laulu 22. ja 23.5.2008 klo 19 Pitskun kulttuurikirkko<br \/>\nValon aika 22.4.2009 klo 19 Kamarimusiikkisali, Sibelius-Akatemia<\/p>\n<p>15 Liite 3: Arvosteluja Puhun puille -levyst\u00e4<br \/>\nFolkroots, joulukuu 2005<br \/>\nFree! Magazine, 17.4.2007<br \/>\nPelimanni, 1\/2005<\/p>\n<p>16 Liitelevy<\/p>\n<\/div>\n<\/div>\n<\/div>\n<div class=\"field field-name-field-learn-book-credits field-type-text-long field-label-hidden\">\n<div class=\"field-items\">\n<div class=\"field-item even\">\n<p>Taitto &#8211; Timo V\u00e4\u00e4n\u00e4nen<br \/>\nKannen valokuva &#8211; Mika Autere<br \/>\nTakakannen valokuva &#8211; Ilari Ik\u00e4valko<br \/>\nPaino &#8211; AM Print Oy, Helsinki, 2011<\/p>\n<p>\u00a9 Hanni Autere &amp; Sibelius-Akatemian kansanmusiikin osasto<br \/>\nISSN 1455-2493<br \/>\nISBN 978-952-5959-03-1<\/p>\n<\/div>\n<\/div>\n<\/div>","protected":false},"featured_media":1425,"comment_status":"closed","ping_status":"closed","template":"","meta":{"_acf_changed":false},"product_brand":[],"product_cat":[15,76,85,78],"product_tag":[148,146,145,147,144,129,143],"class_list":{"0":"post-1424","1":"product","2":"type-product","3":"status-publish","4":"has-post-thumbnail","6":"product_cat-kirjat","7":"product_cat-opinnaytteet","8":"product_cat-kirjalliset","9":"product_cat-tohtoriopinnot","10":"product_tag-aanenmuokkaus","11":"product_tag-aanensavyt","12":"product_tag-improvisointi","13":"product_tag-liikeilmaisu","14":"product_tag-muusikkous","15":"product_tag-saveltaminen","16":"product_tag-viululaulu","18":"first","19":"instock","20":"shipping-taxable","21":"product-type-simple"},"acf":[],"_links":{"self":[{"href":"https:\/\/etno.net\/en\/wp-json\/wp\/v2\/product\/1424","targetHints":{"allow":["GET"]}}],"collection":[{"href":"https:\/\/etno.net\/en\/wp-json\/wp\/v2\/product"}],"about":[{"href":"https:\/\/etno.net\/en\/wp-json\/wp\/v2\/types\/product"}],"replies":[{"embeddable":true,"href":"https:\/\/etno.net\/en\/wp-json\/wp\/v2\/comments?post=1424"}],"wp:featuredmedia":[{"embeddable":true,"href":"https:\/\/etno.net\/en\/wp-json\/wp\/v2\/media\/1425"}],"wp:attachment":[{"href":"https:\/\/etno.net\/en\/wp-json\/wp\/v2\/media?parent=1424"}],"wp:term":[{"taxonomy":"product_brand","embeddable":true,"href":"https:\/\/etno.net\/en\/wp-json\/wp\/v2\/product_brand?post=1424"},{"taxonomy":"product_cat","embeddable":true,"href":"https:\/\/etno.net\/en\/wp-json\/wp\/v2\/product_cat?post=1424"},{"taxonomy":"product_tag","embeddable":true,"href":"https:\/\/etno.net\/en\/wp-json\/wp\/v2\/product_tag?post=1424"}],"curies":[{"name":"wp","href":"https:\/\/api.w.org\/{rel}","templated":true}]}}