{"id":1426,"date":"2020-12-03T16:57:52","date_gmt":"2020-12-03T14:57:52","guid":{"rendered":"https:\/\/etno.net\/?post_type=product&#038;p=1426"},"modified":"2020-12-03T16:57:53","modified_gmt":"2020-12-03T14:57:53","slug":"warpusen-weisu-pohjanmaan-musiikin-historiaa-1600-1900","status":"publish","type":"product","link":"https:\/\/etno.net\/en\/julkaisu\/kirjat\/warpusen-weisu-pohjanmaan-musiikin-historiaa-1600-1900","title":{"rendered":"Warpusen weisu &#8211; Pohjanmaan musiikin historiaa 1600-1900"},"content":{"rendered":"<p>T\u00e4m\u00e4 kirja on tulos kolmesta tutkijatapaamisesta, jotka pidettiin vuosina 2007-2009 Sein\u00e4joella elokuisten \u00d6stermyran musiikkip\u00e4ivien yhteydess\u00e4. Artikkeleiden aihepiirit kattavat ajanjakson 1600-luvulta 1900-luvun alkuun. Kirjan keskeisen\u00e4 tavoitteena on ollut etsi\u00e4 ja tuottaa uusia n\u00e4k\u00f6kulmia aikaisemmin kirjoitettuun Suomen ja erityisesti Pohjanmaan musiikin historiaan. Musiikkia ei ole haluttu niink\u00e4\u00e4n tarkastella nykyhetken musiikinlajien rajoissa, vaan el\u00e4ytym\u00e4ll\u00e4 ja mukautumalla eri aikakausien yhteiskunnallisiin oloihin ja niiden aikaansamaan monipuoliseen musiikkikulttuuriin.<\/p>\n<p>Kirjan kirjoittajat muodostavat edustavan joukon musiikintutkijoita, joista huomattava osa on kirkkomusiikin ja kansanmusiikin asiantuntijoita. 1800-luvun lopulla tapahtuneen torvisoittokuntien, muun yhtyesoiton ja laulukuorojen synnyn my\u00f6t\u00e4 Pohjanmaan musiikin historia kuuluu kuitenkin my\u00f6s populaarimusiikin tutkijoiden ty\u00f6sarkaan, joka n\u00e4kyy kirjan sis\u00e4ll\u00f6ss\u00e4.<\/p>\n<p>Kirja sis\u00e4lt\u00e4\u00e4 monia mielenkiintoisia yksityiskohtia paikallisesta musiikkitoiminnasta, jotka tutkimus on aiemmin sivuuttanut tai jotka ovat muuten vain p\u00e4\u00e4sseet unohtumaan aikojen saatossa. Moni kirjoittaja on onnistunut tekem\u00e4\u00e4n uusia tulkintoja siit\u00e4, miten Pohjanmaan musiikki ja sen eri osa-alueet ovat kehittyneet ja muuttuneet vuosisatojen kuluessa.<\/p>","protected":false},"excerpt":{"rendered":"<p>Sibelius-Akatemian kansanmusiikin osaston julkaisuja 18<\/p>\n<div class=\"field field-name-field-learn-book-author field-type-text field-label-inline clearfix\">\n<div class=\"field-items\">\n<div class=\"field-item even\">toim. Vesa Kurkela, Heikki Laitinen &amp; Saijaleena Rantanen<br \/>\n2010<\/div>\n<\/div>\n<\/div>\n<div class=\"field field-name-field-learn-book-credits field-type-text-long field-label-hidden\">\n<div class=\"field-items\">\n<div class=\"field-item even\">\n<p>Taitto &#8211; Joonas Keskinen<br \/>\nKansi &#8211; Petri V\u00e4lim\u00e4ki<br \/>\nPaino &#8211; Juvenes Print, Tampere 2010<\/p>\n<p>\u00a9 2010 kirjoittajat<br \/>\nISSN 1455-2493<br \/>\nISBN 978-952-5531<\/p>\n<\/div>\n<\/div>\n<\/div>","protected":false},"featured_media":1427,"comment_status":"closed","ping_status":"closed","template":"","meta":{"_acf_changed":false},"product_brand":[],"product_cat":[15],"product_tag":[],"class_list":{"0":"post-1426","1":"product","2":"type-product","3":"status-publish","4":"has-post-thumbnail","6":"product_cat-kirjat","8":"first","9":"instock","10":"shipping-taxable","11":"product-type-simple"},"acf":[],"_links":{"self":[{"href":"https:\/\/etno.net\/en\/wp-json\/wp\/v2\/product\/1426","targetHints":{"allow":["GET"]}}],"collection":[{"href":"https:\/\/etno.net\/en\/wp-json\/wp\/v2\/product"}],"about":[{"href":"https:\/\/etno.net\/en\/wp-json\/wp\/v2\/types\/product"}],"replies":[{"embeddable":true,"href":"https:\/\/etno.net\/en\/wp-json\/wp\/v2\/comments?post=1426"}],"wp:featuredmedia":[{"embeddable":true,"href":"https:\/\/etno.net\/en\/wp-json\/wp\/v2\/media\/1427"}],"wp:attachment":[{"href":"https:\/\/etno.net\/en\/wp-json\/wp\/v2\/media?parent=1426"}],"wp:term":[{"taxonomy":"product_brand","embeddable":true,"href":"https:\/\/etno.net\/en\/wp-json\/wp\/v2\/product_brand?post=1426"},{"taxonomy":"product_cat","embeddable":true,"href":"https:\/\/etno.net\/en\/wp-json\/wp\/v2\/product_cat?post=1426"},{"taxonomy":"product_tag","embeddable":true,"href":"https:\/\/etno.net\/en\/wp-json\/wp\/v2\/product_tag?post=1426"}],"curies":[{"name":"wp","href":"https:\/\/api.w.org\/{rel}","templated":true}]}}