{"id":1428,"date":"2020-12-03T17:26:40","date_gmt":"2020-12-03T15:26:40","guid":{"rendered":"https:\/\/etno.net\/?post_type=product&#038;p=1428"},"modified":"2021-04-06T10:10:40","modified_gmt":"2021-04-06T08:10:40","slug":"eraan-karjalaisen-naisen-laulut","status":"publish","type":"product","link":"https:\/\/etno.net\/en\/julkaisu\/opinnaytteet\/tohtoriopinnot\/kirjalliset\/eraan-karjalaisen-naisen-laulut","title":{"rendered":"Er\u00e4\u00e4n karjalaisen naisen laulut"},"content":{"rendered":"<div class=\"field field-name-body field-type-text-with-summary field-label-hidden\">\n<div class=\"field-items\">\n<div class=\"field-item even\">\n<p>Suomalaisessa kansanmusiikissa minua ovat aina kiinnostaneet naisten laulamat laulut. Kanteletar oli aikanaan ensimm\u00e4inen kosketukseni koko suomalaiseen ja karjalaiseen kansanperinteeseen. Aitini opetti minulle ensimm\u00e4iset s\u00e4keet sulhasen ja morsiamen neuvontarunoja, jotka sitten lausuimme lapsen innolla set\u00e4ni h\u00e4iss\u00e4. Esityksemme oli suurmenestys.<\/p>\n<p>V\u00e4hitellen opin s\u00e4keen sielt\u00e4, s\u00e4keen t\u00e4\u00e4lt\u00e4. Osasin muutaman paimenrunon, ja tytt\u00f6jen &#8221;Voi kun mie mokoman saisin&#8221; -runoja p\u00e4\u00e4sin esitt\u00e4m\u00e4\u00e4n yl\u00e4asteen kev\u00e4tjuhlissa. Kanteletar kulkeutui p\u00f6yd\u00e4lleni, ja pian olin lukenut kirjan l\u00e4pi ihan omaksi ilokseni.<\/p>\n<p>Oivallus Kantelettaren runojen laulamisesta muutti koko k\u00e4sitykseni Kantelettaresta. S\u00e4keet alkoivat el\u00e4\u00e4, ja ne puhuttelivat minua aivan eri tavalla kuin lausuttu teksti. Tekstin laulaminen lausutun sijasta vei minut aivan uuteen maailmaan.<\/p>\n<p>Kantelettaren lyyriset laulut, kaikessa koruttomuudessaan, valottavat upealla tavalla sit\u00e4 maailmaa, jossa karjalainen nainen on el\u00e4nyt. Naisten laulamat laulut viev\u00e4t l\u00e4pi koko el\u00e4m\u00e4n: kehtolaulut, leikkilaulut, nuorten tytt\u00f6jen piirileikki- ja riiauslaulut, h\u00e4\u00e4laulut, huolilaulut ja itkut antavat kuvan naisen el\u00e4m\u00e4nkaaresta. Laulut ovat olleet osa siirtym\u00e4riittej\u00e4: aina kun tytt\u00f6 on siirtynyt el\u00e4m\u00e4ss\u00e4\u00e4n uuteen vaiheeseen, h\u00e4n on saanut neuvonsa, oppinsa tai lohtunsa laulamalla tai laulun kautta.<\/p>\n<p>Naimisiinmeno muutti naisen el\u00e4m\u00e4n. Ilonpito j\u00e4i, kun arki uudessa kodissa alkoi. El\u00e4m\u00e4 saattoi olla hyvinkin hankalaa, oma suku kaukana. Niinp\u00e4 laulu oli keino hoitaa omaa sielua ja syd\u00e4nt\u00e4. Laulaminen oli naisen selviytymiskeino arjessa. Nainen lauloi kun kukaan ei ollut kuulemassa. Silloin sai laulaa kipeimm\u00e4tkin tunteensa julki, ik\u00e4v\u00f6id\u00e4 omia maita.<\/p>\n<p>Taiteellisessa jatkotutkinnossani haluan l\u00f6yt\u00e4\u00e4 tuon Kantelettareen koottujen lyyristen laulujen maailman. Tytt\u00f6ajat ovat ohi, ne laulut on jo laulettu. Haluan nyt n\u00e4hd\u00e4, miten syv\u00e4lle voin karjalaisen naisen laulumaailmaan t\u00e4m\u00e4n p\u00e4iv\u00e4n ev\u00e4ill\u00e4 p\u00e4\u00e4st\u00e4. Miten vuosisatainen nainen on itsekseen hyreksinyt, miten hoitanut sieluaan ja koko perhett\u00e4\u00e4n laulamalla? Mitk\u00e4 asiat saattavat minut samaan maailmaan? Onko t\u00e4m\u00e4n p\u00e4iv\u00e4n ev\u00e4ill\u00e4 ylip\u00e4\u00e4t\u00e4ns\u00e4 mahdollista p\u00e4\u00e4st\u00e4 l\u00e4hellek\u00e4\u00e4n kalevalaista laulumaailmaa, tuottaa musiikkia laulamalla, eik\u00e4 nuotteja kirjoittamalla.<\/p>\n<p>T\u00e4m\u00e4 aihepiiri kiehtoo minua my\u00f6s luovalta kannalta. S\u00e4vell\u00e4n ja sanoitan taiteellisen tohtorin tutkintoni musiikin itse. Haluan oppia ymm\u00e4rt\u00e4m\u00e4\u00e4n ja tiedostamaan s\u00e4vellysteni syntyprosessin ja l\u00e4hesty\u00e4 musiikkiani kuulemisen ja kuuntelemisen kautta. Kuinka pienest\u00e4 melodia-aiheesta kasvaa kokonainen laulu tai teos. Miten hiljaista, arkaaista, pient\u00e4, musiikki voi olla? Miten pienest\u00e4 hiljaisesta \u00e4\u00e4nest\u00e4 kasvaa koko tilan t\u00e4ytt\u00e4v\u00e4 teos? Miten melodia-aihe muuttuu ja muokkautuu, miten teksti vaikuttaa kokonaisuuteen. Mit\u00e4 aika, eletty el\u00e4m\u00e4 tekee lauluilleni? Miten kantele vastaa, kun min\u00e4 kysyn? Millaista musiikkia syntyy, kun estradille nouseekin vain yksi ihminen ja esitt\u00e4\u00e4 itse s\u00e4velt\u00e4m\u00e4ns\u00e4 materiaalin?<\/p>\n<p>Haluan l\u00f6yt\u00e4\u00e4 itsest\u00e4ni vuosisatoja el\u00e4neen karjalaisen naisen. Haluan liitt\u00e4\u00e4 itseni siihen katkeamattomaan ketjuun , joka aloittaa aina uuden el\u00e4m\u00e4n kohdattuaan:&#8221;Aa, aa Aliina&#8230;&#8221;<\/p>\n<\/div>\n<\/div>\n<\/div>","protected":false},"excerpt":{"rendered":"<p>Sari Kaasinen<\/p>\n<p>Ulkoasu: Graafinen Suunnittelu Wasenius<br \/>\nPaino: Joensuun yliopistopaino 2009<\/p>","protected":false},"featured_media":1429,"comment_status":"closed","ping_status":"closed","template":"","meta":{"_acf_changed":false},"product_brand":[],"product_cat":[15,76,85,78],"product_tag":[],"class_list":{"0":"post-1428","1":"product","2":"type-product","3":"status-publish","4":"has-post-thumbnail","6":"product_cat-kirjat","7":"product_cat-opinnaytteet","8":"product_cat-kirjalliset","9":"product_cat-tohtoriopinnot","11":"first","12":"instock","13":"shipping-taxable","14":"product-type-simple"},"acf":[],"_links":{"self":[{"href":"https:\/\/etno.net\/en\/wp-json\/wp\/v2\/product\/1428","targetHints":{"allow":["GET"]}}],"collection":[{"href":"https:\/\/etno.net\/en\/wp-json\/wp\/v2\/product"}],"about":[{"href":"https:\/\/etno.net\/en\/wp-json\/wp\/v2\/types\/product"}],"replies":[{"embeddable":true,"href":"https:\/\/etno.net\/en\/wp-json\/wp\/v2\/comments?post=1428"}],"wp:featuredmedia":[{"embeddable":true,"href":"https:\/\/etno.net\/en\/wp-json\/wp\/v2\/media\/1429"}],"wp:attachment":[{"href":"https:\/\/etno.net\/en\/wp-json\/wp\/v2\/media?parent=1428"}],"wp:term":[{"taxonomy":"product_brand","embeddable":true,"href":"https:\/\/etno.net\/en\/wp-json\/wp\/v2\/product_brand?post=1428"},{"taxonomy":"product_cat","embeddable":true,"href":"https:\/\/etno.net\/en\/wp-json\/wp\/v2\/product_cat?post=1428"},{"taxonomy":"product_tag","embeddable":true,"href":"https:\/\/etno.net\/en\/wp-json\/wp\/v2\/product_tag?post=1428"}],"curies":[{"name":"wp","href":"https:\/\/api.w.org\/{rel}","templated":true}]}}