{"id":1430,"date":"2020-12-03T17:32:37","date_gmt":"2020-12-03T15:32:37","guid":{"rendered":"https:\/\/etno.net\/?post_type=product&#038;p=1430"},"modified":"2021-09-03T11:46:05","modified_gmt":"2021-09-03T09:46:05","slug":"laulajan-hiljainen-haltioituminen","status":"publish","type":"product","link":"https:\/\/etno.net\/en\/julkaisu\/opinnaytteet\/tohtoriopinnot\/kirjalliset\/laulajan-hiljainen-haltioituminen","title":{"rendered":"Laulajan hiljainen haltioituminen"},"content":{"rendered":"<p>Jatko-opintojeni tarkoitus on ollut yritt\u00e4\u00e4 hahmottaa nykyajan kansanlaulajuutta ja siin\u00e4 nimenomaan omaa kansanlaulajuuttani, l\u00f6yt\u00e4\u00e4 omalle musiikilliselle l\u00e4sn\u00e4olon keinojen paletille uusia s\u00e4vyj\u00e4 ja koetella siin\u00e4 jo valmiiksi olevien keinojen kest\u00e4vyytt\u00e4.<\/p>\n<p>Kirjallinen ty\u00f6ni jakautuu kahteen osaan ja on p\u00e4\u00e4s\u00e4\u00e4nt\u00f6isesti kirjallinen raportti, jonka painopiste on taiteellisessa kehityksess\u00e4. Ensimm\u00e4isess\u00e4 osassa vastaan joihinkin laulamiseen liittyviin kysymyksiin, joita minulta on viime aikoina kysytty. Osa on er\u00e4\u00e4nlaista laulajan k\u00e4ytt\u00f6teoriaa joistain niist\u00e4 asioista, jotka ovat itselleni t\u00e4rkeit\u00e4 laulaessa. Toisessa osassa k\u00e4sittelen aiheitta konserttieni kautta, siin\u00e4 havainnollistuu k\u00e4ytt\u00f6teorian k\u00e4yt\u00e4nn\u00f6llinen puoli sek\u00e4 sen laajeneminen ja syveneminen tekemisen my\u00f6t\u00e4. K\u00e4sittelen siin\u00e4 viisi jatkotutkintokonserttiani sek\u00e4 lyhyesti kahden suurehkon nykyoopperaroolin laulamista kansanlaulajana sek\u00e4 haasteita, joihin niiss\u00e4 t\u00f6rm\u00e4sin.<\/p>","protected":false},"excerpt":{"rendered":"<p>Sibelius-Akatemian kansanmusiikin osaston julkaisuja 16<\/p>\n<p><a title=\"sanna_kurki-suonio_tohtori.pdf\" href=\"https:\/\/media.etno.net\/sites\/default\/files\/document\/sanna_kurki-suonio_tohtori.pdf\" target=\"_blank\" rel=\"noopener\">Laulajan hiljainen haltioituminen<\/a> (PDF)<\/p>\n<div class=\"field field-name-field-learn-book-credits field-type-text-long field-label-hidden\">\n<div class=\"field-items\">\n<div class=\"field-item even\">\n<p>Taitto: Timo V\u00e4\u00e4n\u00e4nen<\/p>\n<p>\u00a9 Sibelius-Akatemian kansanmusiikin osasto 2009<br \/>\nISSN 1455-2493<br \/>\nISBN 978-952-5531-57-2<\/p>\n<\/div>\n<\/div>\n<\/div>","protected":false},"featured_media":1431,"comment_status":"closed","ping_status":"closed","template":"","meta":{"_acf_changed":false},"product_brand":[],"product_cat":[15,76,85,78],"product_tag":[],"class_list":{"0":"post-1430","1":"product","2":"type-product","3":"status-publish","4":"has-post-thumbnail","6":"product_cat-kirjat","7":"product_cat-opinnaytteet","8":"product_cat-kirjalliset","9":"product_cat-tohtoriopinnot","11":"first","12":"instock","13":"shipping-taxable","14":"product-type-simple"},"acf":[],"_links":{"self":[{"href":"https:\/\/etno.net\/en\/wp-json\/wp\/v2\/product\/1430","targetHints":{"allow":["GET"]}}],"collection":[{"href":"https:\/\/etno.net\/en\/wp-json\/wp\/v2\/product"}],"about":[{"href":"https:\/\/etno.net\/en\/wp-json\/wp\/v2\/types\/product"}],"replies":[{"embeddable":true,"href":"https:\/\/etno.net\/en\/wp-json\/wp\/v2\/comments?post=1430"}],"wp:featuredmedia":[{"embeddable":true,"href":"https:\/\/etno.net\/en\/wp-json\/wp\/v2\/media\/1431"}],"wp:attachment":[{"href":"https:\/\/etno.net\/en\/wp-json\/wp\/v2\/media?parent=1430"}],"wp:term":[{"taxonomy":"product_brand","embeddable":true,"href":"https:\/\/etno.net\/en\/wp-json\/wp\/v2\/product_brand?post=1430"},{"taxonomy":"product_cat","embeddable":true,"href":"https:\/\/etno.net\/en\/wp-json\/wp\/v2\/product_cat?post=1430"},{"taxonomy":"product_tag","embeddable":true,"href":"https:\/\/etno.net\/en\/wp-json\/wp\/v2\/product_tag?post=1430"}],"curies":[{"name":"wp","href":"https:\/\/api.w.org\/{rel}","templated":true}]}}