{"id":1436,"date":"2020-12-07T12:08:18","date_gmt":"2020-12-07T10:08:18","guid":{"rendered":"https:\/\/etno.net\/?post_type=product&#038;p=1436"},"modified":"2022-08-01T12:55:21","modified_gmt":"2022-08-01T10:55:21","slug":"rantakoivun-alta-runonsoittajaksi","status":"publish","type":"product","link":"https:\/\/etno.net\/en\/julkaisu\/opinnaytteet\/tohtoriopinnot\/kirjalliset\/rantakoivun-alta-runonsoittajaksi","title":{"rendered":"Rantakoivun alta runonsoittajaksi"},"content":{"rendered":"<p>Maria Kalaniemi kuuluu suomalaisen nykykansanmusiikin uranuurtajiin. H\u00e4n aloitti opintonsa Sibelius-Akatemiassa vuonna 1983 kuuden ensimm\u00e4isen kansanmusiikkiopiskelijan joukossa. Kalaniemi on tehnyt parin vuosikymmenen aikana mittavan uran koti- ja ulkomailla uudistaen k\u00e4sityst\u00e4 harmonikasta ja sill\u00e4 soitettavasta musiikista. Kalaniemen luoma lyyrisen herkk\u00e4 ja intensiivinen soittotyyli on saanut uskollisen kuulijakunnan eri puolilla maailmaa. H\u00e4nen soittotyyli\u00e4\u00e4n on kuvattu osuvasti suomalaiseksi haitarifadoksi.<\/p>\n<p>Taiteellisessa tohtorintutkinnossaan Kalaniemi on syventynyt soolosoittamiseen ja keskittynyt oman \u00e4\u00e4nens\u00e4 ja harmonikan soiton yhdist\u00e4miseen. Koska Kalaniemi on saanut innoituksensa s\u00e4vellyysty\u00f6h\u00f6n runonlaulusta, paimenmusiikista ja muista arkaaisista tyyleist\u00e4, h\u00e4n kutsuu musiikkiaan runonsoitoksi. Mainittuja musiikkeja ja niiden musiikillisa tyylej\u00e4 ei ole aiemmin k\u00e4ytetty harmonikkamusiikissa.<\/p>","protected":false},"excerpt":{"rendered":"<p><a href=\"https:\/\/media.etno.net\/storage\/document\/maria_kalaniemi_rantakoivun_alta_runonsoittajaksi.pdf\">Maria Kalaniemi &#8211; Rantakoivun alta runonsoittajaksi (PDF)<\/a><\/p>\n<p>Sibelius-Akatemian kansanmusiikin osaston julkaisuja 15<\/p>\n<p>Taitto: Timo V\u00e4\u00e4n\u00e4nen<br \/>\nKannen valokuva: Eero Grundstr\u00f6m<br \/>\nSoitinkuvat: Janne Lahtinen<br \/>\nPaino: AM Print Oy, Helsinki, 2009<\/p>\n<p>\u00a9 Sibelius-Akatemian kansanmusiikin osasto 2009<br \/>\nISSN 1455-2493<br \/>\nISBN 978-952-55531-56-5<\/p>","protected":false},"featured_media":1437,"comment_status":"closed","ping_status":"closed","template":"","meta":{"_acf_changed":false},"product_brand":[],"product_cat":[15,76,85,78],"product_tag":[],"class_list":{"0":"post-1436","1":"product","2":"type-product","3":"status-publish","4":"has-post-thumbnail","6":"product_cat-kirjat","7":"product_cat-opinnaytteet","8":"product_cat-kirjalliset","9":"product_cat-tohtoriopinnot","11":"first","12":"instock","13":"shipping-taxable","14":"product-type-simple"},"acf":[],"_links":{"self":[{"href":"https:\/\/etno.net\/en\/wp-json\/wp\/v2\/product\/1436","targetHints":{"allow":["GET"]}}],"collection":[{"href":"https:\/\/etno.net\/en\/wp-json\/wp\/v2\/product"}],"about":[{"href":"https:\/\/etno.net\/en\/wp-json\/wp\/v2\/types\/product"}],"replies":[{"embeddable":true,"href":"https:\/\/etno.net\/en\/wp-json\/wp\/v2\/comments?post=1436"}],"wp:featuredmedia":[{"embeddable":true,"href":"https:\/\/etno.net\/en\/wp-json\/wp\/v2\/media\/1437"}],"wp:attachment":[{"href":"https:\/\/etno.net\/en\/wp-json\/wp\/v2\/media?parent=1436"}],"wp:term":[{"taxonomy":"product_brand","embeddable":true,"href":"https:\/\/etno.net\/en\/wp-json\/wp\/v2\/product_brand?post=1436"},{"taxonomy":"product_cat","embeddable":true,"href":"https:\/\/etno.net\/en\/wp-json\/wp\/v2\/product_cat?post=1436"},{"taxonomy":"product_tag","embeddable":true,"href":"https:\/\/etno.net\/en\/wp-json\/wp\/v2\/product_tag?post=1436"}],"curies":[{"name":"wp","href":"https:\/\/api.w.org\/{rel}","templated":true}]}}