{"id":1438,"date":"2020-12-07T12:32:40","date_gmt":"2020-12-07T10:32:40","guid":{"rendered":"https:\/\/etno.net\/?post_type=product&#038;p=1438"},"modified":"2021-04-23T07:54:40","modified_gmt":"2021-04-23T05:54:40","slug":"kevaan-kurjet-maria-kalaniemen-ohjelmistoa-harmonikalle","status":"publish","type":"product","link":"https:\/\/etno.net\/en\/julkaisu\/kirjat\/kevaan-kurjet-maria-kalaniemen-ohjelmistoa-harmonikalle","title":{"rendered":"Kev\u00e4\u00e4n kurjet &#8211; Maria Kalaniemen ohjelmistoa harmonikalle"},"content":{"rendered":"<div class=\"field field-name-body field-type-text-with-summary field-label-hidden\">\n<div class=\"field-items\">\n<div class=\"field-item even\">\n<p>Maria Kalaniemi on koonnut t\u00e4h\u00e4n julkaisuun taiteellisen tuotantonsa t\u00e4rkeimpi\u00e4 teoksia. P\u00e4\u00e4osa nyt nuotinnetusta ohjelmistosta on Maria Kalaniemi &amp; Aldargaz-yhtyeen, Maria Kalaniemi Trion sek\u00e4 Bellow Poetry &#8211; Runonsoitto -sooloprojektin s\u00e4vellyksi\u00e4 ja sovituksia.<\/p>\n<p>Kokoelmassa on sek\u00e4 sooloharmonikalle ett\u00e4 suuremmille kokoonpanoille tehtyj\u00e4 teoksia, yhteens\u00e4 14 nuotinnosta. Nuottien lis\u00e4ksi mukana on CD-levy. Sit\u00e4 kuuntelemalla voit kokea herk\u00e4t ja voimalliset tulkinnat, joita paraskaan nuotti ei kerro. Marian sanoin: &#8221;Pyrin soittaessani ennen kaikkea her\u00e4tt\u00e4m\u00e4\u00e4n tunteita, liikuttamaan jotakin niin itsess\u00e4ni kuin kuuntelijassakin.&#8221;<\/p>\n<p>* * *<\/p>\n<p>Maria Kalaniemi (S.1964) on yksi suomalaisen kansanmusiikin suurista uudistajista, monipuolinen muusikko, s\u00e4velt\u00e4j\u00e4 ja pedagogi. Kalaniemi tunnetaan herkk\u00e4n\u00e4 tulkitsijana ja muusikkona, jolla riitt\u00e4\u00e4 mielenkiintoa ja annettavaa projekteihin yli musiikillisten raja-aitojen. Taiteen Keskustoimikunta nimesi Kalaniemen taiteilijaprofessoriksi 2005-2010.<\/p>\n<p>Maria Kalaniemi aloitti kansanmusiikin opinnot Sibelius-Akatemian kansanmusiikin osastossa vuonna 1983 &#8211; samana vuonna, kun osasto perustettiin. My\u00f6hemmin Kalaniemi on toiminut Sibelius-Akatemian harmonikansoiton opettajana.<\/p>\n<\/div>\n<\/div>\n<\/div>","protected":false},"excerpt":{"rendered":"<p>Sibelius-Akatemian kansanmusiikin osaston julkaisuja 14<br \/>\n2009<\/p>\n<p>Toimitus &#8211; Maria Kalaniemi<\/p>\n<p>Tuotanto &#8211; Juhani N\u00e4reharju<br \/>\nUlkoasu &#8211; Maikki Rantala<br \/>\nNuotinnokset &#8211; Timo Alakotila<br \/>\nKannen valokuvat &#8211; Janne Lehtinen &amp; Maikki Rantala<br \/>\nValokuvat &#8211; Janne Lehtinen &amp; Maria Kalaniemen yksityiskokoelma<br \/>\nK\u00e4\u00e4nn\u00f6kset &#8211; Hanna-Mari Latham (englanti &amp; Tove Djupsj\u00f6backa (ruotsi)<br \/>\nPaino &#8211; Tallinna Raamatutr\u00fckikoja O\u00dc, 2009<\/p>\n<p>\u00a9 Sibelius-Akatemian kansanmusiikin osasto 2009<br \/>\nISSN 1455-2493<br \/>\nISMN M-706327-08-2<\/p>","protected":false},"featured_media":1439,"comment_status":"closed","ping_status":"closed","template":"","meta":{"_acf_changed":false},"product_brand":[],"product_cat":[15],"product_tag":[],"class_list":{"0":"post-1438","1":"product","2":"type-product","3":"status-publish","4":"has-post-thumbnail","6":"product_cat-kirjat","8":"first","9":"instock","10":"shipping-taxable","11":"product-type-simple"},"acf":[],"_links":{"self":[{"href":"https:\/\/etno.net\/en\/wp-json\/wp\/v2\/product\/1438","targetHints":{"allow":["GET"]}}],"collection":[{"href":"https:\/\/etno.net\/en\/wp-json\/wp\/v2\/product"}],"about":[{"href":"https:\/\/etno.net\/en\/wp-json\/wp\/v2\/types\/product"}],"replies":[{"embeddable":true,"href":"https:\/\/etno.net\/en\/wp-json\/wp\/v2\/comments?post=1438"}],"wp:featuredmedia":[{"embeddable":true,"href":"https:\/\/etno.net\/en\/wp-json\/wp\/v2\/media\/1439"}],"wp:attachment":[{"href":"https:\/\/etno.net\/en\/wp-json\/wp\/v2\/media?parent=1438"}],"wp:term":[{"taxonomy":"product_brand","embeddable":true,"href":"https:\/\/etno.net\/en\/wp-json\/wp\/v2\/product_brand?post=1438"},{"taxonomy":"product_cat","embeddable":true,"href":"https:\/\/etno.net\/en\/wp-json\/wp\/v2\/product_cat?post=1438"},{"taxonomy":"product_tag","embeddable":true,"href":"https:\/\/etno.net\/en\/wp-json\/wp\/v2\/product_tag?post=1438"}],"curies":[{"name":"wp","href":"https:\/\/api.w.org\/{rel}","templated":true}]}}