{"id":1440,"date":"2020-12-07T12:34:27","date_gmt":"2020-12-07T10:34:27","guid":{"rendered":"https:\/\/etno.net\/?post_type=product&#038;p=1440"},"modified":"2021-04-23T07:48:36","modified_gmt":"2021-04-23T05:48:36","slug":"kasvot-mielikuvia-kanteleesta","status":"publish","type":"product","link":"https:\/\/etno.net\/en\/julkaisu\/kirjat\/kasvot-mielikuvia-kanteleesta","title":{"rendered":"Kasvot &#8211; mielikuvia kanteleesta"},"content":{"rendered":"<p>Kanteleensoittajilla on monia kasvoja, kuuluisia, vanhoja, nuoria, uusia, tuttuja. Kirja esittelee riemastuttavan kavalkadin kaikille tuttuja, mutta my\u00f6s mielikuvituksen siivitt\u00e4mi\u00e4 kanteleeseen liittyvi\u00e4 merkkihenkil\u00f6it\u00e4.<\/p>\n<p>Kuvissa soittajahahmot esiintyv\u00e4t alkuper\u00e4isten malliensa innoittamissa lavastetuissa tilanteissa ja ymp\u00e4rist\u00f6iss\u00e4. Kaikkien n\u00e4iden lukuisien hahmojen henkil\u00f6n\u00e4 esiintyy kanneltaja Timo V\u00e4\u00e4n\u00e4nen, joka taidemaskeeraaja Kaisu Kurjen k\u00e4sittelyss\u00e4 on taipunut muotoon jos toiseen. Ilari Ik\u00e4valko on kuvannut kirjan kuvat. Kirja liittyy Timo V\u00e4\u00e4n\u00e4sen tohtoriv\u00e4it\u00f6sty\u00f6h\u00f6n.<\/p>\n<p><strong>Tiivistelm\u00e4<\/strong><\/p>\n<p>V\u00e4in\u00e4m\u00f6isen kasvot &#8211; kantele symbolina koostuu viidest\u00e4 monitaiteellisesta konsertista, joissa olen soittanut s\u00e4hk\u00f6kanteletta. S\u00e4hk\u00f6kanteleen valinta soittimeksi on taiteellinen valinta, olen halunnut kehitt\u00e4\u00e4 uuden soittimen mahdollisuuksia. S\u00e4vellykset ovat syntyneet musiikillisten ja liikkeellisten improvisaatioiden my\u00f6t\u00e4. Ty\u00f6ryhm\u00e4ss\u00e4 ovat my\u00f6s tanssija P\u00e4ivi J\u00e4rvinen ja valokuvaaja Ilari Ik\u00e4valko.<\/p>\n<p>Projektin tarkoituksena on ollut tutkia ja tuoda esiin kanteleeseen liittyvi\u00e4 mielikuvia ja stereotypioita. Kanteleensoittajana en ole itsek\u00e4\u00e4n vapaa n\u00e4ist\u00e4 joskus aika kapeista mielikuvista ja siksi niiden k\u00e4sittely on t\u00e4rke\u00e4\u00e4 oman taiteilijaidentiteetin luomisen kannalta. Tarkoituksena ei ole ollut muuttaa tai murtaa mielikuvia vaan tiedostaa ne.<\/p>\n<p>Yksi k\u00e4ytetyist\u00e4 ty\u00f6tavoista on ollut uusien kantelekuvien luominen. Ne perustuvat maalauksiin tai valokuviin kanteleeseen liittyvist\u00e4 henkil\u00f6ist\u00e4. Kokonaisuuden p\u00e4\u00e4ty\u00f6 on V\u00e4in\u00e4m\u00f6isen kasvot, joka on valokuvakollaasi 144 nykyisen kanteleensoittajan kasvokuvasta. Yhdess\u00e4 ne muodostavat V\u00e4in\u00e4m\u00f6isen kasvot Gallen-Kallelan maalauksesta V\u00e4in\u00e4m\u00f6isen l\u00e4ht\u00f6.<\/p>\n<p>Toinen kuviin liittyv\u00e4 ty\u00f6tapa lainaa keinoja teatterin ja roolity\u00f6n alueelta. Olen valinnut seitsem\u00e4n tunnettua ja merkitt\u00e4v\u00e4\u00e4 eri aikojen kanteleen soittajaa, joista l\u00f6ytyy maalauksia tai valokuvia. N\u00e4ist\u00e4 henkil\u00f6ist\u00e4 on tehty rooli-improvisaation ja n\u00e4k\u00f6ismaskeerauksen avulla uusia valokuvia. Esit\u00e4n henkil\u00f6kuvissa kaikkia henkil\u00f6it\u00e4.<\/p>\n<p>Ty\u00f6n kirjallinen osuus Kasvot &#8211; mielikuvia kanteleesta (Maanite &amp; Maahenki 2008) k\u00e4sittelee tekstein ja valokuvin kanteleen mielikuvia. Kirja on julkaistu my\u00f6s englanniksi. Valokuvista on n\u00e4yttelykokonaisuus, tohtority\u00f6h\u00f6n liittyv\u00e4 n\u00e4yttely oli Sanomatalossa helmikuussa 2008. Kokonaisuuteen kuuluu my\u00f6s \u00e4\u00e4nilevy Musiikkia (Maanite 2005).<\/p>","protected":false},"excerpt":{"rendered":"<p>Sibelius-Akatemian kansanmusiikin osaston julkaisuja 10<br \/>\nTimo V\u00e4\u00e4n\u00e4nen ja Ilari Ik\u00e4valko<br \/>\n2008<\/p>\n<p>\u00a9 2008 Timo V\u00e4\u00e4n\u00e4nen ja Ilari Ik\u00e4valko<br \/>\nMaanite 2008, www.maanite.fi<\/p>\n<p>Painopaikka: Gummerus Kirjapaino Oy, Jyv\u00e4skyl\u00e4 2008<br \/>\nISBN 978-952-5652-35-2<\/p>","protected":false},"featured_media":1441,"comment_status":"closed","ping_status":"closed","template":"","meta":{"_acf_changed":false},"product_brand":[],"product_cat":[15],"product_tag":[],"class_list":{"0":"post-1440","1":"product","2":"type-product","3":"status-publish","4":"has-post-thumbnail","6":"product_cat-kirjat","8":"first","9":"instock","10":"shipping-taxable","11":"product-type-simple"},"acf":[],"_links":{"self":[{"href":"https:\/\/etno.net\/en\/wp-json\/wp\/v2\/product\/1440","targetHints":{"allow":["GET"]}}],"collection":[{"href":"https:\/\/etno.net\/en\/wp-json\/wp\/v2\/product"}],"about":[{"href":"https:\/\/etno.net\/en\/wp-json\/wp\/v2\/types\/product"}],"replies":[{"embeddable":true,"href":"https:\/\/etno.net\/en\/wp-json\/wp\/v2\/comments?post=1440"}],"wp:featuredmedia":[{"embeddable":true,"href":"https:\/\/etno.net\/en\/wp-json\/wp\/v2\/media\/1441"}],"wp:attachment":[{"href":"https:\/\/etno.net\/en\/wp-json\/wp\/v2\/media?parent=1440"}],"wp:term":[{"taxonomy":"product_brand","embeddable":true,"href":"https:\/\/etno.net\/en\/wp-json\/wp\/v2\/product_brand?post=1440"},{"taxonomy":"product_cat","embeddable":true,"href":"https:\/\/etno.net\/en\/wp-json\/wp\/v2\/product_cat?post=1440"},{"taxonomy":"product_tag","embeddable":true,"href":"https:\/\/etno.net\/en\/wp-json\/wp\/v2\/product_tag?post=1440"}],"curies":[{"name":"wp","href":"https:\/\/api.w.org\/{rel}","templated":true}]}}