{"id":1444,"date":"2020-12-07T12:49:28","date_gmt":"2020-12-07T10:49:28","guid":{"rendered":"https:\/\/etno.net\/?post_type=product&#038;p=1444"},"modified":"2021-04-23T07:54:14","modified_gmt":"2021-04-23T05:54:14","slug":"lansivienalainen-runolaulu-1900-luvulla","status":"publish","type":"product","link":"https:\/\/etno.net\/en\/julkaisu\/kirjat\/lansivienalainen-runolaulu-1900-luvulla","title":{"rendered":"L\u00e4nsivienalainen runolaulu 1900-luvulla"},"content":{"rendered":"<p>Runolaulu on ollut keskeinen it\u00e4merensuomalaisen kulttuurialueen maailmankuvaa ja kulttuurisia merkityksi\u00e4 v\u00e4litt\u00e4v\u00e4 ja uusintava kommunikaation muoto, kulttuurinen media. Viimeisen sadan vuoden aikana sen alkuper\u00e4inen kulttuurinen funktio on asteittain vaihtunut toiseksi ja laulaminen on harvinaistunut my\u00f6s l\u00e4ntisess\u00e4 Vienan Karjalassa. Laulu ei kuitenkaan ole kokonaan sammunut.<\/p>\n<p>Kuuden runolaulajan, Anni Lehtosen, Domna Huovisen, Anni Tenisovan, Maria Feodoravan, Santra Remsujevan ja Jussi Huovisen runolaulujen analyysi osoittaa, ett\u00e4 vaikka m\u00e4\u00e4r\u00e4llisesti laulaminen 1900-luvun aikana on v\u00e4hentynyt, siin\u00e4 on sek\u00e4 musiikillisen muodon ett\u00e4 runomitan toteutumisen osalta selke\u00e4sti oma jatkuvuutensa.<\/p>\n<p>Musiikkiantropologisessa tutkimuksessaan\u00a0<em>L\u00e4nsivienalainen runolaulu 1900-luvulla\u00a0<\/em>Pekka Huttu-Hiltunen on k\u00e4ytt\u00e4nyt aineistona k\u00e4sikirjoituksia ja \u00e4\u00e4nitteit\u00e4 perinnearkistoista, mutta runsaasti my\u00f6s omia haastattelutallenteitaan ja p\u00e4iv\u00e4kirjamerkint\u00f6j\u00e4\u00e4n tutkimusmatkoilta noin kymmenen vuoden ajalta.<\/p>","protected":false},"excerpt":{"rendered":"<p>Juminkeon julkaisuja nro 73<br \/>\nJuminkeko-s\u00e4\u00e4ti\u00f6n kansanmusiikin julkaisuja numero 10<br \/>\nSibelius-Akatemian Studia Musica -sarjan julkaisu numero 34<br \/>\nSibelius-Akatemian kansanmusiikin osaston julkaisuja 13<\/p>\n<p>Pekka Huttu-Hiltunen<br \/>\n2008<\/p>\n<p>Taitto &#8211; Pirkko M\u00e4h\u00f6nen<\/p>\n<p>Gummerus Kirjapaino Oy 2008<\/p>\n<p>ISBN 978-952-5385-46-5<br \/>\nISBN 978-952-5531-46-6<br \/>\nISSN 1797-9838<br \/>\nISSN 0788-3757<\/p>","protected":false},"featured_media":1445,"comment_status":"closed","ping_status":"closed","template":"","meta":{"_acf_changed":false},"product_brand":[],"product_cat":[15],"product_tag":[],"class_list":{"0":"post-1444","1":"product","2":"type-product","3":"status-publish","4":"has-post-thumbnail","6":"product_cat-kirjat","8":"first","9":"instock","10":"shipping-taxable","11":"product-type-simple"},"acf":[],"_links":{"self":[{"href":"https:\/\/etno.net\/en\/wp-json\/wp\/v2\/product\/1444","targetHints":{"allow":["GET"]}}],"collection":[{"href":"https:\/\/etno.net\/en\/wp-json\/wp\/v2\/product"}],"about":[{"href":"https:\/\/etno.net\/en\/wp-json\/wp\/v2\/types\/product"}],"replies":[{"embeddable":true,"href":"https:\/\/etno.net\/en\/wp-json\/wp\/v2\/comments?post=1444"}],"wp:featuredmedia":[{"embeddable":true,"href":"https:\/\/etno.net\/en\/wp-json\/wp\/v2\/media\/1445"}],"wp:attachment":[{"href":"https:\/\/etno.net\/en\/wp-json\/wp\/v2\/media?parent=1444"}],"wp:term":[{"taxonomy":"product_brand","embeddable":true,"href":"https:\/\/etno.net\/en\/wp-json\/wp\/v2\/product_brand?post=1444"},{"taxonomy":"product_cat","embeddable":true,"href":"https:\/\/etno.net\/en\/wp-json\/wp\/v2\/product_cat?post=1444"},{"taxonomy":"product_tag","embeddable":true,"href":"https:\/\/etno.net\/en\/wp-json\/wp\/v2\/product_tag?post=1444"}],"curies":[{"name":"wp","href":"https:\/\/api.w.org\/{rel}","templated":true}]}}