{"id":1447,"date":"2020-12-07T12:58:05","date_gmt":"2020-12-07T10:58:05","guid":{"rendered":"https:\/\/etno.net\/?post_type=product&#038;p=1447"},"modified":"2021-04-23T07:53:17","modified_gmt":"2021-04-23T05:53:17","slug":"trad-perinnesavelmia-mandoliineilla-ja-kitaroilla","status":"publish","type":"product","link":"https:\/\/etno.net\/en\/julkaisu\/kirjat\/trad-perinnesavelmia-mandoliineilla-ja-kitaroilla","title":{"rendered":"Trad. perinnes\u00e4velmi\u00e4 mandoliineilla ja kitaroilla"},"content":{"rendered":"<div class=\"field field-name-body field-type-text-with-summary field-label-hidden\">\n<div class=\"field-items\">\n<div class=\"field-item even\">\n<p>Sibelius-Akatemian kansanmusiikin osaston julkaisuja 11<\/p>\n<p>Petri Hakala, s. 1962, on ollut mukana Suomen kansanmusiikkikuvioissa 1980-luvun puoliv\u00e4list\u00e4 l\u00e4htien. Soittiminaan mandoliini, oktaavimandoliini, kitara ja viulu h\u00e4n on ollut mukana mm. seuraavissa yhtyeiss\u00e4: Korkkijalka, Ottopasuuna, Maria Kalaniemi &amp; Aldargaz, Helsinki Mandoliners, Erik Hokkanen &amp; Lumisudet, Markku Lepist\u00f6n yhtye sek\u00e4 duo, Freshet, Tango Orkesteri Unto.<\/p>\n<p>H\u00e4n on toiminut 1990-luvun alusta kielisoitinten tuntiopettajana Sibelius-Akatemian kansanmusiikin osastolla, Keski-Pohjanmaan Konservatoriossa ja erilaisilla kansanmusiikkikursseilla sek\u00e4 konsertoinut edell\u00e4 mainittujen yhtyeiden kanssa Euroopassa ja Yhdysvalloissa.<\/p>\n<p>Hakalalta on ilmestynyt 2 soolo cd:t\u00e4:\u00a0<em>Kirjo<\/em>\u00a0(1999) sek\u00e4\u00a0<em>Trad.<\/em>\u00a0(2007).<\/p>\n<p>T\u00e4m\u00e4 kirja on nuotinnettu versio Trad.-levyst\u00e4, ja siin\u00e4 erilaiset, mm. irlantilaiset ja amerikkalaiset vaikutteet, yhdistyv\u00e4t suomalaiseen perinnemateriaaliin.<\/p>\n<\/div>\n<\/div>\n<\/div>","protected":false},"excerpt":{"rendered":"<p>Sibelius-Akatemian kansanmusiikin osaston julkaisuja 11<br \/>\nPetri Hakala (toim.)<br \/>\n2007<\/p>\n<div class=\"field field-name-field-learn-book-credits field-type-text-long field-label-hidden\">\n<div class=\"field-items\">\n<div class=\"field-item even\">\n<p>Toimitus &#8211; Petri Hakala<br \/>\nTeksti ja musiikki &#8211; Petri Hakala<br \/>\nKaikki kappaleet trad. arr. &#8211; Petri Hakala<\/p>\n<p>Tuotanto &#8211; Juhani N\u00e4reharju<br \/>\nUlkoasu &#8211; Maikki Rantala<br \/>\nNuotit &#8211; Petri Hakala<br \/>\nNuottien puhtaaksikirjoitus &#8211; Roope Aarnio<br \/>\nNuottien tarkastus &#8211; Timo Alakotila<br \/>\nValokuvat &#8211; Iiska Siiril\u00e4 &amp; Hellevi Hakala<br \/>\nPaino &#8211; RO-Offset Oy, 2007<\/p>\n<p>\u00a9 Sibelius-Akatemian kansanmusiikin osasto 2007<br \/>\nISSN 1455-2493<br \/>\nISMN M-706327-07-5<\/p>\n<\/div>\n<\/div>\n<\/div>","protected":false},"featured_media":1448,"comment_status":"closed","ping_status":"closed","template":"","meta":{"_acf_changed":false},"product_brand":[],"product_cat":[15],"product_tag":[],"class_list":{"0":"post-1447","1":"product","2":"type-product","3":"status-publish","4":"has-post-thumbnail","6":"product_cat-kirjat","8":"first","9":"instock","10":"shipping-taxable","11":"product-type-simple"},"acf":[],"_links":{"self":[{"href":"https:\/\/etno.net\/en\/wp-json\/wp\/v2\/product\/1447","targetHints":{"allow":["GET"]}}],"collection":[{"href":"https:\/\/etno.net\/en\/wp-json\/wp\/v2\/product"}],"about":[{"href":"https:\/\/etno.net\/en\/wp-json\/wp\/v2\/types\/product"}],"replies":[{"embeddable":true,"href":"https:\/\/etno.net\/en\/wp-json\/wp\/v2\/comments?post=1447"}],"wp:featuredmedia":[{"embeddable":true,"href":"https:\/\/etno.net\/en\/wp-json\/wp\/v2\/media\/1448"}],"wp:attachment":[{"href":"https:\/\/etno.net\/en\/wp-json\/wp\/v2\/media?parent=1447"}],"wp:term":[{"taxonomy":"product_brand","embeddable":true,"href":"https:\/\/etno.net\/en\/wp-json\/wp\/v2\/product_brand?post=1447"},{"taxonomy":"product_cat","embeddable":true,"href":"https:\/\/etno.net\/en\/wp-json\/wp\/v2\/product_cat?post=1447"},{"taxonomy":"product_tag","embeddable":true,"href":"https:\/\/etno.net\/en\/wp-json\/wp\/v2\/product_tag?post=1447"}],"curies":[{"name":"wp","href":"https:\/\/api.w.org\/{rel}","templated":true}]}}