{"id":1449,"date":"2020-12-07T13:00:18","date_gmt":"2020-12-07T11:00:18","guid":{"rendered":"https:\/\/etno.net\/?post_type=product&#038;p=1449"},"modified":"2021-04-23T07:53:40","modified_gmt":"2021-04-23T05:53:40","slug":"a-o-vaisanen-ja-miitrelan-ilja-vienankarjalaisten-joikujen-piirteita","status":"publish","type":"product","link":"https:\/\/etno.net\/en\/julkaisu\/kirjat\/a-o-vaisanen-ja-miitrelan-ilja-vienankarjalaisten-joikujen-piirteita","title":{"rendered":"A. O. V\u00e4is\u00e4nen ja Miitrel\u00e4n Ilja &#8211; vienankarjalaisten joikujen piirteit\u00e4"},"content":{"rendered":"<p>Professori Armas Otto V\u00e4is\u00e4nen (1890-1969) oli Suomen ja sukukansojemme kansanmusiikin tallentaja ja tutkija. Vuonna 1915 h\u00e4n teki laajan keruumatkan Vienan Karjalaan ja tallensi sielt\u00e4 yli kaksisataa s\u00e4velm\u00e4\u00e4, niiden joukossa useita kymmeni\u00e4 vienankarjalaisia joikuja.<\/p>\n<p>T\u00e4m\u00e4n kirjan aiheena on A. O. V\u00e4is\u00e4sen ja Ilja Miitrel\u00e4n kohtaaminen Oulangan Laitasalmessa. Ilja Miitrel\u00e4, eli viralliselta nimelt\u00e4\u00e4n Ilja Fietorovits Krasko oli joikujamestari, jolta V\u00e4is\u00e4nen tallensi matkallaan useita joikuja. T\u00e4ss\u00e4 julkaisussa on kaikki n\u00e4m\u00e4 V\u00e4is\u00e4sen h\u00e4nelt\u00e4 tallentamat joiut k\u00e4sikirjoituksina, nuotteina sek\u00e4 cd-levyll\u00e4. Lis\u00e4ksi kirjassa on artikkeli, jossa k\u00e4sittelen miesten tapaamista sek\u00e4 analysoin Miitrel\u00e4n Iljan joikuja.<\/p>\n<p>Tutkimuksia vienankarjalaisesta joiusta on varsin v\u00e4h\u00e4n, mutta viimeaikoina kiinnostus sit\u00e4 kohtaan on lis\u00e4\u00e4ntynyt. Toivon, ett\u00e4 t\u00e4m\u00e4 julkaisu voi osaltaan edist\u00e4\u00e4 vienankarjalaisen jouin sek\u00e4 taiteellista ett\u00e4 tieteellist\u00e4 tutkimusta.<\/p>\n<p>T\u00e4t\u00e4 tutkimusty\u00f6t\u00e4 olen tehnyt Kuhmon musiikkiopiston Kokko lenti koilta ilmoin -projektin sek\u00e4 Kansanmusiikin ja populaarimusiikin tutkijakoulun ty\u00f6ntekij\u00e4n\u00e4.<\/p>\n<p>L\u00e4mmin kiitos Heikki Laitiselle, Pekka Huttu-Hiltuselle, Ilona Korhoselle, Timo V\u00e4\u00e4n\u00e4selle, ja kaikille julkaisun tekemisess\u00e4 auttaneille henkil\u00f6ille ja tahoille!<\/p>\n<p>Porvoossa 5.5.2004<\/p>\n<p>Maari Kallberg<\/p>","protected":false},"excerpt":{"rendered":"<p>Maari Kallberg<br \/>\n2004<\/p>\n<p>Kuhmon musiikkiopiston julkaisuja no 4<\/p>\n<p>Julkaisija: Kuhmon kaupunki \/ musiikkiopisto,<br \/>\nKansanmusiikin tutkimus-, tallennus ja elvytysprojekti II-vaihe,<br \/>\nInterreg III A Karjala<\/p>","protected":false},"featured_media":1450,"comment_status":"closed","ping_status":"closed","template":"","meta":{"_acf_changed":false},"product_brand":[],"product_cat":[15],"product_tag":[],"class_list":{"0":"post-1449","1":"product","2":"type-product","3":"status-publish","4":"has-post-thumbnail","6":"product_cat-kirjat","8":"first","9":"instock","10":"shipping-taxable","11":"product-type-simple"},"acf":[],"_links":{"self":[{"href":"https:\/\/etno.net\/en\/wp-json\/wp\/v2\/product\/1449","targetHints":{"allow":["GET"]}}],"collection":[{"href":"https:\/\/etno.net\/en\/wp-json\/wp\/v2\/product"}],"about":[{"href":"https:\/\/etno.net\/en\/wp-json\/wp\/v2\/types\/product"}],"replies":[{"embeddable":true,"href":"https:\/\/etno.net\/en\/wp-json\/wp\/v2\/comments?post=1449"}],"wp:featuredmedia":[{"embeddable":true,"href":"https:\/\/etno.net\/en\/wp-json\/wp\/v2\/media\/1450"}],"wp:attachment":[{"href":"https:\/\/etno.net\/en\/wp-json\/wp\/v2\/media?parent=1449"}],"wp:term":[{"taxonomy":"product_brand","embeddable":true,"href":"https:\/\/etno.net\/en\/wp-json\/wp\/v2\/product_brand?post=1449"},{"taxonomy":"product_cat","embeddable":true,"href":"https:\/\/etno.net\/en\/wp-json\/wp\/v2\/product_cat?post=1449"},{"taxonomy":"product_tag","embeddable":true,"href":"https:\/\/etno.net\/en\/wp-json\/wp\/v2\/product_tag?post=1449"}],"curies":[{"name":"wp","href":"https:\/\/api.w.org\/{rel}","templated":true}]}}