{"id":1452,"date":"2020-12-08T10:00:37","date_gmt":"2020-12-08T08:00:37","guid":{"rendered":"https:\/\/etno.net\/?post_type=product&#038;p=1452"},"modified":"2021-04-23T07:52:52","modified_gmt":"2021-04-23T05:52:52","slug":"yhteiset-savelet-martti-pokelan-savellyksia-konserttikanteleelle","status":"publish","type":"product","link":"https:\/\/etno.net\/en\/julkaisu\/kirjat\/yhteiset-savelet-martti-pokelan-savellyksia-konserttikanteleelle","title":{"rendered":"Yhteiset s\u00e4velet &#8211; Martti Pokelan s\u00e4vellyksi\u00e4 konserttikanteleelle"},"content":{"rendered":"<p>Martti Pokela, Sari Kauranen ja Timo V\u00e4\u00e4n\u00e4nen julkaisivat yhteist\u00e4 musiikkiaan jo vuonna 1994 CD-levyll\u00e4\u00a0<em>Sonata for kantele<\/em>\u00a0(Finlandia records 4509-98357-2). T\u00e4h\u00e4n julkaisuun on nuotinnettu levyn s\u00e4vellykset Pour Elam, Sonata no. 1, Elegia ja Quo?<\/p>\n<p>* * *<\/p>\n<p>Professori Martti Pokela, s. 1924, on paitsi loistava s\u00e4velt\u00e4j\u00e4 ja kanteleiden soittaja, my\u00f6s taitava ja innostava opettaja. Pokelan oppitunnit ovat olleet soittamisen ilon ja l\u00f6yt\u00e4misen riemun hetki\u00e4 Sibelius-Akatemiassa jo 1970-luvulta l\u00e4htien.<\/p>\n<p>Muusikko Timo V\u00e4\u00e4n\u00e4nen, s.1970, on yksi Pokelan menestyksekk\u00e4immist\u00e4 oppilaista. H\u00e4n on tehnyt yhteisty\u00f6t\u00e4 Martti Pokelan kanssa soittaen, yhdess\u00e4 s\u00e4velt\u00e4en ja nuotintaen Pokelan s\u00e4vellyksi\u00e4. V\u00e4\u00e4n\u00e4nen tunnetaan my\u00f6s pioneerity\u00f6st\u00e4 s\u00e4hk\u00f6kanteleen soittajana.<\/p>\n<p>Muusikko Sari Kauranen, s. 1967, on Pokelan s\u00e4vellysten taitavimpia tulkkeja. Valmistuttuaan Sibelius-Akatemiasta Kaurasen p\u00e4\u00e4ty\u00f6n\u00e4 on ollut opettaminen. Aika ajoin kolmikko Pokela, Kauranen ja V\u00e4\u00e4n\u00e4nen kokoontuu kuitenkin yhteen &#8211; ja aina syntyy uutta.<\/p>","protected":false},"excerpt":{"rendered":"<div class=\"field field-name-field-learn-book-author field-type-text field-label-inline clearfix\">\n<div class=\"field-items\">\n<div class=\"field-item even\">Timo V\u00e4\u00e4n\u00e4nen, Sari Kauranen (toim.)<\/div>\n<\/div>\n<\/div>\n<div class=\"field field-name-field-learn-book-published field-type-text field-label-inline clearfix\">2004<\/div>\n<div>\n<p>Sibelius-Akatemian kansanmusiikin osaston julkaisuja 9<\/p>\n<p>Toimitus &#8211; Timo V\u00e4\u00e4n\u00e4nen<\/p>\n<p>Tuotanto &#8211; Juhani N\u00e4reharju<br \/>\n\u00c4\u00e4niteasiantuntija &#8211; Hannu Lehtoranta<br \/>\nUlkoasu &#8211; Maikki Rantala<br \/>\nNuottikirjoitus &#8211; Sari Kauranen &amp; Timo V\u00e4\u00e4n\u00e4nen<br \/>\nKannen valokuvat &#8211; Iiska Siiril\u00e4 &amp; Maikki Rantala<br \/>\nMuut valokuvat &#8211; Iiska Siiril\u00e4 &amp; Ilari Ik\u00e4valko<br \/>\nPaino &#8211; Edita, 2004<\/p>\n<p>\u00a9 Sibelius-Akatemian kansanmusiikin osasto 2004<br \/>\nISSN 1455-2493<br \/>\nISMN M-706327-06-8<\/p>\n<\/div>","protected":false},"featured_media":1453,"comment_status":"closed","ping_status":"closed","template":"","meta":{"_acf_changed":false},"product_brand":[],"product_cat":[15],"product_tag":[],"class_list":{"0":"post-1452","1":"product","2":"type-product","3":"status-publish","4":"has-post-thumbnail","6":"product_cat-kirjat","8":"first","9":"instock","10":"shipping-taxable","11":"product-type-simple"},"acf":[],"_links":{"self":[{"href":"https:\/\/etno.net\/en\/wp-json\/wp\/v2\/product\/1452","targetHints":{"allow":["GET"]}}],"collection":[{"href":"https:\/\/etno.net\/en\/wp-json\/wp\/v2\/product"}],"about":[{"href":"https:\/\/etno.net\/en\/wp-json\/wp\/v2\/types\/product"}],"replies":[{"embeddable":true,"href":"https:\/\/etno.net\/en\/wp-json\/wp\/v2\/comments?post=1452"}],"wp:featuredmedia":[{"embeddable":true,"href":"https:\/\/etno.net\/en\/wp-json\/wp\/v2\/media\/1453"}],"wp:attachment":[{"href":"https:\/\/etno.net\/en\/wp-json\/wp\/v2\/media?parent=1452"}],"wp:term":[{"taxonomy":"product_brand","embeddable":true,"href":"https:\/\/etno.net\/en\/wp-json\/wp\/v2\/product_brand?post=1452"},{"taxonomy":"product_cat","embeddable":true,"href":"https:\/\/etno.net\/en\/wp-json\/wp\/v2\/product_cat?post=1452"},{"taxonomy":"product_tag","embeddable":true,"href":"https:\/\/etno.net\/en\/wp-json\/wp\/v2\/product_tag?post=1452"}],"curies":[{"name":"wp","href":"https:\/\/api.w.org\/{rel}","templated":true}]}}