{"id":1460,"date":"2020-12-08T11:19:17","date_gmt":"2020-12-08T09:19:17","guid":{"rendered":"https:\/\/etno.net\/?post_type=product&#038;p=1460"},"modified":"2020-12-08T11:19:17","modified_gmt":"2020-12-08T09:19:17","slug":"vainamoisen-nuorimmaiset-viisikielisella-kanteleella-haapaveden-tyyliin","status":"publish","type":"product","link":"https:\/\/etno.net\/en\/julkaisu\/kirjat\/vainamoisen-nuorimmaiset-viisikielisella-kanteleella-haapaveden-tyyliin","title":{"rendered":"V\u00e4in\u00e4m\u00f6isen nuorimmaiset \u2013 Viisikielisell\u00e4 kanteleella Haapaveden tyyliin"},"content":{"rendered":"<p>Viisi kielt\u00e4 riitt\u00e4\u00e4 moneen. Haapavedell\u00e4 pienell\u00e4 kanteleella on tarvittaessa soitettu vaikkapa kokonaiset tanssit. Polskat, jenkat ja polkat hel\u00e4htiv\u00e4t helposti Antti Rantosen (1877-1961) ja muiden &#8221;nuorimmaisten&#8221; soittamina.<\/p>\n<p>T\u00e4m\u00e4n oppaan rungon muodostaa A. O. V\u00e4is\u00e4sen ja Erkki Ala-K\u00f6nnin taltioima Antti Rantosen musiikki. Mukana on n\u00e4ytteit\u00e4 my\u00f6s muiden haapavetisten soittajien Riika Pentin, Ilona Porman ja Martti Pokelan musisoinnista. Outi Linnaranta esittelee aineistoa sek\u00e4 tarkkoina nuotinnoksina ett\u00e4 nuotinlukua helpottavina runkonuotinnoksina. Harjoitukset, hienos\u00e4\u00e4d\u00f6t ja vinkit tukevat omatoimista kanteleensoiton harjoittelua. Soiton opiskelua helpottaa my\u00f6s oheis-CD, jossa on mestareiden esityksi\u00e4 alkuper\u00e4is\u00e4\u00e4nityksin\u00e4. Oppaassa on ohjelmisto-osan lis\u00e4ksi harjoituss\u00e4velmist\u00f6\u00e4, jonka avulla aloittelijankin on helppo l\u00e4hesty\u00e4 tarvittavia tekniikoita ja oikeaa tyyli\u00e4.<\/p>\n<p>* * *<\/p>\n<p>Oppaan toimittaja Outi Linnaranta (s. 1971) on Sibelius-Akatemian kansanmusiikin osastolta valmistunut musiikin maisteri. Linnaranta on perehtynyt kanteleensoiton tyyleihin sek\u00e4 soittajana ett\u00e4 opettajana. Nyt tarjolla on viisikielismusiikkia haapavetisitt\u00e4in.<\/p>","protected":false},"excerpt":{"rendered":"<p>Outi Linnaranta (toim.)<br \/>\n2002<\/p>\n<p>Sibelius-Akatemian kansanmusiikin osaston julkaisuja 8<\/p>\n<p>Toimitus &#8211; Outi Linnaranta<\/p>\n<p>Tuotanto &#8211; Juhani N\u00e4reharju<br \/>\n\u00c4\u00e4niteasiantuntija &#8211; Hannu Lehtoranta<br \/>\nUlkoasu &#8211; Maikki Rantala<br \/>\nNuottikirjoitus &#8211; Antti Soininen &amp; Silja Huovinen<br \/>\nKannen valokuvat &#8211; Timo Raunio &amp; Maikki Rantala<br \/>\nKannen kuvassa Otto Koistisen vuonna 1983 rakentama kantele<br \/>\nKuvat ilman mainintaa &#8211; Timo Raunio<br \/>\nPaino &#8211; Karisto Oy, H\u00e4meenlinna, 2002<\/p>\n<p>\u00a9 Sibelius-Akatemian kansanmusiikin osasto 2002<br \/>\nISSN 1455-2493<br \/>\nISMN M-706327-05-1<\/p>","protected":false},"featured_media":1461,"comment_status":"closed","ping_status":"closed","template":"","meta":{"_acf_changed":false},"product_brand":[],"product_cat":[15],"product_tag":[],"class_list":{"0":"post-1460","1":"product","2":"type-product","3":"status-publish","4":"has-post-thumbnail","6":"product_cat-kirjat","8":"first","9":"instock","10":"shipping-taxable","11":"product-type-simple"},"acf":[],"_links":{"self":[{"href":"https:\/\/etno.net\/en\/wp-json\/wp\/v2\/product\/1460","targetHints":{"allow":["GET"]}}],"collection":[{"href":"https:\/\/etno.net\/en\/wp-json\/wp\/v2\/product"}],"about":[{"href":"https:\/\/etno.net\/en\/wp-json\/wp\/v2\/types\/product"}],"replies":[{"embeddable":true,"href":"https:\/\/etno.net\/en\/wp-json\/wp\/v2\/comments?post=1460"}],"wp:featuredmedia":[{"embeddable":true,"href":"https:\/\/etno.net\/en\/wp-json\/wp\/v2\/media\/1461"}],"wp:attachment":[{"href":"https:\/\/etno.net\/en\/wp-json\/wp\/v2\/media?parent=1460"}],"wp:term":[{"taxonomy":"product_brand","embeddable":true,"href":"https:\/\/etno.net\/en\/wp-json\/wp\/v2\/product_brand?post=1460"},{"taxonomy":"product_cat","embeddable":true,"href":"https:\/\/etno.net\/en\/wp-json\/wp\/v2\/product_cat?post=1460"},{"taxonomy":"product_tag","embeddable":true,"href":"https:\/\/etno.net\/en\/wp-json\/wp\/v2\/product_tag?post=1460"}],"curies":[{"name":"wp","href":"https:\/\/api.w.org\/{rel}","templated":true}]}}