{"id":1462,"date":"2020-12-08T11:21:04","date_gmt":"2020-12-08T09:21:04","guid":{"rendered":"https:\/\/etno.net\/?post_type=product&#038;p=1462"},"modified":"2021-04-23T07:52:21","modified_gmt":"2021-04-23T05:52:21","slug":"stemmasoittoa-viululla","status":"publish","type":"product","link":"https:\/\/etno.net\/en\/julkaisu\/kirjat\/stemmasoittoa-viululla","title":{"rendered":"Stemmasoittoa viululla"},"content":{"rendered":"<div class=\"field field-name-body field-type-text-with-summary field-label-hidden\">\n<div class=\"field-items\">\n<div class=\"field-item even\">\n<p>Lassi Logr\u00e9n on koonnut t\u00e4h\u00e4n oppaaseen esimerkkej\u00e4 siit\u00e4, miten suomalaisia viulus\u00e4velmi\u00e4 voi h\u00f6yst\u00e4\u00e4 toisella ja kolmannella \u00e4\u00e4nell\u00e4. Tarkkoja s\u00e4\u00e4nt\u00f6j\u00e4 stemmojen tekemiselle ei ole, vaan jokainen tekee sovituksensa oman tyylitajunsa mukaan. P\u00e4\u00e4set nyt tutustumaan Logr\u00e9nin soittamiin ja opetusty\u00f6ss\u00e4 testaamiin stemmoihin.<\/p>\n<p>Opas on suunniteltu siten, ett\u00e4 asiat selvi\u00e4v\u00e4t my\u00f6s kuulonvaraisesti. Oheis-CD etenee omatoimista harjoittelua tukien. \u00c4\u00e4nitteen mukana soittaen saat my\u00f6s tuntumaa viuluyhtyeess\u00e4 soittamisesta. Nuotteihin merkityt sointumerkit helpottavat muiden s\u00e4estyssoittimien ottamista mukaan musisointihetkiin.<\/p>\n<p>* * *<\/p>\n<p>Kirjan tekij\u00e4 Lassi Logr\u00e9n (s. 1975) soittaa monissa kansanmusiikkiyhtyeiss\u00e4. H\u00e4n oli mukana V\u00e4rttin\u00e4n ensimm\u00e4isess\u00e4 kokoonpanossa ja soittaa nykyisin mm. Kouon Frouva ja Janne Viksten &amp; Blue Harbor -yhtyeiss\u00e4. Logr\u00e9n on ty\u00f6skennellyt my\u00f6s teatterimuusikkona ja tanssiryhmien taustayhtyeiss\u00e4.<\/p>\n<p>Opintojensa aikana Sibelius-Akatemiassa Logr\u00e9n on perehtynyt suomalaisen kansanmusiikin lis\u00e4ksi irlantilaisiin ja amerikkalaisiin perinneviulutyyleihin. Mieltymys duo-soitantaan on johtanut t\u00e4m\u00e4n oppaan laatimiseen. Logr\u00e9n on testannut oppimateriaalinsa toimivuutta opetusty\u00f6ss\u00e4\u00e4n Kuopion konservatoriossa ja lukuisilla kansanmusiikkikursseilla.<\/p>\n<\/div>\n<\/div>\n<\/div>\n<div class=\"field field-name-field-learn-book-credits field-type-text-long field-label-hidden\">\n<div class=\"field-items\">\n<div class=\"field-item even\"><\/div>\n<\/div>\n<\/div>","protected":false},"excerpt":{"rendered":"<p>Lassi Logr\u00e9n<br \/>\n2001<\/p>\n<p>Sibelius-Akatemian kansanmusiikin osaston julkaisuja 6<\/p>\n<p>Teksti ja musiikkiesimerkit &#8211; Lassi Logr\u00e9n<\/p>\n<p>Tuotanto &#8211; Juhani N\u00e4reharju<br \/>\nNuottikirjoitus &#8211; Antti Soininen<br \/>\nGraafinen ulkoasu &#8211; Maikki Rantala<br \/>\nKannen valokuvat &#8211; Milla von Konow, Maikki Rantala<br \/>\nPaino &#8211; Edita<\/p>\n<p>\u00a9 Sibelius-Akatemian kansanmusiikin osasto 2001<br \/>\nISSN 1455-2493<br \/>\nISMN M-706327-03-7<\/p>","protected":false},"featured_media":1463,"comment_status":"closed","ping_status":"closed","template":"","meta":{"_acf_changed":false},"product_brand":[],"product_cat":[15],"product_tag":[],"class_list":{"0":"post-1462","1":"product","2":"type-product","3":"status-publish","4":"has-post-thumbnail","6":"product_cat-kirjat","8":"first","9":"instock","10":"shipping-taxable","11":"product-type-simple"},"acf":[],"_links":{"self":[{"href":"https:\/\/etno.net\/en\/wp-json\/wp\/v2\/product\/1462","targetHints":{"allow":["GET"]}}],"collection":[{"href":"https:\/\/etno.net\/en\/wp-json\/wp\/v2\/product"}],"about":[{"href":"https:\/\/etno.net\/en\/wp-json\/wp\/v2\/types\/product"}],"replies":[{"embeddable":true,"href":"https:\/\/etno.net\/en\/wp-json\/wp\/v2\/comments?post=1462"}],"wp:featuredmedia":[{"embeddable":true,"href":"https:\/\/etno.net\/en\/wp-json\/wp\/v2\/media\/1463"}],"wp:attachment":[{"href":"https:\/\/etno.net\/en\/wp-json\/wp\/v2\/media?parent=1462"}],"wp:term":[{"taxonomy":"product_brand","embeddable":true,"href":"https:\/\/etno.net\/en\/wp-json\/wp\/v2\/product_brand?post=1462"},{"taxonomy":"product_cat","embeddable":true,"href":"https:\/\/etno.net\/en\/wp-json\/wp\/v2\/product_cat?post=1462"},{"taxonomy":"product_tag","embeddable":true,"href":"https:\/\/etno.net\/en\/wp-json\/wp\/v2\/product_tag?post=1462"}],"curies":[{"name":"wp","href":"https:\/\/api.w.org\/{rel}","templated":true}]}}