{"id":1466,"date":"2020-12-08T11:28:03","date_gmt":"2020-12-08T09:28:03","guid":{"rendered":"https:\/\/etno.net\/?post_type=product&#038;p=1466"},"modified":"2022-08-19T20:57:41","modified_gmt":"2022-08-19T18:57:41","slug":"pollari-pakkala-alapaa-ja-kainu-toivo-alaspaan-ohjelmistoa","status":"publish","type":"product","link":"https:\/\/etno.net\/en\/julkaisu\/kirjat\/pollari-pakkala-alapaa-ja-kainu-toivo-alaspaan-ohjelmistoa","title":{"rendered":"Pollari, Pakkala, Alap\u00e4\u00e4 ja Kainu \u2013 Toivo Alasp\u00e4\u00e4n ohjelmistoa"},"content":{"rendered":"<p>Toivo Alasp\u00e4\u00e4 on perhonjokilaaksolaisen kanteleperinteen taitaja ja kehitt\u00e4j\u00e4. Sibelius-Akatemiassa Alasp\u00e4\u00e4n polkat, valssit, foksit ja kansanlaulut ovat siirtyneet monen opiskelijan ohjelmistoon 1980-luvulta l\u00e4htien. Usein kanteleluokka on pakattu \u00e4\u00e4ri\u00e4\u00e4n my\u00f6ten t\u00e4yteen kanteleita ja soittajia. Opiskelijoiden keskell\u00e4 myh\u00e4ilee hyv\u00e4ntuulinen pelimanni. Ovi on raollaan \u2013 kaikki tiet\u00e4v\u00e4t, ett\u00e4 siell\u00e4 musisoi &#8221;Topin kantelepiiri&#8221;. Oppi siirtyy mestari-kis\u00e4llimenetelm\u00e4ll\u00e4, ihan kuin ennenkin.<\/p>\n<p>Alasp\u00e4\u00e4 korostaa soittajan oman tyylin merkityst\u00e4:&#8221;ettei soittajat tule samasta muotista&#8221;. T\u00e4m\u00e4n kirjan ja mukana seuraavan \u00e4\u00e4nitteen tarkoituksena on antaa mahdollisimman rehellinen kuva oman tyylins\u00e4 mestarin Toivo Alasp\u00e4\u00e4n soittotavasta ja ohjelmistosta. Vaikka nuotit on tehty kanteleella soitettaviksi, ei mik\u00e4\u00e4n est\u00e4 kokeilemasta n\u00e4it\u00e4 Alasp\u00e4\u00e4n ohjelmiston helmi\u00e4 muillakin soittimilla.<\/p>\n<p>* * *<\/p>\n<p>Kirjan toimittaja Sanna Huntus (s. 1971) aloitti kanteleensoiton jo lapsena oman mummonsa opastamana. Ensimm\u00e4isen\u00e4 soittimena oli perinteinen Perhonjokilaakson kantele. Alueen pelimannien ohjelmisto ja soittotyyli tulivat h\u00e4nelle tutuiksi jo nuoruusvuosina Kaustisella.<\/p>\n<p>Sibelius-Akatemiassa Sanna Huntus on syvent\u00e4nyt tietojaan ja taitojaan Perhonjokilaakson soittoperinteest\u00e4. Soittokumppanuus Sibelius-Akatemiassa opettavan Toivo Alasp\u00e4\u00e4n ja muutamien muiden Perhonjokilaakson pelimannien kanssa on koulinut Huntuksesta erinomaisen kanteleperinteen tuntijan. H\u00e4n on jo vuosia opettanut soittajia musiikkiopistoissa ja kantelekursseilla. Nyt Huntus on koonnut mukavaa soitettavaa ja luettavaa kaikille Toivo Alasp\u00e4\u00e4n ohjelmistosta ja soittotyylist\u00e4 kiinnostuneille.<\/p>","protected":false},"excerpt":{"rendered":"<p>Sanna Huntus (toim.)<br \/>\n2000<\/p>\n<p>Inkoon musiikki, IMU-N 998<\/p>\n<p>Sibelius-Akatemian kansanmusiikin osaston oppimateriaalituotantoa 4<\/p>\n<p>Toimitus &#8211; Sanna Huntus<br \/>\nTuotanto &#8211; Juhani N\u00e4reharju<br \/>\nUlkoasu &#8211; Maikki Rantala<br \/>\nKannen valokuvat &#8211; Hannu Saha, Maikki Rantala<br \/>\nValokuvat &#8211; Arto Hietakangas, Ulla J\u00e4rvel\u00e4, Hannu Saha, Hannu Tolvanen ja Toivo Alasp\u00e4\u00e4n perhealbumi<br \/>\nPaino &#8211; Karisto Oy, H\u00e4meenlinna, 2000<\/p>\n<p>\u00a9 Sibelius-Akatemian kansanmusiikin osasto 2000<br \/>\nISSN 1455-2493<br \/>\nISMN M-706327-02-0<\/p>","protected":false},"featured_media":1467,"comment_status":"closed","ping_status":"closed","template":"","meta":{"_acf_changed":false},"product_brand":[],"product_cat":[15],"product_tag":[],"class_list":{"0":"post-1466","1":"product","2":"type-product","3":"status-publish","4":"has-post-thumbnail","6":"product_cat-kirjat","8":"first","9":"instock","10":"shipping-taxable","11":"product-type-simple"},"acf":[],"_links":{"self":[{"href":"https:\/\/etno.net\/en\/wp-json\/wp\/v2\/product\/1466","targetHints":{"allow":["GET"]}}],"collection":[{"href":"https:\/\/etno.net\/en\/wp-json\/wp\/v2\/product"}],"about":[{"href":"https:\/\/etno.net\/en\/wp-json\/wp\/v2\/types\/product"}],"replies":[{"embeddable":true,"href":"https:\/\/etno.net\/en\/wp-json\/wp\/v2\/comments?post=1466"}],"wp:featuredmedia":[{"embeddable":true,"href":"https:\/\/etno.net\/en\/wp-json\/wp\/v2\/media\/1467"}],"wp:attachment":[{"href":"https:\/\/etno.net\/en\/wp-json\/wp\/v2\/media?parent=1466"}],"wp:term":[{"taxonomy":"product_brand","embeddable":true,"href":"https:\/\/etno.net\/en\/wp-json\/wp\/v2\/product_brand?post=1466"},{"taxonomy":"product_cat","embeddable":true,"href":"https:\/\/etno.net\/en\/wp-json\/wp\/v2\/product_cat?post=1466"},{"taxonomy":"product_tag","embeddable":true,"href":"https:\/\/etno.net\/en\/wp-json\/wp\/v2\/product_tag?post=1466"}],"curies":[{"name":"wp","href":"https:\/\/api.w.org\/{rel}","templated":true}]}}