{"id":1470,"date":"2020-12-08T11:32:39","date_gmt":"2020-12-08T09:32:39","guid":{"rendered":"https:\/\/etno.net\/?post_type=product&#038;p=1470"},"modified":"2020-12-08T11:32:39","modified_gmt":"2020-12-08T09:32:39","slug":"omasta-paasta-kokemuksia-kansanmusiikin-alkuopetuksesta","status":"publish","type":"product","link":"https:\/\/etno.net\/en\/julkaisu\/kirjat\/omasta-paasta-kokemuksia-kansanmusiikin-alkuopetuksesta","title":{"rendered":"Omasta p\u00e4\u00e4st\u00e4 \u2013 kokemuksia kansanmusiikin alkuopetuksesta"},"content":{"rendered":"<p>Kansanmusiikin opiskelu kuuluu monen p\u00e4iv\u00e4kodin, koulun kansalaisopiston ja musiikkioppilaitoksen perusohjelmaan. Oppilaat oppivat ja opettajat opettavat, mutta kertyneet kokemukset j\u00e4\u00e4v\u00e4t useimmiten kirjaamatta. Kansanmusiikkipedagogiikan rakennusty\u00f6 on vasta alussa.<\/p>\n<p>Muusikko ja pedagogi Anu It\u00e4pelto esittelee t\u00e4ss\u00e4 oppaassa n\u00e4kemyksi\u00e4\u00e4n ja kokemuksiaan kansanmusiikin alkuopetuksesta. Menetelm\u00e4t ja niihin liittyv\u00e4t esimerkit esitell\u00e4\u00e4n lasten opettamisen n\u00e4k\u00f6kulmasta, mutta samat asiat p\u00e4tev\u00e4t soveltaen my\u00f6s aikuisten alkuopetukseen. Opas sopii opetusty\u00f6n virikkeeksi sek\u00e4 kansanmusiikkia jo opettaneille ett\u00e4 muille kansanmusiikin pedagogisista mahdollisuuksista kiinnostuneille.<\/p>\n<p>* * *<\/p>\n<p>Kirjan tekij\u00e4 Anu It\u00e4pelto (s. 1959) on rakentanut musiikillisen perustansa kansanmusiikin ammattiopintojen ja monipuolisen muusikkouden varaan. H\u00e4n on monille tuttu muusikko mm. Niekku- ja Utua -yhtyeist\u00e4.<\/p>\n<p>It\u00e4pelto opettaa kansanmusiikkia, erityisesti kanteleiden soittoa omassa musiikkikoulussaan, vierailee vakituisena kouluttajana useissa muissa musiikkioppilaitoksissa ja opettaa kansanmusiikkipedagogiikkaa Sibelius-Akatemian kansanmusiikin osastossa.<\/p>\n<p>Nyt vuosien opetuskokemukset ovat kiteytyneeet kirjalliseen muotoon.<\/p>","protected":false},"excerpt":{"rendered":"<p>Anu It\u00e4pelto<br \/>\n1999<\/p>\n<p>Sibelius-Akatemian kansanmusiikin osaston oppimateriaalituotantoa 3<\/p>\n<p>Toimitus &#8211; Arja Kangasniemi, Juhani N\u00e4reharju<br \/>\nGraafinen ulkoasu &#8211; Maikki Rantala<br \/>\nValokuvat &#8211; Eija Hiltunen, Anu It\u00e4pelto, Terhi\u00a0Kouvo, Maikki\u00a0Rantala, Arto\u00a0Rummukainen, P\u00e4ivi\u00a0Utriainen<br \/>\nPaino &#8211; Kyriiri Oy, 1999<\/p>\n<p>\u00a9 Sibelius-Akatemian kansanmusiikin osasto 1999<br \/>\nISSN 1455-2493<br \/>\nISBN 952-9658-65-6<\/p>","protected":false},"featured_media":1471,"comment_status":"closed","ping_status":"closed","template":"","meta":{"_acf_changed":false},"product_brand":[],"product_cat":[15],"product_tag":[],"class_list":{"0":"post-1470","1":"product","2":"type-product","3":"status-publish","4":"has-post-thumbnail","6":"product_cat-kirjat","8":"first","9":"instock","10":"shipping-taxable","11":"product-type-simple"},"acf":[],"_links":{"self":[{"href":"https:\/\/etno.net\/en\/wp-json\/wp\/v2\/product\/1470","targetHints":{"allow":["GET"]}}],"collection":[{"href":"https:\/\/etno.net\/en\/wp-json\/wp\/v2\/product"}],"about":[{"href":"https:\/\/etno.net\/en\/wp-json\/wp\/v2\/types\/product"}],"replies":[{"embeddable":true,"href":"https:\/\/etno.net\/en\/wp-json\/wp\/v2\/comments?post=1470"}],"wp:featuredmedia":[{"embeddable":true,"href":"https:\/\/etno.net\/en\/wp-json\/wp\/v2\/media\/1471"}],"wp:attachment":[{"href":"https:\/\/etno.net\/en\/wp-json\/wp\/v2\/media?parent=1470"}],"wp:term":[{"taxonomy":"product_brand","embeddable":true,"href":"https:\/\/etno.net\/en\/wp-json\/wp\/v2\/product_brand?post=1470"},{"taxonomy":"product_cat","embeddable":true,"href":"https:\/\/etno.net\/en\/wp-json\/wp\/v2\/product_cat?post=1470"},{"taxonomy":"product_tag","embeddable":true,"href":"https:\/\/etno.net\/en\/wp-json\/wp\/v2\/product_tag?post=1470"}],"curies":[{"name":"wp","href":"https:\/\/api.w.org\/{rel}","templated":true}]}}