{"id":1472,"date":"2020-12-08T11:34:57","date_gmt":"2020-12-08T09:34:57","guid":{"rendered":"https:\/\/etno.net\/?post_type=product&#038;p=1472"},"modified":"2021-04-23T07:47:49","modified_gmt":"2021-04-23T05:47:49","slug":"pelimannimusiikkia-kitaralla","status":"publish","type":"product","link":"https:\/\/etno.net\/en\/julkaisu\/kirjat\/pelimannimusiikkia-kitaralla","title":{"rendered":"Pelimannimusiikkia kitaralla"},"content":{"rendered":"<p>Kitara kuuluu monen kansanmusiikkiyhtyeen peruskalustoon. Tavallisimmin kitaristin t\u00e4rkeimp\u00e4n\u00e4 teht\u00e4v\u00e4n\u00e4 on soinnullisen ja rytmisen pohjan rakentelu. Kun soittajan eteen annetaan pelk\u00e4t sointumerkit, j\u00e4\u00e4v\u00e4t melodiasoiton riemut monelta kitaristilta kokonaan kokematta.<\/p>\n<p>Olli Varis on tutkiskellut kitaran mahdollisuuksia kansanmusiikin melodiasoittimena. T\u00e4h\u00e4n julkaisuun h\u00e4n on koonnut kitaristeille sopivia, k\u00e4yt\u00f6ss\u00e4 hyviksi havaitsemiaan melodiasoiton malleja, kokoelmassa on 20 eritasoista kappaletta nuotein ja tabulatuurein merkittyin\u00e4. Mukana on sek\u00e4 helppoja ett\u00e4 vaativia suomalaisen kansanmusiikin helmi\u00e4. Oheis-CD:ll\u00e4 on viiden kappaleen verran mallia siit\u00e4, miten Olli Varis poimii melodiat kitarastaan.<\/p>\n<p>* * *<\/p>\n<p>Kirjan tekij\u00e4 Olli Varis (s. 1969) soittaa kitaraa ja mandoliinia monissa suomalaisen kansanmusiikin huippuyhtyeiss\u00e4. Takavuosien kokoonpanoja olivat V\u00e4rttin\u00e4 ja Koinurit, nykyisin Varis musisoi mm. Maria Kalaniemen Aldargazissa ja Anna-Kaisa Liedeksen yhtyeess\u00e4.<\/p>\n<p>Olli Varis on opiskeluvuosistaan l\u00e4htien kehitellyt suomalaiseen kansanmusiikkiin soveltuvia kitaransoittotapoja ja -tyylej\u00e4. Opetusty\u00f6 Sibelius-Akatemian kansanmusiikin osastossa on syvent\u00e4nyt n\u00e4kemyst\u00e4 ja kokemusta siit\u00e4, mihin kaikkeen kitaristin sormet taipuvat. T\u00e4m\u00e4n nuottikokoelman ja \u00e4\u00e4nitteen avulla Ollin oppiin p\u00e4\u00e4sev\u00e4t kaikki melodiasoitosta kiinnostuneet kitaristit.<\/p>","protected":false},"excerpt":{"rendered":"<p>Olli Varis<br \/>\n1999<\/p>\n<p>Sibelius-Akatemian kansanmusiikin osaston oppimateriaalituotantoa 2<\/p>\n<p>Tuotanto &#8211; Juhani N\u00e4reharju<br \/>\nGraafinen ulkoasu &#8211; Maikki Rantala<br \/>\nValokuvat &#8211; Eija Hiltunen, Maikki Rantala<br \/>\nPaino &#8211; Kyriiri Oy, 1999<\/p>\n<p>\u00a9 Sibelius-Akatemian kansanmusiikin osasto 1999<br \/>\nISSN 1455-2493<br \/>\nISMN M-706327-01-3<\/p>","protected":false},"featured_media":1474,"comment_status":"closed","ping_status":"closed","template":"","meta":{"_acf_changed":false},"product_brand":[],"product_cat":[15],"product_tag":[],"class_list":{"0":"post-1472","1":"product","2":"type-product","3":"status-publish","4":"has-post-thumbnail","6":"product_cat-kirjat","8":"first","9":"instock","10":"shipping-taxable","11":"product-type-simple"},"acf":[],"_links":{"self":[{"href":"https:\/\/etno.net\/en\/wp-json\/wp\/v2\/product\/1472","targetHints":{"allow":["GET"]}}],"collection":[{"href":"https:\/\/etno.net\/en\/wp-json\/wp\/v2\/product"}],"about":[{"href":"https:\/\/etno.net\/en\/wp-json\/wp\/v2\/types\/product"}],"replies":[{"embeddable":true,"href":"https:\/\/etno.net\/en\/wp-json\/wp\/v2\/comments?post=1472"}],"wp:featuredmedia":[{"embeddable":true,"href":"https:\/\/etno.net\/en\/wp-json\/wp\/v2\/media\/1474"}],"wp:attachment":[{"href":"https:\/\/etno.net\/en\/wp-json\/wp\/v2\/media?parent=1472"}],"wp:term":[{"taxonomy":"product_brand","embeddable":true,"href":"https:\/\/etno.net\/en\/wp-json\/wp\/v2\/product_brand?post=1472"},{"taxonomy":"product_cat","embeddable":true,"href":"https:\/\/etno.net\/en\/wp-json\/wp\/v2\/product_cat?post=1472"},{"taxonomy":"product_tag","embeddable":true,"href":"https:\/\/etno.net\/en\/wp-json\/wp\/v2\/product_tag?post=1472"}],"curies":[{"name":"wp","href":"https:\/\/api.w.org\/{rel}","templated":true}]}}