{"id":1475,"date":"2020-12-08T11:37:10","date_gmt":"2020-12-08T09:37:10","guid":{"rendered":"https:\/\/etno.net\/?post_type=product&#038;p=1475"},"modified":"2020-12-08T11:37:10","modified_gmt":"2020-12-08T09:37:10","slug":"sitaha-voi-inspiroira-tauno-ahon-ohjelmistoa-2-riviselle-hanurille","status":"publish","type":"product","link":"https:\/\/etno.net\/en\/julkaisu\/kirjat\/sitaha-voi-inspiroira-tauno-ahon-ohjelmistoa-2-riviselle-hanurille","title":{"rendered":"&#8221;Sit\u00e4h\u00e4 voi inspiroira&#8221; &#8211; Tauno Ahon ohjelmistoa 2-riviselle hanurille"},"content":{"rendered":"<div class=\"field field-name-body field-type-text-with-summary field-label-hidden\">\n<div class=\"field-items\">\n<div class=\"field-item even\">\n<p>&#8221;Pit\u00e4\u00e4s vaan reenata&#8221;, huokaisi kuortanelainen mestaripelimanni Tauno Aho miettiess\u00e4\u00e4n etel\u00e4pohjalaisen pelimannimusiikin koukeroita. Sanonta sopii hyvin t\u00e4m\u00e4n kirjan ja samalla uuden julkaisusarjan johtoajatukseksi. Nyt tulee reenattavaa!<\/p>\n<p>Markku Lepist\u00f6 on koonnut k\u00e4siss\u00e4si olevaan nuottikirjaan 40 Tauno Ahon kaksirivisell\u00e4 hanurilla soittamaa s\u00e4velm\u00e4\u00e4. Nuotit on h\u00f6ystetty Ahon soittotyyliin ohjaavalla opastuksella ja mestaripelimannin ajatuksilla musiikista. Ja sen, mit\u00e4 paraskaan nuotinnos ei kerro, voit kuunnella mukana seuraavalta \u00e4\u00e4nitteelt\u00e4.<\/p>\n<p>Nautittavia kuuntelu- ja soittohetki\u00e4!<\/p>\n<p>* * *<\/p>\n<p>Kirjan toimittaja Markku Lepist\u00f6 (s. 1963) opettaa Sibelius-Akatemian kansanmusiikin osastossa ja on tuttu hanuristi suomalaisen kansanmusiikin huippuyhtyeist\u00e4 Pirnales, Progmatics ja V\u00e4rttin\u00e4.<\/p>\n<p>Opintojensa aikana Sibelius-Akatemiassa Lepist\u00f6 tutustui kotikuntansa Kuortaneen maineikkaaseen pelimanniin Tauno Ahoon ja teki tutkimuksen h\u00e4nen soittotyylist\u00e4\u00e4n. Aiheeseen syventymisen tuloksena ilmestyy nyt valikoima \u00e4\u00e4nitteit\u00e4 ja nuotinnoksia.<\/p>\n<\/div>\n<\/div>\n<\/div>","protected":false},"excerpt":{"rendered":"<p>Markku Lepist\u00f6 (toim.)<br \/>\n1999<\/p>\n<p>Sibelius-Akatemian kansanmusiikin osaston oppimateriaalituotantoa 1<\/p>\n<div class=\"field field-name-field-learn-book-credits field-type-text-long field-label-hidden\">\n<div class=\"field-items\">\n<div class=\"field-item even\">\n<p>Toimitus &#8211; Markku Lepist\u00f6<br \/>\nTuotanto &#8211; Juhani N\u00e4reharju<br \/>\nUlkoasu &#8211; Maikki Rantala<br \/>\nKannen valokuvat &#8211; Eija Hiltunen, Maikki Rantala<br \/>\nValokuvat &#8211; Eija Hiltunen, Paavo Valkama, P\u00e4ivi Utriainen<br \/>\nPaino &#8211; Karisto Oy, H\u00e4meenlinna, 1998<\/p>\n<p>\u00a9 Sibelius-Akatemian kansanmusiikin osasto 1999<br \/>\nISSN 1455-2493<br \/>\nISMN M-706327-00-6<\/p>\n<\/div>\n<\/div>\n<\/div>","protected":false},"featured_media":1476,"comment_status":"closed","ping_status":"closed","template":"","meta":{"_acf_changed":false},"product_brand":[],"product_cat":[15],"product_tag":[],"class_list":{"0":"post-1475","1":"product","2":"type-product","3":"status-publish","4":"has-post-thumbnail","6":"product_cat-kirjat","8":"first","9":"instock","10":"shipping-taxable","11":"product-type-simple"},"acf":[],"_links":{"self":[{"href":"https:\/\/etno.net\/en\/wp-json\/wp\/v2\/product\/1475","targetHints":{"allow":["GET"]}}],"collection":[{"href":"https:\/\/etno.net\/en\/wp-json\/wp\/v2\/product"}],"about":[{"href":"https:\/\/etno.net\/en\/wp-json\/wp\/v2\/types\/product"}],"replies":[{"embeddable":true,"href":"https:\/\/etno.net\/en\/wp-json\/wp\/v2\/comments?post=1475"}],"wp:featuredmedia":[{"embeddable":true,"href":"https:\/\/etno.net\/en\/wp-json\/wp\/v2\/media\/1476"}],"wp:attachment":[{"href":"https:\/\/etno.net\/en\/wp-json\/wp\/v2\/media?parent=1475"}],"wp:term":[{"taxonomy":"product_brand","embeddable":true,"href":"https:\/\/etno.net\/en\/wp-json\/wp\/v2\/product_brand?post=1475"},{"taxonomy":"product_cat","embeddable":true,"href":"https:\/\/etno.net\/en\/wp-json\/wp\/v2\/product_cat?post=1475"},{"taxonomy":"product_tag","embeddable":true,"href":"https:\/\/etno.net\/en\/wp-json\/wp\/v2\/product_tag?post=1475"}],"curies":[{"name":"wp","href":"https:\/\/api.w.org\/{rel}","templated":true}]}}