{"id":1482,"date":"2020-12-08T11:41:06","date_gmt":"2020-12-08T09:41:06","guid":{"rendered":"https:\/\/etno.net\/?post_type=product&#038;p=1482"},"modified":"2021-11-19T11:04:12","modified_gmt":"2021-11-19T09:04:12","slug":"unissakavelijat","status":"publish","type":"product","link":"https:\/\/etno.net\/en\/julkaisu\/aanitteet\/unissakavelijat","title":{"rendered":"Unissak\u00e4velij\u00e4t"},"content":{"rendered":"<div class=\"field field-name-field-kamucd-teknikot field-type-text-long field-label-hidden\">\n<div class=\"field-items\">\n<div class=\"field-item even\">\n<p>Janne Ojaj\u00e4rvi: recording (Kallio-Kuninkala, J\u00e4rvenp\u00e4\u00e4), mixing (Global Music Centre, Helsinki)<br \/>\nMikko H. Haapoja: mastering<br \/>\nPekko K\u00e4ppi &amp; Unissak\u00e4velij\u00e4t: producing<br \/>\nJuska Ojaj\u00e4rvi: cover art and design<\/p>\n<\/div>\n<\/div>\n<\/div>\n<div class=\"field field-name-field-kamucd-yht-kokoonpano field-type-text-long field-label-inline clearfix\">\n<div class=\"field-label\">Muusikot:<\/div>\n<div class=\"field-items\">\n<div class=\"field-item even\">\n<p>Michael Ferrie: guitar, synth, vocals<br \/>\nPekko K\u00e4ppi: jouhikko, percussion, volcals<br \/>\nNea-Maria Korpelainen: fiddle, vocals<br \/>\nMIrva Soininen: volcals, piano<br \/>\nMinna Koskenlahti: percussion, \u00e5spipa, vocals<br \/>\nJuska Ojaj\u00e4rvi: accordion, toy piano, vocals, percussion<\/p>\n<\/div>\n<\/div>\n<\/div>\n<div class=\"field field-name-field-kamucd-raidat field-type-text-long field-label-hidden\">\n<div class=\"field-items\">\n<div class=\"field-item even\">\n<p><strong>1. Uni I<\/strong><\/p>\n<!--[if lt IE 9]><script>document.createElement('audio');<\/script><![endif]-->\n<audio class=\"wp-audio-shortcode\" id=\"audio-1482-1\" preload=\"none\" style=\"width: 100%;\" controls=\"controls\"><source type=\"audio\/mpeg\" src=\"https:\/\/etno.net\/wp-content\/uploads\/2020\/12\/uni_1.mp3?_=1\" \/><a href=\"https:\/\/etno.net\/wp-content\/uploads\/2020\/12\/uni_1.mp3\">https:\/\/etno.net\/wp-content\/uploads\/2020\/12\/uni_1.mp3<\/a><\/audio>\n<p>2. Uni II<\/p>\n<p>3. Uni III<\/p>\n<p><strong>4. Uni IV<\/strong><\/p>\n<audio class=\"wp-audio-shortcode\" id=\"audio-1482-2\" preload=\"none\" style=\"width: 100%;\" controls=\"controls\"><source type=\"audio\/mpeg\" src=\"https:\/\/etno.net\/wp-content\/uploads\/2020\/12\/uni_4.mp3?_=2\" \/><a href=\"https:\/\/etno.net\/wp-content\/uploads\/2020\/12\/uni_4.mp3\">https:\/\/etno.net\/wp-content\/uploads\/2020\/12\/uni_4.mp3<\/a><\/audio>\n<p>5. Uni V<\/p>\n<p><strong>6. Uni VI<\/strong><\/p>\n<audio class=\"wp-audio-shortcode\" id=\"audio-1482-3\" preload=\"none\" style=\"width: 100%;\" controls=\"controls\"><source type=\"audio\/mpeg\" src=\"https:\/\/etno.net\/wp-content\/uploads\/2020\/12\/uni_6.mp3?_=3\" \/><a href=\"https:\/\/etno.net\/wp-content\/uploads\/2020\/12\/uni_6.mp3\">https:\/\/etno.net\/wp-content\/uploads\/2020\/12\/uni_6.mp3<\/a><\/audio>\n<p>7. Uni VII<\/p>\n<\/div>\n<\/div>\n<\/div>\n","protected":false},"excerpt":{"rendered":"<p>Janne Ojaj\u00e4rvi: recording (Kallio-Kuninkala, J\u00e4rvenp\u00e4\u00e4), mixing (Global Music Centre, Helsinki) Mikko H. Haapoja: mastering Pekko K\u00e4ppi &amp; Unissak\u00e4velij\u00e4t: producing Juska Ojaj\u00e4rvi: cover art and design Muusikot: Michael Ferrie: guitar, synth, vocals Pekko K\u00e4ppi: jouhikko, percussion, volcals Nea-Maria Korpelainen: fiddle, vocals MIrva Soininen: volcals, piano Minna Koskenlahti: percussion, \u00e5spipa, vocals Juska Ojaj\u00e4rvi: accordion, toy piano, vocals, [&hellip;]<\/p>\n","protected":false},"featured_media":1480,"comment_status":"closed","ping_status":"closed","template":"","meta":{"_acf_changed":false},"product_brand":[],"product_cat":[65],"product_tag":[],"class_list":{"0":"post-1482","1":"product","2":"type-product","3":"status-publish","4":"has-post-thumbnail","6":"product_cat-aanitteet","8":"first","9":"instock","10":"shipping-taxable","11":"product-type-simple"},"acf":[],"_links":{"self":[{"href":"https:\/\/etno.net\/en\/wp-json\/wp\/v2\/product\/1482","targetHints":{"allow":["GET"]}}],"collection":[{"href":"https:\/\/etno.net\/en\/wp-json\/wp\/v2\/product"}],"about":[{"href":"https:\/\/etno.net\/en\/wp-json\/wp\/v2\/types\/product"}],"replies":[{"embeddable":true,"href":"https:\/\/etno.net\/en\/wp-json\/wp\/v2\/comments?post=1482"}],"wp:featuredmedia":[{"embeddable":true,"href":"https:\/\/etno.net\/en\/wp-json\/wp\/v2\/media\/1480"}],"wp:attachment":[{"href":"https:\/\/etno.net\/en\/wp-json\/wp\/v2\/media?parent=1482"}],"wp:term":[{"taxonomy":"product_brand","embeddable":true,"href":"https:\/\/etno.net\/en\/wp-json\/wp\/v2\/product_brand?post=1482"},{"taxonomy":"product_cat","embeddable":true,"href":"https:\/\/etno.net\/en\/wp-json\/wp\/v2\/product_cat?post=1482"},{"taxonomy":"product_tag","embeddable":true,"href":"https:\/\/etno.net\/en\/wp-json\/wp\/v2\/product_tag?post=1482"}],"curies":[{"name":"wp","href":"https:\/\/api.w.org\/{rel}","templated":true}]}}