{"id":1483,"date":"2020-12-08T11:45:11","date_gmt":"2020-12-08T09:45:11","guid":{"rendered":"https:\/\/etno.net\/?post_type=product&#038;p=1483"},"modified":"2021-11-19T11:05:02","modified_gmt":"2021-11-19T09:05:02","slug":"pauliina-syrjala-lunkula","status":"publish","type":"product","link":"https:\/\/etno.net\/en\/julkaisu\/aanitteet\/pauliina-syrjala-lunkula","title":{"rendered":"Pauliina Syrj\u00e4l\u00e4 &#8211; Lunkula"},"content":{"rendered":"<div class=\"field field-name-body field-type-text-with-summary field-label-hidden\">\n<div class=\"field-items\">\n<div class=\"field-item even\">\n<p>Lunkula on saari Laatokassa, is\u00e4ni syntym\u00e4paikka ja esi-isieni koti. Siell\u00e4 soitti kanteletta is\u00e4nis\u00e4, jota en koskaan tavannut. Minulle Lunkula on my\u00f6s mielenmaisema. Paikka, jossa voin rauhoittua musiikin \u00e4\u00e4relle ja antaa sen virrata.<\/p>\n<p>Kaikkien kanteleiden joukossa Jooseppi Pohjolan kantele on suurin rakkauteni. Se on per\u00e4isin 1800-luvulta, ja sit\u00e4 soitettiin perinteisesti puutikulla. Lempipuuhaani on uusien sointiv\u00e4rien etsiminen, usein erilaisia apuv\u00e4lineit\u00e4 k\u00e4ytt\u00e4en. T\u00e4ll\u00e4 levyll\u00e4 soitan Jooseppi Pohjolan kanteletta tikun lis\u00e4ksi virkkuukoukulla, neulepuikolla, maalipensselill\u00e4, sormiplektroilla ja viritysavaimella.<\/p>\n<p>Levy on osa taiteellista tohtorintutkintoani, jota teen Taideyliopiston Sibelius-Akatemiassa, kansanmusiikin aineryhm\u00e4ss\u00e4.<\/p>\n<p><em>Pauliina Syrj\u00e4l\u00e4<\/em><\/p>\n<\/div>\n<\/div>\n<\/div>\n<div class=\"field field-name-field-kamucd-koodi field-type-text field-label-inline clearfix\"><\/div>\n<div class=\"field field-name-field-kamucd-tallennusmaa field-type-text field-label-inline clearfix\">\n<div class=\"field-items\">\n<div class=\"field-item even\"><\/div>\n<\/div>\n<\/div>\n<div class=\"field field-name-field-kamucd-teknikot field-type-text-long field-label-hidden\">\n<div class=\"field-items\">\n<div class=\"field-item even\">\n<p>\u00c4\u00e4nitys: Taito Hoffr\u00e9n, Kallio-Kuninkala, J\u00e4rvenp\u00e4\u00e4 24.-26.5.2015<br \/>\nMiksaus ja masterointi: Taito Hoffr\u00e9n, \u00c4\u00e4ni\u00e4 studio<br \/>\nTuotanto: Pauliina Syrj\u00e4l\u00e4 &amp; Taito Hoffr\u00e9n<br \/>\nKannet ja kuvat: Jimmy Tr\u00e4skelin<br \/>\nEnglish texts: Jimmy Tr\u00e4skelin &amp; Andrew Cronshaw<\/p>\n<\/div>\n<\/div>\n<\/div>\n<div class=\"field field-name-field-kamucd-yht-kokoonpano field-type-text-long field-label-inline clearfix\">\n<div class=\"field-label\">Muusikot:<\/div>\n<div class=\"field-items\">\n<div class=\"field-item even\">\n<p>Pauliina Syrj\u00e4l\u00e4, Jooseppi Pohjolan kantele<\/p>\n<\/div>\n<\/div>\n<\/div>\n<div class=\"field field-name-field-kamucd-raidat field-type-text-long field-label-hidden\">\n<div class=\"field-items\">\n<div class=\"field-item even\">\n<p>1. Matkalla jonnekkin<\/p>\n<p>Syrj\u00e4l\u00e4<\/p>\n<p><strong>2. Lemmennosto<\/strong><\/p>\n<p>Syrj\u00e4l\u00e4<\/p>\n<!--[if lt IE 9]><script>document.createElement('audio');<\/script><![endif]-->\n<audio class=\"wp-audio-shortcode\" id=\"audio-1483-1\" preload=\"none\" style=\"width: 100%;\" controls=\"controls\"><source type=\"audio\/mpeg\" src=\"https:\/\/etno.net\/wp-content\/uploads\/2020\/12\/syrjala.mp3?_=1\" \/><a href=\"https:\/\/etno.net\/wp-content\/uploads\/2020\/12\/syrjala.mp3\">https:\/\/etno.net\/wp-content\/uploads\/2020\/12\/syrjala.mp3<\/a><\/audio>\n<p>3. Teodor &amp; Feodor<\/p>\n<p>T. Repo\/trad, arr. Syrj\u00e4l\u00e4<\/p>\n<p><strong>4. Timotei II<\/strong><\/p>\n<p>Syrj\u00e4l\u00e4<\/p>\n<audio class=\"wp-audio-shortcode\" id=\"audio-1483-2\" preload=\"none\" style=\"width: 100%;\" controls=\"controls\"><source type=\"audio\/mpeg\" src=\"https:\/\/etno.net\/wp-content\/uploads\/2020\/12\/timotei.mp3?_=2\" \/><a href=\"https:\/\/etno.net\/wp-content\/uploads\/2020\/12\/timotei.mp3\">https:\/\/etno.net\/wp-content\/uploads\/2020\/12\/timotei.mp3<\/a><\/audio>\n<p>5. L\u00e4ksin suolle soutamahan<\/p>\n<p>trad, arr. Syrj\u00e4l\u00e4<\/p>\n<p><strong>6. Kirkonkellot<\/strong><\/p>\n<p>trad, arr. Syrj\u00e4l\u00e4<\/p>\n<audio class=\"wp-audio-shortcode\" id=\"audio-1483-3\" preload=\"none\" style=\"width: 100%;\" controls=\"controls\"><source type=\"audio\/mpeg\" src=\"https:\/\/etno.net\/wp-content\/uploads\/2020\/12\/kirkonkellot.mp3?_=3\" \/><a href=\"https:\/\/etno.net\/wp-content\/uploads\/2020\/12\/kirkonkellot.mp3\">https:\/\/etno.net\/wp-content\/uploads\/2020\/12\/kirkonkellot.mp3<\/a><\/audio>\n<p>7. Aamunkoi<\/p>\n<\/div>\n<\/div>\n<\/div>\n","protected":false},"excerpt":{"rendered":"<p>Lunkula on saari Laatokassa, is\u00e4ni syntym\u00e4paikka ja esi-isieni koti. Siell\u00e4 soitti kanteletta is\u00e4nis\u00e4, jota en koskaan tavannut. Minulle Lunkula on my\u00f6s mielenmaisema. Paikka, jossa voin rauhoittua musiikin \u00e4\u00e4relle ja antaa sen virrata. Kaikkien kanteleiden joukossa Jooseppi Pohjolan kantele on suurin rakkauteni. Se on per\u00e4isin 1800-luvulta, ja sit\u00e4 soitettiin perinteisesti puutikulla. Lempipuuhaani on uusien sointiv\u00e4rien etsiminen, [&hellip;]<\/p>\n","protected":false},"featured_media":1487,"comment_status":"closed","ping_status":"closed","template":"","meta":{"_acf_changed":false},"product_brand":[],"product_cat":[65],"product_tag":[],"class_list":{"0":"post-1483","1":"product","2":"type-product","3":"status-publish","4":"has-post-thumbnail","6":"product_cat-aanitteet","8":"first","9":"instock","10":"shipping-taxable","11":"product-type-simple"},"acf":[],"_links":{"self":[{"href":"https:\/\/etno.net\/en\/wp-json\/wp\/v2\/product\/1483","targetHints":{"allow":["GET"]}}],"collection":[{"href":"https:\/\/etno.net\/en\/wp-json\/wp\/v2\/product"}],"about":[{"href":"https:\/\/etno.net\/en\/wp-json\/wp\/v2\/types\/product"}],"replies":[{"embeddable":true,"href":"https:\/\/etno.net\/en\/wp-json\/wp\/v2\/comments?post=1483"}],"wp:featuredmedia":[{"embeddable":true,"href":"https:\/\/etno.net\/en\/wp-json\/wp\/v2\/media\/1487"}],"wp:attachment":[{"href":"https:\/\/etno.net\/en\/wp-json\/wp\/v2\/media?parent=1483"}],"wp:term":[{"taxonomy":"product_brand","embeddable":true,"href":"https:\/\/etno.net\/en\/wp-json\/wp\/v2\/product_brand?post=1483"},{"taxonomy":"product_cat","embeddable":true,"href":"https:\/\/etno.net\/en\/wp-json\/wp\/v2\/product_cat?post=1483"},{"taxonomy":"product_tag","embeddable":true,"href":"https:\/\/etno.net\/en\/wp-json\/wp\/v2\/product_tag?post=1483"}],"curies":[{"name":"wp","href":"https:\/\/api.w.org\/{rel}","templated":true}]}}