{"id":1488,"date":"2020-12-08T11:50:35","date_gmt":"2020-12-08T09:50:35","guid":{"rendered":"https:\/\/etno.net\/?post_type=product&#038;p=1488"},"modified":"2021-11-19T11:06:03","modified_gmt":"2021-11-19T09:06:03","slug":"helsinki-soundpainting-ensemble-hse","status":"publish","type":"product","link":"https:\/\/etno.net\/en\/julkaisu\/aanitteet\/helsinki-soundpainting-ensemble-hse","title":{"rendered":"Helsinki Soundpainting Ensemble &#8211; HSE"},"content":{"rendered":"<div class=\"field field-name-field-kamucd-teknikot field-type-text-long field-label-hidden\">\n<div class=\"field-items\">\n<div class=\"field-item even\">\n<p>\u00c4\u00e4nitys ja miksaus: Jaakko Kulomaa, Helsingin Musiikkitalossa\u00a0kes\u00e4kuussa 2015<br \/>\nMasterointi: Jaakko Viital\u00e4hde, Virtal\u00e4hde mastering<br \/>\nKansitaide ja taitto: Teemu Raudaskoski<br \/>\nValokuvat: Ilkka Saastamoinen<\/p>\n<\/div>\n<\/div>\n<\/div>\n<div class=\"field field-name-field-kamucd-yht-kokoonpano field-type-text-long field-label-inline clearfix\">\n<div class=\"field-label\">Muusikot:<\/div>\n<div class=\"field-items\">\n<div class=\"field-item even\">\n<p>Sonja Korkman &#8211; soundpainting<br \/>\nAmanda Kauranne, Teea Aarnio, Charlotta Hagfors &#8211; laulu<br \/>\nTurkka Inkil\u00e4, Mimmi Laaksonen &#8211; huilut<br \/>\nMarouf Majidi &#8211; tar ja tanbour<br \/>\nJukka K\u00e4\u00e4ri\u00e4inen &#8211; kitara<br \/>\nMikko Rajala &#8211; kontrabasso ja viulu<br \/>\nOskari Lehtonen &#8211; ly\u00f6m\u00e4soittimet<\/p>\n<p>S\u00e4v., san. &amp; sov. Helsinki Soundpainting Ensemble<\/p>\n<\/div>\n<\/div>\n<\/div>\n<div class=\"field field-name-field-kamucd-raidat field-type-text-long field-label-hidden\">\n<div class=\"field-items\">\n<div class=\"field-item even\">\n<p>1. Aivokuoriainen<\/p>\n<p>2. Agentti Bahialla<\/p>\n<p>3. Arovaara<\/p>\n<p><strong>4. Piilosalla<\/strong><\/p>\n<!--[if lt IE 9]><script>document.createElement('audio');<\/script><![endif]-->\n<audio class=\"wp-audio-shortcode\" id=\"audio-1488-1\" preload=\"none\" style=\"width: 100%;\" controls=\"controls\"><source type=\"audio\/mpeg\" src=\"https:\/\/etno.net\/wp-content\/uploads\/2020\/12\/4_piilosalla.mp3?_=1\" \/><a href=\"https:\/\/etno.net\/wp-content\/uploads\/2020\/12\/4_piilosalla.mp3\">https:\/\/etno.net\/wp-content\/uploads\/2020\/12\/4_piilosalla.mp3<\/a><\/audio>\n<p><strong>5. Porkkanakana<\/strong><\/p>\n<audio class=\"wp-audio-shortcode\" id=\"audio-1488-2\" preload=\"none\" style=\"width: 100%;\" controls=\"controls\"><source type=\"audio\/mpeg\" src=\"https:\/\/etno.net\/wp-content\/uploads\/2020\/12\/5_porkkanakana.mp3?_=2\" \/><a href=\"https:\/\/etno.net\/wp-content\/uploads\/2020\/12\/5_porkkanakana.mp3\">https:\/\/etno.net\/wp-content\/uploads\/2020\/12\/5_porkkanakana.mp3<\/a><\/audio>\n<p>6. K\u00e4vely puistikossa<\/p>\n<p>7. Pellit auki<\/p>\n<p>8. Naskalissa<\/p>\n<p>9. Puhallus ja takaa-ajo<\/p>\n<p><strong>10. Navigaattori laskee uudelleen<\/strong><\/p>\n<audio class=\"wp-audio-shortcode\" id=\"audio-1488-3\" preload=\"none\" style=\"width: 100%;\" controls=\"controls\"><source type=\"audio\/mpeg\" src=\"https:\/\/etno.net\/wp-content\/uploads\/2020\/12\/10_navigaattori_laskee_uudelleen.mp3?_=3\" \/><a href=\"https:\/\/etno.net\/wp-content\/uploads\/2020\/12\/10_navigaattori_laskee_uudelleen.mp3\">https:\/\/etno.net\/wp-content\/uploads\/2020\/12\/10_navigaattori_laskee_uudelleen.mp3<\/a><\/audio>\n<p>11. Kultaa<\/p>\n<\/div>\n<\/div>\n<\/div>\n","protected":false},"excerpt":{"rendered":"<p>\u00c4\u00e4nitys ja miksaus: Jaakko Kulomaa, Helsingin Musiikkitalossa\u00a0kes\u00e4kuussa 2015 Masterointi: Jaakko Viital\u00e4hde, Virtal\u00e4hde mastering Kansitaide ja taitto: Teemu Raudaskoski Valokuvat: Ilkka Saastamoinen Muusikot: Sonja Korkman &#8211; soundpainting Amanda Kauranne, Teea Aarnio, Charlotta Hagfors &#8211; laulu Turkka Inkil\u00e4, Mimmi Laaksonen &#8211; huilut Marouf Majidi &#8211; tar ja tanbour Jukka K\u00e4\u00e4ri\u00e4inen &#8211; kitara Mikko Rajala &#8211; kontrabasso ja [&hellip;]<\/p>\n","protected":false},"featured_media":1492,"comment_status":"closed","ping_status":"closed","template":"","meta":{"_acf_changed":false},"product_brand":[],"product_cat":[65],"product_tag":[],"class_list":{"0":"post-1488","1":"product","2":"type-product","3":"status-publish","4":"has-post-thumbnail","6":"product_cat-aanitteet","8":"first","9":"instock","10":"shipping-taxable","11":"product-type-simple"},"acf":[],"_links":{"self":[{"href":"https:\/\/etno.net\/en\/wp-json\/wp\/v2\/product\/1488","targetHints":{"allow":["GET"]}}],"collection":[{"href":"https:\/\/etno.net\/en\/wp-json\/wp\/v2\/product"}],"about":[{"href":"https:\/\/etno.net\/en\/wp-json\/wp\/v2\/types\/product"}],"replies":[{"embeddable":true,"href":"https:\/\/etno.net\/en\/wp-json\/wp\/v2\/comments?post=1488"}],"wp:featuredmedia":[{"embeddable":true,"href":"https:\/\/etno.net\/en\/wp-json\/wp\/v2\/media\/1492"}],"wp:attachment":[{"href":"https:\/\/etno.net\/en\/wp-json\/wp\/v2\/media?parent=1488"}],"wp:term":[{"taxonomy":"product_brand","embeddable":true,"href":"https:\/\/etno.net\/en\/wp-json\/wp\/v2\/product_brand?post=1488"},{"taxonomy":"product_cat","embeddable":true,"href":"https:\/\/etno.net\/en\/wp-json\/wp\/v2\/product_cat?post=1488"},{"taxonomy":"product_tag","embeddable":true,"href":"https:\/\/etno.net\/en\/wp-json\/wp\/v2\/product_tag?post=1488"}],"curies":[{"name":"wp","href":"https:\/\/api.w.org\/{rel}","templated":true}]}}