{"id":1493,"date":"2020-12-08T11:55:26","date_gmt":"2020-12-08T09:55:26","guid":{"rendered":"https:\/\/etno.net\/?post_type=product&#038;p=1493"},"modified":"2021-11-19T11:07:11","modified_gmt":"2021-11-19T09:07:11","slug":"timi-alakotila-piano","status":"publish","type":"product","link":"https:\/\/etno.net\/en\/julkaisu\/aanitteet\/timi-alakotila-piano","title":{"rendered":"Timo Alakotila &amp; Piano"},"content":{"rendered":"<div class=\"field field-name-body field-type-text-with-summary field-label-hidden\">\n<div class=\"field-items\">\n<div class=\"field-item even\">\n<p>Helsingiss\u00e4 16.1 2016<\/p>\n<p>Tunnen olevani ensisijaisesti s\u00e4est\u00e4v\u00e4 muusikko, joka saa energian ilmaisuunsa solisteista ja kanssamuusikoista. Tam\u00e4 tapa on aina tuntunut mahtavalta ja on tuonut suurta tyydytyst\u00e4 soittooni. Toisaalta olen my\u00f6s s\u00e4velt\u00e4j\u00e4 ja sovittaja, joka kirjoittaa taitaville soittajille musiikkia, usein ollen my\u00f6s itse mukana pianistina\/harmooninsoittajana. Tam\u00e4 rooli on my\u00f6s ollut hyvin antoisa: olen saanut ilmaista musiikkiani taitavien artistien kautta sek\u00e4 saanut soittaa heid\u00e4n kanssaan!<\/p>\n<p>Ajatus soololevyst\u00e4 kypsyi varsinai sesti vuoden 2015 aikana: halusin kokeilla uutta tapaa tuottaa musiikkiailman loistavia kanssasoittajia,\u00a0yritt\u00e4en ilmaista musiikkiani pianon kautta. Tam\u00e4 uusi seikkailu on tuntunut mukavalta, hyvin haastavaltaja innostavalta! Aion kuitenkin jatkaa aikaisempia mielenkiintoisia projektejani t\u00e4ysin rinnoin entiseen tapaan!<\/p>\n<p>Uuden levyn materiaali on syntynyt p\u00e4\u00e4osin vuonna 2015, joitain poikkeuksia lukuunottamatta: Kappaleiden aiheet vaihtelevat seremoniallisista teemoista &#8221;selk\u00e4aiheisiin&#8221; teemoihin, jotka liittyv\u00e4t vuoden 2015 tapahtumiin. Joitain s\u00e4velmi\u00e4 on mukana aiemmasta ohjelmistosta pianolle sovitettuina, joitain teemoja on syntynytjuuri v\u00e4h\u00e4n ennen \u00e4\u00e4nityst\u00e4 lis\u00e4n\u00e4 kappalepalettiin.<\/p>\n<p>Toivon kuuntelijoille mukavia hetki\u00e4 musiikkini parissa!<\/p>\n<p>Timo Alakotila<\/p>\n<\/div>\n<\/div>\n<\/div>\n<div class=\"field field-name-field-kamucd-koodi field-type-text field-label-inline clearfix\"><\/div>\n<div class=\"field field-name-field-kamucd-tallennusmaa field-type-text field-label-inline clearfix\">\n<div class=\"field-items\">\n<div class=\"field-item even\"><\/div>\n<\/div>\n<\/div>\n<div class=\"field field-name-field-kamucd-teknikot field-type-text-long field-label-hidden\">\n<div class=\"field-items\">\n<div class=\"field-item even\">\n<p>\u00c4\u00e4nitys, miksaus: Paavo Malmberg<br \/>\nMasterointi: Svante Forsb\u00e4ck<br \/>\nTuottaja: Maria Kalaniemi<br \/>\nKuvat: Marko M\u00e4kinen<br \/>\nKannet: Mats Vuorenjuuri, Unikuva<\/p>\n<\/div>\n<\/div>\n<\/div>\n<div class=\"field field-name-field-kamucd-yht-kokoonpano field-type-text-long field-label-inline clearfix\">\n<div class=\"field-label\">Muusikot:<\/div>\n<div class=\"field-items\">\n<div class=\"field-item even\">\n<p>Timo Alakotila: piano, s\u00e4vellykset<\/p>\n<\/div>\n<\/div>\n<\/div>\n<div class=\"field field-name-field-kamucd-raidat field-type-text-long field-label-hidden\">\n<div class=\"field-items\">\n<div class=\"field-item even\">\n<p>1. Sciatica<\/p>\n<p>2. Prolapsus<\/p>\n<p>3. Primavera<\/p>\n<p><strong>4. Uusi suunta \/ New Direction<\/strong><\/p>\n<!--[if lt IE 9]><script>document.createElement('audio');<\/script><![endif]-->\n<audio class=\"wp-audio-shortcode\" id=\"audio-1493-1\" preload=\"none\" style=\"width: 100%;\" controls=\"controls\"><source type=\"audio\/mpeg\" src=\"https:\/\/etno.net\/wp-content\/uploads\/2020\/12\/4_uusi_suunta_new_direction.mp3?_=1\" \/><a href=\"https:\/\/etno.net\/wp-content\/uploads\/2020\/12\/4_uusi_suunta_new_direction.mp3\">https:\/\/etno.net\/wp-content\/uploads\/2020\/12\/4_uusi_suunta_new_direction.mp3<\/a><\/audio>\n<p>5. Nuptias<\/p>\n<p><strong>6. Ty\u00f6t \/ Ventures<\/strong><\/p>\n<audio class=\"wp-audio-shortcode\" id=\"audio-1493-2\" preload=\"none\" style=\"width: 100%;\" controls=\"controls\"><source type=\"audio\/mpeg\" src=\"https:\/\/etno.net\/wp-content\/uploads\/2020\/12\/6_tyot_ventures_patka.mp3?_=2\" \/><a href=\"https:\/\/etno.net\/wp-content\/uploads\/2020\/12\/6_tyot_ventures_patka.mp3\">https:\/\/etno.net\/wp-content\/uploads\/2020\/12\/6_tyot_ventures_patka.mp3<\/a><\/audio>\n<p>7. Disk<\/p>\n<p>8. Independence<\/p>\n<p>9. Lumikin ja prinssin tanssi \/ Dance for Snow White and her Prince<\/p>\n<p>10 Elixia<\/p>\n<p>11. Pirkko<\/p>\n<p><strong>12. Ladybird<\/strong><\/p>\n<audio class=\"wp-audio-shortcode\" id=\"audio-1493-3\" preload=\"none\" style=\"width: 100%;\" controls=\"controls\"><source type=\"audio\/mpeg\" src=\"https:\/\/etno.net\/wp-content\/uploads\/2020\/12\/12_ladybird_patka.mp3?_=3\" \/><a href=\"https:\/\/etno.net\/wp-content\/uploads\/2020\/12\/12_ladybird_patka.mp3\">https:\/\/etno.net\/wp-content\/uploads\/2020\/12\/12_ladybird_patka.mp3<\/a><\/audio>\n<p>13. Tango Toivolle \/ Tango for Toivo<\/p>\n<p>14. Psalm<\/p>\n<\/div>\n<\/div>\n<\/div>\n","protected":false},"excerpt":{"rendered":"<p>Helsingiss\u00e4 16.1 2016 Tunnen olevani ensisijaisesti s\u00e4est\u00e4v\u00e4 muusikko, joka saa energian ilmaisuunsa solisteista ja kanssamuusikoista. Tam\u00e4 tapa on aina tuntunut mahtavalta ja on tuonut suurta tyydytyst\u00e4 soittooni. Toisaalta olen my\u00f6s s\u00e4velt\u00e4j\u00e4 ja sovittaja, joka kirjoittaa taitaville soittajille musiikkia, usein ollen my\u00f6s itse mukana pianistina\/harmooninsoittajana. Tam\u00e4 rooli on my\u00f6s ollut hyvin antoisa: olen saanut ilmaista musiikkiani [&hellip;]<\/p>\n","protected":false},"featured_media":1497,"comment_status":"closed","ping_status":"closed","template":"","meta":{"_acf_changed":false},"product_brand":[],"product_cat":[65],"product_tag":[],"class_list":{"0":"post-1493","1":"product","2":"type-product","3":"status-publish","4":"has-post-thumbnail","6":"product_cat-aanitteet","8":"first","9":"instock","10":"shipping-taxable","11":"product-type-simple"},"acf":[],"_links":{"self":[{"href":"https:\/\/etno.net\/en\/wp-json\/wp\/v2\/product\/1493","targetHints":{"allow":["GET"]}}],"collection":[{"href":"https:\/\/etno.net\/en\/wp-json\/wp\/v2\/product"}],"about":[{"href":"https:\/\/etno.net\/en\/wp-json\/wp\/v2\/types\/product"}],"replies":[{"embeddable":true,"href":"https:\/\/etno.net\/en\/wp-json\/wp\/v2\/comments?post=1493"}],"wp:featuredmedia":[{"embeddable":true,"href":"https:\/\/etno.net\/en\/wp-json\/wp\/v2\/media\/1497"}],"wp:attachment":[{"href":"https:\/\/etno.net\/en\/wp-json\/wp\/v2\/media?parent=1493"}],"wp:term":[{"taxonomy":"product_brand","embeddable":true,"href":"https:\/\/etno.net\/en\/wp-json\/wp\/v2\/product_brand?post=1493"},{"taxonomy":"product_cat","embeddable":true,"href":"https:\/\/etno.net\/en\/wp-json\/wp\/v2\/product_cat?post=1493"},{"taxonomy":"product_tag","embeddable":true,"href":"https:\/\/etno.net\/en\/wp-json\/wp\/v2\/product_tag?post=1493"}],"curies":[{"name":"wp","href":"https:\/\/api.w.org\/{rel}","templated":true}]}}