{"id":1498,"date":"2020-12-08T11:59:08","date_gmt":"2020-12-08T09:59:08","guid":{"rendered":"https:\/\/etno.net\/?post_type=product&#038;p=1498"},"modified":"2021-11-19T11:08:06","modified_gmt":"2021-11-19T09:08:06","slug":"pare-hausjarvi-beat","status":"publish","type":"product","link":"https:\/\/etno.net\/en\/julkaisu\/aanitteet\/pare-hausjarvi-beat","title":{"rendered":"P\u00e4re &#8211; Hausj\u00e4rvi Beat"},"content":{"rendered":"<div class=\"field field-name-field-kamucd-teknikot field-type-text-long field-label-hidden\">\n<div class=\"field-items\">\n<div class=\"field-item even\">\n<p>\u00c4\u00e4nitys ja miksaus: Samuli Volanto<br \/>\nMasterointi: Svante Forsb\u00e4ck<br \/>\nTuotanto: P\u00e4re<\/p>\n<\/div>\n<\/div>\n<\/div>\n<div class=\"field field-name-field-kamucd-yht-kokoonpano field-type-text-long field-label-inline clearfix\">\n<div class=\"field-label\">Muusikot:<\/div>\n<div class=\"field-items\">\n<div class=\"field-item even\">\n<p>Piia Klemola viulu (1-5,7,8), oktaaviviulu, (2-4), 15-kielinen kantele (6.8)<br \/>\nOskari Lehtonen ly\u00f6m\u00e4soittimet<br \/>\nPetri Prauda suomalainen s\u00e4kkipilli<br \/>\nJarmo Romppanen 10-kielinen mandola<br \/>\nTapani Varis iiru(1,2,7), munniharput (3-6,8), pitk\u00e4huilu (8)<\/p>\n<\/div>\n<\/div>\n<\/div>\n<div class=\"field field-name-field-kamucd-raidat field-type-text-long field-label-hidden\">\n<div class=\"field-items\">\n<div class=\"field-item even\">\n<p><strong>1. Hausj\u00e4rvi Beat<\/strong>\u00a05&#8217;47<\/p>\n<!--[if lt IE 9]><script>document.createElement('audio');<\/script><![endif]-->\n<audio class=\"wp-audio-shortcode\" id=\"audio-1498-1\" preload=\"none\" style=\"width: 100%;\" controls=\"controls\"><source type=\"audio\/mpeg\" src=\"https:\/\/etno.net\/wp-content\/uploads\/2020\/12\/1_hausjarvi_beat30sec.mp3?_=1\" \/><a href=\"https:\/\/etno.net\/wp-content\/uploads\/2020\/12\/1_hausjarvi_beat30sec.mp3\">https:\/\/etno.net\/wp-content\/uploads\/2020\/12\/1_hausjarvi_beat30sec.mp3<\/a><\/audio>\n<p>2. Karhunpeijaispolska \/ Voi minuu, Polone poiga 7&#8217;57<\/p>\n<p>3. Gammal vals fr\u00e5n lapptr\u00e4sk \/ L\u00e5ngdans 4&#8217;57<\/p>\n<p><strong>4. Menuetti oravaisista\u00a0<\/strong>8&#8217;48<\/p>\n<audio class=\"wp-audio-shortcode\" id=\"audio-1498-2\" preload=\"none\" style=\"width: 100%;\" controls=\"controls\"><source type=\"audio\/mpeg\" src=\"https:\/\/etno.net\/wp-content\/uploads\/2020\/12\/menuetti4.mp3?_=2\" \/><a href=\"https:\/\/etno.net\/wp-content\/uploads\/2020\/12\/menuetti4.mp3\">https:\/\/etno.net\/wp-content\/uploads\/2020\/12\/menuetti4.mp3<\/a><\/audio>\n<p>5. \u00c5ttastjillingspolskan \/ Polska fr\u00e5n Lappj\u00e4rd 4&#8217;05<\/p>\n<p>6. trepatska 10&#8217;36<\/p>\n<p><strong>7. Laulu \/ Pajatusta \/ 666<\/strong>\u00a05&#8217;36<\/p>\n<audio class=\"wp-audio-shortcode\" id=\"audio-1498-3\" preload=\"none\" style=\"width: 100%;\" controls=\"controls\"><source type=\"audio\/mpeg\" src=\"https:\/\/etno.net\/wp-content\/uploads\/2020\/12\/7_laulupajatusta66630sec.mp3?_=3\" \/><a href=\"https:\/\/etno.net\/wp-content\/uploads\/2020\/12\/7_laulupajatusta66630sec.mp3\">https:\/\/etno.net\/wp-content\/uploads\/2020\/12\/7_laulupajatusta66630sec.mp3<\/a><\/audio>\n<p>8. Pielij\u00e4rvi 8&#8217;08<\/p>\n<\/div>\n<\/div>\n<\/div>\n","protected":false},"excerpt":{"rendered":"<p>\u00c4\u00e4nitys ja miksaus: Samuli Volanto Masterointi: Svante Forsb\u00e4ck Tuotanto: P\u00e4re Muusikot: Piia Klemola viulu (1-5,7,8), oktaaviviulu, (2-4), 15-kielinen kantele (6.8) Oskari Lehtonen ly\u00f6m\u00e4soittimet Petri Prauda suomalainen s\u00e4kkipilli Jarmo Romppanen 10-kielinen mandola Tapani Varis iiru(1,2,7), munniharput (3-6,8), pitk\u00e4huilu (8) 1. Hausj\u00e4rvi Beat\u00a05&#8217;47 2. Karhunpeijaispolska \/ Voi minuu, Polone poiga 7&#8217;57 3. Gammal vals fr\u00e5n lapptr\u00e4sk \/ [&hellip;]<\/p>\n","protected":false},"featured_media":1502,"comment_status":"closed","ping_status":"closed","template":"","meta":{"_acf_changed":false},"product_brand":[],"product_cat":[65],"product_tag":[],"class_list":{"0":"post-1498","1":"product","2":"type-product","3":"status-publish","4":"has-post-thumbnail","6":"product_cat-aanitteet","8":"first","9":"instock","10":"shipping-taxable","11":"product-type-simple"},"acf":[],"_links":{"self":[{"href":"https:\/\/etno.net\/en\/wp-json\/wp\/v2\/product\/1498","targetHints":{"allow":["GET"]}}],"collection":[{"href":"https:\/\/etno.net\/en\/wp-json\/wp\/v2\/product"}],"about":[{"href":"https:\/\/etno.net\/en\/wp-json\/wp\/v2\/types\/product"}],"replies":[{"embeddable":true,"href":"https:\/\/etno.net\/en\/wp-json\/wp\/v2\/comments?post=1498"}],"wp:featuredmedia":[{"embeddable":true,"href":"https:\/\/etno.net\/en\/wp-json\/wp\/v2\/media\/1502"}],"wp:attachment":[{"href":"https:\/\/etno.net\/en\/wp-json\/wp\/v2\/media?parent=1498"}],"wp:term":[{"taxonomy":"product_brand","embeddable":true,"href":"https:\/\/etno.net\/en\/wp-json\/wp\/v2\/product_brand?post=1498"},{"taxonomy":"product_cat","embeddable":true,"href":"https:\/\/etno.net\/en\/wp-json\/wp\/v2\/product_cat?post=1498"},{"taxonomy":"product_tag","embeddable":true,"href":"https:\/\/etno.net\/en\/wp-json\/wp\/v2\/product_tag?post=1498"}],"curies":[{"name":"wp","href":"https:\/\/api.w.org\/{rel}","templated":true}]}}