{"id":1520,"date":"2020-12-16T13:21:14","date_gmt":"2020-12-16T11:21:14","guid":{"rendered":"https:\/\/etno.net\/?post_type=product&#038;p=1520"},"modified":"2020-12-16T13:21:14","modified_gmt":"2020-12-16T11:21:14","slug":"johanna-juhola-miette","status":"publish","type":"product","link":"https:\/\/etno.net\/en\/julkaisu\/aanitteet\/johanna-juhola-miette","title":{"rendered":"Johanna Juhola: Miette"},"content":{"rendered":"<p><strong>1. Hippo<\/strong><\/p>\n<!--[if lt IE 9]><script>document.createElement('audio');<\/script><![endif]-->\n<audio class=\"wp-audio-shortcode\" id=\"audio-1520-1\" preload=\"none\" style=\"width: 100%;\" controls=\"controls\"><source type=\"audio\/mpeg\" src=\"https:\/\/etno.net\/wp-content\/uploads\/2020\/12\/etn_fcd_062_062_sou_001_prv.mp3?_=1\" \/><a href=\"https:\/\/etno.net\/wp-content\/uploads\/2020\/12\/etn_fcd_062_062_sou_001_prv.mp3\">https:\/\/etno.net\/wp-content\/uploads\/2020\/12\/etn_fcd_062_062_sou_001_prv.mp3<\/a><\/audio>\n<p>S\u00e4v. Johanna Juhola, sov. Johanna Juhola, Verneri Lumi, Hannu Oskala.<\/p>\n<p>Paalupaikalle rymistelee virtahepo, tuo el\u00e4inkunnan tuuba.<\/p>\n<p>Johanna Juhola: 5-rivinen melodiabassohaitari, 5-rivinen standardibassohaitari, claviola, kellopeli<br \/>\nVerneri Lumi: elektroniikka<br \/>\nHannu Oskala: tuuba<\/p>\n<p><strong>2. Painajainen leikkikent\u00e4ll\u00e4<\/strong><br \/>\nS\u00e4v. Johanna Juhola, sov. Johanna Juhola, Pekka Kuusisto.<\/p>\n<p>Ajatelkaapa niit\u00e4 roistoja jotka j\u00e4rjest\u00e4v\u00e4t tarhaik\u00e4isten kauneuskisoja. Onko kolmevuotias rakastettavampi bikineiss\u00e4 ja huulet maalattuna?<\/p>\n<p>Johanna Juhola: 5-rivinen standardibassohaitari<br \/>\nPekka Kuusisto: viulu, alttoviulu<\/p>\n<p><strong>3. Lintuvaaran uneton<\/strong><\/p>\n<audio class=\"wp-audio-shortcode\" id=\"audio-1520-2\" preload=\"none\" style=\"width: 100%;\" controls=\"controls\"><source type=\"audio\/mpeg\" src=\"https:\/\/etno.net\/wp-content\/uploads\/2020\/12\/etn_fcd_062_062_sou_003_prv.mp3?_=2\" \/><a href=\"https:\/\/etno.net\/wp-content\/uploads\/2020\/12\/etn_fcd_062_062_sou_003_prv.mp3\">https:\/\/etno.net\/wp-content\/uploads\/2020\/12\/etn_fcd_062_062_sou_003_prv.mp3<\/a><\/audio>\n<p>S\u00e4v. Johanna Juhola, sov. Johanna Juhola.<\/p>\n<p>Tuutulaulu Saralle, herkk\u00e4uniselle kontrabasson kuningattarelle.<\/p>\n<p>Johanna Juhola: 5-rivinen melodiabassohaitari<\/p>\n<p><strong>4. Lyyrinen aikuisuus<\/strong><br \/>\nS\u00e4v. Johanna Juhola, sov. Johanna Juhola, Milla Viljamaa.<\/p>\n<p>Ripaus ik\u00e4\u00e4 rauhoittaa mutta j\u00e4\u00e4v\u00e4tk\u00f6 unelmat unohduksiin?<\/p>\n<p>Johanna Juhola: 5-rivinen melodiabassohaitari, claviola<br \/>\nMilla Viljamaa: rhodes<\/p>\n<p><strong>5. Hyv\u00e4t aikeet<\/strong><br \/>\nS\u00e4v. Johanna Juhola, san. Arnold Chiwalala, sov. Arnold Chiwalala, Johanna Juhola, Topi Korhonen, Ricardo Padilla.<\/p>\n<p>Kev\u00e4isill\u00e4 suunnitelmilla on kultaiset reunukset. Tuontiv\u00e4in\u00e4m\u00f6inen Arska on laulava vara-aurinko.<\/p>\n<p>Arnold Chiwalala: laulu<br \/>\nJohanna Juhola: 5-rivinen standardibassohaitari<br \/>\nTopi Korhonen: kitara<br \/>\nRicardo Padilla: perkussiot<\/p>\n<p><strong>6. Pajam\u00e4ki<\/strong><br \/>\nS\u00e4v. Johanna Juhola, sov. Johanna Juhola, Petri Prauda.<\/p>\n<p>Asiallisen keskitason m\u00e4ki, soveltuu pulkkailuun ja yksirivisen soittoon.<\/p>\n<p>Johanna Juhola: 1-rivinen haitari<br \/>\nPetri Prauda: kitara<\/p>\n<p><strong>7. Skandaali D\u00f6belninkadulla<\/strong><br \/>\nS\u00e4v. Johanna Juhola, sov. Johanna Juhola.<\/p>\n<p>Mit\u00e4h\u00e4n kytee uinuvissa kerrostaloissa?<\/p>\n<p>Johanna Juhola: kellopeli<\/p>\n<p><strong>8. Ihmisrauniot<\/strong><br \/>\nS\u00e4v. Johanna Juhola, sov. Mikko Innanen, Johanna Juhola, Verneri Lumi.<\/p>\n<p>Uupuneille uraohjuksille soi t\u00e4m\u00e4 kappale joka lohduttaisi Nyyti\u00e4kin.<\/p>\n<p>Mikko Innanen: sopraanosaksofoni<br \/>\nJohanna Juhola: 5-rivinen melodiabassohaitari, claviola, melodika<br \/>\nVerneri Lumi: elektroniikka<\/p>\n<p><strong>9. Iloiset yst\u00e4v\u00e4t<\/strong><br \/>\nS\u00e4v. Johanna Juhola, sov. Johanna Juhola, Verneri Lumi.<\/p>\n<p>Ensteks niinku t\u00e4\u00e4 claviola soittaa sillai t\u00f6rkeen hilpeet settii ja sit niinku toi haitari on ihan ett\u00e4 melko chillii mut jotenki sikadouppii\u0085<\/p>\n<p>Johanna Juhola: 5-rivinen standardibassohaitari, claviola, kellopeli<br \/>\nVerneri Lumi: elektroniikka<\/p>\n<p><strong>10. Miette<\/strong><\/p>\n<audio class=\"wp-audio-shortcode\" id=\"audio-1520-3\" preload=\"none\" style=\"width: 100%;\" controls=\"controls\"><source type=\"audio\/mpeg\" src=\"https:\/\/etno.net\/wp-content\/uploads\/2020\/12\/etn_fcd_062_062_sou_010_prv.mp3?_=3\" \/><a href=\"https:\/\/etno.net\/wp-content\/uploads\/2020\/12\/etn_fcd_062_062_sou_010_prv.mp3\">https:\/\/etno.net\/wp-content\/uploads\/2020\/12\/etn_fcd_062_062_sou_010_prv.mp3<\/a><\/audio>\n<p>S\u00e4v. Johanna Juhola, sov. Johanna Juhola.<\/p>\n<p>T\u00e4m\u00e4 valssi on nimetty &#8217;Kadonneiden lasten kaupunki&#8217; -elokuvan pienen sankarittaren mukaan.<\/p>\n<p>Johanna Juhola: 5-rivinen standardibassohaitari, kellopeli<\/p>\n<p><strong>11. Lyyrinen aikuisuus II<\/strong><br \/>\nS\u00e4v. Johanna Juhola, sov. Johanna Juhola, Verneri Lumi, Milla Viljamaa.<\/p>\n<p>Onneksi Vernerin koneella on hell\u00e4 kosketus.<\/p>\n<p>Johanna Juhola: 5-rivinen melodiabassohaitari, claviola<br \/>\nVerneri Lumi: elektroniikka<br \/>\nMilla Viljamaa: rhodes<\/p>\n<p><strong>12. Valaat<\/strong><br \/>\nS\u00e4v. Johanna Juhola, sov. Johanna Juhola, Verneri Lumi.<\/p>\n<p>Valtamerten runonlaulajat sanovat hyv\u00e4sti.<\/p>\n<p>Johanna Juhola: 5-rivinen standardibassohaitari<br \/>\nVerneri Lumi: elektroniikka<\/p>\n","protected":false},"excerpt":{"rendered":"<p>Tuottajat: Johanna Juhola, Hannu Oskala<br \/>\n\u00c4\u00e4nitys: Hannu Oskala<br \/>\nMiksaus: Hannu Oskala<br \/>\nMasterointi: Minerva Pappi, Finnvox<\/p>","protected":false},"featured_media":1524,"comment_status":"closed","ping_status":"closed","template":"","meta":{"_acf_changed":false},"product_brand":[],"product_cat":[65],"product_tag":[],"class_list":{"0":"post-1520","1":"product","2":"type-product","3":"status-publish","4":"has-post-thumbnail","6":"product_cat-aanitteet","8":"first","9":"instock","10":"shipping-taxable","11":"product-type-simple"},"acf":[],"_links":{"self":[{"href":"https:\/\/etno.net\/en\/wp-json\/wp\/v2\/product\/1520","targetHints":{"allow":["GET"]}}],"collection":[{"href":"https:\/\/etno.net\/en\/wp-json\/wp\/v2\/product"}],"about":[{"href":"https:\/\/etno.net\/en\/wp-json\/wp\/v2\/types\/product"}],"replies":[{"embeddable":true,"href":"https:\/\/etno.net\/en\/wp-json\/wp\/v2\/comments?post=1520"}],"wp:featuredmedia":[{"embeddable":true,"href":"https:\/\/etno.net\/en\/wp-json\/wp\/v2\/media\/1524"}],"wp:attachment":[{"href":"https:\/\/etno.net\/en\/wp-json\/wp\/v2\/media?parent=1520"}],"wp:term":[{"taxonomy":"product_brand","embeddable":true,"href":"https:\/\/etno.net\/en\/wp-json\/wp\/v2\/product_brand?post=1520"},{"taxonomy":"product_cat","embeddable":true,"href":"https:\/\/etno.net\/en\/wp-json\/wp\/v2\/product_cat?post=1520"},{"taxonomy":"product_tag","embeddable":true,"href":"https:\/\/etno.net\/en\/wp-json\/wp\/v2\/product_tag?post=1520"}],"curies":[{"name":"wp","href":"https:\/\/api.w.org\/{rel}","templated":true}]}}