{"id":1525,"date":"2020-12-16T13:31:16","date_gmt":"2020-12-16T11:31:16","guid":{"rendered":"https:\/\/etno.net\/?post_type=product&#038;p=1525"},"modified":"2020-12-16T13:31:16","modified_gmt":"2020-12-16T11:31:16","slug":"hyperborea-semmosta","status":"publish","type":"product","link":"https:\/\/etno.net\/en\/julkaisu\/aanitteet\/hyperborea-semmosta","title":{"rendered":"Hyperborea: Semmosta"},"content":{"rendered":"<p><strong>1. Isua enkeliskaa<\/strong><\/p>\n<!--[if lt IE 9]><script>document.createElement('audio');<\/script><![endif]-->\n<audio class=\"wp-audio-shortcode\" id=\"audio-1525-1\" preload=\"none\" style=\"width: 100%;\" controls=\"controls\"><source type=\"audio\/mpeg\" src=\"https:\/\/etno.net\/wp-content\/uploads\/2020\/12\/etn_fcd_063_063_sou_001_prv.mp3?_=1\" \/><a href=\"https:\/\/etno.net\/wp-content\/uploads\/2020\/12\/etn_fcd_063_063_sou_001_prv.mp3\">https:\/\/etno.net\/wp-content\/uploads\/2020\/12\/etn_fcd_063_063_sou_001_prv.mp3<\/a><\/audio>\n<p>S\u00e4v. trad., sov. Piia Kleemola, Antti Paalanen, Petri Prauda, Paula Susitaival.<\/p>\n<p>Enkeliskaa Raumalta ja Savonlinnan seudulta kokoelmasta Vanhoja pelimannis\u00e4velmi\u00e4 (VPS nro:t 296 ja 297).<\/p>\n<p>Piia Kleemola: viulu, alttoviulu, 15-kielinen kantele, laulu<br \/>\nAntti Paalanen: 1-rivinen haitari, 2 \u00bd -rivinen haitari<br \/>\nPetri Prauda: cittern, mandoliini, laulu<br \/>\nPaula Susitaival: viulu, avainviulu, laulu<\/p>\n<p><strong>2. Saakeli!<\/strong><br \/>\nS\u00e4v. trad., sov. Piia Kleemola, Antti Paalanen, Petri Prauda, Paula Susitaival.<\/p>\n<p>Laulumelodia Per\u00e4sein\u00e4joen nuottikirjasta, laulajana Tuomas Ojanen. Keskimm\u00e4inen polska Kurikan nuottikirjasta, soittanut Eeli Tuomi. Loppuhuipennoksena polska nro 41 Samuel Rinta-Nikkolan nuottikirjasta.<\/p>\n<p>Piia Kleemola: viulu, alttoviulu, 15-kielinen kantele, laulu<br \/>\nAntti Paalanen: 1-rivinen haitari, 2 \u00bd -rivinen haitari<br \/>\nPetri Prauda: cittern, mandoliini, laulu<br \/>\nPaula Susitaival: viulu, avainviulu, laulu<\/p>\n<p><strong>3. Lapuan h\u00e4\u00e4marssi \/ Lapualainen ryypp\u00f6\u00f6marssi<\/strong><br \/>\nS\u00e4v. trad., sov. Piia Kleemola, Antti Paalanen, Petri Prauda, Paula Susitaival.<\/p>\n<p>Kaksi ainutlaatuista marssia kortesj\u00e4rvel\u00e4isen mestaripelimanni Matti Haudanmaan ohjelmistosta.<\/p>\n<p>Piia Kleemola: viulu, alttoviulu, 15-kielinen kantele, laulu<br \/>\nAntti Paalanen: 1-rivinen haitari, 2 \u00bd -rivinen haitari<br \/>\nPetri Prauda: cittern, mandoliini, laulu<br \/>\nPaula Susitaival: viulu, avainviulu, laulu<\/p>\n<p><strong>4. Risti\u00e4islaulu<\/strong><br \/>\nS\u00e4v. trad., sov. Petri Prauda.<\/p>\n<p>Anna Vuorelan laulama kaunis kappale l\u00f6ytyi Kymenlaakson laulukirjasta. Ensiesitys Paulan ja Petrin kummipoikien risti\u00e4isiss\u00e4 oli tunteikas.<\/p>\n<p>Piia Kleemola: viulu, alttoviulu, 15-kielinen kantele, laulu<br \/>\nAntti Paalanen: 1-rivinen haitari, 2 \u00bd -rivinen haitari<br \/>\nPetri Prauda: cittern, mandoliini, laulu<br \/>\nPaula Susitaival: viulu, avainviulu, laulu<\/p>\n<p><strong>5. Pihlajatie<\/strong><br \/>\nS\u00e4v. Petri Prauda, trad., sov. Piia Kleemola, Antti Paalanen, Petri Prauda, Paula Susitaival.<\/p>\n<p>Tunnelmia kotoisalta Pihlajatielt\u00e4, sek\u00e4 valssi Kerim\u00e4elt\u00e4 kokoelmasta Vanhoja pelimannis\u00e4velmi\u00e4 (VPS nro 206).<\/p>\n<p>Piia Kleemola: viulu, alttoviulu, 15-kielinen kantele, laulu<br \/>\nAntti Paalanen: 1-rivinen haitari, 2 \u00bd -rivinen haitari<br \/>\nPetri Prauda: cittern, mandoliini, laulu<br \/>\nPaula Susitaival: viulu, avainviulu, laulu<\/p>\n<p><strong>6. Bj\u00f6rk\u00f6-polska<\/strong><\/p>\n<audio class=\"wp-audio-shortcode\" id=\"audio-1525-2\" preload=\"none\" style=\"width: 100%;\" controls=\"controls\"><source type=\"audio\/mpeg\" src=\"https:\/\/etno.net\/wp-content\/uploads\/2020\/12\/etn_fcd_063_063_sou_006_prv.mp3?_=2\" \/><a href=\"https:\/\/etno.net\/wp-content\/uploads\/2020\/12\/etn_fcd_063_063_sou_006_prv.mp3\">https:\/\/etno.net\/wp-content\/uploads\/2020\/12\/etn_fcd_063_063_sou_006_prv.mp3<\/a><\/audio>\n<p>S\u00e4v. trad., sov. Piia Kleemola, Antti Paalanen, Petri Prauda, Paula Susitaival.<\/p>\n<p>Ohjelmistossamme jo pitk\u00e4\u00e4n ollut polska, joka on tallennettu Gustav Lindb\u00e4ckilt\u00e4 Oravaisista. Kappale l\u00f6ytyy Polskan parhaita -nuottikirjasta.<\/p>\n<p>Piia Kleemola: viulu, alttoviulu, 15-kielinen kantele, laulu<br \/>\nAntti Paalanen: 1-rivinen haitari, 2 \u00bd -rivinen haitari<br \/>\nPetri Prauda: cittern, mandoliini, laulu<br \/>\nPaula Susitaival: viulu, avainviulu, laulu<\/p>\n<p><strong>7. Frank Hietalan sottiisi<\/strong><br \/>\nS\u00e4v. trad., sov. Piia Kleemola, Antti Paalanen, Petri Prauda, Paula Susitaival.<\/p>\n<p>Alavieskalaissyntyisen, my\u00f6hemmin Amerikkaan muuttaneen viulupelimanni Frank Hietalan soittama hilpe\u00e4 sottiisi.<\/p>\n<p>Piia Kleemola: viulu, alttoviulu, 15-kielinen kantele, laulu<br \/>\nAntti Paalanen: 1-rivinen haitari, 2 \u00bd -rivinen haitari<br \/>\nPetri Prauda: cittern, mandoliini, laulu<br \/>\nPaula Susitaival: viulu, avainviulu, laulu<\/p>\n<p><strong>8. Rapparin polkka, M\u00e4kel\u00e4n Sulon mollipolkka, Piian polkka<\/strong><br \/>\nS\u00e4v. Otto Hotakainen, trad., trad.<\/p>\n<p>Hurjan polkkamonion s\u00e4velm\u00e4t ovat per\u00e4isin mestaripelimanneilta Otto Hotakaiselta ja Airi Hautam\u00e4elt\u00e4.<\/p>\n<p>Piia Kleemola: viulu, alttoviulu, 15-kielinen kantele, laulu<br \/>\nAntti Paalanen: 1-rivinen haitari, 2 \u00bd -rivinen haitari<br \/>\nPetri Prauda: cittern, mandoliini, laulu<br \/>\nPaula Susitaival: viulu, avainviulu, laulu<\/p>\n<p>9. Valssi Jalasj\u00e4rvelt\u00e4<br \/>\nS\u00e4v. trad., sov. Piia Kleemola, Antti Paalanen, Petri Prauda, Paula Susitaival.<\/p>\n<p>Jalasj\u00e4rvel\u00e4isen Jaakko Rautasen soittama valssi nro 112 Jalasj\u00e4rven nuottikirjasta.<\/p>\n<p>Piia Kleemola: viulu, alttoviulu, 15-kielinen kantele, laulu<br \/>\nAntti Paalanen: 1-rivinen haitari, 2 \u00bd -rivinen haitari<br \/>\nPetri Prauda: cittern, mandoliini, laulu<br \/>\nPaula Susitaival: viulu, avainviulu, laulu<\/p>\n<p><strong>10. Ei saa maata<\/strong><\/p>\n<audio class=\"wp-audio-shortcode\" id=\"audio-1525-3\" preload=\"none\" style=\"width: 100%;\" controls=\"controls\"><source type=\"audio\/mpeg\" src=\"https:\/\/etno.net\/wp-content\/uploads\/2020\/12\/etn_fcd_063_063_sou_010_prv.mp3?_=3\" \/><a href=\"https:\/\/etno.net\/wp-content\/uploads\/2020\/12\/etn_fcd_063_063_sou_010_prv.mp3\">https:\/\/etno.net\/wp-content\/uploads\/2020\/12\/etn_fcd_063_063_sou_010_prv.mp3<\/a><\/audio>\n<p>S\u00e4v. trad., sov. Piia Kleemola, Antti Paalanen, Petri Prauda, Paula Susitaival.<\/p>\n<p>Antti Virkkalan laulama piirileikkilaulu Kaustisen nuottikirjasta yhdistettyn\u00e4 Luum\u00e4en surkia -polkkaan, joka on tallennettu viulisti Jalmari Siiri\u00e4iselt\u00e4 M\u00e4ntyharjulta.<\/p>\n<p>Piia Kleemola: viulu, alttoviulu, 15-kielinen kantele, laulu<br \/>\nAntti Paalanen: 1-rivinen haitari, 2 \u00bd -rivinen haitari<br \/>\nPetri Prauda: cittern, mandoliini, laulu<br \/>\nPaula Susitaival: viulu, avainviulu, laulu<\/p>\n<p><strong>11. Morsiamen hymy<\/strong><br \/>\nS\u00e4v. Antti Paalanen.<\/p>\n<p>Antin morsiamelleen Heidille s\u00e4velt\u00e4m\u00e4 h\u00e4\u00e4marssi.<\/p>\n<p>Piia Kleemola: viulu, alttoviulu, 15-kielinen kantele, laulu<br \/>\nAntti Paalanen: 1-rivinen haitari, 2 \u00bd -rivinen haitari<br \/>\nPetri Prauda: cittern, mandoliini, laulu<br \/>\nPaula Susitaival: viulu, avainviulu, laulu<\/p>\n<p><strong>12. Kaukaa haettua<\/strong><br \/>\nS\u00e4v. Piia Kleemola, Antti Paalanen, Petri Prauda, Paula Susitaival, sov. Piia Kleemola, Antti Paalanen, Petri Prauda, Paula Susitaival.<\/p>\n<p>Samannimisen tanssiteoksen tunnuss\u00e4velm\u00e4 kev\u00e4\u00e4lt\u00e4 2006.<\/p>\n<p>Piia Kleemola: viulu, alttoviulu, 15-kielinen kantele, laulu<br \/>\nAntti Paalanen: 1-rivinen haitari, 2 \u00bd -rivinen haitari<br \/>\nPetri Prauda: cittern, mandoliini, laulu<br \/>\nPaula Susitaival: viulu, avainviulu, laulu<\/p>\n","protected":false},"excerpt":{"rendered":"<div class=\"field field-name-field-kamucd-teknikot field-type-text-long field-label-hidden\">\n<div class=\"field-items\">\n<div class=\"field-item even\">\n<p>\u00c4\u00e4nitys: Hannu Oskala, Marko My\u00f6h\u00e4nen<br \/>\nMiksaus: Hannu Oskala, Petri Prauda<br \/>\nMasterointi: Minerva Pappi \/ Finnvox<\/p>\n<\/div>\n<\/div>\n<\/div>","protected":false},"featured_media":1530,"comment_status":"closed","ping_status":"closed","template":"","meta":{"_acf_changed":false},"product_brand":[],"product_cat":[65],"product_tag":[],"class_list":{"0":"post-1525","1":"product","2":"type-product","3":"status-publish","4":"has-post-thumbnail","6":"product_cat-aanitteet","8":"first","9":"instock","10":"shipping-taxable","11":"product-type-simple"},"acf":[],"_links":{"self":[{"href":"https:\/\/etno.net\/en\/wp-json\/wp\/v2\/product\/1525","targetHints":{"allow":["GET"]}}],"collection":[{"href":"https:\/\/etno.net\/en\/wp-json\/wp\/v2\/product"}],"about":[{"href":"https:\/\/etno.net\/en\/wp-json\/wp\/v2\/types\/product"}],"replies":[{"embeddable":true,"href":"https:\/\/etno.net\/en\/wp-json\/wp\/v2\/comments?post=1525"}],"wp:featuredmedia":[{"embeddable":true,"href":"https:\/\/etno.net\/en\/wp-json\/wp\/v2\/media\/1530"}],"wp:attachment":[{"href":"https:\/\/etno.net\/en\/wp-json\/wp\/v2\/media?parent=1525"}],"wp:term":[{"taxonomy":"product_brand","embeddable":true,"href":"https:\/\/etno.net\/en\/wp-json\/wp\/v2\/product_brand?post=1525"},{"taxonomy":"product_cat","embeddable":true,"href":"https:\/\/etno.net\/en\/wp-json\/wp\/v2\/product_cat?post=1525"},{"taxonomy":"product_tag","embeddable":true,"href":"https:\/\/etno.net\/en\/wp-json\/wp\/v2\/product_tag?post=1525"}],"curies":[{"name":"wp","href":"https:\/\/api.w.org\/{rel}","templated":true}]}}