{"id":1531,"date":"2020-12-16T15:06:31","date_gmt":"2020-12-16T13:06:31","guid":{"rendered":"https:\/\/etno.net\/?post_type=product&#038;p=1531"},"modified":"2021-12-21T14:50:13","modified_gmt":"2021-12-21T12:50:13","slug":"auvo-kvartetti","status":"publish","type":"product","link":"https:\/\/etno.net\/en\/julkaisu\/aanitteet\/auvo-kvartetti","title":{"rendered":"Auvo Kvartetti \/ The Auvo Quartet"},"content":{"rendered":"<p><strong>1. Boxism<\/strong><\/p>\n<!--[if lt IE 9]><script>document.createElement('audio');<\/script><![endif]-->\n<audio class=\"wp-audio-shortcode\" id=\"audio-1531-1\" preload=\"none\" style=\"width: 100%;\" controls=\"controls\"><source type=\"audio\/mpeg\" src=\"https:\/\/etno.net\/wp-content\/uploads\/2020\/12\/etn_fcd_064_064_sou_001_prv.mp3?_=1\" \/><a href=\"https:\/\/etno.net\/wp-content\/uploads\/2020\/12\/etn_fcd_064_064_sou_001_prv.mp3\">https:\/\/etno.net\/wp-content\/uploads\/2020\/12\/etn_fcd_064_064_sou_001_prv.mp3<\/a><\/audio>\n<p>S\u00e4v. Julian Sutton, sov. Roope Aarnio, Tom Oakes, Suvi Oskala, Sara Puljula, Julian Sutton.<\/p>\n<p>Roope Aarnio: kitara, concertina, e-bow<br \/>\nTom Oakes: puuhuilut, bansuri, huiluperkussiot<br \/>\nSuvi Oskala: viulu<br \/>\nSara Puljula: perkussiot<br \/>\nJulian Sutton: v\u00e4h\u00e4riviset haitarit<\/p>\n<p><strong>2. Janino (Walking on Water, Mr. Sutton&#8217;s, Janino)<\/strong><br \/>\nS\u00e4v. Tom Oakes, Julian Sutton, trad., sov. Roope Aarnio, Tom Oakes, Suvi Oskala, Julian Sutton.<\/p>\n<p>Roope Aarnio: kitara, mandoliini<br \/>\nTom Oakes: puuhuilut, bansuri, huiluperkussiot<br \/>\nSuvi Oskala: alttoviulu<br \/>\nJulian Sutton: v\u00e4h\u00e4riviset haitarit<\/p>\n<p><strong>3. Kaipaamattomuudesta<\/strong><br \/>\nS\u00e4v. Roope Aarnio, Tom Oakes, Suvi Oskala, san. Suvi Oskala, sov. Roope Aarnio, Tom Oakes, Suvi Oskala, Julian Sutton.<\/p>\n<p>Roope Aarnio: kitara, mandoliini, concertina<br \/>\nTom Oakes: puuhuilut, bansuri, huiluperkussiot<br \/>\nSuvi Oskala: laulu<br \/>\nJulian Sutton: v\u00e4h\u00e4riviset haitarit<\/p>\n<p><strong>4. Iwona&#8217;s (Iwona&#8217;s Schottische, M\u00e4l\u00e4sk\u00e4n II polska, M\u00e4kel\u00e4\u00e4sen pol<\/strong><\/p>\n<audio class=\"wp-audio-shortcode\" id=\"audio-1531-2\" preload=\"none\" style=\"width: 100%;\" controls=\"controls\"><source type=\"audio\/mpeg\" src=\"https:\/\/etno.net\/wp-content\/uploads\/2020\/12\/etn_fcd_064_064_sou_004_prv.mp3?_=2\" \/><a href=\"https:\/\/etno.net\/wp-content\/uploads\/2020\/12\/etn_fcd_064_064_sou_004_prv.mp3\">https:\/\/etno.net\/wp-content\/uploads\/2020\/12\/etn_fcd_064_064_sou_004_prv.mp3<\/a><\/audio>\n<p>S\u00e4v. Julian Sutton, trad., sov. Roope Aarnio, Tom Oakes, Suvi Oskala, Julian Sutton.<\/p>\n<p>Roope Aarnio: kitara, mandoliini, concertina<br \/>\nTom Oakes: puuhuilut, bansuri, huiluperkussiot<br \/>\nSuvi Oskala: viulu<br \/>\nJulian Sutton: v\u00e4h\u00e4riviset haitarit<\/p>\n<p><strong>5. Auvo<\/strong><br \/>\nS\u00e4v. Suvi Oskala, sov. Roope Aarnio, Tom Oakes, Suvi Oskala, Julian Sutton.<\/p>\n<p>Roope Aarnio: kitara, mandoliini, concertina, mandola<br \/>\nTom Oakes: puuhuilut, bansuri, huiluperkussiot<br \/>\nSuvi Oskala: viulu<br \/>\nJulian Sutton: v\u00e4h\u00e4riviset haitarit, concertina<\/p>\n<p><strong>6. On taivas synkk\u00e4<\/strong><br \/>\nS\u00e4v. trad., san. trad., sov. Roope Aarnio, Tom Oakes, Suvi Oskala, Julian Sutton.<\/p>\n<p>Roope Aarnio: kitara<br \/>\nTom Oakes: puuhuilut, bansuri, huiluperkussiot<br \/>\nSuvi Oskala: laulu<br \/>\nJulian Sutton: v\u00e4h\u00e4riviset haitarit<\/p>\n<p><strong>7. Hambos (Kuuhambo, Hamnbo)<\/strong><br \/>\nS\u00e4v. Roope Aarnio, Suvi Oskala, sov. Roope Aarnio, Tom Oakes, Suvi Oskala, Julian Sutton.<\/p>\n<p>Roope Aarnio: kitara, mandoliini, mandola<br \/>\nTom Oakes: puuhuilut, bansuri, huiluperkussiot<br \/>\nSuvi Oskala: alttoviulu<br \/>\nJulian Sutton: v\u00e4h\u00e4riviset haitarit<\/p>\n<p><strong>8. The Road to Helsinki (Hanhilammen saksanpolkka, The Road to Hels<\/strong><br \/>\nS\u00e4v. Tom Oakes, trad., san. trad., sov. Roope Aarnio, Tom Oakes, Suvi Oskala, Sara Puljula, Julian Sutton.<\/p>\n<p>Roope Aarnio: kitara, mandoliini<br \/>\nTom Oakes: puuhuilut, bansuri, huiluperkussiot<br \/>\nSuvi Oskala: alttoviulu, laulu<br \/>\nSara Puljula: double bass<br \/>\nJulian Sutton: v\u00e4h\u00e4riviset haitarit<\/p>\n<p><strong>9. Tenava<\/strong><br \/>\nS\u00e4v. Roope Aarnio, sov. Roope Aarnio, Tom Oakes, Suvi Oskala, Julian Sutton.<\/p>\n<p>Roope Aarnio: kitara, mandoliini, mandola<br \/>\nTom Oakes: puuhuilut, bansuri, huiluperkussiot<br \/>\nSuvi Oskala: alttoviulu<br \/>\nJulian Sutton: v\u00e4h\u00e4riviset haitarit<\/p>\n<p><strong>10. Joe&#8217;s Tune \/ The Topiarist<\/strong><\/p>\n<audio class=\"wp-audio-shortcode\" id=\"audio-1531-3\" preload=\"none\" style=\"width: 100%;\" controls=\"controls\"><source type=\"audio\/mpeg\" src=\"https:\/\/etno.net\/wp-content\/uploads\/2020\/12\/etn_fcd_064_064_sou_010_prv.mp3?_=3\" \/><a href=\"https:\/\/etno.net\/wp-content\/uploads\/2020\/12\/etn_fcd_064_064_sou_010_prv.mp3\">https:\/\/etno.net\/wp-content\/uploads\/2020\/12\/etn_fcd_064_064_sou_010_prv.mp3<\/a><\/audio>\n<p>S\u00e4v. Tom Oakes, sov. Roope Aarnio, Tom Oakes, Suvi Oskala, Julian Sutton.<\/p>\n<p>Roope Aarnio: kitara, mandoliini<br \/>\nTom Oakes: puuhuilut, bansuri, huiluperkussiot<br \/>\nSuvi Oskala: alttoviulu<br \/>\nJulian Sutton: v\u00e4h\u00e4riviset haitarit<\/p>\n<p><strong>11. Mesimies<\/strong><br \/>\nS\u00e4v. Suvi Oskala, san. trad., sov. Roope Aarnio, Tom Oakes, Suvi Oskala, Sara Puljula, Julian Sutton.<\/p>\n<p>Roope Aarnio: kitara, laulu<br \/>\nTom Oakes: puuhuilut, bansuri, huiluperkussiot<br \/>\nSuvi Oskala: viulu, laulu<br \/>\nSara Puljula: perkussiot<br \/>\nJulian Sutton: v\u00e4h\u00e4riviset haitarit<\/p>\n","protected":false},"excerpt":{"rendered":"<div class=\"field field-name-field-kamucd-teknikot field-type-text-long field-label-hidden\">\n<div class=\"field-items\">\n<div class=\"field-item even\">\n<p>Tuottajat: Hannu Oskala, Tom Oakes, Julian Sutton, Roope Aarnio, Suvi Oskala<br \/>\n\u00c4\u00e4nitys: Hannu Oskala<br \/>\nMiksaus: Hannu Oskala<br \/>\nMasterointi: Minerva Pappi, Finnvox Studios<\/p>\n<\/div>\n<\/div>\n<\/div>","protected":false},"featured_media":1532,"comment_status":"closed","ping_status":"closed","template":"","meta":{"_acf_changed":false},"product_brand":[],"product_cat":[65],"product_tag":[],"class_list":{"0":"post-1531","1":"product","2":"type-product","3":"status-publish","4":"has-post-thumbnail","6":"product_cat-aanitteet","8":"first","9":"instock","10":"shipping-taxable","11":"product-type-simple"},"acf":[],"_links":{"self":[{"href":"https:\/\/etno.net\/en\/wp-json\/wp\/v2\/product\/1531","targetHints":{"allow":["GET"]}}],"collection":[{"href":"https:\/\/etno.net\/en\/wp-json\/wp\/v2\/product"}],"about":[{"href":"https:\/\/etno.net\/en\/wp-json\/wp\/v2\/types\/product"}],"replies":[{"embeddable":true,"href":"https:\/\/etno.net\/en\/wp-json\/wp\/v2\/comments?post=1531"}],"wp:featuredmedia":[{"embeddable":true,"href":"https:\/\/etno.net\/en\/wp-json\/wp\/v2\/media\/1532"}],"wp:attachment":[{"href":"https:\/\/etno.net\/en\/wp-json\/wp\/v2\/media?parent=1531"}],"wp:term":[{"taxonomy":"product_brand","embeddable":true,"href":"https:\/\/etno.net\/en\/wp-json\/wp\/v2\/product_brand?post=1531"},{"taxonomy":"product_cat","embeddable":true,"href":"https:\/\/etno.net\/en\/wp-json\/wp\/v2\/product_cat?post=1531"},{"taxonomy":"product_tag","embeddable":true,"href":"https:\/\/etno.net\/en\/wp-json\/wp\/v2\/product_tag?post=1531"}],"curies":[{"name":"wp","href":"https:\/\/api.w.org\/{rel}","templated":true}]}}