{"id":1536,"date":"2020-12-16T15:15:59","date_gmt":"2020-12-16T13:15:59","guid":{"rendered":"https:\/\/etno.net\/?post_type=product&#038;p=1536"},"modified":"2021-12-21T14:49:44","modified_gmt":"2021-12-21T12:49:44","slug":"kouon-frouva-askel-astuttavaksi","status":"publish","type":"product","link":"https:\/\/etno.net\/en\/julkaisu\/aanitteet\/kouon-frouva-askel-astuttavaksi","title":{"rendered":"Kouon Frouva: Askel astuttavaksi"},"content":{"rendered":"<p><strong>1. Ei mesitsi\u00e4<\/strong><\/p>\n<!--[if lt IE 9]><script>document.createElement('audio');<\/script><![endif]-->\n<audio class=\"wp-audio-shortcode\" id=\"audio-1536-1\" preload=\"none\" style=\"width: 100%;\" controls=\"controls\"><source type=\"audio\/mpeg\" src=\"https:\/\/etno.net\/wp-content\/uploads\/2020\/12\/etn_fcd_065_065_sou_001_prv.mp3?_=1\" \/><a href=\"https:\/\/etno.net\/wp-content\/uploads\/2020\/12\/etn_fcd_065_065_sou_001_prv.mp3\">https:\/\/etno.net\/wp-content\/uploads\/2020\/12\/etn_fcd_065_065_sou_001_prv.mp3<\/a><\/audio>\n<p>S\u00e4v. Jarmo Romppanen, san. Jarmo Romppanen, sov. Topi Korhonen, Lassi Logr\u00e9n, Jarmo Romppanen, Jani Snellman, Silvo Vatanen.<\/p>\n<p>Topi Korhonen: kitara, rumpukitara, laulu<br \/>\nLassi Logr\u00e9n: viulu, avainviulu ja laulu<br \/>\nJarmo Romppanen: mandoliini, mandola ja laulu<br \/>\nJani Snellman: kontrabasso<br \/>\nSilvo Vatanen: huilut<\/p>\n<p><strong>2. Aina sateella me kohdataan<\/strong><br \/>\nS\u00e4v. Jarmo Romppanen, san. Jarmo Romppanen, sov. Topi Korhonen, Lassi Logr\u00e9n, Jarmo Romppanen, Jani Snellman, Silvo Vatanen.<\/p>\n<p>Topi Korhonen: kitara, rumpukitara, laulu<br \/>\nLassi Logr\u00e9n: viulu, avainviulu ja laulu<br \/>\nJarmo Romppanen: mandoliini, mandola ja laulu<br \/>\nJani Snellman: kontrabasso<br \/>\nSilvo Vatanen: huilut<\/p>\n<p><strong>3. Hei, s\u00e4h\u00e4n se oot!<\/strong><br \/>\nS\u00e4v. Jarmo Romppanen, san. Jarmo Romppanen, sov. Topi Korhonen, Lassi Logr\u00e9n, Jarmo Romppanen, Jani Snellman, Silvo Vatanen.<\/p>\n<p>Topi Korhonen: kitara, rumpukitara, laulu<br \/>\nLassi Logr\u00e9n: viulu, avainviulu ja laulu<br \/>\nJarmo Romppanen: mandoliini, mandola ja laulu<br \/>\nJani Snellman: kontrabasso<br \/>\nSilvo Vatanen: huilut<\/p>\n<p><strong>4. Joen syliin<\/strong><\/p>\n<p>S\u00e4v. Jarmo Romppanen, san. Jarmo Romppanen, sov. Topi Korhonen, Lassi Logr\u00e9n, Jarmo Romppanen, Jani Snellman, Silvo Vatanen.<\/p>\n<p>Topi Korhonen: kitara, rumpukitara, laulu<br \/>\nLassi Logr\u00e9n: viulu, avainviulu ja laulu<br \/>\nJarmo Romppanen: mandoliini, mandola ja laulu<br \/>\nJani Snellman: kontrabasso<br \/>\nSilvo Vatanen: huilut<\/p>\n<p><strong>5. Itku muurilla<\/strong><\/p>\n<audio class=\"wp-audio-shortcode\" id=\"audio-1536-2\" preload=\"none\" style=\"width: 100%;\" controls=\"controls\"><source type=\"audio\/mpeg\" src=\"https:\/\/etno.net\/wp-content\/uploads\/2020\/12\/etn_fcd_065_065_sou_005_prv.mp3?_=2\" \/><a href=\"https:\/\/etno.net\/wp-content\/uploads\/2020\/12\/etn_fcd_065_065_sou_005_prv.mp3\">https:\/\/etno.net\/wp-content\/uploads\/2020\/12\/etn_fcd_065_065_sou_005_prv.mp3<\/a><\/audio>\n<p>S\u00e4v. Topi Korhonen, sov. Topi Korhonen, Lassi Logr\u00e9n, Jarmo Romppanen, Jani Snellman, Silvo Vatanen.<\/p>\n<p>Topi Korhonen: kitara, rumpukitara, laulu<br \/>\nLassi Logr\u00e9n: viulu, avainviulu ja laulu<br \/>\nJarmo Romppanen: mandoliini, mandola ja laulu<br \/>\nJani Snellman: kontrabasso<br \/>\nSilvo Vatanen: huilut<\/p>\n<p><strong>6. Rynt\u00e4\u00e4t mua vastaan<\/strong><br \/>\nS\u00e4v. Jarmo Romppanen, san. Jarmo Romppanen, sov. Topi Korhonen, Lassi Logr\u00e9n, Jarmo Romppanen, Jani Snellman, Silvo Vatanen.<\/p>\n<p>Topi Korhonen: kitara, rumpukitara, laulu<br \/>\nLassi Logr\u00e9n: viulu, avainviulu ja laulu<br \/>\nJarmo Romppanen: mandoliini, mandola ja laulu<br \/>\nJani Snellman: kontrabasso<br \/>\nSilvo Vatanen: huilut<\/p>\n<p><strong>7. Askel astuttavaksi<\/strong><br \/>\nS\u00e4v. Jarmo Romppanen, san. Jarmo Romppanen, sov. Topi Korhonen, Lassi Logr\u00e9n, Jarmo Romppanen, Jani Snellman, Silvo Vatanen.<\/p>\n<p>Topi Korhonen: kitara, rumpukitara, laulu<br \/>\nLassi Logr\u00e9n: viulu, avainviulu ja laulu<br \/>\nJarmo Romppanen: mandoliini, mandola ja laulu<br \/>\nJani Snellman: kontrabasso<br \/>\nSilvo Vatanen: huilut<\/p>\n<p><strong>8. Kes\u00e4 ja laituri<\/strong><br \/>\nS\u00e4v. Jarmo Romppanen, san. Jarmo Romppanen, sov. Topi Korhonen, Lassi Logr\u00e9n, Jarmo Romppanen, Jani Snellman, Silvo Vatanen.<\/p>\n<p>Topi Korhonen: kitara, rumpukitara, laulu<br \/>\nLassi Logr\u00e9n: viulu, avainviulu ja laulu<br \/>\nJarmo Romppanen: mandoliini, mandola ja laulu<br \/>\nJani Snellman: kontrabasso<br \/>\nSilvo Vatanen: huilut<\/p>\n<p><strong>9. Olet sankari<\/strong><\/p>\n<audio class=\"wp-audio-shortcode\" id=\"audio-1536-3\" preload=\"none\" style=\"width: 100%;\" controls=\"controls\"><source type=\"audio\/mpeg\" src=\"https:\/\/etno.net\/wp-content\/uploads\/2020\/12\/etn_fcd_065_065_sou_009_prv.mp3?_=3\" \/><a href=\"https:\/\/etno.net\/wp-content\/uploads\/2020\/12\/etn_fcd_065_065_sou_009_prv.mp3\">https:\/\/etno.net\/wp-content\/uploads\/2020\/12\/etn_fcd_065_065_sou_009_prv.mp3<\/a><\/audio>\n<p>S\u00e4v. Jarmo Romppanen, san. Jarmo Romppanen, sov. Topi Korhonen, Lassi Logr\u00e9n, Jarmo Romppanen, Jani Snellman, Silvo Vatanen.<\/p>\n<p>Topi Korhonen: kitara, rumpukitara, laulu<br \/>\nLassi Logr\u00e9n: viulu, avainviulu ja laulu<br \/>\nJarmo Romppanen: mandoliini, mandola ja laulu<br \/>\nJani Snellman: kontrabasso<br \/>\nSilvo Vatanen: huilut<\/p>\n<p><strong>10. Kuin kuningas kulkurina<\/strong><br \/>\nS\u00e4v. Jarmo Romppanen, san. Jarmo Romppanen, sov. Topi Korhonen, Lassi Logr\u00e9n, Jarmo Romppanen, Jani Snellman, Silvo Vatanen.<\/p>\n<p>Topi Korhonen: kitara, rumpukitara, laulu<br \/>\nLassi Logr\u00e9n: viulu, avainviulu ja laulu<br \/>\nJarmo Romppanen: mandoliini, mandola ja laulu<br \/>\nJani Snellman: kontrabasso<br \/>\nSilvo Vatanen: huilut<\/p>\n<p><strong>11. L\u00e4ht\u00f6laulu<\/strong><br \/>\nS\u00e4v. Jarmo Romppanen, trad., san. Jarmo Romppanen, sov. Topi Korhonen, Lassi Logr\u00e9n, Jarmo Romppanen, Jani Snellman, Silvo Vatanen.<\/p>\n<p>Topi Korhonen: kitara, rumpukitara, laulu<br \/>\nLassi Logr\u00e9n: viulu, avainviulu ja laulu<br \/>\nJarmo Romppanen: mandoliini, mandola ja laulu<br \/>\nJani Snellman: kontrabasso<br \/>\nSilvo Vatanen: huilut<\/p>\n","protected":false},"excerpt":{"rendered":"<p>Kouon Frouva aikojen saatossa<\/p>\n<p>Ikiaikainen kev\u00e4inen rituaali: Karhurouva on her\u00e4nnyt talviuniltaan ja k\u00f6mpii ulos pes\u00e4luolastaan. Silm\u00e4t sirrill\u00e4\u00e4n, korvat lurpallaan ja touhukas tippa nen\u00e4np\u00e4\u00e4ss\u00e4\u00e4n se haistelee alkavan kev\u00e4\u00e4n tuoreita tuoksuja. Mieless\u00e4\u00e4n sill\u00e4 siint\u00e4v\u00e4t aiempien kesien kokemukset, kaukana kuljetut reitit h\u00e4m\u00e4riss\u00e4 tiheik\u00f6iss\u00e4 ja rantojen kosteikoissa. Otso, tuo mets\u00e4n omena, ottaa p\u00e4\u00e4tt\u00e4v\u00e4isen\u00e4 vuoden ensimm\u00e4iset askeleensa kohti uusia seikkailuja<\/p>\n<p>1700-luku: Samuel Rinda-Nickola on kirjannut yl\u00f6s \u2013 ja muistoxi polskia, jotka ovat taitavasti tulleet spelatuxi. T\u00e4lt\u00e4 ajalta ovat per\u00e4isin ensimm\u00e4iset kirjoitetut muistiinpanot Kouon Frouvasta. Tuntemattomaksi j\u00e4\u00e4nyt viulupelimanni on ollut inspiroitunut mystisest\u00e4 naishenkil\u00f6st\u00e4, jolle on omistanut el\u00e4m\u00e4nt\u00e4yteisen polskas\u00e4velm\u00e4n<\/p>\n<p>1940-luku jossain p\u00e4in Suomea: Leskirouva Kouvo joutunut taas oikeuden eteen uusien rikostensa vuoksi, t\u00e4ll\u00e4 kertaa varkaudesta syytettyn\u00e4. Oikeuden istunto on kuitenkin j\u00e4lleen keskeytett\u00e4v\u00e4 syytetyn sopimattoman k\u00e4yt\u00f6ksen takia. Tuttuun tapaansa rouva Kouvo kiist\u00e4\u00e4 kaiken ja tekeytyy t\u00e4ysin viattomaksi<\/p>\n<p>huhtikuu 2007: yhtye Kouon Frouva julkaisee pitk\u00e4\u00e4n muhineen ja hartaasti kypsytetyn ensilevyns\u00e4. Kaupunkilaiskansanmuusikot Topi, Lassi, Jarmo, Jani ja Silvo ovat kokoontuneet yhteen, asfaltti on alkanut l\u00e4mmet\u00e4 heid\u00e4n jalkojensa alla ja polte p\u00e4\u00e4st\u00e4 tien p\u00e4\u00e4lle on kova. Nyt, juuri nyt, on Frouvalle luotu Askel Astuttavaksi<\/p>\n<p>Tuottajat: Topi Korhonen, Jarmo Romppanen<br \/>\n\u00c4\u00e4nitys: Taito Hoffr\u00e9n \/ \u00c4\u00e4ni\u00e4<br \/>\nMiksaus: Taito Hoffr\u00e9n \/ \u00c4\u00e4ni\u00e4<br \/>\nMasterointi: Taito Hoffr\u00e9n \/ \u00c4\u00e4ni\u00e4<\/p>","protected":false},"featured_media":1537,"comment_status":"closed","ping_status":"closed","template":"","meta":{"_acf_changed":false},"product_brand":[],"product_cat":[65],"product_tag":[],"class_list":{"0":"post-1536","1":"product","2":"type-product","3":"status-publish","4":"has-post-thumbnail","6":"product_cat-aanitteet","8":"first","9":"instock","10":"shipping-taxable","11":"product-type-simple"},"acf":[],"_links":{"self":[{"href":"https:\/\/etno.net\/en\/wp-json\/wp\/v2\/product\/1536","targetHints":{"allow":["GET"]}}],"collection":[{"href":"https:\/\/etno.net\/en\/wp-json\/wp\/v2\/product"}],"about":[{"href":"https:\/\/etno.net\/en\/wp-json\/wp\/v2\/types\/product"}],"replies":[{"embeddable":true,"href":"https:\/\/etno.net\/en\/wp-json\/wp\/v2\/comments?post=1536"}],"wp:featuredmedia":[{"embeddable":true,"href":"https:\/\/etno.net\/en\/wp-json\/wp\/v2\/media\/1537"}],"wp:attachment":[{"href":"https:\/\/etno.net\/en\/wp-json\/wp\/v2\/media?parent=1536"}],"wp:term":[{"taxonomy":"product_brand","embeddable":true,"href":"https:\/\/etno.net\/en\/wp-json\/wp\/v2\/product_brand?post=1536"},{"taxonomy":"product_cat","embeddable":true,"href":"https:\/\/etno.net\/en\/wp-json\/wp\/v2\/product_cat?post=1536"},{"taxonomy":"product_tag","embeddable":true,"href":"https:\/\/etno.net\/en\/wp-json\/wp\/v2\/product_tag?post=1536"}],"curies":[{"name":"wp","href":"https:\/\/api.w.org\/{rel}","templated":true}]}}