{"id":1542,"date":"2020-12-16T15:25:39","date_gmt":"2020-12-16T13:25:39","guid":{"rendered":"https:\/\/etno.net\/?post_type=product&#038;p=1542"},"modified":"2021-12-21T14:49:10","modified_gmt":"2021-12-21T12:49:10","slug":"tsuumi-sound-system-hotas","status":"publish","type":"product","link":"https:\/\/etno.net\/en\/julkaisu\/aanitteet\/tsuumi-sound-system-hotas","title":{"rendered":"Tsuumi Sound System: Hotas"},"content":{"rendered":"<p><strong>1. Friskis &amp; Svettis<\/strong><\/p>\n<!--[if lt IE 9]><script>document.createElement('audio');<\/script><![endif]-->\n<audio class=\"wp-audio-shortcode\" id=\"audio-1542-1\" preload=\"none\" style=\"width: 100%;\" controls=\"controls\"><source type=\"audio\/mpeg\" src=\"https:\/\/etno.net\/wp-content\/uploads\/2020\/12\/etn_fcd_066_066_sou_001_prv.mp3?_=1\" \/><a href=\"https:\/\/etno.net\/wp-content\/uploads\/2020\/12\/etn_fcd_066_066_sou_001_prv.mp3\">https:\/\/etno.net\/wp-content\/uploads\/2020\/12\/etn_fcd_066_066_sou_001_prv.mp3<\/a><\/audio>\n<p>S\u00e4v. Esko J\u00e4rvel\u00e4, sov. Tarmo Anttila, Tommi Asplund, Joakim Bergh\u00e4ll, Esko J\u00e4rvel\u00e4, Hannu Kella, Jani Kivel\u00e4, Jussi Nikula, Pilvi Talvitie.<\/p>\n<p>Tarmo Anttila: kontrabasso<br \/>\nTommi Asplund: viulu<br \/>\nJoakim Bergh\u00e4ll: saksofonit, lis\u00e4tyt perkussiot<br \/>\nEsko J\u00e4rvel\u00e4: viulu, alttoviulu, lis\u00e4tyt soundit<br \/>\nHannu Kella: haitari<br \/>\nJani Kivel\u00e4: akustinen kitara, s\u00e4hk\u00f6kitara, cittern<br \/>\nJussi Nikula: rummut, perkussiot<br \/>\nPilvi Talvitie: piano, harmooni<\/p>\n<p><strong>2. Casino<\/strong><br \/>\nS\u00e4v. Hannu Kella, sov. Tarmo Anttila, Tommi Asplund, Joakim Bergh\u00e4ll, Esko J\u00e4rvel\u00e4, Hannu Kella, Jani Kivel\u00e4, Jussi Nikula, Pilvi Talvitie.<\/p>\n<p>Tarmo Anttila: kontrabasso<br \/>\nTommi Asplund: viulu<br \/>\nJoakim Bergh\u00e4ll: saksofonit, lis\u00e4tyt perkussiot<br \/>\nEsko J\u00e4rvel\u00e4: viulu, alttoviulu, lis\u00e4tyt soundit<br \/>\nHannu Kella: haitari<br \/>\nJani Kivel\u00e4: akustinen kitara, s\u00e4hk\u00f6kitara, cittern<br \/>\nJussi Nikula: rummut, perkussiot<br \/>\nPilvi Talvitie: piano, harmooni<\/p>\n<p><strong>3. Korento<\/strong><br \/>\nS\u00e4v. Pilvi Talvitie, sov. Tarmo Anttila, Tommi Asplund, Joakim Bergh\u00e4ll, Esko J\u00e4rvel\u00e4, Hannu Kella, Jani Kivel\u00e4, Jussi Nikula, Pilvi Talvitie.<\/p>\n<p>Tarmo Anttila: kontrabasso<br \/>\nTommi Asplund: viulu<br \/>\nJoakim Bergh\u00e4ll: saksofonit, lis\u00e4tyt perkussiot<br \/>\nEsko J\u00e4rvel\u00e4: viulu, alttoviulu, lis\u00e4tyt soundit<br \/>\nHannu Kella: haitari<br \/>\nJani Kivel\u00e4: akustinen kitara, s\u00e4hk\u00f6kitara, cittern<br \/>\nJussi Nikula: rummut, perkussiot<br \/>\nPilvi Talvitie: piano, harmooni<\/p>\n<p><strong>4. Hotas<\/strong><\/p>\n<audio class=\"wp-audio-shortcode\" id=\"audio-1542-2\" preload=\"none\" style=\"width: 100%;\" controls=\"controls\"><source type=\"audio\/mpeg\" src=\"https:\/\/etno.net\/wp-content\/uploads\/2020\/12\/etn_fcd_066_066_sou_004_prv.mp3?_=2\" \/><a href=\"https:\/\/etno.net\/wp-content\/uploads\/2020\/12\/etn_fcd_066_066_sou_004_prv.mp3\">https:\/\/etno.net\/wp-content\/uploads\/2020\/12\/etn_fcd_066_066_sou_004_prv.mp3<\/a><\/audio>\n<p>S\u00e4v. Hannu Kella, sov. Tarmo Anttila, Tommi Asplund, Joakim Bergh\u00e4ll, Esko J\u00e4rvel\u00e4, Hannu Kella, Jani Kivel\u00e4, Jussi Nikula, Pilvi Talvitie.<\/p>\n<p>Tarmo Anttila: kontrabasso<br \/>\nTommi Asplund: viulu<br \/>\nJoakim Bergh\u00e4ll: saksofonit, lis\u00e4tyt perkussiot<br \/>\nEsko J\u00e4rvel\u00e4: viulu, alttoviulu, lis\u00e4tyt soundit<br \/>\nHannu Kella: haitari<br \/>\nJani Kivel\u00e4: akustinen kitara, s\u00e4hk\u00f6kitara, cittern<br \/>\nJussi Nikula: rummut, perkussiot<br \/>\nPilvi Talvitie: piano, harmooni<\/p>\n<p><strong>5. Tuulin ja Hannun h\u00e4\u00e4valssi<\/strong><br \/>\nS\u00e4v. Esko J\u00e4rvel\u00e4, Pilvi Talvitie, sov. Tarmo Anttila, Tommi Asplund, Joakim Bergh\u00e4ll, Esko J\u00e4rvel\u00e4, Hannu Kella, Jani Kivel\u00e4, Jussi Nikula, Pilvi Talvitie.<\/p>\n<p>Tarmo Anttila: kontrabasso<br \/>\nTommi Asplund: viulu<br \/>\nJoakim Bergh\u00e4ll: saksofonit, lis\u00e4tyt perkussiot<br \/>\nEsko J\u00e4rvel\u00e4: viulu, alttoviulu, lis\u00e4tyt soundit<br \/>\nHannu Kella: haitari<br \/>\nJani Kivel\u00e4: akustinen kitara, s\u00e4hk\u00f6kitara, cittern<br \/>\nJussi Nikula: rummut, perkussiot<br \/>\nPilvi Talvitie: piano, harmooni<\/p>\n<p><strong>6. Pahna<\/strong><br \/>\nS\u00e4v. Esko J\u00e4rvel\u00e4, sov. Tarmo Anttila, Tommi Asplund, Joakim Bergh\u00e4ll, Esko J\u00e4rvel\u00e4, Hannu Kella, Jani Kivel\u00e4, Jussi Nikula, Pilvi Talvitie.<\/p>\n<p>Tarmo Anttila: kontrabasso<br \/>\nTommi Asplund: viulu<br \/>\nJoakim Bergh\u00e4ll: saksofonit, lis\u00e4tyt perkussiot<br \/>\nEsko J\u00e4rvel\u00e4: viulu, alttoviulu, lis\u00e4tyt soundit<br \/>\nHannu Kella: haitari<br \/>\nJani Kivel\u00e4: akustinen kitara, s\u00e4hk\u00f6kitara, cittern<br \/>\nJussi Nikula: rummut, perkussiot<br \/>\nPilvi Talvitie: piano, harmooni<\/p>\n<p><strong>7. Minuet<\/strong><br \/>\nS\u00e4v. Hannu Kella, sov. Tarmo Anttila, Tommi Asplund, Joakim Bergh\u00e4ll, Esko J\u00e4rvel\u00e4, Hannu Kella, Jani Kivel\u00e4, Jussi Nikula, Pilvi Talvitie.<\/p>\n<p>Tarmo Anttila: kontrabasso<br \/>\nTommi Asplund: viulu<br \/>\nJoakim Bergh\u00e4ll: saksofonit, lis\u00e4tyt perkussiot<br \/>\nEsko J\u00e4rvel\u00e4: viulu, alttoviulu, lis\u00e4tyt soundit<br \/>\nHannu Kella: haitari<br \/>\nJani Kivel\u00e4: akustinen kitara, s\u00e4hk\u00f6kitara, cittern<br \/>\nJussi Nikula: rummut, perkussiot<br \/>\nPilvi Talvitie: piano, harmooni<\/p>\n<p><strong>8. H\u00e4ss\u00e4kk\u00e4<\/strong><\/p>\n<audio class=\"wp-audio-shortcode\" id=\"audio-1542-3\" preload=\"none\" style=\"width: 100%;\" controls=\"controls\"><source type=\"audio\/mpeg\" src=\"https:\/\/etno.net\/wp-content\/uploads\/2020\/12\/etn_fcd_066_066_sou_008_prv.mp3?_=3\" \/><a href=\"https:\/\/etno.net\/wp-content\/uploads\/2020\/12\/etn_fcd_066_066_sou_008_prv.mp3\">https:\/\/etno.net\/wp-content\/uploads\/2020\/12\/etn_fcd_066_066_sou_008_prv.mp3<\/a><\/audio>\n<p>S\u00e4v. Tommi Asplund, Hannu Kella, sov. Tarmo Anttila, Tommi Asplund, Joakim Bergh\u00e4ll, Esko J\u00e4rvel\u00e4, Hannu Kella, Jani Kivel\u00e4, Jussi Nikula, Pilvi Talvitie.<\/p>\n<p>Tarmo Anttila: kontrabasso<br \/>\nTommi Asplund: viulu<br \/>\nJoakim Bergh\u00e4ll: saksofonit, lis\u00e4tyt perkussiot<br \/>\nEsko J\u00e4rvel\u00e4: viulu, alttoviulu, lis\u00e4tyt soundit<br \/>\nHannu Kella: haitari<br \/>\nJani Kivel\u00e4: akustinen kitara, s\u00e4hk\u00f6kitara, cittern<br \/>\nJussi Nikula: rummut, perkussiot<br \/>\nPilvi Talvitie: piano, harmooni<\/p>\n<p><strong>9. Huuma<\/strong><br \/>\nS\u00e4v. Esko J\u00e4rvel\u00e4, sov. Tarmo Anttila, Tommi Asplund, Joakim Bergh\u00e4ll, Esko J\u00e4rvel\u00e4, Hannu Kella, Jani Kivel\u00e4, Jussi Nikula, Pilvi Talvitie.<\/p>\n<p>Tarmo Anttila: kontrabasso<br \/>\nTommi Asplund: viulu<br \/>\nJoakim Bergh\u00e4ll: saksofonit, lis\u00e4tyt perkussiot<br \/>\nEsko J\u00e4rvel\u00e4: viulu, alttoviulu, lis\u00e4tyt soundit<br \/>\nHannu Kella: haitari<br \/>\nJani Kivel\u00e4: akustinen kitara, s\u00e4hk\u00f6kitara, cittern<br \/>\nJussi Nikula: rummut, perkussiot<br \/>\nPilvi Talvitie: piano, harmooni<\/p>\n<p><strong>10. Valse du Caribou<\/strong><br \/>\nS\u00e4v. Hannu Kella, sov. Tarmo Anttila, Tommi Asplund, Joakim Bergh\u00e4ll, Esko J\u00e4rvel\u00e4, Hannu Kella, Jani Kivel\u00e4, Jussi Nikula, Pilvi Talvitie.<\/p>\n<p>Tarmo Anttila: kontrabasso<br \/>\nTommi Asplund: viulu<br \/>\nJoakim Bergh\u00e4ll: saksofonit, lis\u00e4tyt perkussiot<br \/>\nEsko J\u00e4rvel\u00e4: viulu, alttoviulu, lis\u00e4tyt soundit<br \/>\nHannu Kella: haitari<br \/>\nJani Kivel\u00e4: akustinen kitara, s\u00e4hk\u00f6kitara, cittern<br \/>\nJussi Nikula: rummut, perkussiot<br \/>\nPilvi Talvitie: piano, harmooni<\/p>\n<p><strong>11. Meteor<\/strong><br \/>\nS\u00e4v. Hannu Kella, sov. Tarmo Anttila, Tommi Asplund, Joakim Bergh\u00e4ll, Esko J\u00e4rvel\u00e4, Hannu Kella, Jani Kivel\u00e4, Jussi Nikula, Pilvi Talvitie.<\/p>\n<p>Tarmo Anttila: kontrabasso<br \/>\nTommi Asplund: viulu<br \/>\nJoakim Bergh\u00e4ll: saksofonit, lis\u00e4tyt perkussiot<br \/>\nEsko J\u00e4rvel\u00e4: viulu, alttoviulu, lis\u00e4tyt soundit<br \/>\nHannu Kella: haitari<br \/>\nJani Kivel\u00e4: akustinen kitara, s\u00e4hk\u00f6kitara, cittern<br \/>\nJussi Nikula: rummut, perkussiot<br \/>\nPilvi Talvitie: piano, harmooni<\/p>\n<p><strong>12. Haave\u0085<\/strong><br \/>\nS\u00e4v. Hannu Kella, sov. Tarmo Anttila, Tommi Asplund, Joakim Bergh\u00e4ll, Esko J\u00e4rvel\u00e4, Hannu Kella, Jani Kivel\u00e4, Jussi Nikula, Pilvi Talvitie.<\/p>\n<p>Tarmo Anttila: kontrabasso<br \/>\nTommi Asplund: viulu<br \/>\nJoakim Bergh\u00e4ll: saksofonit, lis\u00e4tyt perkussiot<br \/>\nEsko J\u00e4rvel\u00e4: viulu, alttoviulu, lis\u00e4tyt soundit<br \/>\nHannu Kella: haitari<br \/>\nJani Kivel\u00e4: akustinen kitara, s\u00e4hk\u00f6kitara, cittern<br \/>\nJussi Nikula: rummut, perkussiot<br \/>\nPilvi Talvitie: piano, harmooni<\/p>\n","protected":false},"excerpt":{"rendered":"<div class=\"field field-name-field-kamucd-teknikot field-type-text-long field-label-hidden\">\n<div class=\"field-items\">\n<div class=\"field-item even\">Tuottaja: Roger Tallroth<br \/>\n\u00c4\u00e4nitys: Marko My\u00f6h\u00e4nen<br \/>\nMiksaus: Hannu Oskala<br \/>\nMasterointi: Henkka Niemist\u00f6, Chartmakers<\/div>\n<\/div>\n<\/div>","protected":false},"featured_media":1543,"comment_status":"closed","ping_status":"closed","template":"","meta":{"_acf_changed":false},"product_brand":[],"product_cat":[65],"product_tag":[],"class_list":{"0":"post-1542","1":"product","2":"type-product","3":"status-publish","4":"has-post-thumbnail","6":"product_cat-aanitteet","8":"first","9":"instock","10":"shipping-taxable","11":"product-type-simple"},"acf":[],"_links":{"self":[{"href":"https:\/\/etno.net\/en\/wp-json\/wp\/v2\/product\/1542","targetHints":{"allow":["GET"]}}],"collection":[{"href":"https:\/\/etno.net\/en\/wp-json\/wp\/v2\/product"}],"about":[{"href":"https:\/\/etno.net\/en\/wp-json\/wp\/v2\/types\/product"}],"replies":[{"embeddable":true,"href":"https:\/\/etno.net\/en\/wp-json\/wp\/v2\/comments?post=1542"}],"wp:featuredmedia":[{"embeddable":true,"href":"https:\/\/etno.net\/en\/wp-json\/wp\/v2\/media\/1543"}],"wp:attachment":[{"href":"https:\/\/etno.net\/en\/wp-json\/wp\/v2\/media?parent=1542"}],"wp:term":[{"taxonomy":"product_brand","embeddable":true,"href":"https:\/\/etno.net\/en\/wp-json\/wp\/v2\/product_brand?post=1542"},{"taxonomy":"product_cat","embeddable":true,"href":"https:\/\/etno.net\/en\/wp-json\/wp\/v2\/product_cat?post=1542"},{"taxonomy":"product_tag","embeddable":true,"href":"https:\/\/etno.net\/en\/wp-json\/wp\/v2\/product_tag?post=1542"}],"curies":[{"name":"wp","href":"https:\/\/api.w.org\/{rel}","templated":true}]}}