{"id":1547,"date":"2020-12-16T15:32:02","date_gmt":"2020-12-16T13:32:02","guid":{"rendered":"https:\/\/etno.net\/?post_type=product&#038;p=1547"},"modified":"2021-12-21T14:48:36","modified_gmt":"2021-12-21T12:48:36","slug":"herea-herea","status":"publish","type":"product","link":"https:\/\/etno.net\/en\/julkaisu\/aanitteet\/herea-herea","title":{"rendered":"Here\u00e4: Here\u00e4"},"content":{"rendered":"<p><strong>1. Hetki<\/strong><\/p>\n<!--[if lt IE 9]><script>document.createElement('audio');<\/script><![endif]-->\n<audio class=\"wp-audio-shortcode\" id=\"audio-1547-1\" preload=\"none\" style=\"width: 100%;\" controls=\"controls\"><source type=\"audio\/mpeg\" src=\"https:\/\/etno.net\/wp-content\/uploads\/2020\/12\/etn_fcd_067_067_sou_001_prv.mp3?_=1\" \/><a href=\"https:\/\/etno.net\/wp-content\/uploads\/2020\/12\/etn_fcd_067_067_sou_001_prv.mp3\">https:\/\/etno.net\/wp-content\/uploads\/2020\/12\/etn_fcd_067_067_sou_001_prv.mp3<\/a><\/audio>\n<p>S\u00e4v. Milla Viljamaa.<\/p>\n<p>Vaikka l\u00e4hden pois, silti j\u00e4\u00e4n t\u00e4h\u00e4n hetkeen.<\/p>\n<p>Aili Ikonen: laulu, viulu, taustalaulu<br \/>\nVesa Norilo: sello, puuhuilu, taustalaulu<br \/>\nSara Puljula: rummut, perkussiot, kontrabasso<br \/>\nMilla Viljamaa: flyygeli, taustalaulu<\/p>\n<p><strong>2. Oksa<\/strong><br \/>\nS\u00e4v. Aili Ikonen, trad.<\/p>\n<p>Mie katala kasvoin, korkenin kovaosanen.<\/p>\n<p>Aili Ikonen: laulu, viulu, taustalaulu<br \/>\nVesa Norilo: sello, puuhuilu, taustalaulu<br \/>\nSara Puljula: rummut, perkussiot, kontrabasso<br \/>\nMilla Viljamaa: flyygeli, taustalaulu<\/p>\n<p><strong>3. Haukka<\/strong><\/p>\n<audio class=\"wp-audio-shortcode\" id=\"audio-1547-2\" preload=\"none\" style=\"width: 100%;\" controls=\"controls\"><source type=\"audio\/mpeg\" src=\"https:\/\/etno.net\/wp-content\/uploads\/2020\/12\/etn_fcd_067_067_sou_003_prv.mp3?_=2\" \/><a href=\"https:\/\/etno.net\/wp-content\/uploads\/2020\/12\/etn_fcd_067_067_sou_003_prv.mp3\">https:\/\/etno.net\/wp-content\/uploads\/2020\/12\/etn_fcd_067_067_sou_003_prv.mp3<\/a><\/audio>\n<p>S\u00e4v. Vesa Norilo.<\/p>\n<p>Aili Ikonen: laulu, viulu, taustalaulu<br \/>\nVesa Norilo: sello, puuhuilu, taustalaulu<br \/>\nSara Puljula: rummut, perkussiot, kontrabasso<br \/>\nMilla Viljamaa: flyygeli, taustalaulu<\/p>\n<p><strong>4. Lenn\u00e4<\/strong><br \/>\nS\u00e4v. Vesa Norilo.<\/p>\n<p>On viel\u00e4 aikaa, en aivan lenn\u00e4. Laulu t\u00e4\u00e4 el\u00e4\u00e4 vaikka mun t\u00e4ytyy menn\u00e4.<\/p>\n<p>Aili Ikonen: laulu, viulu, taustalaulu<br \/>\nVesa Norilo: sello, puuhuilu, taustalaulu<br \/>\nSara Puljula: rummut, perkussiot, kontrabasso<br \/>\nMilla Viljamaa: flyygeli, taustalaulu<\/p>\n<p><strong>5. Pohjan neito<\/strong><br \/>\nS\u00e4v. trad., Milla Viljamaa.<\/p>\n<p>Tuol on neito Pohjolassa, impi kylm\u00e4ss\u00e4 kyl\u00e4s, jok ei suostu sulhosihin, mielly miehihin hyviin.<\/p>\n<p>Aili Ikonen: laulu, viulu, taustalaulu<br \/>\nVesa Norilo: sello, puuhuilu, taustalaulu<br \/>\nSara Puljula: rummut, perkussiot, kontrabasso<br \/>\nMilla Viljamaa: flyygeli, taustalaulu<\/p>\n<p><strong>6. Tyhj\u00e4n pirtin valssi<\/strong><br \/>\nS\u00e4v. Vesa Norilo.<\/p>\n<p>Hiljaisuus on hyl\u00e4tyn kodin \u00e4\u00e4ni.<\/p>\n<p>Aili Ikonen: laulu, viulu, taustalaulu<br \/>\nVesa Norilo: sello, puuhuilu, taustalaulu<br \/>\nSara Puljula: rummut, perkussiot, kontrabasso<br \/>\nMilla Viljamaa: flyygeli, taustalaulu<\/p>\n<p><strong>7. Unia mahottomia<\/strong><\/p>\n<audio class=\"wp-audio-shortcode\" id=\"audio-1547-3\" preload=\"none\" style=\"width: 100%;\" controls=\"controls\"><source type=\"audio\/mpeg\" src=\"https:\/\/etno.net\/wp-content\/uploads\/2020\/12\/etn_fcd_067_067_sou_007_prv.mp3?_=3\" \/><a href=\"https:\/\/etno.net\/wp-content\/uploads\/2020\/12\/etn_fcd_067_067_sou_007_prv.mp3\">https:\/\/etno.net\/wp-content\/uploads\/2020\/12\/etn_fcd_067_067_sou_007_prv.mp3<\/a><\/audio>\n<p>S\u00e4v. Vesa Norilo.<\/p>\n<p>Kuljin viel\u00e4 kerran kujia unohdettuja.<\/p>\n<p>Aili Ikonen: laulu, viulu, taustalaulu<br \/>\nVesa Norilo: sello, puuhuilu, taustalaulu<br \/>\nSara Puljula: rummut, perkussiot, kontrabasso<br \/>\nMilla Viljamaa: flyygeli, taustalaulu<\/p>\n<p><strong>8. Ambo<\/strong><br \/>\nS\u00e4v. Milla Viljamaa.<\/p>\n<p>Aili Ikonen: laulu, viulu, taustalaulu<br \/>\nVesa Norilo: sello, puuhuilu, taustalaulu<br \/>\nSara Puljula: rummut, perkussiot, kontrabasso<br \/>\nMilla Viljamaa: flyygeli, taustalaulu<\/p>\n<p><strong>9. Merelt\u00e4 tuulee<\/strong><br \/>\nS\u00e4v. Vesa Norilo.<\/p>\n<p>Mik\u00e4\u00e4n ei muutu, jolla v\u00e4li\u00e4 ois.<\/p>\n<p>Aili Ikonen: laulu, viulu, taustalaulu<br \/>\nVesa Norilo: sello, puuhuilu, taustalaulu<br \/>\nSara Puljula: rummut, perkussiot, kontrabasso<br \/>\nMilla Viljamaa: flyygeli, taustalaulu<\/p>\n<p><strong>10. Luonnottaret<\/strong><br \/>\nS\u00e4v. trad., Milla Viljamaa.<\/p>\n<p>Kauas \u00e4\u00e4net kirvotkohon kaikki laulut langetkohon neien kolmen loihtiessa.<\/p>\n<p>Aili Ikonen: laulu, viulu, taustalaulu<br \/>\nVesa Norilo: sello, puuhuilu, taustalaulu<br \/>\nSara Puljula: rummut, perkussiot, kontrabasso<br \/>\nMilla Viljamaa: flyygeli, taustalaulu<\/p>\n<p><strong>11. Haiku<\/strong><br \/>\nS\u00e4v. Aili Ikonen.<\/p>\n<p>Hyv\u00e4\u00e4 y\u00f6t\u00e4 j\u00e4rki\u0085<\/p>\n<p>Aili Ikonen: laulu, viulu, taustalaulu<br \/>\nVesa Norilo: sello, puuhuilu, taustalaulu<br \/>\nSara Puljula: rummut, perkussiot, kontrabasso<br \/>\nMilla Viljamaa: flyygeli, taustalaulu<\/p>\n","protected":false},"excerpt":{"rendered":"<p>Skandinaavista maailmanmusiikkia soittavan Here\u00e4n odotettu ensialbumi julkaistiin vuoden 2007 toukokuussa PLASTINKA-levymerkill\u00e4. Here\u00e4n lauluissa yhdistyy ikiaikainen syke modernin lyyrisiin melodioihin ja v\u00e4kev\u00e4n perinnetietoisiin teksteihin. Yhtyeen nelj\u00e4n j\u00e4senen musiikilliset taustat sitoo yhteen rakkaus eri maiden kansanmusiikkeihin, ja heill\u00e4 on kokemusta ja kansainv\u00e4list\u00e4 kilpailumenestyst\u00e4 muista musiikinlajeista aina tango nuevosta jazziin ja konemusiikkiin. Herkk\u00e4 heitt\u00e4ytyminen ja uskalias improvisaatio ovat tunnusomaisia piirteit\u00e4 Here\u00e4n musiikissa.<\/p>\n<p>\u00c4\u00e4nitys: Marko My\u00f6h\u00e4nen<br \/>\nMiksaus: Vesa Norilo<br \/>\nMasterointi: Svante Forsb\u00e4ck, Chartmakers Oy<\/p>","protected":false},"featured_media":1548,"comment_status":"closed","ping_status":"closed","template":"","meta":{"_acf_changed":false},"product_brand":[],"product_cat":[65],"product_tag":[],"class_list":{"0":"post-1547","1":"product","2":"type-product","3":"status-publish","4":"has-post-thumbnail","6":"product_cat-aanitteet","8":"first","9":"instock","10":"shipping-taxable","11":"product-type-simple"},"acf":[],"_links":{"self":[{"href":"https:\/\/etno.net\/en\/wp-json\/wp\/v2\/product\/1547","targetHints":{"allow":["GET"]}}],"collection":[{"href":"https:\/\/etno.net\/en\/wp-json\/wp\/v2\/product"}],"about":[{"href":"https:\/\/etno.net\/en\/wp-json\/wp\/v2\/types\/product"}],"replies":[{"embeddable":true,"href":"https:\/\/etno.net\/en\/wp-json\/wp\/v2\/comments?post=1547"}],"wp:featuredmedia":[{"embeddable":true,"href":"https:\/\/etno.net\/en\/wp-json\/wp\/v2\/media\/1548"}],"wp:attachment":[{"href":"https:\/\/etno.net\/en\/wp-json\/wp\/v2\/media?parent=1547"}],"wp:term":[{"taxonomy":"product_brand","embeddable":true,"href":"https:\/\/etno.net\/en\/wp-json\/wp\/v2\/product_brand?post=1547"},{"taxonomy":"product_cat","embeddable":true,"href":"https:\/\/etno.net\/en\/wp-json\/wp\/v2\/product_cat?post=1547"},{"taxonomy":"product_tag","embeddable":true,"href":"https:\/\/etno.net\/en\/wp-json\/wp\/v2\/product_tag?post=1547"}],"curies":[{"name":"wp","href":"https:\/\/api.w.org\/{rel}","templated":true}]}}