{"id":1552,"date":"2020-12-16T15:46:06","date_gmt":"2020-12-16T13:46:06","guid":{"rendered":"https:\/\/etno.net\/?post_type=product&#038;p=1552"},"modified":"2021-12-21T14:48:03","modified_gmt":"2021-12-21T12:48:03","slug":"blatentsaine-juurihoitoa","status":"publish","type":"product","link":"https:\/\/etno.net\/en\/julkaisu\/aanitteet\/blatentsaine-juurihoitoa","title":{"rendered":"Blatentsaine: Juurihoitoa"},"content":{"rendered":"<p><strong>1. Kuollut linja<\/strong><br \/>\nS\u00e4v. Terhi Kero, sov. Anu Alviola, Arja Heinonen, Terhi Kero, Pauliina Pajala.<\/p>\n<p>Anu Alviola: s\u00e4hk\u00f6kantele<br \/>\nArja Heinonen: 5-rivinen haitari, 2-rivinen haitari<br \/>\nTerhi Kero: alttonokkahuilu, sopraanonokkahuilu<br \/>\nPauliina Pajala: viulu<\/p>\n<p><strong>2. Palo<\/strong><br \/>\nS\u00e4v. Pauliina Pajala, sov. Anu Alviola, Arja Heinonen, Terhi Kero, Pauliina Pajala.<\/p>\n<p>Anu Alviola: s\u00e4hk\u00f6kantele<br \/>\nArja Heinonen: 5-rivinen haitari, 2-rivinen haitari<br \/>\nTerhi Kero: alttonokkahuilu, sopraanonokkahuilu<br \/>\nPauliina Pajala: viulu<\/p>\n<p><strong>3. Liipolan sottiisi<\/strong><\/p>\n<!--[if lt IE 9]><script>document.createElement('audio');<\/script><![endif]-->\n<audio class=\"wp-audio-shortcode\" id=\"audio-1552-1\" preload=\"none\" style=\"width: 100%;\" controls=\"controls\"><source type=\"audio\/mpeg\" src=\"https:\/\/etno.net\/wp-content\/uploads\/2020\/12\/etn_fcd_068_068_sou_003_prv.mp3?_=1\" \/><a href=\"https:\/\/etno.net\/wp-content\/uploads\/2020\/12\/etn_fcd_068_068_sou_003_prv.mp3\">https:\/\/etno.net\/wp-content\/uploads\/2020\/12\/etn_fcd_068_068_sou_003_prv.mp3<\/a><\/audio>\n<p>S\u00e4v. Anu Alviola, sov. Anu Alviola, Arja Heinonen, Terhi Kero, Pauliina Pajala.<\/p>\n<p>Anu Alviola: s\u00e4hk\u00f6kantele<br \/>\nArja Heinonen: 5-rivinen haitari, 2-rivinen haitari<br \/>\nTerhi Kero: alttonokkahuilu, sopraanonokkahuilu<br \/>\nPauliina Pajala: viulu<\/p>\n<p><strong>4. Trollen<\/strong><br \/>\nS\u00e4v. Pauliina Pajala, sov. Anu Alviola, Arja Heinonen, Terhi Kero, Pauliina Pajala.<\/p>\n<p>Anu Alviola: s\u00e4hk\u00f6kantele<br \/>\nArja Heinonen: 5-rivinen haitari, 2-rivinen haitari<br \/>\nTerhi Kero: alttonokkahuilu, sopraanonokkahuilu<br \/>\nPauliina Pajala: viulu<\/p>\n<p><strong>5. Hambo Lahdenpohjasta<\/strong><br \/>\nS\u00e4v. Arja Heinonen, sov. Anu Alviola, Arja Heinonen, Terhi Kero, Pauliina Pajala.<\/p>\n<p>Anu Alviola: s\u00e4hk\u00f6kantele<br \/>\nArja Heinonen: 5-rivinen haitari, 2-rivinen haitari<br \/>\nTerhi Kero: alttonokkahuilu, sopraanonokkahuilu<br \/>\nPauliina Pajala: viulu<\/p>\n<p><strong>6. Kolmoshuone<\/strong><br \/>\nS\u00e4v. Arja Heinonen, sov. Anu Alviola, Arja Heinonen, Terhi Kero, Pauliina Pajala.<\/p>\n<p>Anu Alviola: s\u00e4hk\u00f6kantele<br \/>\nArja Heinonen: 5-rivinen haitari, 2-rivinen haitari<br \/>\nTerhi Kero: alttonokkahuilu, sopraanonokkahuilu<br \/>\nPauliina Pajala: viulu<\/p>\n<p><strong>7. Sillee<\/strong><\/p>\n<audio class=\"wp-audio-shortcode\" id=\"audio-1552-2\" preload=\"none\" style=\"width: 100%;\" controls=\"controls\"><source type=\"audio\/mpeg\" src=\"https:\/\/etno.net\/wp-content\/uploads\/2020\/12\/etn_fcd_068_068_sou_007_prv.mp3?_=2\" \/><a href=\"https:\/\/etno.net\/wp-content\/uploads\/2020\/12\/etn_fcd_068_068_sou_007_prv.mp3\">https:\/\/etno.net\/wp-content\/uploads\/2020\/12\/etn_fcd_068_068_sou_007_prv.mp3<\/a><\/audio>\n<p>S\u00e4v. Arja Heinonen, sov. Anu Alviola, Arja Heinonen, Terhi Kero, Pauliina Pajala.<\/p>\n<p>Anu Alviola: s\u00e4hk\u00f6kantele<br \/>\nArja Heinonen: 5-rivinen haitari, 2-rivinen haitari<br \/>\nTerhi Kero: alttonokkahuilu, sopraanonokkahuilu<br \/>\nPauliina Pajala: viulu<\/p>\n<p><strong>8. Polkka Lohjalta<\/strong><br \/>\nS\u00e4v. trad., sov. Anu Alviola, Arja Heinonen, Terhi Kero, Pauliina Pajala.<\/p>\n<p>Anu Alviola: s\u00e4hk\u00f6kantele<br \/>\nArja Heinonen: 5-rivinen haitari, 2-rivinen haitari<br \/>\nTerhi Kero: alttonokkahuilu, sopraanonokkahuilu<br \/>\nPauliina Pajala: viulu<\/p>\n<p><strong>9. Anteeksipyynt\u00f6polska<\/strong><br \/>\nS\u00e4v. Terhi Kero, sov. Anu Alviola, Arja Heinonen, Terhi Kero, Pauliina Pajala.<\/p>\n<p>Anu Alviola: s\u00e4hk\u00f6kantele<br \/>\nArja Heinonen: 5-rivinen haitari, 2-rivinen haitari<br \/>\nTerhi Kero: alttonokkahuilu, sopraanonokkahuilu<br \/>\nPauliina Pajala: viulu<\/p>\n<p><strong>10. Laupias sottiisi<\/strong><br \/>\nS\u00e4v. Pauliina Pajala, sov. Anu Alviola, Arja Heinonen, Terhi Kero, Pauliina Pajala.<\/p>\n<p>Anu Alviola: s\u00e4hk\u00f6kantele<br \/>\nArja Heinonen: 5-rivinen haitari, 2-rivinen haitari<br \/>\nTerhi Kero: alttonokkahuilu, sopraanonokkahuilu<br \/>\nPauliina Pajala: viulu<\/p>\n<p><strong>11. Viismenuetti<\/strong><br \/>\nS\u00e4v. Anu Alviola, sov. Anu Alviola, Arja Heinonen, Terhi Kero, Pauliina Pajala.<\/p>\n<p>Anu Alviola: s\u00e4hk\u00f6kantele<br \/>\nArja Heinonen: 5-rivinen haitari, 2-rivinen haitari<br \/>\nTerhi Kero: alttonokkahuilu, sopraanonokkahuilu<br \/>\nPauliina Pajala: viulu<\/p>\n<p><strong>12. J\u00e4lkipolska<\/strong><br \/>\nS\u00e4v. Anu Alviola, sov. Anu Alviola, Arja Heinonen, Terhi Kero, Pauliina Pajala.<\/p>\n<p>Anu Alviola: s\u00e4hk\u00f6kantele<br \/>\nArja Heinonen: 5-rivinen haitari, 2-rivinen haitari<br \/>\nTerhi Kero: alttonokkahuilu, sopraanonokkahuilu<br \/>\nPauliina Pajala: viulu<\/p>\n<p><strong>13. Tollee<\/strong><\/p>\n<audio class=\"wp-audio-shortcode\" id=\"audio-1552-3\" preload=\"none\" style=\"width: 100%;\" controls=\"controls\"><source type=\"audio\/mpeg\" src=\"https:\/\/etno.net\/wp-content\/uploads\/2020\/12\/etn_fcd_068_068_sou_013_prv.mp3?_=3\" \/><a href=\"https:\/\/etno.net\/wp-content\/uploads\/2020\/12\/etn_fcd_068_068_sou_013_prv.mp3\">https:\/\/etno.net\/wp-content\/uploads\/2020\/12\/etn_fcd_068_068_sou_013_prv.mp3<\/a><\/audio>\n<p>S\u00e4v. Terhi Kero, sov. Anu Alviola, Arja Heinonen, Terhi Kero, Pauliina Pajala.<\/p>\n<p>Anu Alviola: s\u00e4hk\u00f6kantele<br \/>\nArja Heinonen: 5-rivinen haitari, 2-rivinen haitari<br \/>\nTerhi Kero: alttonokkahuilu, sopraanonokkahuilu<br \/>\nPauliina Pajala: viulu<\/p>\n","protected":false},"excerpt":{"rendered":"<p>Blatentsaine on nelj\u00e4n nuoren naisen kansanmusiikkiyhtye. Blatentsainen debyyttialbumi Juurihoitoa ilmestyi 27.5.2007. L\u00e4hes tunnin mittaisella levyll\u00e4 on yhtyeen j\u00e4senten s\u00e4velt\u00e4m\u00e4\u00e4 pelimannipoljentoista musiikkia: polskaa, polkkaa, sottiisia, menuettia, hamboa ja valssia. Levy sopii mainiosti my\u00f6s tanssittavaksi.<\/p>\n<div class=\"field field-name-field-kamucd-teknikot field-type-text-long field-label-hidden\">\n<div class=\"field-items\">\n<div class=\"field-item even\">Tuottaja: Matti Laitinen, Popkammari<br \/>\n\u00c4\u00e4nitys: Matti Laitinen, Popkammari<br \/>\nMiksaus: Matti Laitinen, Popkammari, Marko My\u00f6h\u00e4nen (3, 4, 5, 8)<br \/>\nMasterointi: Taito Hoffr\u00e9n, \u00c4\u00e4ni\u00e4<\/div>\n<\/div>\n<\/div>","protected":false},"featured_media":1553,"comment_status":"closed","ping_status":"closed","template":"","meta":{"_acf_changed":false},"product_brand":[],"product_cat":[65],"product_tag":[],"class_list":{"0":"post-1552","1":"product","2":"type-product","3":"status-publish","4":"has-post-thumbnail","6":"product_cat-aanitteet","8":"first","9":"instock","10":"shipping-taxable","11":"product-type-simple"},"acf":[],"_links":{"self":[{"href":"https:\/\/etno.net\/en\/wp-json\/wp\/v2\/product\/1552","targetHints":{"allow":["GET"]}}],"collection":[{"href":"https:\/\/etno.net\/en\/wp-json\/wp\/v2\/product"}],"about":[{"href":"https:\/\/etno.net\/en\/wp-json\/wp\/v2\/types\/product"}],"replies":[{"embeddable":true,"href":"https:\/\/etno.net\/en\/wp-json\/wp\/v2\/comments?post=1552"}],"wp:featuredmedia":[{"embeddable":true,"href":"https:\/\/etno.net\/en\/wp-json\/wp\/v2\/media\/1553"}],"wp:attachment":[{"href":"https:\/\/etno.net\/en\/wp-json\/wp\/v2\/media?parent=1552"}],"wp:term":[{"taxonomy":"product_brand","embeddable":true,"href":"https:\/\/etno.net\/en\/wp-json\/wp\/v2\/product_brand?post=1552"},{"taxonomy":"product_cat","embeddable":true,"href":"https:\/\/etno.net\/en\/wp-json\/wp\/v2\/product_cat?post=1552"},{"taxonomy":"product_tag","embeddable":true,"href":"https:\/\/etno.net\/en\/wp-json\/wp\/v2\/product_tag?post=1552"}],"curies":[{"name":"wp","href":"https:\/\/api.w.org\/{rel}","templated":true}]}}