{"id":1557,"date":"2020-12-16T15:57:29","date_gmt":"2020-12-16T13:57:29","guid":{"rendered":"https:\/\/etno.net\/?post_type=product&#038;p=1557"},"modified":"2021-12-21T14:47:30","modified_gmt":"2021-12-21T12:47:30","slug":"suo-ei-paivien-perajata","status":"publish","type":"product","link":"https:\/\/etno.net\/en\/julkaisu\/aanitteet\/suo-ei-paivien-perajata","title":{"rendered":"Suo: Ei p\u00e4ivien per\u00e4j\u00e4t\u00e4"},"content":{"rendered":"<p><strong>1. Saunaloitsu<\/strong><\/p>\n<!--[if lt IE 9]><script>document.createElement('audio');<\/script><![endif]-->\n<audio class=\"wp-audio-shortcode\" id=\"audio-1557-1\" preload=\"none\" style=\"width: 100%;\" controls=\"controls\"><source type=\"audio\/mpeg\" src=\"https:\/\/etno.net\/wp-content\/uploads\/2020\/12\/etn_fcd_069_069_sou_001_prv.mp3?_=1\" \/><a href=\"https:\/\/etno.net\/wp-content\/uploads\/2020\/12\/etn_fcd_069_069_sou_001_prv.mp3\">https:\/\/etno.net\/wp-content\/uploads\/2020\/12\/etn_fcd_069_069_sou_001_prv.mp3<\/a><\/audio>\n<p>S\u00e4v. Roope Aarnio, Veera Voima, san. trad., sov. Roope Aarnio, Emilia Lajunen, Veera Voima.<\/p>\n<p>Roope Aarnio: kitara, e-bow, mandoliini, taustalaulu<br \/>\nEmilia Lajunen: viulu, avainviulu, taustalaulu<br \/>\nVeera Voima: laulu, kantele, yl\u00e4s\u00e4velhuilu, nokkahuilu, low whistle, rahistin, shamaanirumpu<\/p>\n<p><strong>2. Viikot vuottelin<\/strong><br \/>\nS\u00e4v. Roope Aarnio, Veera Voima, san. trad., sov. Roope Aarnio, Emilia Lajunen, Veera Voima.<\/p>\n<p>Roope Aarnio: kitara, e-bow, mandoliini, taustalaulu<br \/>\nEmilia Lajunen: viulu, avainviulu, taustalaulu<br \/>\nVeera Voima: laulu, kantele, yl\u00e4s\u00e4velhuilu, nokkahuilu, low whistle, rahistin, shamaanirumpu<\/p>\n<p><strong>3. Mets\u00e4n tytt\u00f6<\/strong><br \/>\nS\u00e4v. Roope Aarnio, Veera Voima, san. trad., sov. Roope Aarnio, Emilia Lajunen, Veera Voima.<\/p>\n<p>Roope Aarnio: kitara, e-bow, mandoliini, taustalaulu<br \/>\nEmilia Lajunen: viulu, avainviulu, taustalaulu<br \/>\nPekka Lehti: kontrabasso<br \/>\nVeera Voima: laulu, kantele, yl\u00e4s\u00e4velhuilu, nokkahuilu, low whistle, rahistin, shamaanirumpu<\/p>\n<p><strong>4. Muistan<\/strong><\/p>\n<audio class=\"wp-audio-shortcode\" id=\"audio-1557-2\" preload=\"none\" style=\"width: 100%;\" controls=\"controls\"><source type=\"audio\/mpeg\" src=\"https:\/\/etno.net\/wp-content\/uploads\/2020\/12\/etn_fcd_069_069_sou_004_prv.mp3?_=2\" \/><a href=\"https:\/\/etno.net\/wp-content\/uploads\/2020\/12\/etn_fcd_069_069_sou_004_prv.mp3\">https:\/\/etno.net\/wp-content\/uploads\/2020\/12\/etn_fcd_069_069_sou_004_prv.mp3<\/a><\/audio>\n<p>S\u00e4v. Roope Aarnio, Veera Voima, san. trad., sov. Roope Aarnio, Emilia Lajunen, Veera Voima.<\/p>\n<p>Roope Aarnio: kitara, e-bow, mandoliini, taustalaulu<br \/>\nEmilia Lajunen: viulu, avainviulu, taustalaulu<br \/>\nPekka Lehti: kontrabasso<br \/>\nVeera Voima: laulu, kantele, yl\u00e4s\u00e4velhuilu, nokkahuilu, low whistle, rahistin, shamaanirumpu<\/p>\n<p><strong>5. Ohtoseni<\/strong><br \/>\nS\u00e4v. Roope Aarnio, Veera Voima, san. trad., sov. Roope Aarnio, Emilia Lajunen, Veera Voima.<\/p>\n<p>Roope Aarnio: kitara, e-bow, mandoliini, taustalaulu<br \/>\nEmilia Lajunen: viulu, avainviulu, taustalaulu<br \/>\nVeera Voima: laulu, kantele, yl\u00e4s\u00e4velhuilu, nokkahuilu, low whistle, rahistin, shamaanirumpu<\/p>\n<p><strong>6. Jauha, jauha<\/strong><br \/>\nS\u00e4v. Roope Aarnio, Veera Voima, san. trad., sov. Roope Aarnio, Emilia Lajunen, Veera Voima.<\/p>\n<p>Roope Aarnio: kitara, e-bow, mandoliini, taustalaulu<br \/>\nEmilia Lajunen: viulu, avainviulu, taustalaulu<br \/>\nVeera Voima: laulu, kantele, yl\u00e4s\u00e4velhuilu, nokkahuilu, low whistle, rahistin, shamaanirumpu<\/p>\n<p><strong>7. Hilpatus<\/strong><br \/>\nS\u00e4v. Roope Aarnio, Veera Voima, san. trad., sov. Roope Aarnio, Emilia Lajunen, Veera Voima.<\/p>\n<p>Roope Aarnio: kitara, e-bow, mandoliini, taustalaulu<br \/>\nEmilia Lajunen: viulu, avainviulu, taustalaulu<br \/>\nVeera Voima: laulu, kantele, yl\u00e4s\u00e4velhuilu, nokkahuilu, low whistle, rahistin, shamaanirumpu<\/p>\n<p><strong>8. Vanha kulta<\/strong><br \/>\nS\u00e4v. trad., san. trad., sov. Roope Aarnio, Emilia Lajunen, Veera Voima.<\/p>\n<p>Roope Aarnio: kitara, e-bow, mandoliini, taustalaulu<br \/>\nEmilia Lajunen: viulu, avainviulu, taustalaulu<br \/>\nVeera Voima: laulu, kantele, yl\u00e4s\u00e4velhuilu, nokkahuilu, low whistle, rahistin, shamaanirumpu<\/p>\n<p><strong>9. Ei p\u00e4ivien perij\u00e4t\u00e4<\/strong><br \/>\nS\u00e4v. Roope Aarnio, Veera Voima, san. trad., sov. Roope Aarnio, Emilia Lajunen, Veera Voima.<\/p>\n<p>Roope Aarnio: kitara, e-bow, mandoliini, taustalaulu<br \/>\nEmilia Lajunen: viulu, avainviulu, taustalaulu<br \/>\nVeera Voima: laulu, kantele, yl\u00e4s\u00e4velhuilu, nokkahuilu, low whistle, rahistin, shamaanirumpu<\/p>\n<p><strong>10. Kuutar<\/strong><br \/>\nS\u00e4v. Roope Aarnio, Veera Voima, san. trad., sov. Roope Aarnio, Emilia Lajunen, Veera Voima.<\/p>\n<p>Roope Aarnio: kitara, e-bow, mandoliini, taustalaulu<br \/>\nEmilia Lajunen: viulu, avainviulu, taustalaulu<br \/>\nPekka Lehti: kontrabasso<br \/>\nVeera Voima: laulu, kantele, yl\u00e4s\u00e4velhuilu, nokkahuilu, low whistle, rahistin, shamaanirumpu<\/p>\n<p><strong>11. Tanssia tahtoisin<\/strong><\/p>\n<audio class=\"wp-audio-shortcode\" id=\"audio-1557-3\" preload=\"none\" style=\"width: 100%;\" controls=\"controls\"><source type=\"audio\/mpeg\" src=\"https:\/\/etno.net\/wp-content\/uploads\/2020\/12\/etn_fcd_069_069_sou_011_prv.mp3?_=3\" \/><a href=\"https:\/\/etno.net\/wp-content\/uploads\/2020\/12\/etn_fcd_069_069_sou_011_prv.mp3\">https:\/\/etno.net\/wp-content\/uploads\/2020\/12\/etn_fcd_069_069_sou_011_prv.mp3<\/a><\/audio>\n<p>S\u00e4v. trad., san. Veera Voima, sov. Roope Aarnio, Emilia Lajunen, Veera Voima.<\/p>\n<p>Roope Aarnio: kitara, e-bow, mandoliini, taustalaulu<br \/>\nEmilia Lajunen: viulu, avainviulu, taustalaulu<br \/>\nVeera Voima: laulu, kantele, yl\u00e4s\u00e4velhuilu, nokkahuilu, low whistle, rahistin, shamaanirumpu<\/p>\n","protected":false},"excerpt":{"rendered":"<p>Suo -trio kaivautuu musiikissaan syv\u00e4lle kalevalaiseen maisemaan, sen kiehtoviin myytteihin, rikkaisiin kielikuviin ja ajattomaan s\u00e4velkudokseen. Suon k\u00e4sittelyss\u00e4 muinainen runolaulu her\u00e4\u00e4 henkiin ja menee jalan alle: Roope Aarnion svengaava kitara, Emilia Lajusen notkea viulismi ja Veera Voiman s\u00e4vyk\u00e4s laulu imev\u00e4t kuulijan mukaansa uudenlaiselle matkalle.<\/p>\n<p>Muita elementtej\u00e4 Suon ainutlaatuisen soundin luomisessa ovat mm. avainviulu, 15-kielinen kantele, shamaanirumpu, vanhakantainen pitk\u00e4huilu sek\u00e4 rikas kolmi\u00e4\u00e4ninen laulu.<\/p>\n<div class=\"field field-name-field-kamucd-teknikot field-type-text-long field-label-hidden\">\n<div class=\"field-items\">\n<div class=\"field-item even\">Tuottajat: Veera Voima, Roope Aarnio, Emilia Lajunen<br \/>\n\u00c4\u00e4nitys: Vesa Norilo<br \/>\nMiksaus: Vesa Norilo<br \/>\nMasterointi: Minerva Pappi, Finnvox<\/div>\n<\/div>\n<\/div>","protected":false},"featured_media":1558,"comment_status":"closed","ping_status":"closed","template":"","meta":{"_acf_changed":false},"product_brand":[],"product_cat":[65],"product_tag":[],"class_list":{"0":"post-1557","1":"product","2":"type-product","3":"status-publish","4":"has-post-thumbnail","6":"product_cat-aanitteet","8":"first","9":"instock","10":"shipping-taxable","11":"product-type-simple"},"acf":[],"_links":{"self":[{"href":"https:\/\/etno.net\/en\/wp-json\/wp\/v2\/product\/1557","targetHints":{"allow":["GET"]}}],"collection":[{"href":"https:\/\/etno.net\/en\/wp-json\/wp\/v2\/product"}],"about":[{"href":"https:\/\/etno.net\/en\/wp-json\/wp\/v2\/types\/product"}],"replies":[{"embeddable":true,"href":"https:\/\/etno.net\/en\/wp-json\/wp\/v2\/comments?post=1557"}],"wp:featuredmedia":[{"embeddable":true,"href":"https:\/\/etno.net\/en\/wp-json\/wp\/v2\/media\/1558"}],"wp:attachment":[{"href":"https:\/\/etno.net\/en\/wp-json\/wp\/v2\/media?parent=1557"}],"wp:term":[{"taxonomy":"product_brand","embeddable":true,"href":"https:\/\/etno.net\/en\/wp-json\/wp\/v2\/product_brand?post=1557"},{"taxonomy":"product_cat","embeddable":true,"href":"https:\/\/etno.net\/en\/wp-json\/wp\/v2\/product_cat?post=1557"},{"taxonomy":"product_tag","embeddable":true,"href":"https:\/\/etno.net\/en\/wp-json\/wp\/v2\/product_tag?post=1557"}],"curies":[{"name":"wp","href":"https:\/\/api.w.org\/{rel}","templated":true}]}}