{"id":1562,"date":"2020-12-16T16:09:37","date_gmt":"2020-12-16T14:09:37","guid":{"rendered":"https:\/\/etno.net\/?post_type=product&#038;p=1562"},"modified":"2021-12-21T14:46:45","modified_gmt":"2021-12-21T12:46:45","slug":"vtq-vilma-timonen-quartet","status":"publish","type":"product","link":"https:\/\/etno.net\/en\/julkaisu\/aanitteet\/vtq-vilma-timonen-quartet","title":{"rendered":"VTQ Vilma Timonen Quartet"},"content":{"rendered":"<p><strong>1. Polska in red<\/strong><\/p>\n<!--[if lt IE 9]><script>document.createElement('audio');<\/script><![endif]-->\n<audio class=\"wp-audio-shortcode\" id=\"audio-1562-1\" preload=\"none\" style=\"width: 100%;\" controls=\"controls\"><source type=\"audio\/mpeg\" src=\"https:\/\/etno.net\/wp-content\/uploads\/2020\/12\/etn_fcd_070_070_sou_001_prv.mp3?_=1\" \/><a href=\"https:\/\/etno.net\/wp-content\/uploads\/2020\/12\/etn_fcd_070_070_sou_001_prv.mp3\">https:\/\/etno.net\/wp-content\/uploads\/2020\/12\/etn_fcd_070_070_sou_001_prv.mp3<\/a><\/audio>\n<p>S\u00e4v. Vilma Timonen, trad., sov. Ape Anttila, Mikko Hassinen, Topi Korhonen, Vilma Timonen.<\/p>\n<p>Ape Anttila: kontrabasso, s\u00e4hk\u00f6basso, kellopeli, laulu<br \/>\nMikko Hassinen: rummut, perkussiot<br \/>\nTopi Korhonen: kitara, trumpetti, laulu<br \/>\nVilma Timonen: 15-kielinen kantele, pikkolokantele, laulu<\/p>\n<p><strong>2. Quoting A<\/strong><br \/>\nS\u00e4v. Ape Anttila, Topi Korhonen, Vilma Timonen, sov. Ape Anttila, Mikko Hassinen, Topi Korhonen, Vilma Timonen.<\/p>\n<p>Ape Anttila: kontrabasso, s\u00e4hk\u00f6basso, kellopeli, laulu<br \/>\nMikko Hassinen: rummut, perkussiot<br \/>\nTopi Korhonen: kitara, trumpetti, laulu<br \/>\nVilma Timonen: 15-kielinen kantele, pikkolokantele, laulu<\/p>\n<p><strong>3. Carelian<\/strong><br \/>\nS\u00e4v. Ape Anttila, Vilma Timonen, sov. Ape Anttila, Mikko Hassinen, Topi Korhonen, Vilma Timonen.<\/p>\n<p>Ape Anttila: kontrabasso, s\u00e4hk\u00f6basso, kellopeli, laulu<br \/>\nMikko Hassinen: rummut, perkussiot<br \/>\nTopi Korhonen: kitara, trumpetti, laulu<br \/>\nVilma Timonen: 15-kielinen kantele, pikkolokantele, laulu<\/p>\n<p><strong>4. Lost &amp; Found<\/strong><br \/>\nS\u00e4v. Topi Korhonen, Vilma Timonen, sov. Ape Anttila, Mikko Hassinen, Topi Korhonen, Vilma Timonen.<\/p>\n<p>Ape Anttila: kontrabasso, s\u00e4hk\u00f6basso, kellopeli, laulu<br \/>\nMikko Hassinen: rummut, perkussiot<br \/>\nTopi Korhonen: kitara, trumpetti, laulu<br \/>\nVilma Timonen: 15-kielinen kantele, pikkolokantele, laulu<\/p>\n<p><strong>5. Emilia<\/strong><\/p>\n<audio class=\"wp-audio-shortcode\" id=\"audio-1562-2\" preload=\"none\" style=\"width: 100%;\" controls=\"controls\"><source type=\"audio\/mpeg\" src=\"https:\/\/etno.net\/wp-content\/uploads\/2020\/12\/etn_fcd_070_070_sou_005_prv.mp3?_=2\" \/><a href=\"https:\/\/etno.net\/wp-content\/uploads\/2020\/12\/etn_fcd_070_070_sou_005_prv.mp3\">https:\/\/etno.net\/wp-content\/uploads\/2020\/12\/etn_fcd_070_070_sou_005_prv.mp3<\/a><\/audio>\n<p>S\u00e4v. Vilma Timonen, sov. Ape Anttila, Mikko Hassinen, Topi Korhonen, Vilma Timonen.<\/p>\n<p>Ape Anttila: kontrabasso, s\u00e4hk\u00f6basso, kellopeli, laulu<br \/>\nMikko Hassinen: rummut, perkussiot<br \/>\nTopi Korhonen: kitara, trumpetti, laulu<br \/>\nVilma Timonen: 15-kielinen kantele, pikkolokantele, laulu<\/p>\n<p><strong>6. H\u00f6pellyst\u00e4<\/strong><br \/>\nS\u00e4v. Vilma Timonen, sov. Ape Anttila, Mikko Hassinen, Topi Korhonen, Vilma Timonen.<\/p>\n<p>Ape Anttila: kontrabasso, s\u00e4hk\u00f6basso, kellopeli, laulu<br \/>\nMikko Hassinen: rummut, perkussiot<br \/>\nTopi Korhonen: kitara, trumpetti, laulu<br \/>\nVilma Timonen: 15-kielinen kantele, pikkolokantele, laulu<\/p>\n<p><strong>7. Without Rules<\/strong><br \/>\nS\u00e4v. Vilma Timonen, sov. Ape Anttila, Mikko Hassinen, Topi Korhonen, Vilma Timonen.<\/p>\n<p>Ape Anttila: kontrabasso, s\u00e4hk\u00f6basso, kellopeli, laulu<br \/>\nMikko Hassinen: rummut, perkussiot<br \/>\nTopi Korhonen: kitara, trumpetti, laulu<br \/>\nVilma Timonen: 15-kielinen kantele, pikkolokantele, laulu<\/p>\n<p><strong>8. Pl\u00e4ssimizeh soitanda<\/strong><br \/>\nS\u00e4v. Ape Anttila, trad., sov. Ape Anttila, Mikko Hassinen, Topi Korhonen, Vilma Timonen.<\/p>\n<p>Ape Anttila: kontrabasso, s\u00e4hk\u00f6basso, kellopeli, laulu<br \/>\nMikko Hassinen: rummut, perkussiot<br \/>\nTopi Korhonen: kitara, trumpetti, laulu<br \/>\nVilma Timonen: 15-kielinen kantele, pikkolokantele, laulu<\/p>\n<p><strong>9. Lumi<\/strong><\/p>\n<audio class=\"wp-audio-shortcode\" id=\"audio-1562-3\" preload=\"none\" style=\"width: 100%;\" controls=\"controls\"><source type=\"audio\/mpeg\" src=\"https:\/\/etno.net\/wp-content\/uploads\/2020\/12\/etn_fcd_070_070_sou_009_prv.mp3?_=3\" \/><a href=\"https:\/\/etno.net\/wp-content\/uploads\/2020\/12\/etn_fcd_070_070_sou_009_prv.mp3\">https:\/\/etno.net\/wp-content\/uploads\/2020\/12\/etn_fcd_070_070_sou_009_prv.mp3<\/a><\/audio>\n<p>S\u00e4v. Topi Korhonen, Vilma Timonen, sov. Topi Korhonen, Vilma Timonen.<\/p>\n<p>Ape Anttila: kontrabasso, s\u00e4hk\u00f6basso, kellopeli, laulu<br \/>\nMikko Hassinen: rummut, perkussiot<br \/>\nTopi Korhonen: kitara, trumpetti, laulu<br \/>\nVilma Timonen: 15-kielinen kantele, pikkolokantele, laulu<\/p>\n<p><strong>10. Lost &amp; Found (akustinen live-versio)<\/strong><br \/>\nS\u00e4v. Topi Korhonen, Vilma Timonen, sov. Ape Anttila, Mikko Hassinen, Topi Korhonen, Vilma Timonen.<\/p>\n<p>Ape Anttila: kontrabasso, s\u00e4hk\u00f6basso, kellopeli, laulu<br \/>\nMikko Hassinen: rummut, perkussiot<br \/>\nTopi Korhonen: kitara, trumpetti, laulu<br \/>\nVilma Timonen: 15-kielinen kantele, pikkolokantele, laulu<\/p>\n","protected":false},"excerpt":{"rendered":"<div class=\"field field-name-body field-type-text-with-summary field-label-hidden\">\n<div class=\"field-items\">\n<div class=\"field-item even\">\n<p>Ah! Kuinka voisikaan unohtaa ensikosketustaan Suomen kansallissoittimeen, kanteleeseen. Itsell\u00e4ni se tapahtui liian varhain, kuuden vuoden liian hauraassa i\u00e4ss\u00e4. Kesti kauan ennen kuin ymm\u00e4rsin, ettei ainoa tapa soittaa sit\u00e4 ole kymmenen muun eri vireisen viisikielisen kanssa eri tahtiin &#8221;harjaten&#8221;.<\/p>\n<p>Yksi avartavimmista kokemuksista aiheesta on Vilmo Timonen Quartetin levy \u2013 ensimm\u00e4inen lajiaan, aikaisemmin ei kanteleensoittoa ole levytetty t\u00e4llaisen &#8221;sp\u00e4ndin&#8221; j\u00e4senen\u00e4, palana t\u00e4m\u00e4nkaltaista kvartettia.<\/p>\n<p>Levyn teoksen &#8221;Carelian&#8221; vastustamattomaan poljentoon kristallisoituu orkesterin ydin: eri l\u00e4ht\u00f6kohdista kokoontulleet loistavat muusikot puhaltavat samaan hiilenpalaan, josta lempe\u00e4n paineen alla valmistuu timantti. Orkesterin soitto pursuaa koko levyn ajan kekseli\u00e4isyytt\u00e4, keskin\u00e4ist\u00e4 kunnioitusta ja inspiroitumista sek\u00e4 nimenomaan suurta syd\u00e4nt\u00e4. Kamarimusiikillinen kokoonpano on dynaamisuudessaan ja s\u00e4vyjen rikkaudessa luonnonvastaisen ilmi\u00f6m\u00e4inen, miltei perverssi! Tuottaja Ape &#8221;APE&#8221; Anttila on saanut levyst\u00e4 h\u00e4kellytt\u00e4v\u00e4n hienon dramaturgisen kokonaisuuden, jossa jokaisella s\u00e4vellyksell\u00e4 on v\u00e4kev\u00e4 karakt\u00e4\u00e4ri ja ik\u00e4\u00e4n kuin rooli. On nostettava hattua \u2013 p\u00e4\u00e4ni paljastamisen uhallakin.<\/p>\n<p>T\u00e4llaisen &#8221;lajinsa ensimm\u00e4isen&#8221; \u2013 tapauksen kohdalla olisi helppoa viitata raja-aitoihin ja niit\u00e4 runteleviin, ajan ja muutoksen ankariin kouriin. Mutta on musiikintekij\u00f6it\u00e4, jotka eiv\u00e4t n\u00e4e eri tyylej\u00e4 ja yhteis\u00f6j\u00e4 rajaavia aitoja, eiv\u00e4tk\u00e4 liiemmin huomaa ajassa mit\u00e4\u00e4n poikkeuksellista, sill\u00e4 heille on muutos aina ollut luontainen ja pysyv\u00e4 tila. Ja musiikin tekemisen suhteen elinehto. T\u00e4m\u00e4 albumi on sellaisten tekij\u00f6iden k\u00e4denj\u00e4lki, upea sellainen (huutomerkki!)<\/p>\n<\/div>\n<\/div>\n<\/div>\n<div class=\"field field-name-field-kamucd-kuv-kirjoittaja field-type-text field-label-hidden\">\n<div class=\"field-items\">\n<div class=\"field-item even\"><em>Marzi Nyman<\/em><\/div>\n<div><\/div>\n<\/div>\n<div>Tuottajat: Ape Anttila, Vilma Timonen<br \/>\n\u00c4\u00e4nitys: Kimmo Antikainen<br \/>\nMiksaus: Kimmo Antikainen, Finnvox<br \/>\nMasterointi: Pauli Saastamoinen, Finnvox<\/div>\n<\/div>\n<div><\/div>\n<div><\/div>","protected":false},"featured_media":1563,"comment_status":"closed","ping_status":"closed","template":"","meta":{"_acf_changed":false},"product_brand":[],"product_cat":[65],"product_tag":[],"class_list":{"0":"post-1562","1":"product","2":"type-product","3":"status-publish","4":"has-post-thumbnail","6":"product_cat-aanitteet","8":"first","9":"instock","10":"shipping-taxable","11":"product-type-simple"},"acf":[],"_links":{"self":[{"href":"https:\/\/etno.net\/en\/wp-json\/wp\/v2\/product\/1562","targetHints":{"allow":["GET"]}}],"collection":[{"href":"https:\/\/etno.net\/en\/wp-json\/wp\/v2\/product"}],"about":[{"href":"https:\/\/etno.net\/en\/wp-json\/wp\/v2\/types\/product"}],"replies":[{"embeddable":true,"href":"https:\/\/etno.net\/en\/wp-json\/wp\/v2\/comments?post=1562"}],"wp:featuredmedia":[{"embeddable":true,"href":"https:\/\/etno.net\/en\/wp-json\/wp\/v2\/media\/1563"}],"wp:attachment":[{"href":"https:\/\/etno.net\/en\/wp-json\/wp\/v2\/media?parent=1562"}],"wp:term":[{"taxonomy":"product_brand","embeddable":true,"href":"https:\/\/etno.net\/en\/wp-json\/wp\/v2\/product_brand?post=1562"},{"taxonomy":"product_cat","embeddable":true,"href":"https:\/\/etno.net\/en\/wp-json\/wp\/v2\/product_cat?post=1562"},{"taxonomy":"product_tag","embeddable":true,"href":"https:\/\/etno.net\/en\/wp-json\/wp\/v2\/product_tag?post=1562"}],"curies":[{"name":"wp","href":"https:\/\/api.w.org\/{rel}","templated":true}]}}