{"id":1572,"date":"2020-12-16T16:23:15","date_gmt":"2020-12-16T14:23:15","guid":{"rendered":"https:\/\/etno.net\/?post_type=product&#038;p=1572"},"modified":"2021-12-15T11:40:43","modified_gmt":"2021-12-15T09:40:43","slug":"petri-hakala-trad-traditional-finnish-fiddle-tunes-on-guitars-and-mandolins","status":"publish","type":"product","link":"https:\/\/etno.net\/en\/julkaisu\/aanitteet\/petri-hakala-trad-traditional-finnish-fiddle-tunes-on-guitars-and-mandolins","title":{"rendered":"Petri Hakala: Trad. Traditional Finnish Fiddle Tunes on Guitars and Mandolins"},"content":{"rendered":"<p><strong>1. Tallarin polskat<\/strong><br \/>\nS\u00e4v. trad., sov. Petri Hakala, trad.<\/p>\n<p>Pinnin ja Seijarin polska, Peli-Jussin ja Tallarin polska ja Pinnin polska. Soittanut Elias Tallari Kuortaneelta. Mandoliini kvartetti: kaksi mandoliinia, mandola (CGDA), mandosello (CGDA).<\/p>\n<p>Petri Hakala: mandoliinit, mandola, mandosello<\/p>\n<p><strong>2. Mets\u00e4pellon polkka<\/strong><\/p>\n<!--[if lt IE 9]><script>document.createElement('audio');<\/script><![endif]-->\n<audio class=\"wp-audio-shortcode\" id=\"audio-1572-1\" preload=\"none\" style=\"width: 100%;\" controls=\"controls\"><source type=\"audio\/mpeg\" src=\"https:\/\/etno.net\/wp-content\/uploads\/2020\/12\/etn_fcd_072_072_sou_002_prv.mp3?_=1\" \/><a href=\"https:\/\/etno.net\/wp-content\/uploads\/2020\/12\/etn_fcd_072_072_sou_002_prv.mp3\">https:\/\/etno.net\/wp-content\/uploads\/2020\/12\/etn_fcd_072_072_sou_002_prv.mp3<\/a><\/audio>\n<p>S\u00e4v. trad., sov. Petri Hakala, trad.<\/p>\n<p>Polkka mestariviulisti Erkki Mets\u00e4pellon ohjelmistosta. Mandoliini ja mandosello.<\/p>\n<p>Petri Hakala: mandoliinit, mandosello<\/p>\n<p><strong>3. Jouhikkos\u00e4velmi\u00e4<\/strong><br \/>\nS\u00e4v. trad., sov. Petri Hakala, trad.<\/p>\n<p>Armas Otto V\u00e4is\u00e4sen vuonna 1916 Feodor Pratsulta ker\u00e4\u00e4mi\u00e4 jouhikkos\u00e4velmi\u00e4. Kitarassa avoin vire DGDGBD.<\/p>\n<p>Petri Hakala: kitara<\/p>\n<p><strong>4. Lundgrenin menuetti<\/strong><br \/>\nS\u00e4v. trad., sov. Petri Hakala, trad.<\/p>\n<p>Menuetti viulisti Karl F. Lundgrenin ohjelmistosta. Kaksi mandoliinia soitettu &#8221;crosspicking&#8221; -tyylill\u00e4.<\/p>\n<p>Petri Hakala: mandoliinit<\/p>\n<p><strong>5. Savioja<\/strong><br \/>\nS\u00e4v. trad., sov. Petri Hakala, trad.<\/p>\n<p>Leo Saviojalta ker\u00e4tty polska, opittu Arto J\u00e4rvel\u00e4lt\u00e4. Mandoliini ja kitara.<\/p>\n<p>Petri Hakala: mandoliini, kitara<\/p>\n<p><strong>6. Inkeril\u00e4isi\u00e4 paimens\u00e4velmi\u00e4<\/strong><\/p>\n<audio class=\"wp-audio-shortcode\" id=\"audio-1572-2\" preload=\"none\" style=\"width: 100%;\" controls=\"controls\"><source type=\"audio\/mpeg\" src=\"https:\/\/etno.net\/wp-content\/uploads\/2020\/12\/etn_fcd_072_072_sou_006_prv.mp3?_=2\" \/><a href=\"https:\/\/etno.net\/wp-content\/uploads\/2020\/12\/etn_fcd_072_072_sou_006_prv.mp3\">https:\/\/etno.net\/wp-content\/uploads\/2020\/12\/etn_fcd_072_072_sou_006_prv.mp3<\/a><\/audio>\n<p>S\u00e4v. trad., sov. Petri Hakala, trad.<\/p>\n<p>Kaksi inkeril\u00e4ist\u00e4 paimens\u00e4velm\u00e4\u00e4 Matti Pukoselta (Tsiizik) ja Pavel Larinpojalta. Avoin vire kitarassa. DGDGCD<\/p>\n<p>Petri Hakala: kitara<\/p>\n<p><strong>7. Peli-Jussin tulomarssi<\/strong><br \/>\nS\u00e4v. trad., sov. Petri Hakala, trad.<\/p>\n<p>Hidas marssi Elias Tallarilta. Mandoliini kvartetti.<\/p>\n<p>Petri Hakala: mandoliinit<\/p>\n<p><strong>8. Karl Ragnarin parempi<\/strong><br \/>\nS\u00e4v. trad., sov. Petri Hakala, trad.<\/p>\n<p>Suomenruotsalainen polkka Karl Ragnar Perukselta. Kitara.<\/p>\n<p>Petri Hakala: kitara<\/p>\n<p><strong>9. Henry Fordin sottiisit<\/strong><br \/>\nS\u00e4v. trad., sov. Petri Hakala, trad.<\/p>\n<p>Kaksi amerikansuomalaista alkuper\u00e4\u00e4 olevaa sottiisia Kaustisen alueelta. Mandoliini ja mandosello.<\/p>\n<p>Petri Hakala: mandoliini, mandosello<\/p>\n<p><strong>10. Taklaxin menuetti ja polska<\/strong><br \/>\nS\u00e4v. trad., sov. Petri Hakala, trad.<\/p>\n<p>Menuetti ja polska Johan Erik Taklaxelta. Kaksi kitaraa avoimessa vireess\u00e4. EGDGBE<\/p>\n<p>Petri Hakala: kitarat<\/p>\n<p><strong>11. Karlssonin valssit<\/strong><br \/>\nS\u00e4v. trad., sov. Petri Hakala, trad.<\/p>\n<p>Kaksi valssia Ahvenanmaalta viulisti Kalle Karlssonilta. Opittu huilisti Kurt Lindbladilta. Avoin vire mandolassa. CGCG<\/p>\n<p>Petri Hakala: mandola<\/p>\n<p><strong>12. Lindin menuetti<\/strong><br \/>\nS\u00e4v. trad., sov. Petri Hakala, trad.<\/p>\n<p>Suomenruotsalainen menuetti. L\u00e4hde: K. A. Lind. Fingerpicking guitar.<\/p>\n<p>Petri Hakala: kitara<\/p>\n<p><strong>13. Syrj\u00e4l\u00e4n Kaapon polska<\/strong><br \/>\nS\u00e4v. trad., sov. Petri Hakala, trad.<\/p>\n<p>Kuuluisa polska Matti Haudanmaan ohjelmistosta. Kaksi kitaraa.<\/p>\n<p>Petri Hakala: kitarat<\/p>\n<p><strong>14. Vanha koraali<\/strong><\/p>\n<audio class=\"wp-audio-shortcode\" id=\"audio-1572-3\" preload=\"none\" style=\"width: 100%;\" controls=\"controls\"><source type=\"audio\/mpeg\" src=\"https:\/\/etno.net\/wp-content\/uploads\/2020\/12\/etn_fcd_072_072_sou_014_prv.mp3?_=3\" \/><a href=\"https:\/\/etno.net\/wp-content\/uploads\/2020\/12\/etn_fcd_072_072_sou_014_prv.mp3\">https:\/\/etno.net\/wp-content\/uploads\/2020\/12\/etn_fcd_072_072_sou_014_prv.mp3<\/a><\/audio>\n<p>S\u00e4v. Petri Hakala, trad., sov. Petri Hakala, trad.<\/p>\n<p>S\u00e4velm\u00e4, joka perustuu vanhan koraalin eri versioihin. Fingerpicked slide guitar in open tuning. DADGAD<\/p>\n<p>Petri Hakala: kitara<\/p>\n","protected":false},"excerpt":{"rendered":"<p>K\u00e4dess\u00e4si oleva levy sis\u00e4lt\u00e4\u00e4 kokoelman p\u00e4\u00e4osin suomalaisia viulus\u00e4velmi\u00e4 erilaisina kitara- ja mandoliinisovituksina, soolokappaleista mandoliinikvartetteihin. Kappalevalikoima on muotoutunut vuosien varrella toimiessani opettajana Sibelius-Akatemian kansanmusiikin osastolla ja erilaisilla kansanmusiikkikursseilla. Levy peilaa omaa kehityst\u00e4ni suomalaisen kansanmusiikin tulkitsijana muiden kielisoitintraditioiden vaikutusta unohtamatta.<\/p>\n<p>Antoisia kuunteluhetki\u00e4,<br \/>\n<em>Petri Hakala<\/em><\/p>\n<p>\u00c4\u00e4nitys: Petri Hakala<br \/>\nMiksaus: Janne Viksten<br \/>\nMasterointi: Svante Forsb\u00e4ck, Chartmakers Oy<\/p>","protected":false},"featured_media":1573,"comment_status":"closed","ping_status":"closed","template":"","meta":{"_acf_changed":false},"product_brand":[],"product_cat":[65],"product_tag":[],"class_list":{"0":"post-1572","1":"product","2":"type-product","3":"status-publish","4":"has-post-thumbnail","6":"product_cat-aanitteet","8":"first","9":"instock","10":"shipping-taxable","11":"product-type-simple"},"acf":[],"_links":{"self":[{"href":"https:\/\/etno.net\/en\/wp-json\/wp\/v2\/product\/1572","targetHints":{"allow":["GET"]}}],"collection":[{"href":"https:\/\/etno.net\/en\/wp-json\/wp\/v2\/product"}],"about":[{"href":"https:\/\/etno.net\/en\/wp-json\/wp\/v2\/types\/product"}],"replies":[{"embeddable":true,"href":"https:\/\/etno.net\/en\/wp-json\/wp\/v2\/comments?post=1572"}],"wp:featuredmedia":[{"embeddable":true,"href":"https:\/\/etno.net\/en\/wp-json\/wp\/v2\/media\/1573"}],"wp:attachment":[{"href":"https:\/\/etno.net\/en\/wp-json\/wp\/v2\/media?parent=1572"}],"wp:term":[{"taxonomy":"product_brand","embeddable":true,"href":"https:\/\/etno.net\/en\/wp-json\/wp\/v2\/product_brand?post=1572"},{"taxonomy":"product_cat","embeddable":true,"href":"https:\/\/etno.net\/en\/wp-json\/wp\/v2\/product_cat?post=1572"},{"taxonomy":"product_tag","embeddable":true,"href":"https:\/\/etno.net\/en\/wp-json\/wp\/v2\/product_tag?post=1572"}],"curies":[{"name":"wp","href":"https:\/\/api.w.org\/{rel}","templated":true}]}}