{"id":1577,"date":"2020-12-16T16:28:24","date_gmt":"2020-12-16T14:28:24","guid":{"rendered":"https:\/\/etno.net\/?post_type=product&#038;p=1577"},"modified":"2021-12-15T11:38:28","modified_gmt":"2021-12-15T09:38:28","slug":"may-monday-midnight","status":"publish","type":"product","link":"https:\/\/etno.net\/en\/julkaisu\/aanitteet\/may-monday-midnight","title":{"rendered":"May Monday: Midnight"},"content":{"rendered":"<p><strong>1. Hope\/Gerry Commane&#8217;s\/Back Home at Onsb\u00e4cken\/Beoga \/ Sam&#8217;s Tune<\/strong><\/p>\n<!--[if lt IE 9]><script>document.createElement('audio');<\/script><![endif]-->\n<audio class=\"wp-audio-shortcode\" id=\"audio-1577-1\" preload=\"none\" style=\"width: 100%;\" controls=\"controls\"><source type=\"audio\/mpeg\" src=\"https:\/\/etno.net\/wp-content\/uploads\/2020\/12\/etn_fcd_073_073_sou_001_prv.mp3?_=1\" \/><a href=\"https:\/\/etno.net\/wp-content\/uploads\/2020\/12\/etn_fcd_073_073_sou_001_prv.mp3\">https:\/\/etno.net\/wp-content\/uploads\/2020\/12\/etn_fcd_073_073_sou_001_prv.mp3<\/a><\/audio>\n<p>S\u00e4v. Timo Alakotila, Sarah Northcott, Sean Og Graham, trad., Karen Tweed.<\/p>\n<p>HOPE<br \/>\nOlin s\u00e4velt\u00e4m\u00e4ss\u00e4 uutta kappaletta t\u00e4lle CD:lle tammikuussa 2007. Samaan aikaan is\u00e4ni Toivo joutui sairaalaan ja kappale sai nimen. Is\u00e4ni nukkui pois \u00e4\u00e4nityst\u00e4 seuraavana y\u00f6n\u00e4 \u2013 kappale on omistettu h\u00e4nen muistolleen.<\/p>\n<p>GERRY COMMANE&#8217;S<br \/>\nMary Berginin tinapilli-LP &#8217;Feodoga Stain&#8217; on yksi parhaita koskaan tehtyj\u00e4 levytyksi\u00e4, ja se on inspiroinut minua jo vuosia. Mary on suurenmoinen nainen, muusikko ja terapeutti.<\/p>\n<p>BACK HOME AT ONSB\u00c4CKEN<br \/>\n&#8211; on kirjoitettu skandinaaviselle lempikeitti\u00f6lleni, josta tuli vuosien varrella toinen koti minulle musiikin, y\u00f6llisten keskusteluiden, kyynelten ja juhlien merkeiss\u00e4. T\u00e4m\u00e4 on Eva Kvarnstr\u00f6min ja h\u00e4nen miehens\u00e4 Svante Norlanderin anteliaisuudelle ja rakkaudelle.<\/p>\n<p>BEOGA<br \/>\nOpettamisen kaksi parasta puolta ovat: Saat energiaa oppilaiden rajattomasta oppimisinnosta ja voit lainata heid\u00e4n kappaleitaan. Kippist\u00e4, Sean!<\/p>\n<p>SAM&#8217;S TUNE<br \/>\nOlen k\u00e4ytt\u00e4nyt t\u00e4t\u00e4 kappaletta NIIN paljon konserteissa ja workshopeissa \u2013 se on kaunotar. T\u00e4m\u00e4n kappaleen pit\u00e4isi kuulua jokaisen muusikon kotiin.<\/p>\n<p>Timo Alakotila: piano<br \/>\nEmma Reid: viulu<br \/>\nRoger Tallroth: kitarat<br \/>\nKaren Tweed: haitari<\/p>\n<p><strong>2. Moonbeam Passage<\/strong><br \/>\nS\u00e4v. Karen Tweed, sov. Timo Alakotila, Emma Reid, Roger Tallroth, Karen Tweed.<\/p>\n<p>Palatessamme festivaaleilta Shetlannista seisoimme laivan kannella katselemassa peilityynt\u00e4 merta. Yht&#8217;\u00e4kki\u00e4 pilvenraosta paistoi kuuns\u00e4de muodostaen valokeilan mereen. &#8221;Kunpa kapteeni muuttaisi hieman kurssia kohti kuuns\u00e4dett\u00e4&#8221;, mietiskelimme. Hetken p\u00e4\u00e4st\u00e4 niin tapahtui. Todd Phillipsille.<\/p>\n<p>Timo Alakotila: piano<br \/>\nEmma Reid: viulu<br \/>\nRoger Tallroth: kitarat<br \/>\nKaren Tweed: haitari<\/p>\n<p><strong>3. Reverof \/ Lusicnac<\/strong><br \/>\nS\u00e4v. Karen Tweed, Chris Wood, sov. Timo Alakotila, Karen Tweed.<\/p>\n<p>Valssikirje Tapanille, jota seuraa mielest\u00e4ni yksi parhaimmista koskaan kirjoitetuista valsseista. Se on soitettu Vero Baylisille ja Tomas Sikstr\u00f6mille.<\/p>\n<p>Timo Alakotila: piano<br \/>\nEmma Reid: viulu<br \/>\nRoger Tallroth: kitarat<br \/>\nKaren Tweed: haitari<\/p>\n<p><strong>4. Great Uncle Henry<\/strong><\/p>\n<audio class=\"wp-audio-shortcode\" id=\"audio-1577-2\" preload=\"none\" style=\"width: 100%;\" controls=\"controls\"><source type=\"audio\/mpeg\" src=\"https:\/\/etno.net\/wp-content\/uploads\/2020\/12\/etn_fcd_073_073_sou_004_prv.mp3?_=2\" \/><a href=\"https:\/\/etno.net\/wp-content\/uploads\/2020\/12\/etn_fcd_073_073_sou_004_prv.mp3\">https:\/\/etno.net\/wp-content\/uploads\/2020\/12\/etn_fcd_073_073_sou_004_prv.mp3<\/a><\/audio>\n<p>S\u00e4v. Emma Reid, sov. Timo Alakotila, Emma Reid, Roger Tallroth, Karen Tweed.<\/p>\n<p>T\u00e4m\u00e4 kappale on kirjoitettu isoset\u00e4ni satavuotisp\u00e4iv\u00e4n kunniaksi maaliskuussa 2007.<\/p>\n<p>Timo Alakotila: piano<br \/>\nEmma Reid: viulu<br \/>\nRoger Tallroth: kitarat<br \/>\nKaren Tweed: haitari<\/p>\n<p><strong>5. Ensuite Barn \/ Spaghetti Panic\/With Chilli<\/strong><br \/>\nS\u00e4v. Andy Cutting, John Dipper, sov. Timo Alakotila, Emma Reid, Roger Tallroth, Karen Tweed.<\/p>\n<p>ENSUITE BARN<br \/>\nValloittava s\u00e4velm\u00e4 nousevalta, englantilaiselta s\u00e4velt\u00e4j\u00e4lt\u00e4 John Dipperilt\u00e4, joka tutustutti minut englantilaisen siiderin saloihin. Edellist\u00e4 seuraa jo klassikoksi muodostunut Cuttingin pata\u0085<\/p>\n<p>Timo Alakotila: piano<br \/>\nEmma Reid: viulu<br \/>\nRoger Tallroth: kitarat<br \/>\nKaren Tweed: haitari<\/p>\n<p><strong>6. Midnight Macmaster<\/strong><br \/>\nS\u00e4v. Karen Tweed, sov. Timo Alakotila, Karen Tweed.<\/p>\n<p>Syntym\u00e4p\u00e4iv\u00e4kappale Mary Macmasterille \u2013 kaunis nainen, poikkeuksellinen musiikillinen voima, joka valmistaa maailman parhaita pikauppomunia.<\/p>\n<p>Timo Alakotila: piano<br \/>\nEmma Reid: viulu<br \/>\nRoger Tallroth: kitarat<br \/>\nKaren Tweed: haitari<\/p>\n<p><strong>7. Opposite Angell Road<\/strong><br \/>\nS\u00e4v. Karen Tweed, sov. Timo Alakotila, Karen Tweed.<\/p>\n<p>Connecticutissa on er\u00e4s tie, jonka varrella sijaitsevassa talossa olen viett\u00e4nyt monia iloisia musiikillisia hetki\u00e4. Kappale on Mark Thayerille, \u00e4\u00e4niteknikolle, jolta opin paljon \u00e4\u00e4nimaisemista sek\u00e4 el\u00e4m\u00e4n maisemista.<\/p>\n<p>Timo Alakotila: piano<br \/>\nEmma Reid: viulu<br \/>\nRoger Tallroth: kitarat<br \/>\nKaren Tweed: haitari<\/p>\n<p><strong>8. The Carillion \/ AJ&#8217;s Jig \/ No Better Friends<\/strong><br \/>\nS\u00e4v. Maire Breatneach, Ian Lowthian, Karen Tweed, sov. Timo Alakotila, Emma Reid, Roger Tallroth, Karen Tweed.<\/p>\n<p>Maire Breatneach on suurten irlantilaisten s\u00e4velnikkareiden uuteen sukupolveen kuuluva kiinnostava s\u00e4velt\u00e4j\u00e4. Lainasin AJ:n jigin haitaristi Dierdre Chawlkelta tiet\u00e4m\u00e4tt\u00e4 sen olevan j\u00e4lleen yksi Ianin aarteista. Mink\u00e4laisella musiikillisen luovuuden aikakaudella saammekaan el\u00e4\u00e4\u0085<\/p>\n<p>&#8217;No Better Friends&#8217; on kirjoitettu Jan ja Muff Lucasille, joiden koti Addlestonessa oli t\u00e4ydellinen keidas monille yhtyeille, joissa olin mukana. Hieno paikka, suurenmoisia ihmisi\u00e4, unohtumattomia aikoja. Ik\u00e4v\u00e4 kyll\u00e4, pian t\u00e4m\u00e4n j\u00e4lkeen pariskunta erosi \u2013 ovat tosin t\u00e4t\u00e4 nyky\u00e4 molemmat onnellisia \u2013 enk\u00e4 min\u00e4 kirjoita en\u00e4\u00e4 pariskunnille.<\/p>\n<p>Timo Alakotila: piano<br \/>\nEmma Reid: viulu<br \/>\nRoger Tallroth: kitarat<br \/>\nKaren Tweed: haitari<\/p>\n<p><strong>9. So Now Joe \/ Triolipolska<\/strong><br \/>\nS\u00e4v. Antti J\u00e4rvel\u00e4, Karen Tweed, sov. Timo Alakotila, Emma Reid, Karen Tweed.<\/p>\n<p>&#8217;So Now Joe&#8217; on muisto Joe Scurfieldist\u00e4, joka todella v\u00e4litti yst\u00e4vist\u00e4\u00e4n. &#8217;Miten menee?&#8217; sai aina jatkoa: &#8217;Mutta oletko todella onnellinen?&#8217;. Kappale on kirjoitettu Pete Challonerille ja Tim Dallingille, joiden voima ja rakkaus on tehnyt minuun suuren vaikutuksen.<\/p>\n<p>&#8217;Triolipolska&#8217;. Kuulen musiikin nyky\u00e4\u00e4n keskusteluina tai kirjein\u00e4. Kuulin t\u00e4m\u00e4n kappaleen ennen kuin tapasin Antin. En ole koskaan kuullut mit\u00e4\u00e4n mik\u00e4 muistuttaisi enemm\u00e4n rakkauskirjett\u00e4 kuin t\u00e4m\u00e4 kaunis melodia. Majalle.<\/p>\n<p>Timo Alakotila: piano<br \/>\nEmma Reid: viulu<br \/>\nRoger Tallroth: kitarat<br \/>\nKaren Tweed: haitari<\/p>\n<p><strong>10. Timo&#8217;s Jig<\/strong><br \/>\nS\u00e4v. Roger Tallroth, sov. Timo Alakotila, Emma Reid, Roger Tallroth, Karen Tweed.<\/p>\n<p>&#8217;Jig&#8217; omistettu hyv\u00e4lle yst\u00e4v\u00e4lle ja mahtavalle muusikolle.<\/p>\n<p>Timo Alakotila: piano<br \/>\nEmma Reid: viulu<br \/>\nRoger Tallroth: kitarat<br \/>\nKaren Tweed: haitari<\/p>\n<p><strong>11. Getingen Polska<\/strong><br \/>\nS\u00e4v. Alan Kelly, trad., Karen Tweed, sov. Timo Alakotila, Emma Reid, Karen Tweed.<\/p>\n<p>(Kappaleen koko nimi: Getingen Polska fr\u00e5n Ore efter Timas Haus \/ The Silver Slipper after Seamus Begley \/ Trip to Dingle \/ Orlando Polecat)<\/p>\n<p>Ensimm\u00e4inen polska on lainattu Ola B\u00e4ckstr\u00f6min merkitt\u00e4v\u00e4lt\u00e4 Giga Recordsin CD:lt\u00e4, kun taas &#8217;The Silver Slipper&#8217; on napattu j\u00e4ljittelem\u00e4tt\u00f6m\u00e4lt\u00e4 ja mainiolta Seamus Begleylt\u00e4. &#8217;Trip to Dingle&#8217; on j\u00e4lleen loistava s\u00e4vellys pianohaitaristi Alan Kellylt\u00e4. Viimeinen kappale on kirjoitettu hyv\u00e4lle yst\u00e4v\u00e4lleni Alan Jamesille, joka esitteli minulle niin paljon h\u00e4mm\u00e4stytt\u00e4v\u00e4\u00e4 musiikkia, k\u00e4sitteit\u00e4, naurua ja naapurin kissan.<\/p>\n<p>Timo Alakotila: piano<br \/>\nEmma Reid: viulu<br \/>\nRoger Tallroth: kitarat<br \/>\nKaren Tweed: haitari<\/p>\n<p><strong>12. Lumen valossa<\/strong><\/p>\n<audio class=\"wp-audio-shortcode\" id=\"audio-1577-3\" preload=\"none\" style=\"width: 100%;\" controls=\"controls\"><source type=\"audio\/mpeg\" src=\"https:\/\/etno.net\/wp-content\/uploads\/2020\/12\/etn_fcd_073_073_sou_012_prv.mp3?_=3\" \/><a href=\"https:\/\/etno.net\/wp-content\/uploads\/2020\/12\/etn_fcd_073_073_sou_012_prv.mp3\">https:\/\/etno.net\/wp-content\/uploads\/2020\/12\/etn_fcd_073_073_sou_012_prv.mp3<\/a><\/audio>\n<p>S\u00e4v. Timo Alakotila, sov. Timo Alakotila, Karen Tweed.<\/p>\n<p>Kappale on s\u00e4velletty sisarelleni syntym\u00e4p\u00e4iv\u00e4lahjaksi ja se kuvastaa h\u00e4nen valoisaa olemustaan.<\/p>\n<p>Timo Alakotila: piano<br \/>\nEmma Reid: viulu<br \/>\nRoger Tallroth: kitarat<br \/>\nKaren Tweed: haitari<\/p>\n","protected":false},"excerpt":{"rendered":"<div class=\"field field-name-field-kamucd-esittaja field-type-text field-label-hidden\">\n<div class=\"field-items\">\n<div class=\"field-item even\">May Monday: Timo Alakotila, Karen Tweed, Roger Tallroth, Emma Reid<\/div>\n<div><\/div>\n<div class=\"field-item even\">\n<p>Tapasin Karenin vuonna 1998 Nibess\u00e4, Tanskassa. H\u00e4nen positiivinen ja kannustava asenteensa, sek\u00e4 briljantti muusikkoutensa tekiv\u00e4t l\u00e4htem\u00e4tt\u00f6m\u00e4n vaikutuksen minuun. Edess\u00e4 oli useita riemukkaita soittohetki\u00e4 vuosien kuluessa. T\u00e4m\u00e4n 9-vuotisen yhteisty\u00f6n hedelmi\u00e4 kuulette t\u00e4ll\u00e4 CD:ll\u00e4.<\/p>\n<p>Omistan t\u00e4m\u00e4n levyn is\u00e4lleni, joka siirtyi ikuisuuteen levytyksen aikana. H\u00e4n oli suuri pelimanni ja muusikko, joka ilahdutti soitollaan lukemattomia ihmisi\u00e4.<\/p>\n<p>Suurkiitos Emma ja Roger, teid\u00e4n ansiostanne levy on parempi kuin osasimme kuvitellakaan. Erityiskiitokset Marionille, \u00e4idille, is\u00e4lle, Tuulalle, Ollille, Sibelius-Akatemian kansanmusiikin osastolle ja kaikille s\u00e4velt\u00e4jille, jotka vierailevat levyll\u00e4mme.<\/p>\n<p><em>Timo Alakotila<\/em><\/p>\n<p>Perustimme Timon kanssa &#8221;May Mondayn&#8221; 7 vuotta sitten, ja se on ollut el\u00e4m\u00e4ni suurin musiikillinen k\u00e4\u00e4nnekohta t\u00e4h\u00e4n menness\u00e4. Vuosien varrella olemme yst\u00e4vystyneet, ja Timon suurenmoinen muusikkous inspiroi ja h\u00e4mm\u00e4stytt\u00e4\u00e4 minua yh\u00e4 edelleen. H\u00e4n on kiistatta &#8221;Pohjant\u00e4hti&#8221; minulle. T\u00e4m\u00e4 CD kertoo el\u00e4mist\u00e4mme, yst\u00e4vist\u00e4mme, perheist\u00e4mme ja suruistamme.<\/p>\n<p>Kiitos Roger, Emma ja erityisesti Timo siit\u00e4, ett\u00e4 jaksoitte uskoa minuun. Haluaisin omistaa t\u00e4m\u00e4n CD:n Fiona Talkingtonille, joka keksi nimen levylle, sek\u00e4 Colin Hyndille \u2013 molemmat ovat inspiroineet minua suuresti. Erityiskiitokset: Will ja Helen Willcox, Tina Cook, Muff Lucas, Kerry Fletcher, Marcus Turner, Roger Mead, Penguin, Lorraine Carpenter, Frances Watt, Su-a Lee, Anna Pack ja Anna Esslemont. Mit\u00e4 tekisin ilman teit\u00e4.<\/p>\n<p><em>Karen Tweed<\/em><\/p>\n<\/div>\n<\/div>\n<\/div>\n<div class=\"field-items\"><\/div>\n<div>Tuottajat: Timo Alakotila<br \/>\n\u00c4\u00e4nitys: Olli Varis<br \/>\nMiksaus: Olli Varis, Studio Solgl\u00e4ntan<br \/>\nMasterointi: Henkka Niemist\u00f6, Chartmakers<\/div>","protected":false},"featured_media":1578,"comment_status":"closed","ping_status":"closed","template":"","meta":{"_acf_changed":false},"product_brand":[],"product_cat":[65],"product_tag":[],"class_list":{"0":"post-1577","1":"product","2":"type-product","3":"status-publish","4":"has-post-thumbnail","6":"product_cat-aanitteet","8":"first","9":"instock","10":"shipping-taxable","11":"product-type-simple"},"acf":[],"_links":{"self":[{"href":"https:\/\/etno.net\/en\/wp-json\/wp\/v2\/product\/1577","targetHints":{"allow":["GET"]}}],"collection":[{"href":"https:\/\/etno.net\/en\/wp-json\/wp\/v2\/product"}],"about":[{"href":"https:\/\/etno.net\/en\/wp-json\/wp\/v2\/types\/product"}],"replies":[{"embeddable":true,"href":"https:\/\/etno.net\/en\/wp-json\/wp\/v2\/comments?post=1577"}],"wp:featuredmedia":[{"embeddable":true,"href":"https:\/\/etno.net\/en\/wp-json\/wp\/v2\/media\/1578"}],"wp:attachment":[{"href":"https:\/\/etno.net\/en\/wp-json\/wp\/v2\/media?parent=1577"}],"wp:term":[{"taxonomy":"product_brand","embeddable":true,"href":"https:\/\/etno.net\/en\/wp-json\/wp\/v2\/product_brand?post=1577"},{"taxonomy":"product_cat","embeddable":true,"href":"https:\/\/etno.net\/en\/wp-json\/wp\/v2\/product_cat?post=1577"},{"taxonomy":"product_tag","embeddable":true,"href":"https:\/\/etno.net\/en\/wp-json\/wp\/v2\/product_tag?post=1577"}],"curies":[{"name":"wp","href":"https:\/\/api.w.org\/{rel}","templated":true}]}}