{"id":1582,"date":"2020-12-16T16:32:23","date_gmt":"2020-12-16T14:32:23","guid":{"rendered":"https:\/\/etno.net\/?post_type=product&#038;p=1582"},"modified":"2021-12-15T10:00:42","modified_gmt":"2021-12-15T08:00:42","slug":"baltic-crossing","status":"publish","type":"product","link":"https:\/\/etno.net\/en\/julkaisu\/aanitteet\/baltic-crossing","title":{"rendered":"Baltic Crossing"},"content":{"rendered":"<p><strong>1. Sextour<\/strong><br \/>\nS\u00e4v. trad., sov. Kristian Bugge, Antti J\u00e4rvel\u00e4, Esko J\u00e4rvel\u00e4, Andy May, Ian Stephenson.<\/p>\n<p>Kristian Bugge: viulu<br \/>\nEsko J\u00e4rvel\u00e4: viulu, alttoviulu<br \/>\nAntti J\u00e4rvel\u00e4: kontrabasso, mandoliini, banjo<br \/>\nAndy May: Northumbrian ja Uilleann s\u00e4kkipillit, piano<br \/>\nIan Stephenson: kitara, v\u00e4h\u00e4rivinen haitari<\/p>\n<p><strong>2. V\u00e4nk\u00e4rin Set (Sl\u00e4ngpolska \/ V\u00e4nk\u00e4rin polska)<\/strong><br \/>\nS\u00e4v. Andy May, trad., sov. Kristian Bugge, Antti J\u00e4rvel\u00e4, Esko J\u00e4rvel\u00e4, Andy May, Ian Stephenson.<\/p>\n<p>Kristian Bugge: viulu<br \/>\nEsko J\u00e4rvel\u00e4: viulu, alttoviulu<br \/>\nAntti J\u00e4rvel\u00e4: kontrabasso, mandoliini, banjo<br \/>\nAndy May: Northumbrian ja Uilleann s\u00e4kkipillit, piano<br \/>\nIan Stephenson: kitara, v\u00e4h\u00e4rivinen haitari<\/p>\n<p><strong>3. Original Polka Set (Du er min egen \/ Et \u00e5rs polka)<\/strong><\/p>\n<!--[if lt IE 9]><script>document.createElement('audio');<\/script><![endif]-->\n<audio class=\"wp-audio-shortcode\" id=\"audio-1582-1\" preload=\"none\" style=\"width: 100%;\" controls=\"controls\"><source type=\"audio\/mpeg\" src=\"https:\/\/etno.net\/wp-content\/uploads\/2020\/12\/etn_fcd_074_074_sou_003_prv.mp3?_=1\" \/><a href=\"https:\/\/etno.net\/wp-content\/uploads\/2020\/12\/etn_fcd_074_074_sou_003_prv.mp3\">https:\/\/etno.net\/wp-content\/uploads\/2020\/12\/etn_fcd_074_074_sou_003_prv.mp3<\/a><\/audio>\n<p>S\u00e4v. Kristian Bugge, trad., sov. Kristian Bugge, Antti J\u00e4rvel\u00e4, Esko J\u00e4rvel\u00e4, Andy May, Ian Stephenson.<\/p>\n<p>Kristian Bugge: viulu<br \/>\nEsko J\u00e4rvel\u00e4: viulu, alttoviulu<br \/>\nAntti J\u00e4rvel\u00e4: kontrabasso, mandoliini, banjo<br \/>\nAndy May: Northumbrian ja Uilleann s\u00e4kkipillit, piano<br \/>\nIan Stephenson: kitara, v\u00e4h\u00e4rivinen haitari<\/p>\n<p><strong>4. Den strejkende general<\/strong><br \/>\nS\u00e4v. trad., sov. Kristian Bugge, Antti J\u00e4rvel\u00e4, Esko J\u00e4rvel\u00e4, Andy May, Ian Stephenson.<\/p>\n<p>Kristian Bugge: viulu<br \/>\nEsko J\u00e4rvel\u00e4: viulu, alttoviulu<br \/>\nAntti J\u00e4rvel\u00e4: kontrabasso, mandoliini, banjo<br \/>\nAndy May: Northumbrian ja Uilleann s\u00e4kkipillit, piano<br \/>\nIan Stephenson: kitara, v\u00e4h\u00e4rivinen haitari<\/p>\n<p><strong>5. Ostindiens velkomst<\/strong><br \/>\nS\u00e4v. trad., sov. Kristian Bugge, Antti J\u00e4rvel\u00e4, Esko J\u00e4rvel\u00e4, Andy May, Ian Stephenson.<\/p>\n<p>Kristian Bugge: viulu<br \/>\nEsko J\u00e4rvel\u00e4: viulu, alttoviulu<br \/>\nAntti J\u00e4rvel\u00e4: kontrabasso, mandoliini, banjo<br \/>\nAndy May: Northumbrian ja Uilleann s\u00e4kkipillit, piano<br \/>\nIan Stephenson: kitara, v\u00e4h\u00e4rivinen haitari<\/p>\n<p><strong>6. Sir John Fenwick&#8217;s (Sir John Fenwick&#8217;s the Flower Among Them All \/ The Dusty Miller)<\/strong><\/p>\n<audio class=\"wp-audio-shortcode\" id=\"audio-1582-2\" preload=\"none\" style=\"width: 100%;\" controls=\"controls\"><source type=\"audio\/mpeg\" src=\"https:\/\/etno.net\/wp-content\/uploads\/2020\/12\/etn_fcd_074_074_sou_006_prv.mp3?_=2\" \/><a href=\"https:\/\/etno.net\/wp-content\/uploads\/2020\/12\/etn_fcd_074_074_sou_006_prv.mp3\">https:\/\/etno.net\/wp-content\/uploads\/2020\/12\/etn_fcd_074_074_sou_006_prv.mp3<\/a><\/audio>\n<p>S\u00e4v. trad., sov. Kristian Bugge, Antti J\u00e4rvel\u00e4, Esko J\u00e4rvel\u00e4, Andy May, Ian Stephenson.<\/p>\n<p>Kristian Bugge: viulu<br \/>\nEsko J\u00e4rvel\u00e4: viulu, alttoviulu<br \/>\nAntti J\u00e4rvel\u00e4: kontrabasso, mandoliini, banjo<br \/>\nAndy May: Northumbrian ja Uilleann s\u00e4kkipillit, piano<br \/>\nIan Stephenson: kitara, v\u00e4h\u00e4rivinen haitari<\/p>\n<p><strong>7. Korv och mos<\/strong><\/p>\n<audio class=\"wp-audio-shortcode\" id=\"audio-1582-3\" preload=\"none\" style=\"width: 100%;\" controls=\"controls\"><source type=\"audio\/mpeg\" src=\"https:\/\/etno.net\/wp-content\/uploads\/2020\/12\/etn_fcd_074_074_sou_007_prv.mp3?_=3\" \/><a href=\"https:\/\/etno.net\/wp-content\/uploads\/2020\/12\/etn_fcd_074_074_sou_007_prv.mp3\">https:\/\/etno.net\/wp-content\/uploads\/2020\/12\/etn_fcd_074_074_sou_007_prv.mp3<\/a><\/audio>\n<p>S\u00e4v. Mats Ed\u00e9n, sov. Kristian Bugge, Antti J\u00e4rvel\u00e4, Esko J\u00e4rvel\u00e4, Andy May, Ian Stephenson.<\/p>\n<p>Kristian Bugge: viulu<br \/>\nEsko J\u00e4rvel\u00e4: viulu, alttoviulu<br \/>\nAntti J\u00e4rvel\u00e4: kontrabasso, mandoliini, banjo<br \/>\nAndy May: Northumbrian ja Uilleann s\u00e4kkipillit, piano<br \/>\nIan Stephenson: kitara, v\u00e4h\u00e4rivinen haitari<\/p>\n<p><strong>8. Space Cowboys<\/strong><br \/>\nS\u00e4v. trad., sov. Kristian Bugge, Antti J\u00e4rvel\u00e4, Esko J\u00e4rvel\u00e4, Andy May, Ian Stephenson.<\/p>\n<p>Kristian Bugge: viulu<br \/>\nEsko J\u00e4rvel\u00e4: kontrabasso<br \/>\nAntti J\u00e4rvel\u00e4: mandoliini<br \/>\nAndy May: Northumbrian ja Uilleann s\u00e4kkipillit<br \/>\nIan Stephenson: kitara, v\u00e4h\u00e4rivinen haitari<\/p>\n<p><strong>9. Mofodragon Set (Koukkulammin polkka ja Molbodrengens hopsa)<\/strong><br \/>\nS\u00e4v. Otto Hotakainen, Otto Rasmussen, sov. Kristian Bugge, Antti J\u00e4rvel\u00e4, Esko J\u00e4rvel\u00e4, Andy May, Ian Stephenson.<\/p>\n<p>Kristian Bugge: viulu<br \/>\nEsko J\u00e4rvel\u00e4: viulu, alttoviulu<br \/>\nAntti J\u00e4rvel\u00e4: kitara<br \/>\nAndy May: Northumbrian ja Uilleann s\u00e4kkipillit, piano<br \/>\nIan Stephenson: double bass<\/p>\n<p><strong>10. Schottis Set (Harrin jenkka ja Blind Ola)<\/strong><br \/>\nS\u00e4v. trad., sov. Kristian Bugge, Antti J\u00e4rvel\u00e4, Esko J\u00e4rvel\u00e4, Andy May, Ian Stephenson.<\/p>\n<p>Kristian Bugge: viulu<br \/>\nEsko J\u00e4rvel\u00e4: viulu, alttoviulu<br \/>\nAntti J\u00e4rvel\u00e4: kontrabasso, mandoliini, banjo<br \/>\nAndy May: Northumbrian ja Uilleann s\u00e4kkipillit, piano<br \/>\nIan Stephenson: kitara, v\u00e4h\u00e4rivinen haitari<\/p>\n<p><strong>11. Gr\u00f8nne aal<\/strong><br \/>\nS\u00e4v. trad., sov. Kristian Bugge, Antti J\u00e4rvel\u00e4, Esko J\u00e4rvel\u00e4, Andy May, Ian Stephenson.<\/p>\n<p>Kristian Bugge: viulu<br \/>\nEsko J\u00e4rvel\u00e4: viulu, alttoviulu<br \/>\nAntti J\u00e4rvel\u00e4: kontrabasso, mandoliini, banjo<br \/>\nAndy May: Northumbrian ja Uilleann s\u00e4kkipillit, piano<br \/>\nIan Stephenson: kitara, v\u00e4h\u00e4rivinen haitari<\/p>\n","protected":false},"excerpt":{"rendered":"<div class=\"field field-name-field-kamucd-teknikot field-type-text-long field-label-hidden\">\n<div class=\"field-items\">\n<div class=\"field-item even\">\n<p>Tuottajat: Kristian Bugge, Antti J\u00e4rvel\u00e4, Esko J\u00e4rvel\u00e4, Andy May, Ian Stephenson<br \/>\n\u00c4\u00e4nitys: Marko My\u00f6h\u00e4nen<br \/>\nMiksaus: Marko My\u00f6h\u00e4nen<br \/>\nMasterointi: Minerva Pappi<\/p>\n<\/div>\n<\/div>\n<\/div>","protected":false},"featured_media":1583,"comment_status":"closed","ping_status":"closed","template":"","meta":{"_acf_changed":false},"product_brand":[],"product_cat":[65],"product_tag":[],"class_list":{"0":"post-1582","1":"product","2":"type-product","3":"status-publish","4":"has-post-thumbnail","6":"product_cat-aanitteet","8":"first","9":"instock","10":"shipping-taxable","11":"product-type-simple"},"acf":[],"_links":{"self":[{"href":"https:\/\/etno.net\/en\/wp-json\/wp\/v2\/product\/1582","targetHints":{"allow":["GET"]}}],"collection":[{"href":"https:\/\/etno.net\/en\/wp-json\/wp\/v2\/product"}],"about":[{"href":"https:\/\/etno.net\/en\/wp-json\/wp\/v2\/types\/product"}],"replies":[{"embeddable":true,"href":"https:\/\/etno.net\/en\/wp-json\/wp\/v2\/comments?post=1582"}],"wp:featuredmedia":[{"embeddable":true,"href":"https:\/\/etno.net\/en\/wp-json\/wp\/v2\/media\/1583"}],"wp:attachment":[{"href":"https:\/\/etno.net\/en\/wp-json\/wp\/v2\/media?parent=1582"}],"wp:term":[{"taxonomy":"product_brand","embeddable":true,"href":"https:\/\/etno.net\/en\/wp-json\/wp\/v2\/product_brand?post=1582"},{"taxonomy":"product_cat","embeddable":true,"href":"https:\/\/etno.net\/en\/wp-json\/wp\/v2\/product_cat?post=1582"},{"taxonomy":"product_tag","embeddable":true,"href":"https:\/\/etno.net\/en\/wp-json\/wp\/v2\/product_tag?post=1582"}],"curies":[{"name":"wp","href":"https:\/\/api.w.org\/{rel}","templated":true}]}}