{"id":1587,"date":"2020-12-16T17:06:09","date_gmt":"2020-12-16T15:06:09","guid":{"rendered":"https:\/\/etno.net\/?post_type=product&#038;p=1587"},"modified":"2021-12-15T09:56:32","modified_gmt":"2021-12-15T07:56:32","slug":"terhi-puronaho-timo-alakotila-aatos","status":"publish","type":"product","link":"https:\/\/etno.net\/en\/julkaisu\/aanitteet\/terhi-puronaho-timo-alakotila-aatos","title":{"rendered":"Terhi Puronaho &amp; Timo Alakotila: Aatos"},"content":{"rendered":"<p><strong>1. Kaartantti<\/strong><\/p>\n<!--[if lt IE 9]><script>document.createElement('audio');<\/script><![endif]-->\n<audio class=\"wp-audio-shortcode\" id=\"audio-1587-1\" preload=\"none\" style=\"width: 100%;\" controls=\"controls\"><source type=\"audio\/mpeg\" src=\"https:\/\/etno.net\/wp-content\/uploads\/2020\/12\/etn_fcd_075_075_sou_001_prv.mp3?_=1\" \/><a href=\"https:\/\/etno.net\/wp-content\/uploads\/2020\/12\/etn_fcd_075_075_sou_001_prv.mp3\">https:\/\/etno.net\/wp-content\/uploads\/2020\/12\/etn_fcd_075_075_sou_001_prv.mp3<\/a><\/audio>\n<p>S\u00e4v. Terhi Puronaho, sov. Timo Alakotila, Terhi Puronaho.<\/p>\n<p>S\u00e4veli\u00e4 Salonkyl\u00e4ss\u00e4.<\/p>\n<p>Timo Alakotila: piano<br \/>\nTerhi Puronaho: 1 ja 2,5 -riviset haitarit<\/p>\n<p><strong>2. Mankkila &amp; Possakko<\/strong><br \/>\nS\u00e4v. Terhi Puronaho, sov. Timo Alakotila, Terhi Puronaho.<\/p>\n<p>Possakko Mankkilansaaren kupeessa.<\/p>\n<p>Timo Alakotila: piano<br \/>\nTerhi Puronaho: 1 ja 2,5 -riviset haitarit<\/p>\n<p><strong>3. H\u00e4\u00e4marssi<\/strong><br \/>\nS\u00e4v. Terhi Puronaho, sov. Timo Alakotila, Terhi Puronaho.<\/p>\n<p>Syd\u00e4men ly\u00f6nnit ja pizzicatot \u2013 matka kohti alttaria.<\/p>\n<p>Timo Alakotila: piano<br \/>\nTerhi Puronaho: 1 ja 2,5 -riviset haitarit<br \/>\nJuho Puronaho: viulu<\/p>\n<p><strong>4. Tuomaalan polskat<\/strong><br \/>\nS\u00e4v. Terhi Puronaho, sov. Timo Alakotila, Terhi Puronaho.<\/p>\n<p>Aina yht\u00e4 ristiriitaisia tunteita her\u00e4tt\u00e4v\u00e4 Etel\u00e4-Pohjanmaa.<\/p>\n<p>Timo Alakotila: piano<br \/>\nTerhi Puronaho: 1 ja 2,5 -riviset haitarit<\/p>\n<p><strong>5. Veera<\/strong><br \/>\nS\u00e4v. Terhi Puronaho, sov. Timo Alakotila, Terhi Puronaho.<\/p>\n<p>Sisarentytt\u00e4relle Veeralle omistettu s\u00e4vellys.<\/p>\n<p>Timo Alakotila: piano<br \/>\nTerhi Puronaho: 1 ja 2,5 -riviset haitarit<br \/>\nJuho Puronaho: viulu<\/p>\n<p><strong>6. Liminka opus 1 (trad.)<\/strong><br \/>\nS\u00e4v. trad., sov. Timo Alakotila, Terhi Puronaho.<\/p>\n<p>Aapo Saviojan soittamasta &#8217;Yksin\u00e4isen polska Limingasta&#8217; sovitettu teos.<\/p>\n<p>Timo Alakotila: piano<br \/>\nTerhi Puronaho: 1 ja 2,5 -riviset haitarit<\/p>\n<p><strong>7. Nuuskamuikkunen<\/strong><br \/>\nS\u00e4v. Terhi Puronaho, sov. Timo Alakotila, Terhi Puronaho.<\/p>\n<p>Preludi, huuliharppu ja vihre\u00e4 laakso.<\/p>\n<p>Timo Alakotila: piano<br \/>\nTerhi Puronaho: 1 ja 2,5 -riviset haitarit<\/p>\n<p><strong>8. Silmu<\/strong><br \/>\nS\u00e4v. Terhi Puronaho, sov. Timo Alakotila, Terhi Puronaho.<\/p>\n<p>El\u00e4m\u00e4\u00e4 Silmupolulla.<\/p>\n<p>Timo Alakotila: piano<br \/>\nTerhi Puronaho: 1 ja 2,5 -riviset haitarit<\/p>\n<p><strong>9. Kardiitti<\/strong><\/p>\n<audio class=\"wp-audio-shortcode\" id=\"audio-1587-2\" preload=\"none\" style=\"width: 100%;\" controls=\"controls\"><source type=\"audio\/mpeg\" src=\"https:\/\/etno.net\/wp-content\/uploads\/2020\/12\/etn_fcd_075_075_sou_009_prv.mp3?_=2\" \/><a href=\"https:\/\/etno.net\/wp-content\/uploads\/2020\/12\/etn_fcd_075_075_sou_009_prv.mp3\">https:\/\/etno.net\/wp-content\/uploads\/2020\/12\/etn_fcd_075_075_sou_009_prv.mp3<\/a><\/audio>\n<p>S\u00e4v. Terhi Puronaho, sov. Timo Alakotila, Terhi Puronaho.<\/p>\n<p>Rytmih\u00e4iri\u00f6it\u00e4 Meilahdessa.<\/p>\n<p>Timo Alakotila: piano<br \/>\nTerhi Puronaho: 1 ja 2,5 -riviset haitarit<br \/>\nJuho Puronaho: viulu<\/p>\n<p><strong>10. Johan Ylinikkolan polska (trad.)<\/strong><br \/>\nS\u00e4v. trad., sov. Timo Alakotila, Terhi Puronaho.<\/p>\n<p>Timo Alakotila: piano<br \/>\nTerhi Puronaho: 1 ja 2,5 -riviset haitarit<\/p>\n<p><strong>11. J\u00e4\u00e4hyv\u00e4iset<\/strong><\/p>\n<audio class=\"wp-audio-shortcode\" id=\"audio-1587-3\" preload=\"none\" style=\"width: 100%;\" controls=\"controls\"><source type=\"audio\/mpeg\" src=\"https:\/\/etno.net\/wp-content\/uploads\/2020\/12\/etn_fcd_075_075_sou_011_prv.mp3?_=3\" \/><a href=\"https:\/\/etno.net\/wp-content\/uploads\/2020\/12\/etn_fcd_075_075_sou_011_prv.mp3\">https:\/\/etno.net\/wp-content\/uploads\/2020\/12\/etn_fcd_075_075_sou_011_prv.mp3<\/a><\/audio>\n<p>S\u00e4v. Terhi Puronaho, sov. Timo Alakotila, Terhi Puronaho.<\/p>\n<p>Is\u00e4lle.<\/p>\n<p>Timo Alakotila: piano<br \/>\nTerhi Puronaho: 1 ja 2,5 -riviset haitarit<br \/>\nJuho Puronaho: viulu<\/p>\n","protected":false},"excerpt":{"rendered":"<div class=\"field field-name-field-kamucd-teknikot field-type-text-long field-label-hidden\">\n<div class=\"field-items\">\n<div class=\"field-item even\">\n<p>\u00c4\u00e4nitys: Vesa Norilo<br \/>\nMiksaus: Vesa Norilo<br \/>\nMasterointi: Svante Forsb\u00e4ck, Chartmakers<\/p>\n<\/div>\n<\/div>\n<\/div>","protected":false},"featured_media":1588,"comment_status":"closed","ping_status":"closed","template":"","meta":{"_acf_changed":false},"product_brand":[],"product_cat":[65],"product_tag":[],"class_list":{"0":"post-1587","1":"product","2":"type-product","3":"status-publish","4":"has-post-thumbnail","6":"product_cat-aanitteet","8":"first","9":"instock","10":"shipping-taxable","11":"product-type-simple"},"acf":[],"_links":{"self":[{"href":"https:\/\/etno.net\/en\/wp-json\/wp\/v2\/product\/1587","targetHints":{"allow":["GET"]}}],"collection":[{"href":"https:\/\/etno.net\/en\/wp-json\/wp\/v2\/product"}],"about":[{"href":"https:\/\/etno.net\/en\/wp-json\/wp\/v2\/types\/product"}],"replies":[{"embeddable":true,"href":"https:\/\/etno.net\/en\/wp-json\/wp\/v2\/comments?post=1587"}],"wp:featuredmedia":[{"embeddable":true,"href":"https:\/\/etno.net\/en\/wp-json\/wp\/v2\/media\/1588"}],"wp:attachment":[{"href":"https:\/\/etno.net\/en\/wp-json\/wp\/v2\/media?parent=1587"}],"wp:term":[{"taxonomy":"product_brand","embeddable":true,"href":"https:\/\/etno.net\/en\/wp-json\/wp\/v2\/product_brand?post=1587"},{"taxonomy":"product_cat","embeddable":true,"href":"https:\/\/etno.net\/en\/wp-json\/wp\/v2\/product_cat?post=1587"},{"taxonomy":"product_tag","embeddable":true,"href":"https:\/\/etno.net\/en\/wp-json\/wp\/v2\/product_tag?post=1587"}],"curies":[{"name":"wp","href":"https:\/\/api.w.org\/{rel}","templated":true}]}}