{"id":1592,"date":"2020-12-16T17:10:10","date_gmt":"2020-12-16T15:10:10","guid":{"rendered":"https:\/\/etno.net\/?post_type=product&#038;p=1592"},"modified":"2021-12-15T09:52:54","modified_gmt":"2021-12-15T07:52:54","slug":"erik-hokkanen-lumisudet-cosmic-meltdown-vol-1","status":"publish","type":"product","link":"https:\/\/etno.net\/en\/julkaisu\/aanitteet\/erik-hokkanen-lumisudet-cosmic-meltdown-vol-1","title":{"rendered":"Erik Hokkanen &amp; Lumisudet: Cosmic Meltdown Vol. 1"},"content":{"rendered":"<p><strong>1. Cat With The Fiddle On Fire<\/strong><\/p>\n<!--[if lt IE 9]><script>document.createElement('audio');<\/script><![endif]-->\n<audio class=\"wp-audio-shortcode\" id=\"audio-1592-1\" preload=\"none\" style=\"width: 100%;\" controls=\"controls\"><source type=\"audio\/mpeg\" src=\"https:\/\/etno.net\/wp-content\/uploads\/2020\/12\/etn_fcd_076_076_sou_001_prv.mp3?_=1\" \/><a href=\"https:\/\/etno.net\/wp-content\/uploads\/2020\/12\/etn_fcd_076_076_sou_001_prv.mp3\">https:\/\/etno.net\/wp-content\/uploads\/2020\/12\/etn_fcd_076_076_sou_001_prv.mp3<\/a><\/audio>\n<p>S\u00e4v. Erik Hokkanen, san. Erik Hokkanen.<\/p>\n<p>Timo Alakotila: piano<br \/>\nPetri Hakala: mandoliini, kitara, taustalaulu<br \/>\nErik Hokkanen: laulu, kitara, viulu<br \/>\nArto J\u00e4rvel\u00e4: viulu, virvelirumpu, taustalaulu<br \/>\nTapani Varis: kontrabasso, munniharppu, taustalaulu<\/p>\n<p><strong>2. La Hermosa Madra Tierra<\/strong><br \/>\nS\u00e4v. Erik Hokkanen.<\/p>\n<p>Petri Hakala: mandoliini, kitara, taustalaulu<br \/>\nErik Hokkanen: laulu, kitara, viulu<br \/>\nArto J\u00e4rvel\u00e4: viulu, virvelirumpu, taustalaulu<br \/>\nTapani Varis: kontrabasso, munniharppu, taustalaulu<\/p>\n<p><strong>3. H\u00e4mytytt\u00f6<\/strong><\/p>\n<audio class=\"wp-audio-shortcode\" id=\"audio-1592-2\" preload=\"none\" style=\"width: 100%;\" controls=\"controls\"><source type=\"audio\/mpeg\" src=\"https:\/\/etno.net\/wp-content\/uploads\/2020\/12\/etn_fcd_076_076_sou_003_prv.mp3?_=2\" \/><a href=\"https:\/\/etno.net\/wp-content\/uploads\/2020\/12\/etn_fcd_076_076_sou_003_prv.mp3\">https:\/\/etno.net\/wp-content\/uploads\/2020\/12\/etn_fcd_076_076_sou_003_prv.mp3<\/a><\/audio>\n<p>S\u00e4v. J. Karjalainen, trad., san. J. Karjalainen.<\/p>\n<p>Petri Hakala: mandoliini, kitara, taustalaulu<br \/>\nErik Hokkanen: kitara, viulu<br \/>\nArto J\u00e4rvel\u00e4: viulu, virvelirumpu, taustalaulu<br \/>\nMauno J\u00e4rvel\u00e4: viulu<br \/>\nJukka Karjalainen: laulu, banjo<br \/>\nTapani Varis: kontrabasso, munniharppu, taustalaulu<\/p>\n<p><strong>4. Going Down to Ruby&#8217;s<\/strong><br \/>\nS\u00e4v. Erik Hokkanen, san. Erik Hokkanen.<\/p>\n<p>Petri Hakala: mandoliini, kitara, taustalaulu<br \/>\nErik Hokkanen: laulu, kitara, viulu<br \/>\nArto J\u00e4rvel\u00e4: viulu, virvelirumpu, taustalaulu<br \/>\nMauno J\u00e4rvel\u00e4: viulu<br \/>\nKimmo Pohjonen: huuliharppu<br \/>\nTapani Varis: kontrabasso, munniharppu, taustalaulu<br \/>\nJanne Viksten: mandoliini<\/p>\n<p><strong>5. I Don&#8217;t Need To Be Alone<\/strong><br \/>\nS\u00e4v. Erik Hokkanen, san. Erik Hokkanen.<\/p>\n<p>Timo Alakotila: piano<br \/>\nPetri Hakala: mandoliini, kitara, taustalaulu<br \/>\nErik Hokkanen: laulu, kitara, viulu<br \/>\nArto J\u00e4rvel\u00e4: viulu, virvelirumpu, taustalaulu<br \/>\nMauno J\u00e4rvel\u00e4: viulu<br \/>\nTapani Varis: kontrabasso, munniharppu, taustalaulu<\/p>\n<p><strong>6. Water Song (instr.)<\/strong><br \/>\nS\u00e4v. Erik Hokkanen.<\/p>\n<p>Petri Hakala: mandoliini, kitara, taustalaulu<br \/>\nErik Hokkanen: laulu, kitara, viulu<br \/>\nArto J\u00e4rvel\u00e4: viulu, virvelirumpu, taustalaulu<br \/>\nMauno J\u00e4rvel\u00e4: viulu<br \/>\nMaria Kalaniemi: haitari<br \/>\nTapani Varis: kontrabasso, munniharppu, taustalaulu<\/p>\n<p><strong>7. Hackberry Boogie<\/strong><br \/>\nS\u00e4v. Erik Hokkanen.<\/p>\n<p>Petri Hakala: mandoliini, kitara, taustalaulu<br \/>\nErik Hokkanen: laulu, kitara, viulu<br \/>\nArto J\u00e4rvel\u00e4: viulu, virvelirumpu, taustalaulu<br \/>\nMauno J\u00e4rvel\u00e4: viulu<br \/>\nTapani Varis: kontrabasso, munniharppu, taustalaulu<\/p>\n<p><strong>8. Empty Pockets<\/strong><br \/>\nS\u00e4v. Erik Hokkanen, san. Erik Hokkanen.<\/p>\n<p>Petri Hakala: mandoliini, kitara, taustalaulu<br \/>\nErik Hokkanen: laulu, kitara, viulu<br \/>\nArto J\u00e4rvel\u00e4: viulu, virvelirumpu, taustalaulu<br \/>\nTapani Varis: kontrabasso, munniharppu, taustalaulu<br \/>\nJanne Viksten: banjo<\/p>\n<p><strong>9. Good Boat Bettership<\/strong><br \/>\nS\u00e4v. Erik Hokkanen, san. Erik Hokkanen.<\/p>\n<p>Timo Alakotila: piano<br \/>\nJanne Haavisto: rummut<br \/>\nPetri Hakala: mandoliini, kitara, taustalaulu<br \/>\nErik Hokkanen: laulu, kitara, viulu<br \/>\nArto J\u00e4rvel\u00e4: viulu, virvelirumpu, taustalaulu<br \/>\nMaria Kalaniemi: haitari<br \/>\nTapani Varis: kontrabasso, munniharppu, taustalaulu<\/p>\n<p><strong>10. Gypsy Stuff<\/strong><\/p>\n<audio class=\"wp-audio-shortcode\" id=\"audio-1592-3\" preload=\"none\" style=\"width: 100%;\" controls=\"controls\"><source type=\"audio\/mpeg\" src=\"https:\/\/etno.net\/wp-content\/uploads\/2020\/12\/etn_fcd_076_076_sou_010_prv.mp3?_=3\" \/><a href=\"https:\/\/etno.net\/wp-content\/uploads\/2020\/12\/etn_fcd_076_076_sou_010_prv.mp3\">https:\/\/etno.net\/wp-content\/uploads\/2020\/12\/etn_fcd_076_076_sou_010_prv.mp3<\/a><\/audio>\n<p>S\u00e4v. Erik Hokkanen, san. Erik Hokkanen.<\/p>\n<p>Petri Hakala: mandoliini, kitara, taustalaulu<br \/>\nErik Hokkanen: laulu, kitara, viulu<br \/>\nArto J\u00e4rvel\u00e4: viulu, virvelirumpu, taustalaulu<br \/>\nTapani Varis: kontrabasso, munniharppu, taustalaulu<\/p>\n","protected":false},"excerpt":{"rendered":"<p>Tuottajat: Happy Wolf Production<br \/>\n\u00c4\u00e4nitys: Marko My\u00f6h\u00e4nen<br \/>\nMiksaus: Marko My\u00f6h\u00e4nen<br \/>\nMasterointi: Pauli Saastamoinen, Finnvox<\/p>","protected":false},"featured_media":1593,"comment_status":"closed","ping_status":"closed","template":"","meta":{"_acf_changed":false},"product_brand":[],"product_cat":[65],"product_tag":[],"class_list":{"0":"post-1592","1":"product","2":"type-product","3":"status-publish","4":"has-post-thumbnail","6":"product_cat-aanitteet","8":"first","9":"instock","10":"shipping-taxable","11":"product-type-simple"},"acf":[],"_links":{"self":[{"href":"https:\/\/etno.net\/en\/wp-json\/wp\/v2\/product\/1592","targetHints":{"allow":["GET"]}}],"collection":[{"href":"https:\/\/etno.net\/en\/wp-json\/wp\/v2\/product"}],"about":[{"href":"https:\/\/etno.net\/en\/wp-json\/wp\/v2\/types\/product"}],"replies":[{"embeddable":true,"href":"https:\/\/etno.net\/en\/wp-json\/wp\/v2\/comments?post=1592"}],"wp:featuredmedia":[{"embeddable":true,"href":"https:\/\/etno.net\/en\/wp-json\/wp\/v2\/media\/1593"}],"wp:attachment":[{"href":"https:\/\/etno.net\/en\/wp-json\/wp\/v2\/media?parent=1592"}],"wp:term":[{"taxonomy":"product_brand","embeddable":true,"href":"https:\/\/etno.net\/en\/wp-json\/wp\/v2\/product_brand?post=1592"},{"taxonomy":"product_cat","embeddable":true,"href":"https:\/\/etno.net\/en\/wp-json\/wp\/v2\/product_cat?post=1592"},{"taxonomy":"product_tag","embeddable":true,"href":"https:\/\/etno.net\/en\/wp-json\/wp\/v2\/product_tag?post=1592"}],"curies":[{"name":"wp","href":"https:\/\/api.w.org\/{rel}","templated":true}]}}