{"id":1598,"date":"2020-12-17T17:07:45","date_gmt":"2020-12-17T15:07:45","guid":{"rendered":"https:\/\/etno.net\/?post_type=product&#038;p=1598"},"modified":"2021-11-19T12:45:38","modified_gmt":"2021-11-19T10:45:38","slug":"unaja-unaja","status":"publish","type":"product","link":"https:\/\/etno.net\/en\/julkaisu\/aanitteet\/unaja-unaja","title":{"rendered":"Unaja &#8211; Unaja"},"content":{"rendered":"<div class=\"field field-name-field-kamucd-teknikot field-type-text-long field-label-hidden\">\n<div class=\"field-items\">\n<div class=\"field-item even\">\n<p>Produced by Unaja<br \/>\nMusical production by Antti J\u00e4rvel\u00e4 and Unaja<br \/>\nRecorded, editedand mixed by Antti J\u00e4rvel\u00e4 and Niko Laasonen<br \/>\nMastered by Masi Isohanhi \/ Studio57<br \/>\nPhoto and cover art by Jimmy Tr\u00e4skelin<\/p>\n<\/div>\n<\/div>\n<\/div>\n<div class=\"field field-name-field-kamucd-yht-kokoonpano field-type-text-long field-label-inline clearfix\">\n<div class=\"field-label\">Muusikot:<\/div>\n<div class=\"field-items\">\n<div class=\"field-item even\">\n<p>Maija Pokela: kantele, voice<br \/>\nJutta Rahmel: kantele, voice<br \/>\nMinna Koskenlahti: percussions (on track: 2, 9 and 10)<br \/>\nTero Pajunen: voice (on track: 3)<br \/>\nAntti J\u00e4rvel\u00e4: piano, mandolin (on track: 2 and 5)<\/p>\n<\/div>\n<\/div>\n<\/div>\n<div class=\"field field-name-field-kamucd-raidat field-type-text-long field-label-hidden\">\n<div class=\"field-items\">\n<div class=\"field-item even\">\n<p>1. Ilmalintu \/ Soar<\/p>\n<p>composition: Maija Pokela \/ lyrics: trad., Finland<\/p>\n<p>An epic Kalevala story about a bird gliding through the sky, searching for a place to lay its egg. From the egg, the world is born.<\/p>\n<p>2. Kapea Polku \/ Narrow way<\/p>\n<p>composition: Jutta Rahmel \/ lyrics: Jutta Rahmel, trad., Finland<\/p>\n<p>A path that leads nowhere, and you know it in your heart even before you&#8217;ve taken the first step. Still you walk.<\/p>\n<p>3. Merenmorsian \/ Bride of the sea<\/p>\n<p>composition: Maija Pokela \/ lyrics: trad. Finland, Maija Pokela<\/p>\n<p>A ballad about a maid who is waiting for her groom, Aksel Lindeeni, from the seas. She&#8217;s delighted to see the steam ship approaching the shore, but doesn&#8217;t see her beloved on the ship bridge. &#8221;Where is Aksel Lindeeni?&#8221; she whispers to the captain. The answer: &#8221;He&#8217;s buried in the waves&#8221;. Heartbroken, she decides to follow him in death.<\/p>\n<p><strong>4. Siivet \/ Wings<\/strong><\/p>\n<p>composition and lyrics: Jutta Rahmel<\/p>\n<p>A song about embracing life, living it fully with joy and an open soul.<\/p>\n<!--[if lt IE 9]><script>document.createElement('audio');<\/script><![endif]-->\n<audio class=\"wp-audio-shortcode\" id=\"audio-1598-1\" preload=\"none\" style=\"width: 100%;\" controls=\"controls\"><source type=\"audio\/mpeg\" src=\"https:\/\/etno.net\/wp-content\/uploads\/2020\/12\/4_siivet.mp3?_=1\" \/><a href=\"https:\/\/etno.net\/wp-content\/uploads\/2020\/12\/4_siivet.mp3\">https:\/\/etno.net\/wp-content\/uploads\/2020\/12\/4_siivet.mp3<\/a><\/audio>\n<p>5. Valkoinen taivas \/ White sky<\/p>\n<p>compostion: Jutta Rahmel \/ lyrics: trad. Finland<\/p>\n<p>Sweet, young love and the magic of nature.<\/p>\n<p>6. Ainaki aikani \/ Atlantic waves<\/p>\n<p>composition: Maija Pokela \/ lyrics trad. Finland<\/p>\n<p>The sad part of a traveler&#8217;s life: the people you leave behind. The worrying comrade, standing on the shore, wondering if his friend has drowned. His parents, thinking taht life would have been much easier had the friend overseas never been born. If only there was a telephone wire over the Atlantic Ocean&#8230;<\/p>\n<p>7. Unicorn riot<\/p>\n<p>composition: Jutta Rahmel<\/p>\n<p>Unicorns having a blast.<\/p>\n<p><strong>8. Popcorner<\/strong><\/p>\n<p>composition: Maija Pokela<\/p>\n<p>We &lt;3 popcorn<\/p>\n<audio class=\"wp-audio-shortcode\" id=\"audio-1598-2\" preload=\"none\" style=\"width: 100%;\" controls=\"controls\"><source type=\"audio\/mpeg\" src=\"https:\/\/etno.net\/wp-content\/uploads\/2020\/12\/8_popcorner.mp3?_=2\" \/><a href=\"https:\/\/etno.net\/wp-content\/uploads\/2020\/12\/8_popcorner.mp3\">https:\/\/etno.net\/wp-content\/uploads\/2020\/12\/8_popcorner.mp3<\/a><\/audio>\n<p>9. Matkalla \/ Traveler<\/p>\n<p>composition and lyrics: Maija Pokela<\/p>\n<p>On the move, to wherever, time after time. Releasing space to think, brightening the mind offering beauty.<\/p>\n<p><strong>10. Tulivalkea \/ Burning love\u00a0<\/strong><\/p>\n<p>compositio: trad. Finland, Jutta Rahmel \/ lyrics: trad. Finland<\/p>\n<p>Once lit, nothing kills the flame of true love.<\/p>\n<audio class=\"wp-audio-shortcode\" id=\"audio-1598-3\" preload=\"none\" style=\"width: 100%;\" controls=\"controls\"><source type=\"audio\/mpeg\" src=\"https:\/\/etno.net\/wp-content\/uploads\/2020\/12\/10_tulivalkea.mp3?_=3\" \/><a href=\"https:\/\/etno.net\/wp-content\/uploads\/2020\/12\/10_tulivalkea.mp3\">https:\/\/etno.net\/wp-content\/uploads\/2020\/12\/10_tulivalkea.mp3<\/a><\/audio>\n<\/div>\n<\/div>\n<\/div>\n","protected":false},"excerpt":{"rendered":"<p>Produced by Unaja Musical production by Antti J\u00e4rvel\u00e4 and Unaja Recorded, editedand mixed by Antti J\u00e4rvel\u00e4 and Niko Laasonen Mastered by Masi Isohanhi \/ Studio57 Photo and cover art by Jimmy Tr\u00e4skelin Muusikot: Maija Pokela: kantele, voice Jutta Rahmel: kantele, voice Minna Koskenlahti: percussions (on track: 2, 9 and 10) Tero Pajunen: voice (on track: [&hellip;]<\/p>\n","protected":false},"featured_media":1602,"comment_status":"closed","ping_status":"closed","template":"","meta":{"_acf_changed":false},"product_brand":[],"product_cat":[65],"product_tag":[],"class_list":{"0":"post-1598","1":"product","2":"type-product","3":"status-publish","4":"has-post-thumbnail","6":"product_cat-aanitteet","8":"first","9":"instock","10":"shipping-taxable","11":"product-type-simple"},"acf":[],"_links":{"self":[{"href":"https:\/\/etno.net\/en\/wp-json\/wp\/v2\/product\/1598","targetHints":{"allow":["GET"]}}],"collection":[{"href":"https:\/\/etno.net\/en\/wp-json\/wp\/v2\/product"}],"about":[{"href":"https:\/\/etno.net\/en\/wp-json\/wp\/v2\/types\/product"}],"replies":[{"embeddable":true,"href":"https:\/\/etno.net\/en\/wp-json\/wp\/v2\/comments?post=1598"}],"wp:featuredmedia":[{"embeddable":true,"href":"https:\/\/etno.net\/en\/wp-json\/wp\/v2\/media\/1602"}],"wp:attachment":[{"href":"https:\/\/etno.net\/en\/wp-json\/wp\/v2\/media?parent=1598"}],"wp:term":[{"taxonomy":"product_brand","embeddable":true,"href":"https:\/\/etno.net\/en\/wp-json\/wp\/v2\/product_brand?post=1598"},{"taxonomy":"product_cat","embeddable":true,"href":"https:\/\/etno.net\/en\/wp-json\/wp\/v2\/product_cat?post=1598"},{"taxonomy":"product_tag","embeddable":true,"href":"https:\/\/etno.net\/en\/wp-json\/wp\/v2\/product_tag?post=1598"}],"curies":[{"name":"wp","href":"https:\/\/api.w.org\/{rel}","templated":true}]}}