{"id":1606,"date":"2020-12-17T17:13:18","date_gmt":"2020-12-17T15:13:18","guid":{"rendered":"https:\/\/etno.net\/?post_type=product&#038;p=1606"},"modified":"2021-11-19T12:46:19","modified_gmt":"2021-11-19T10:46:19","slug":"gillian-stevens-timo-vaananen-sounds-from-solitude","status":"publish","type":"product","link":"https:\/\/etno.net\/en\/julkaisu\/aanitteet\/gillian-stevens-timo-vaananen-sounds-from-solitude","title":{"rendered":"Gillian Stevens, Timo V\u00e4\u00e4n\u00e4nen &#8211; Sounds from solitude"},"content":{"rendered":"<div class=\"field field-name-body field-type-text-with-summary field-label-hidden\">\n<div class=\"field-items\">\n<div class=\"field-item even\">\n<p>Konserton seitsem\u00e4n osaa liittyv\u00e4t toisiinsa saumatta, kontrabasso, huilu tai kantele kutovat ne yhteen. Osien nimet voivat toimia yhten\u00e4 l\u00e4ht\u00f6pisteen\u00e4 kuulijalle. Ne antavat viitteit\u00e4 symboleista ja mielikuvista &#8211; ne ovat pyrkimys sanallistaa, mit\u00e4 musiikillani tarkoitan. Puron vuo, vesiputous, pilvet ja auringonpaiste, luolan h\u00e4m\u00e4r\u00e4\u00e4n katoava tuntematon tummuus &#8211; puu, joka kasvaa ja syntyy uudelleen, j\u00e4lleensyntym\u00e4\u00e4 kuvastava el\u00e4in, puinen talo, j\u00e4rvi, muuksi muuntuminen&#8230;. N\u00e4m\u00e4 kantele, jouset, huilu ja ly\u00f6m\u00e4soittimet her\u00e4tt\u00e4v\u00e4t henkiin.<\/p>\n<p>Kanteleosuus on syntynyt yhteisty\u00f6n\u00e4. H\u00e4mm\u00e4stelen sit\u00e4 musiikillista alkemiaa, joka sai ty\u00f6n tuntumaan vaivattomalta. Orkesteri tarjoaa kehyksen &#8211; se on tanssipari, jolla on melko tarkkaan asetetut askeleet. Kantele liikkuu vapaammin. Sille on annettu s\u00e4vel- ja rytmiaiheita sek\u00e4 asteikkoja ja paljon tilaa improvisoida.<\/p>\n<\/div>\n<\/div>\n<\/div>\n<div class=\"field field-name-field-kamucd-kuv-kirjoittaja field-type-text field-label-hidden\">\n<div class=\"field-items\">\n<div class=\"field-item even\">Gillian Stevens, k\u00e4\u00e4nn\u00f6s Timo V\u00e4\u00e4n\u00e4nen<\/div>\n<\/div>\n<\/div>\n<div class=\"field field-name-field-kamucd-koodi field-type-text field-label-inline clearfix\"><\/div>\n<div class=\"field field-name-field-kamucd-teknikot field-type-text-long field-label-hidden\">\n<div class=\"field-items\">\n<div class=\"field-item even\">\n<p>Tuottaja: Timo Alakotila, Dylan Fowler, Timo V\u00e4\u00e4n\u00e4nen<br \/>\n\u00c4\u00e4nitys: Robert Vierling<br \/>\nMiksaus: Dylan Fowler at Stiwdio Felin Fach, Timo V\u00e4\u00e4n\u00e4nen<br \/>\nMasterointi: Minerva Pappi at Chartmakers<\/p>\n<\/div>\n<\/div>\n<\/div>\n<div class=\"field field-name-field-kamucd-yht-kokoonpano field-type-text-long field-label-inline clearfix\">\n<div class=\"field-label\">Muusikot:<\/div>\n<div class=\"field-items\">\n<div class=\"field-item even\">\n<p>Timo V\u00e4\u00e4n\u00e4nen: kantele soloist<br \/>\nNathan Thomson: double bass<br \/>\nKristiina Ilmonen: silver flute, puuhuilut, xylophone of stones and flutes<br \/>\nOrkesterin j\u00e4senet:<br \/>\nTiina Aho-Erola, Camilla B\u00e4ckman, Suvi Oskala: I viulu<br \/>\nMinni Ilmonen, Marianne Maans: II viulu<br \/>\nHanni Autere, Tuula Riisalo: alttoviulu<br \/>\nLea Pekkala, Marion G\u00f6bel: sello<br \/>\nDylan Fowler: rumpu<\/p>\n<\/div>\n<\/div>\n<\/div>\n<div class=\"field field-name-field-kamucd-raidat field-type-text-long field-label-hidden\">\n<div class=\"field-items\">\n<div class=\"field-item even\">\n<p><strong>1. Hidden Waterfall<\/strong><\/p>\n<p>S\u00e4v. &amp; sov. Gillian Stevens<\/p>\n<p>Osa on saanut vaikutteita vanhasta karjalaisesta kanteleensoitosta, sen hypnoottisesti toistuvista kuvioista.<\/p>\n<!--[if lt IE 9]><script>document.createElement('audio');<\/script><![endif]-->\n<audio class=\"wp-audio-shortcode\" id=\"audio-1606-1\" preload=\"none\" style=\"width: 100%;\" controls=\"controls\"><source type=\"audio\/mpeg\" src=\"https:\/\/etno.net\/wp-content\/uploads\/2020\/12\/gillian_stevens_hidden_waterfall.mp3?_=1\" \/><a href=\"https:\/\/etno.net\/wp-content\/uploads\/2020\/12\/gillian_stevens_hidden_waterfall.mp3\">https:\/\/etno.net\/wp-content\/uploads\/2020\/12\/gillian_stevens_hidden_waterfall.mp3<\/a><\/audio>\n<p>2. Llanerchwen<\/p>\n<p>S\u00e4v. &amp; sov. Gillian Stevens<\/p>\n<p>Kappale heijastelee Walesin maiseman ja s\u00e4\u00e4tilan vastakohtaisuuksia &#8211; paksuja pilvi\u00e4 vuorilla &#8211; seuraavassa tuokiossa kimaltavaa aurinkoa nurmen kasteessa.<\/p>\n<p>3. Cave<\/p>\n<p>S\u00e4v. &amp; sov. Gillian Stevens<\/p>\n<p>Osan luonnetta voisi kuvailla sanoilla pehme\u00e4n hiljainen, mutta arvaamaton. Orkesterin osuus on tarkkaan s\u00e4velletty &#8211; kanteleen osuus on p\u00e4\u00e4osin improvisoitu.<\/p>\n<p><strong>4. Hollow Yew<\/strong><\/p>\n<p>S\u00e4v. &amp; sov. Gillian Stevens<\/p>\n<p>Marjakuusi on uudelleensyntymisen ja suojelun symboli.<\/p>\n<audio class=\"wp-audio-shortcode\" id=\"audio-1606-2\" preload=\"none\" style=\"width: 100%;\" controls=\"controls\"><source type=\"audio\/mpeg\" src=\"https:\/\/etno.net\/wp-content\/uploads\/2020\/12\/gillian_stevens_hollow_yew.mp3?_=2\" \/><a href=\"https:\/\/etno.net\/wp-content\/uploads\/2020\/12\/gillian_stevens_hollow_yew.mp3\">https:\/\/etno.net\/wp-content\/uploads\/2020\/12\/gillian_stevens_hollow_yew.mp3<\/a><\/audio>\n<p><strong>5. Hare-leap<\/strong><\/p>\n<p>S\u00e4v. &amp; sov. Gillian Stevens<\/p>\n<p>Rusakko on salaper\u00e4inen ja harvinainen Britanniassa. Tanssiva rusakko on j\u00e4lleensyntym\u00e4n ja hedelm\u00e4llisyyden symboli.<\/p>\n<audio class=\"wp-audio-shortcode\" id=\"audio-1606-3\" preload=\"none\" style=\"width: 100%;\" controls=\"controls\"><source type=\"audio\/mpeg\" src=\"https:\/\/etno.net\/wp-content\/uploads\/2020\/12\/gillian_stevens_hareleap.mp3?_=3\" \/><a href=\"https:\/\/etno.net\/wp-content\/uploads\/2020\/12\/gillian_stevens_hareleap.mp3\">https:\/\/etno.net\/wp-content\/uploads\/2020\/12\/gillian_stevens_hareleap.mp3<\/a><\/audio>\n<p>6. House by the lake<\/p>\n<p>S\u00e4v. &amp; sov. Gillian Stevens<\/p>\n<p>Rauhallinen, kaunis ja yksin\u00e4inen paikka, miss\u00e4 toipua ja koota itsens\u00e4 vaativampia, synkempi\u00e4 aikoja varten.<\/p>\n<p>7. Till by Turning<\/p>\n<p>S\u00e4v. &amp; sov. Gillian Stevens<\/p>\n<p>Ensimm\u00e4isen osan muunnos.<\/p>\n<\/div>\n<\/div>\n<\/div>\n","protected":false},"excerpt":{"rendered":"<p>Konserton seitsem\u00e4n osaa liittyv\u00e4t toisiinsa saumatta, kontrabasso, huilu tai kantele kutovat ne yhteen. Osien nimet voivat toimia yhten\u00e4 l\u00e4ht\u00f6pisteen\u00e4 kuulijalle. Ne antavat viitteit\u00e4 symboleista ja mielikuvista &#8211; ne ovat pyrkimys sanallistaa, mit\u00e4 musiikillani tarkoitan. Puron vuo, vesiputous, pilvet ja auringonpaiste, luolan h\u00e4m\u00e4r\u00e4\u00e4n katoava tuntematon tummuus &#8211; puu, joka kasvaa ja syntyy uudelleen, j\u00e4lleensyntym\u00e4\u00e4 kuvastava el\u00e4in, [&hellip;]<\/p>\n","protected":false},"featured_media":1610,"comment_status":"closed","ping_status":"closed","template":"","meta":{"_acf_changed":false},"product_brand":[],"product_cat":[65],"product_tag":[],"class_list":{"0":"post-1606","1":"product","2":"type-product","3":"status-publish","4":"has-post-thumbnail","6":"product_cat-aanitteet","8":"first","9":"instock","10":"shipping-taxable","11":"product-type-simple"},"acf":[],"_links":{"self":[{"href":"https:\/\/etno.net\/en\/wp-json\/wp\/v2\/product\/1606","targetHints":{"allow":["GET"]}}],"collection":[{"href":"https:\/\/etno.net\/en\/wp-json\/wp\/v2\/product"}],"about":[{"href":"https:\/\/etno.net\/en\/wp-json\/wp\/v2\/types\/product"}],"replies":[{"embeddable":true,"href":"https:\/\/etno.net\/en\/wp-json\/wp\/v2\/comments?post=1606"}],"wp:featuredmedia":[{"embeddable":true,"href":"https:\/\/etno.net\/en\/wp-json\/wp\/v2\/media\/1610"}],"wp:attachment":[{"href":"https:\/\/etno.net\/en\/wp-json\/wp\/v2\/media?parent=1606"}],"wp:term":[{"taxonomy":"product_brand","embeddable":true,"href":"https:\/\/etno.net\/en\/wp-json\/wp\/v2\/product_brand?post=1606"},{"taxonomy":"product_cat","embeddable":true,"href":"https:\/\/etno.net\/en\/wp-json\/wp\/v2\/product_cat?post=1606"},{"taxonomy":"product_tag","embeddable":true,"href":"https:\/\/etno.net\/en\/wp-json\/wp\/v2\/product_tag?post=1606"}],"curies":[{"name":"wp","href":"https:\/\/api.w.org\/{rel}","templated":true}]}}