{"id":1616,"date":"2020-12-17T17:20:05","date_gmt":"2020-12-17T15:20:05","guid":{"rendered":"https:\/\/etno.net\/?post_type=product&#038;p=1616"},"modified":"2021-11-19T12:47:33","modified_gmt":"2021-11-19T10:47:33","slug":"jpp-skywire","status":"publish","type":"product","link":"https:\/\/etno.net\/en\/julkaisu\/aanitteet\/jpp-skywire","title":{"rendered":"JPP &#8211; Skywire"},"content":{"rendered":"<div class=\"field field-name-body field-type-text-with-summary field-label-hidden\">\n<div class=\"field-items\">\n<div class=\"field-item even\">\n<p><em>Taivaankansi tasapainossa, aistit teroitettuna<br \/>\nhurmio huumaa, j\u00e4nnitys ymp\u00e4r\u00f6i<br \/>\nmieli vapautuu, leijuu ja v\u00e4r\u00e4htelee<br \/>\ntanssii liidellen eri suuntiin\u00a0<\/em><\/p>\n<\/div>\n<\/div>\n<\/div>\n<div class=\"field field-name-field-kamucd-koodi field-type-text field-label-inline clearfix\"><\/div>\n<div class=\"field field-name-field-kamucd-tallennusmaa field-type-text field-label-inline clearfix\">\n<div class=\"field-items\">\n<div class=\"field-item even\"><\/div>\n<\/div>\n<\/div>\n<div class=\"field field-name-field-kamucd-teknikot field-type-text-long field-label-hidden\">\n<div class=\"field-items\">\n<div class=\"field-item even\">\n<p>Tuottaja: JPP<br \/>\n\u00c4\u00e4nitys: Hannes Andersson<br \/>\nMiksaus: Antti J\u00e4rvel\u00e4, assistant engineering by Vesa Laasanen<br \/>\nMasterointi: Minerva Pappi<\/p>\n<\/div>\n<\/div>\n<\/div>\n<div class=\"field field-name-field-kamucd-yht-kokoonpano field-type-text-long field-label-inline clearfix\">\n<div class=\"field-label\">Muusikot:<\/div>\n<div class=\"field-items\">\n<div class=\"field-item even\">\n<p>Arto J\u00e4rvel\u00e4: violin<br \/>\nEsko J\u00e4rvel\u00e4: violin<br \/>\nMauno J\u00e4rvel\u00e4: violin<br \/>\nMatti M\u00e4kel\u00e4: violin<br \/>\nTommi Pyyk\u00f6nen: violin<br \/>\nAntti J\u00e4rvel\u00e4: violin, double bass (2, 7-9, 11, 14)<br \/>\nTimo Myllykangas: double bass<br \/>\nTimo Alakotila: harmonium, piano (2, 5, 7, 8)<\/p>\n<\/div>\n<\/div>\n<\/div>\n<div class=\"field field-name-field-kamucd-raidat field-type-text-long field-label-hidden\">\n<div class=\"field-items\">\n<div class=\"field-item even\">\n<p>1. Morsiusfatimarssi<\/p>\n<p>S\u00e4v. Mauno J\u00e4rvel\u00e4, sov. Timo Alakotila<\/p>\n<p><strong>2. Unen poika<\/strong><\/p>\n<p>S\u00e4v. Timo Alakotila, sov. Timo Alakotila<\/p>\n<!--[if lt IE 9]><script>document.createElement('audio');<\/script><![endif]-->\n<audio class=\"wp-audio-shortcode\" id=\"audio-1616-1\" preload=\"none\" style=\"width: 100%;\" controls=\"controls\"><source type=\"audio\/mpeg\" src=\"https:\/\/etno.net\/wp-content\/uploads\/2020\/12\/jpp_unen_poika.mp3?_=1\" \/><a href=\"https:\/\/etno.net\/wp-content\/uploads\/2020\/12\/jpp_unen_poika.mp3\">https:\/\/etno.net\/wp-content\/uploads\/2020\/12\/jpp_unen_poika.mp3<\/a><\/audio>\n<p><strong>3. Kohti Pispalaa<\/strong><\/p>\n<p>S\u00e4v. Timo Alakotila, sov. Timo Alakotila<\/p>\n<audio class=\"wp-audio-shortcode\" id=\"audio-1616-2\" preload=\"none\" style=\"width: 100%;\" controls=\"controls\"><source type=\"audio\/mpeg\" src=\"https:\/\/etno.net\/wp-content\/uploads\/2020\/12\/jpp_kohti_pispalaa.mp3?_=2\" \/><a href=\"https:\/\/etno.net\/wp-content\/uploads\/2020\/12\/jpp_kohti_pispalaa.mp3\">https:\/\/etno.net\/wp-content\/uploads\/2020\/12\/jpp_kohti_pispalaa.mp3<\/a><\/audio>\n<p>4. Bruciato<\/p>\n<p>S\u00e4v. Timo Alakotila, sov. Timo Alakotila<\/p>\n<p>5. Suomalainen h\u00e4\u00e4valssi<\/p>\n<p>S\u00e4v. Ville Kangas, sov. Ville Kangas<\/p>\n<p>6. P.H.<\/p>\n<p>S\u00e4v. Arto J\u00e4rvel\u00e4, sov. Arto J\u00e4rvel\u00e4<\/p>\n<p>7. Celeste<\/p>\n<p>S\u00e4v. Timo Alakotila, sov. Timo Alakotila<\/p>\n<p>8. Felicita<\/p>\n<p>S\u00e4v. Trad, sov. Timo Alakotila &amp; Arto J\u00e4rvel\u00e4<\/p>\n<p>9. Onnentoivotuspolska<\/p>\n<p>S\u00e4v. Arto J\u00e4rvel\u00e4, sov. Arto J\u00e4rvel\u00e4<\/p>\n<p>10. Kairelan poikain flikuleeri<\/p>\n<p>S\u00e4v. Arto J\u00e4rvel\u00e4, sov. Arto J\u00e4rvel\u00e4<\/p>\n<p>11. Leander honga<\/p>\n<p>S\u00e4v. Trad\/Timo Alakotila, sov. Timo Alakotila<\/p>\n<p>12. Hiuuih<\/p>\n<p>S\u00e4v. Arto J\u00e4rvel\u00e4, sov. Arto J\u00e4rvel\u00e4<\/p>\n<p>13. Tango poesie<\/p>\n<p>S\u00e4v. Josef Rixner sov. Timo Alakotila<\/p>\n<p>14. Ristilukki<\/p>\n<p>S\u00e4v. Arto J\u00e4rvel\u00e4, sov. Arto J\u00e4rvel\u00e4<\/p>\n<p><strong>15. Kultahinen marssi<\/strong><\/p>\n<p>S\u00e4v. Ville Kangas, sov. Ville Kangas<\/p>\n<audio class=\"wp-audio-shortcode\" id=\"audio-1616-3\" preload=\"none\" style=\"width: 100%;\" controls=\"controls\"><source type=\"audio\/mpeg\" src=\"https:\/\/etno.net\/wp-content\/uploads\/2020\/12\/jpp_kultahinen_marssi.mp3?_=3\" \/><a href=\"https:\/\/etno.net\/wp-content\/uploads\/2020\/12\/jpp_kultahinen_marssi.mp3\">https:\/\/etno.net\/wp-content\/uploads\/2020\/12\/jpp_kultahinen_marssi.mp3<\/a><\/audio>\n<p>16. Torpanvartijan valssi<\/p>\n<p>S\u00e4v. Antti J\u00e4rvel\u00e4, sov. Antti J\u00e4rvel\u00e4<\/p>\n<\/div>\n<\/div>\n<\/div>\n","protected":false},"excerpt":{"rendered":"<p>Taivaankansi tasapainossa, aistit teroitettuna hurmio huumaa, j\u00e4nnitys ymp\u00e4r\u00f6i mieli vapautuu, leijuu ja v\u00e4r\u00e4htelee tanssii liidellen eri suuntiin\u00a0 Tuottaja: JPP \u00c4\u00e4nitys: Hannes Andersson Miksaus: Antti J\u00e4rvel\u00e4, assistant engineering by Vesa Laasanen Masterointi: Minerva Pappi Muusikot: Arto J\u00e4rvel\u00e4: violin Esko J\u00e4rvel\u00e4: violin Mauno J\u00e4rvel\u00e4: violin Matti M\u00e4kel\u00e4: violin Tommi Pyyk\u00f6nen: violin Antti J\u00e4rvel\u00e4: violin, double bass (2, [&hellip;]<\/p>\n","protected":false},"featured_media":1620,"comment_status":"closed","ping_status":"closed","template":"","meta":{"_acf_changed":false},"product_brand":[],"product_cat":[65],"product_tag":[],"class_list":{"0":"post-1616","1":"product","2":"type-product","3":"status-publish","4":"has-post-thumbnail","6":"product_cat-aanitteet","8":"first","9":"instock","10":"shipping-taxable","11":"product-type-simple"},"acf":[],"_links":{"self":[{"href":"https:\/\/etno.net\/en\/wp-json\/wp\/v2\/product\/1616","targetHints":{"allow":["GET"]}}],"collection":[{"href":"https:\/\/etno.net\/en\/wp-json\/wp\/v2\/product"}],"about":[{"href":"https:\/\/etno.net\/en\/wp-json\/wp\/v2\/types\/product"}],"replies":[{"embeddable":true,"href":"https:\/\/etno.net\/en\/wp-json\/wp\/v2\/comments?post=1616"}],"wp:featuredmedia":[{"embeddable":true,"href":"https:\/\/etno.net\/en\/wp-json\/wp\/v2\/media\/1620"}],"wp:attachment":[{"href":"https:\/\/etno.net\/en\/wp-json\/wp\/v2\/media?parent=1616"}],"wp:term":[{"taxonomy":"product_brand","embeddable":true,"href":"https:\/\/etno.net\/en\/wp-json\/wp\/v2\/product_brand?post=1616"},{"taxonomy":"product_cat","embeddable":true,"href":"https:\/\/etno.net\/en\/wp-json\/wp\/v2\/product_cat?post=1616"},{"taxonomy":"product_tag","embeddable":true,"href":"https:\/\/etno.net\/en\/wp-json\/wp\/v2\/product_tag?post=1616"}],"curies":[{"name":"wp","href":"https:\/\/api.w.org\/{rel}","templated":true}]}}