{"id":1621,"date":"2020-12-17T17:25:42","date_gmt":"2020-12-17T15:25:42","guid":{"rendered":"https:\/\/etno.net\/?post_type=product&#038;p=1621"},"modified":"2021-11-19T12:48:19","modified_gmt":"2021-11-19T10:48:19","slug":"ronsy-juureilevia-tarinoita-wandering-tales","status":"publish","type":"product","link":"https:\/\/etno.net\/en\/julkaisu\/aanitteet\/ronsy-juureilevia-tarinoita-wandering-tales","title":{"rendered":"R\u00f6nsy &#8211; Juureilevia tarinoita, Wandering tales"},"content":{"rendered":"<div class=\"field field-name-field-kamucd-teknikot field-type-text-long field-label-hidden\">\n<div class=\"field-items\">\n<div class=\"field-item even\">\n<p>Produced by Maria Kalaniemi &amp; R\u00f6nsy<br \/>\nPhotos by Peter Salovaara<br \/>\nCover text by Iida Savolainen &amp; Ulla Silvennoinen<br \/>\nGraphic design by Tero Vesterinen<br \/>\nEnglish translations by \u00a0Girilal Baars<br \/>\nRecorded, mixed &amp; mastered by Taito Hoffr\u00e9n \/ \u00c4\u00e4ni\u00e4<\/p>\n<\/div>\n<\/div>\n<\/div>\n<div class=\"field field-name-field-kamucd-yht-kokoonpano field-type-text-long field-label-inline clearfix\">\n<div class=\"field-label\">Muusikot:<\/div>\n<div class=\"field-items\">\n<div class=\"field-item even\">\n<p>Helmi Camus &#8211; double bass, harmonium, vocals<br \/>\nMaija Kauhanen &#8211; concert kantele, Saarij\u00e4rvi kantele, vocals<br \/>\nKaisa Ristiluoma &#8211; 5 and 2 row accorrdions, vocals<\/p>\n<p>&nbsp;<\/p>\n<\/div>\n<\/div>\n<\/div>\n<div class=\"field field-name-field-kamucd-raidat field-type-text-long field-label-hidden\">\n<div class=\"field-items\">\n<div class=\"field-item even\">\n<p><strong>1. Kirje &#8211; Letter<\/strong><\/p>\n<!--[if lt IE 9]><script>document.createElement('audio');<\/script><![endif]-->\n<audio class=\"wp-audio-shortcode\" id=\"audio-1621-1\" preload=\"none\" style=\"width: 100%;\" controls=\"controls\"><source type=\"audio\/mpeg\" src=\"https:\/\/etno.net\/wp-content\/uploads\/2020\/12\/kirje.mp3?_=1\" \/><a href=\"https:\/\/etno.net\/wp-content\/uploads\/2020\/12\/kirje.mp3\">https:\/\/etno.net\/wp-content\/uploads\/2020\/12\/kirje.mp3<\/a><\/audio>\n<p>2. Puuma &#8211; Cougar<\/p>\n<p>3. Villi l\u00e4nsi &#8211; Wild west<\/p>\n<p><strong>4. Kaipaus &#8211; Longing<\/strong><\/p>\n<audio class=\"wp-audio-shortcode\" id=\"audio-1621-2\" preload=\"none\" style=\"width: 100%;\" controls=\"controls\"><source type=\"audio\/mpeg\" src=\"https:\/\/etno.net\/wp-content\/uploads\/2020\/12\/kaipaus.mp3?_=2\" \/><a href=\"https:\/\/etno.net\/wp-content\/uploads\/2020\/12\/kaipaus.mp3\">https:\/\/etno.net\/wp-content\/uploads\/2020\/12\/kaipaus.mp3<\/a><\/audio>\n<p>5. Maham\u00f6llikk\u00f6\u00f6 &amp; Viipurin pukki &#8211; Belly &amp; the Vyborg Goat<\/p>\n<p>6. Kohtalokas Juhannus &#8211; Fatal Midsummer Night<\/p>\n<p><strong>7. Virsi 108 &#8211; Hymn 108<\/strong><\/p>\n<audio class=\"wp-audio-shortcode\" id=\"audio-1621-3\" preload=\"none\" style=\"width: 100%;\" controls=\"controls\"><source type=\"audio\/mpeg\" src=\"https:\/\/etno.net\/wp-content\/uploads\/2020\/12\/virsi.mp3?_=3\" \/><a href=\"https:\/\/etno.net\/wp-content\/uploads\/2020\/12\/virsi.mp3\">https:\/\/etno.net\/wp-content\/uploads\/2020\/12\/virsi.mp3<\/a><\/audio>\n<p>Compodsed by trad. (1 &amp; 5), HC\/trad. (2), MK (3), KR (4), MK &amp; KR (6), trad.\/R\u00f6nsy (7)<br \/>\nLyrics trad. (1 &amp; 4) and R\u00f6nsy\/trad. (2)<\/p>\n<\/div>\n<\/div>\n<\/div>\n","protected":false},"excerpt":{"rendered":"<p>Produced by Maria Kalaniemi &amp; R\u00f6nsy Photos by Peter Salovaara Cover text by Iida Savolainen &amp; Ulla Silvennoinen Graphic design by Tero Vesterinen English translations by \u00a0Girilal Baars Recorded, mixed &amp; mastered by Taito Hoffr\u00e9n \/ \u00c4\u00e4ni\u00e4 Muusikot: Helmi Camus &#8211; double bass, harmonium, vocals Maija Kauhanen &#8211; concert kantele, Saarij\u00e4rvi kantele, vocals Kaisa Ristiluoma [&hellip;]<\/p>\n","protected":false},"featured_media":3519,"comment_status":"closed","ping_status":"closed","template":"","meta":{"_acf_changed":false},"product_brand":[],"product_cat":[65],"product_tag":[],"class_list":{"0":"post-1621","1":"product","2":"type-product","3":"status-publish","4":"has-post-thumbnail","6":"product_cat-aanitteet","8":"first","9":"instock","10":"shipping-taxable","11":"product-type-simple"},"acf":[],"_links":{"self":[{"href":"https:\/\/etno.net\/en\/wp-json\/wp\/v2\/product\/1621","targetHints":{"allow":["GET"]}}],"collection":[{"href":"https:\/\/etno.net\/en\/wp-json\/wp\/v2\/product"}],"about":[{"href":"https:\/\/etno.net\/en\/wp-json\/wp\/v2\/types\/product"}],"replies":[{"embeddable":true,"href":"https:\/\/etno.net\/en\/wp-json\/wp\/v2\/comments?post=1621"}],"wp:featuredmedia":[{"embeddable":true,"href":"https:\/\/etno.net\/en\/wp-json\/wp\/v2\/media\/3519"}],"wp:attachment":[{"href":"https:\/\/etno.net\/en\/wp-json\/wp\/v2\/media?parent=1621"}],"wp:term":[{"taxonomy":"product_brand","embeddable":true,"href":"https:\/\/etno.net\/en\/wp-json\/wp\/v2\/product_brand?post=1621"},{"taxonomy":"product_cat","embeddable":true,"href":"https:\/\/etno.net\/en\/wp-json\/wp\/v2\/product_cat?post=1621"},{"taxonomy":"product_tag","embeddable":true,"href":"https:\/\/etno.net\/en\/wp-json\/wp\/v2\/product_tag?post=1621"}],"curies":[{"name":"wp","href":"https:\/\/api.w.org\/{rel}","templated":true}]}}