{"id":1626,"date":"2020-12-17T20:56:44","date_gmt":"2020-12-17T18:56:44","guid":{"rendered":"https:\/\/etno.net\/?post_type=product&#038;p=1626"},"modified":"2021-11-19T12:49:01","modified_gmt":"2021-11-19T10:49:01","slug":"finno-balkan-voices","status":"publish","type":"product","link":"https:\/\/etno.net\/en\/julkaisu\/aanitteet\/finno-balkan-voices","title":{"rendered":"Finno-Balkan Voices"},"content":{"rendered":"<div class=\"field field-name-body field-type-text-with-summary field-label-hidden\">\n<div class=\"field-items\">\n<div class=\"field-item even\">\n<p>Finno-Balkan Voices comprises two groups of singers, the Finnish group\u00a0<em>Mamo\u00a0<\/em>and\u00a0<em>Vaya Quartet\u00a0<\/em>from Bulgaria. Together, they form a line-up witch combines two strong singing traditions. Their repertoire includes not onlu folk songs but also commissioned pieces and songs written by the members of the ensemble themselves. Eight unique voices combine to form an unusual and beautiful sound.<\/p>\n<\/div>\n<\/div>\n<\/div>\n<div class=\"field field-name-field-kamucd-koodi field-type-text field-label-inline clearfix\"><\/div>\n<div class=\"field field-name-field-kamucd-tallennusmaa field-type-text field-label-inline clearfix\">\n<div class=\"field-items\">\n<div class=\"field-item even\"><\/div>\n<\/div>\n<\/div>\n<div class=\"field field-name-field-kamucd-teknikot field-type-text-long field-label-hidden\">\n<div class=\"field-items\">\n<div class=\"field-item even\">\n<p>Tuottaja: Dora Hristova<br \/>\n\u00c4\u00e4nitys: Marko My\u00f6h\u00e4nen<br \/>\nMiksaus: Marko My\u00f6h\u00e4nen<br \/>\nMasterointi: Vesa Norilo<\/p>\n<\/div>\n<\/div>\n<\/div>\n<div class=\"field field-name-field-kamucd-yht-kokoonpano field-type-text-long field-label-inline clearfix\">\n<div class=\"field-label\">Muusikot:<\/div>\n<div class=\"field-items\">\n<div class=\"field-item even\">\n<p>Sonya Bakoeva, vocal<br \/>\nEmmi Kuittinen, vocal<br \/>\nEmmi Kujanp\u00e4\u00e4, vocal<br \/>\nJuulia Salonen, vocal<br \/>\nMarina Stefanova, vocal<br \/>\nIliana Tabor, vocal<br \/>\nGergana Taskova, vocal<br \/>\nMira T\u00f6rm\u00e4l\u00e4, vocal<\/p>\n<\/div>\n<\/div>\n<\/div>\n<div class=\"field field-name-field-kamucd-raidat field-type-text-long field-label-hidden\">\n<div class=\"field-items\">\n<div class=\"field-item even\">\n<p><strong>1. Chichovite kone\/Hevosia hyvi\u00e4<\/strong><\/p>\n<p>S\u00e4v. trad. Bulgaria, san. trad. Bulgaria\/Finland, sov. Finno-Balkan Voices<\/p>\n<p>Chichovite kone: My uncle&#8217;s horses, witch graze on his yard, are staring into the distance because they know we&#8217;ll go to Mara&#8217;s (a girl) and Jovancho&#8217;s (a boy) engagement.<br \/>\nHevosia hyvi\u00e4: Good horses, money and grain. Run my horse; the sky is dark.<\/p>\n<!--[if lt IE 9]><script>document.createElement('audio');<\/script><![endif]-->\n<audio class=\"wp-audio-shortcode\" id=\"audio-1626-1\" preload=\"none\" style=\"width: 100%;\" controls=\"controls\"><source type=\"audio\/mpeg\" src=\"https:\/\/etno.net\/wp-content\/uploads\/2020\/12\/etn_fcd_146_146_sou_001_prv.mp3?_=1\" \/><a href=\"https:\/\/etno.net\/wp-content\/uploads\/2020\/12\/etn_fcd_146_146_sou_001_prv.mp3\">https:\/\/etno.net\/wp-content\/uploads\/2020\/12\/etn_fcd_146_146_sou_001_prv.mp3<\/a><\/audio>\n<p>2. Maarojani<\/p>\n<p>S\u00e4v.\/san. trad. Ingria, sov. Emmi Kujanp\u00e4\u00e4<\/p>\n<p>A song about a women&#8217;s castle. My sisters, let&#8217;s make a castle and hide ourselves from the grooms.<\/p>\n<p>3. Lintuseni<\/p>\n<p>S\u00e4v. Juha Kujanp\u00e4\u00e4, san. trad. Finland, sov. Finno-Balkan Voices<\/p>\n<p>Good evening, my little bird, my loved one. Dance now, my little bird, my loved one.<\/p>\n<p><strong>4. Tsafti mi, tsafti bosilko<\/strong><\/p>\n<p>S\u00e4v.\/san. trad. Bulgaria, sov. Gancho Gavazov, esitt\u00e4j\u00e4n\u00e4 Vaya Quartet<\/p>\n<p>A girl sings to her flower and cries for her beloved who is off to build a bridge over the sea.<\/p>\n<audio class=\"wp-audio-shortcode\" id=\"audio-1626-2\" preload=\"none\" style=\"width: 100%;\" controls=\"controls\"><source type=\"audio\/mpeg\" src=\"https:\/\/etno.net\/wp-content\/uploads\/2020\/12\/etn_fcd_146_146_sou_004_prv.mp3?_=2\" \/><a href=\"https:\/\/etno.net\/wp-content\/uploads\/2020\/12\/etn_fcd_146_146_sou_004_prv.mp3\">https:\/\/etno.net\/wp-content\/uploads\/2020\/12\/etn_fcd_146_146_sou_004_prv.mp3<\/a><\/audio>\n<p>5. Sevdelino detelino<\/p>\n<p>S\u00e4v.\/san. trad. Bulgaria, sov. Ilian Yuruchki<\/p>\n<p>Sevdelina (a girl) is so in love. She just got a shiny necklace and a nice belt from her new lover.<\/p>\n<p>6. Oisko mun suussani\/Rano mi e, more<\/p>\n<p>S\u00e4v.\/san. trad. Bulgaria, sov. Mamo ja trad. Bulgaria, Shopluk<\/p>\n<p>Oisko mun suussani: Oh I wish I had the taste of summerbutter on my tongue. Oh I wish I had the wings of a bird.<br \/>\nRano mi e, more: The sun has tisen very early. The forest smells like spring flowers which are lit up by the sun and covered with dew-drops.<\/p>\n<p>7. Peperuda<\/p>\n<p>S\u00e4v.\/san. Emmi Kujanp\u00e4\u00e4, sov. Finno-Balkan Voices<\/p>\n<p>A girl called Rada was waiting for her love near a spring for two years. She asks a butterfly: &#8221;Where is my love, where is my golden bird?&#8221;<br \/>\n&#8221;He is still walking in the mountains&#8221;, the butterfly replies.<\/p>\n<p>8. Mets\u00e4n s\u00e4vel<\/p>\n<p>S\u00e4v.\/san. trad. Ingria.\/Teppo Repo, esitt\u00e4j\u00e4n\u00e4 Mamo<\/p>\n<p>I went to the forest in midsummer and it was good to sing there. But why is my voice not ringing, what is wrong with it?<\/p>\n<p>9. Sinko, Stoyane<\/p>\n<p>S\u00e4v.\/san. trad. Bulgaria, sovittanut Zoya Mikova<\/p>\n<p>Stoyan&#8217;s mother tells him to get married to a girl named Ruzhka so that Stoyan would have a lover and his mother would help with the house work.<\/p>\n<p>10. Taz vecher<\/p>\n<p>S\u00e4v.\/san. trad. Bulgaria, sovittanut Gancho Gavazov<\/p>\n<p>A young maiden is not happy this evening because her lover went out into the forest and he didn&#8217;t come back. All the young couples are outside to dance but her lover is not there to dance with her.<\/p>\n<p>11. Pyy pes\u00e4t\u00f6n lintu<\/p>\n<p>S\u00e4v. Mira T\u00f6rm\u00e4l\u00e4, san. Kanteletar, esitt\u00e4j\u00e4n\u00e4 Mamo<\/p>\n<p>I&#8217;m thinking about my childhood, how everything was like in a worm summer day. Now I&#8217;ve left my childhood home and life is like a dark cloud or a long night in autumn. Where is my home? I&#8217;m a bird without a nest, a bird without a home.<\/p>\n<p>12. Snoshti e Dobra<\/p>\n<p>S\u00e4v.\/san. trad. Bulgaria, sov. Gancho Gavazov<\/p>\n<p>Dobra, a young bride, stayed up very late and spun nine spindles. She is going to weave a linen cloth because it&#8217;s time for her baby to be born.<\/p>\n<p><strong>13. L\u00e4ksin min\u00e4 kes\u00e4y\u00f6n\u00e4<\/strong><\/p>\n<p>S\u00e4v.\/san. trad. Finland, sov. Emmi Kujanp\u00e4\u00e4<\/p>\n<p>I went to the valley in the summer night and a girl was crying on the shore. She was waiting for her lover and thought he might be dead. But then she saw the ship returning.<\/p>\n<audio class=\"wp-audio-shortcode\" id=\"audio-1626-3\" preload=\"none\" style=\"width: 100%;\" controls=\"controls\"><source type=\"audio\/mpeg\" src=\"https:\/\/etno.net\/wp-content\/uploads\/2020\/12\/etn_fcd_146_146_sou_013_prv.mp3?_=3\" \/><a href=\"https:\/\/etno.net\/wp-content\/uploads\/2020\/12\/etn_fcd_146_146_sou_013_prv.mp3\">https:\/\/etno.net\/wp-content\/uploads\/2020\/12\/etn_fcd_146_146_sou_013_prv.mp3<\/a><\/audio>\n<p>&nbsp;<\/p>\n<\/div>\n<\/div>\n<\/div>\n","protected":false},"excerpt":{"rendered":"<p>Finno-Balkan Voices comprises two groups of singers, the Finnish group\u00a0Mamo\u00a0and\u00a0Vaya Quartet\u00a0from Bulgaria. Together, they form a line-up witch combines two strong singing traditions. Their repertoire includes not onlu folk songs but also commissioned pieces and songs written by the members of the ensemble themselves. Eight unique voices combine to form an unusual and beautiful sound. [&hellip;]<\/p>\n","protected":false},"featured_media":1630,"comment_status":"closed","ping_status":"closed","template":"","meta":{"_acf_changed":false},"product_brand":[],"product_cat":[65],"product_tag":[],"class_list":{"0":"post-1626","1":"product","2":"type-product","3":"status-publish","4":"has-post-thumbnail","6":"product_cat-aanitteet","8":"first","9":"instock","10":"shipping-taxable","11":"product-type-simple"},"acf":[],"_links":{"self":[{"href":"https:\/\/etno.net\/en\/wp-json\/wp\/v2\/product\/1626","targetHints":{"allow":["GET"]}}],"collection":[{"href":"https:\/\/etno.net\/en\/wp-json\/wp\/v2\/product"}],"about":[{"href":"https:\/\/etno.net\/en\/wp-json\/wp\/v2\/types\/product"}],"replies":[{"embeddable":true,"href":"https:\/\/etno.net\/en\/wp-json\/wp\/v2\/comments?post=1626"}],"wp:featuredmedia":[{"embeddable":true,"href":"https:\/\/etno.net\/en\/wp-json\/wp\/v2\/media\/1630"}],"wp:attachment":[{"href":"https:\/\/etno.net\/en\/wp-json\/wp\/v2\/media?parent=1626"}],"wp:term":[{"taxonomy":"product_brand","embeddable":true,"href":"https:\/\/etno.net\/en\/wp-json\/wp\/v2\/product_brand?post=1626"},{"taxonomy":"product_cat","embeddable":true,"href":"https:\/\/etno.net\/en\/wp-json\/wp\/v2\/product_cat?post=1626"},{"taxonomy":"product_tag","embeddable":true,"href":"https:\/\/etno.net\/en\/wp-json\/wp\/v2\/product_tag?post=1626"}],"curies":[{"name":"wp","href":"https:\/\/api.w.org\/{rel}","templated":true}]}}