{"id":1631,"date":"2020-12-17T21:00:51","date_gmt":"2020-12-17T19:00:51","guid":{"rendered":"https:\/\/etno.net\/?post_type=product&#038;p=1631"},"modified":"2021-11-19T12:49:30","modified_gmt":"2021-11-19T10:49:30","slug":"tango-orkesteri-unto-yon-tummat-siivet","status":"publish","type":"product","link":"https:\/\/etno.net\/en\/julkaisu\/aanitteet\/tango-orkesteri-unto-yon-tummat-siivet","title":{"rendered":"Tango-orkesteri Unto &#8211; Y\u00f6n tummat siivet"},"content":{"rendered":"<div class=\"field field-name-body field-type-text-with-summary field-label-hidden\">\n<div class=\"field-items\">\n<div class=\"field-item even\">\n<p>Finnish tango is alive and well in the hands of Tango-orkesteri Unto! Beautiful, sweeping melodies in elegant, captivating arrangements, presented with longing and passion.<\/p>\n<\/div>\n<\/div>\n<\/div>\n<div class=\"field field-name-field-kamucd-koodi field-type-text field-label-inline clearfix\"><\/div>\n<div class=\"field field-name-field-kamucd-tallennusmaa field-type-text field-label-inline clearfix\">\n<div class=\"field-items\">\n<div class=\"field-item even\"><\/div>\n<\/div>\n<\/div>\n<div class=\"field field-name-field-kamucd-teknikot field-type-text-long field-label-hidden\">\n<div class=\"field-items\">\n<div class=\"field-item even\">\n<p>Tuottaja: Timo Alakotila<br \/>\n\u00c4\u00e4nitys: Speedy Saarinen<br \/>\nMiksaus: Speedy Saarinen<br \/>\nMasterointi: Svante F\u00f6rsb\u00e4ck<\/p>\n<\/div>\n<\/div>\n<\/div>\n<div class=\"field field-name-field-kamucd-yht-kokoonpano field-type-text-long field-label-inline clearfix\">\n<div class=\"field-label\">Muusikot:<\/div>\n<div class=\"field-items\">\n<div class=\"field-item even\">\n<p>Timo Alakotila: piano<br \/>\nMauno J\u00e4rvel\u00e4: violin<br \/>\nJohana Juhola: accordion<br \/>\nPetri Hakala: guitar<br \/>\nHannu Rantanen: double bass<br \/>\nPirjo Aittam\u00e4ki: vocals<\/p>\n<\/div>\n<\/div>\n<\/div>\n<div class=\"field field-name-field-kamucd-raidat field-type-text-long field-label-hidden\">\n<div class=\"field-items\">\n<div class=\"field-item even\">\n<h2>1. Juna<\/h2>\n<p>S\u00e4v. Anna-Mari K\u00e4h\u00e4r\u00e4, san. Anna-Leena H\u00e4rk\u00f6nen, sov. Tango-orkesteri Unto<\/p>\n<!--[if lt IE 9]><script>document.createElement('audio');<\/script><![endif]-->\n<audio class=\"wp-audio-shortcode\" id=\"audio-1631-1\" preload=\"none\" style=\"width: 100%;\" controls=\"controls\"><source type=\"audio\/mpeg\" src=\"https:\/\/etno.net\/wp-content\/uploads\/2020\/12\/tango-orkesteri_unto_juna.mp3?_=1\" \/><a href=\"https:\/\/etno.net\/wp-content\/uploads\/2020\/12\/tango-orkesteri_unto_juna.mp3\">https:\/\/etno.net\/wp-content\/uploads\/2020\/12\/tango-orkesteri_unto_juna.mp3<\/a><\/audio>\n<h2>2. Katuviert\u00e4 pitkin<\/h2>\n<p>S\u00e4v. Toivo K\u00e4rki, san. Rauni Kouta, sov. Tango-orkesteri Unto<\/p>\n<h2>3. Jos minut viel\u00e4 kohtaat<\/h2>\n<p>S\u00e4v. Erkki Rajam\u00e4ki, san. Pirkko Arola, sov. Tango-orkesteri Unto<\/p>\n<h2>4. Y\u00f6n tummat siivet<\/h2>\n<p>S\u00e4v. Unto Mononen, san. Unto Moninen, sov. Timo Alakotila<\/p>\n<h2>5. Eron hetki on kaunis<\/h2>\n<p>S\u00e4v. Toivo K\u00e4rki, san. H. Neva, sov. Tango-orkesteri Unto<\/p>\n<h2>6. Huudetaan<\/h2>\n<p>S\u00e4v. Johanna Juhola, san.Eppu Nuotio, sov. Tango-orkesteri Unto<\/p>\n<audio class=\"wp-audio-shortcode\" id=\"audio-1631-2\" preload=\"none\" style=\"width: 100%;\" controls=\"controls\"><source type=\"audio\/mpeg\" src=\"https:\/\/etno.net\/wp-content\/uploads\/2020\/12\/tango-orkesteri_unto_huudetaan.mp3?_=2\" \/><a href=\"https:\/\/etno.net\/wp-content\/uploads\/2020\/12\/tango-orkesteri_unto_huudetaan.mp3\">https:\/\/etno.net\/wp-content\/uploads\/2020\/12\/tango-orkesteri_unto_huudetaan.mp3<\/a><\/audio>\n<h2>7. Y\u00f6n syli<\/h2>\n<p>S\u00e4v. Johanna Juhola, san. Elina Lajunen, sov. Tango-orkesteri Unto<\/p>\n<h2>8. Kotkan ruusu<\/h2>\n<p>S\u00e4v. Helvi M\u00e4kinen, san. Leo Anttila, sov. Tango-orkesteri Unto<\/p>\n<h2>9. Hylj\u00e4tty<\/h2>\n<p>S\u00e4v. Timo Alakotila, san. Marja-Liisa Vartio, sov. Timo Alakotila<\/p>\n<h2>10. Humalapuu<\/h2>\n<p>S\u00e4v. Timo Alakotila, san. Ellen Niit, k\u00e4\u00e4nn\u00f6s Anja Salokannel, sov. Timo Alakotila<\/p>\n<h2>11. Miksi kerroit mulle valheen<\/h2>\n<p>S\u00e4v. Erik Lindstr\u00f6m, san. Erik Lindstr\u00f6m, sov. Tango-orkesteri Unto<\/p>\n<h2>12. Sade luo kuultavan h\u00e4m\u00e4r\u00e4n<\/h2>\n<p>S\u00e4v. Anna-Mari K\u00e4h\u00e4r\u00e4, san. Matti Rossi, sov. Tango-orkesteri Unto<\/p>\n<audio class=\"wp-audio-shortcode\" id=\"audio-1631-3\" preload=\"none\" style=\"width: 100%;\" controls=\"controls\"><source type=\"audio\/mpeg\" src=\"https:\/\/etno.net\/wp-content\/uploads\/2020\/12\/tango-orkesteri_unto_sade_luo_kuultavan_hamaran.mp3?_=3\" \/><a href=\"https:\/\/etno.net\/wp-content\/uploads\/2020\/12\/tango-orkesteri_unto_sade_luo_kuultavan_hamaran.mp3\">https:\/\/etno.net\/wp-content\/uploads\/2020\/12\/tango-orkesteri_unto_sade_luo_kuultavan_hamaran.mp3<\/a><\/audio>\n<p>&nbsp;<\/p>\n<\/div>\n<\/div>\n<\/div>\n","protected":false},"excerpt":{"rendered":"<p>Finnish tango is alive and well in the hands of Tango-orkesteri Unto! Beautiful, sweeping melodies in elegant, captivating arrangements, presented with longing and passion. Tuottaja: Timo Alakotila \u00c4\u00e4nitys: Speedy Saarinen Miksaus: Speedy Saarinen Masterointi: Svante F\u00f6rsb\u00e4ck Muusikot: Timo Alakotila: piano Mauno J\u00e4rvel\u00e4: violin Johana Juhola: accordion Petri Hakala: guitar Hannu Rantanen: double bass Pirjo Aittam\u00e4ki: [&hellip;]<\/p>\n","protected":false},"featured_media":1635,"comment_status":"closed","ping_status":"closed","template":"","meta":{"_acf_changed":false},"product_brand":[],"product_cat":[65],"product_tag":[],"class_list":{"0":"post-1631","1":"product","2":"type-product","3":"status-publish","4":"has-post-thumbnail","6":"product_cat-aanitteet","8":"first","9":"instock","10":"shipping-taxable","11":"product-type-simple"},"acf":[],"_links":{"self":[{"href":"https:\/\/etno.net\/en\/wp-json\/wp\/v2\/product\/1631","targetHints":{"allow":["GET"]}}],"collection":[{"href":"https:\/\/etno.net\/en\/wp-json\/wp\/v2\/product"}],"about":[{"href":"https:\/\/etno.net\/en\/wp-json\/wp\/v2\/types\/product"}],"replies":[{"embeddable":true,"href":"https:\/\/etno.net\/en\/wp-json\/wp\/v2\/comments?post=1631"}],"wp:featuredmedia":[{"embeddable":true,"href":"https:\/\/etno.net\/en\/wp-json\/wp\/v2\/media\/1635"}],"wp:attachment":[{"href":"https:\/\/etno.net\/en\/wp-json\/wp\/v2\/media?parent=1631"}],"wp:term":[{"taxonomy":"product_brand","embeddable":true,"href":"https:\/\/etno.net\/en\/wp-json\/wp\/v2\/product_brand?post=1631"},{"taxonomy":"product_cat","embeddable":true,"href":"https:\/\/etno.net\/en\/wp-json\/wp\/v2\/product_cat?post=1631"},{"taxonomy":"product_tag","embeddable":true,"href":"https:\/\/etno.net\/en\/wp-json\/wp\/v2\/product_tag?post=1631"}],"curies":[{"name":"wp","href":"https:\/\/api.w.org\/{rel}","templated":true}]}}