{"id":1636,"date":"2020-12-17T21:04:38","date_gmt":"2020-12-17T19:04:38","guid":{"rendered":"https:\/\/etno.net\/?post_type=product&#038;p=1636"},"modified":"2021-11-19T12:50:31","modified_gmt":"2021-11-19T10:50:31","slug":"aino-kurki-koralleja","status":"publish","type":"product","link":"https:\/\/etno.net\/en\/julkaisu\/aanitteet\/aino-kurki-koralleja","title":{"rendered":"Aino Kurki &#8211; Koralleja"},"content":{"rendered":"<div class=\"field field-name-body field-type-text-with-summary field-label-hidden\">\n<div class=\"field-items\">\n<div class=\"field-item even\">\n<p>T\u00e4m\u00e4 levy on syntynyt koran, l\u00e4nsiafrikkalaisen harpun innoittamana. Koransoittajien virtuoosimainen soittotyyli teki minuun sek\u00e4 musiikkiini l\u00e4htem\u00e4tt\u00f6m\u00e4n vaikutuksen. Halusin haastaa kanteleen lumoavan soinnin ja samalla vied\u00e4 sen tuntemattomille vesille. T\u00e4ll\u00e4 levyll\u00e4 ikivanha hauenleuka uiskentelee turkoosin meren syleilyyn, miss\u00e4 korallit tanssittavat sit\u00e4 rytmien pulpahdellessa pintaan.<\/p>\n<\/div>\n<\/div>\n<\/div>\n<div class=\"field field-name-field-kamucd-kuv-kirjoittaja field-type-text field-label-hidden\">\n<div class=\"field-items\">\n<div class=\"field-item even\">Aino Kurki<\/div>\n<\/div>\n<\/div>\n<div class=\"field field-name-field-kamucd-koodi field-type-text field-label-inline clearfix\"><\/div>\n<div class=\"field field-name-field-kamucd-tallennusmaa field-type-text field-label-inline clearfix\">\n<div class=\"field-items\">\n<div class=\"field-item even\"><\/div>\n<\/div>\n<\/div>\n<div class=\"field field-name-field-kamucd-teknikot field-type-text-long field-label-hidden\">\n<div class=\"field-items\">\n<div class=\"field-item even\">\n<p>\u00c4\u00e4nitys, miksaus ja masterointi: Matti Kontio<br \/>\nTuottaja: Sinikka Kontio<br \/>\nValokuva ja kansien suunnittelu: Jimmy Tr\u00e4skelin<\/p>\n<\/div>\n<\/div>\n<\/div>\n<div class=\"field field-name-field-kamucd-yht-kokoonpano field-type-text-long field-label-inline clearfix\">\n<div class=\"field-label\">Muusikot:<\/div>\n<div class=\"field-items\">\n<div class=\"field-item even\">\n<p>Aino Kurki, 39-kielinen konserttikantele, perkussiot<br \/>\nVierailevat muusikot: Cheich Cissokho kora, Jorge Alcaide gimbri<\/p>\n<\/div>\n<\/div>\n<\/div>\n<div class=\"field field-name-field-kamucd-raidat field-type-text-long field-label-hidden\">\n<div class=\"field-items\">\n<div class=\"field-item even\">\n<p><strong>1. Koralleja\/Corals<\/strong><\/p>\n<!--[if lt IE 9]><script>document.createElement('audio');<\/script><![endif]-->\n<audio class=\"wp-audio-shortcode\" id=\"audio-1636-1\" preload=\"none\" style=\"width: 100%;\" controls=\"controls\"><source type=\"audio\/mpeg\" src=\"https:\/\/etno.net\/wp-content\/uploads\/2020\/12\/koralleja.mp3?_=1\" \/><a href=\"https:\/\/etno.net\/wp-content\/uploads\/2020\/12\/koralleja.mp3\">https:\/\/etno.net\/wp-content\/uploads\/2020\/12\/koralleja.mp3<\/a><\/audio>\n<p>2. Dunia<\/p>\n<p>3. Seulb<\/p>\n<p>4. Haapaniemi-Havanna<\/p>\n<p><strong>5. Alimogoja<\/strong><\/p>\n<audio class=\"wp-audio-shortcode\" id=\"audio-1636-2\" preload=\"none\" style=\"width: 100%;\" controls=\"controls\"><source type=\"audio\/mpeg\" src=\"https:\/\/etno.net\/wp-content\/uploads\/2020\/12\/alimogoja.mp3?_=2\" \/><a href=\"https:\/\/etno.net\/wp-content\/uploads\/2020\/12\/alimogoja.mp3\">https:\/\/etno.net\/wp-content\/uploads\/2020\/12\/alimogoja.mp3<\/a><\/audio>\n<p>6. Dying Elephant<\/p>\n<p>7. Paperikukkamies\/ Paper flower man<\/p>\n<p><strong>8. L\u00f6tt\u00f6l\u00e4<\/strong><\/p>\n<audio class=\"wp-audio-shortcode\" id=\"audio-1636-3\" preload=\"none\" style=\"width: 100%;\" controls=\"controls\"><source type=\"audio\/mpeg\" src=\"https:\/\/etno.net\/wp-content\/uploads\/2020\/12\/lo\u0308tto\u0308la\u0308.mp3?_=3\" \/><a href=\"https:\/\/etno.net\/wp-content\/uploads\/2020\/12\/lo\u0308tto\u0308la\u0308.mp3\">https:\/\/etno.net\/wp-content\/uploads\/2020\/12\/lo\u0308tto\u0308la\u0308.mp3<\/a><\/audio>\n<p>S\u00e4vellykset: Aino Kurki<br \/>\nDunia &amp; Alimogoja sanat ja korasovitukset: Cheich Cissokho<\/p>\n<\/div>\n<\/div>\n<\/div>\n","protected":false},"excerpt":{"rendered":"<p>T\u00e4m\u00e4 levy on syntynyt koran, l\u00e4nsiafrikkalaisen harpun innoittamana. Koransoittajien virtuoosimainen soittotyyli teki minuun sek\u00e4 musiikkiini l\u00e4htem\u00e4tt\u00f6m\u00e4n vaikutuksen. Halusin haastaa kanteleen lumoavan soinnin ja samalla vied\u00e4 sen tuntemattomille vesille. T\u00e4ll\u00e4 levyll\u00e4 ikivanha hauenleuka uiskentelee turkoosin meren syleilyyn, miss\u00e4 korallit tanssittavat sit\u00e4 rytmien pulpahdellessa pintaan. Aino Kurki \u00c4\u00e4nitys, miksaus ja masterointi: Matti Kontio Tuottaja: Sinikka Kontio Valokuva [&hellip;]<\/p>\n","protected":false},"featured_media":1640,"comment_status":"closed","ping_status":"closed","template":"","meta":{"_acf_changed":false},"product_brand":[],"product_cat":[65],"product_tag":[],"class_list":{"0":"post-1636","1":"product","2":"type-product","3":"status-publish","4":"has-post-thumbnail","6":"product_cat-aanitteet","8":"first","9":"instock","10":"shipping-taxable","11":"product-type-simple"},"acf":[],"_links":{"self":[{"href":"https:\/\/etno.net\/en\/wp-json\/wp\/v2\/product\/1636","targetHints":{"allow":["GET"]}}],"collection":[{"href":"https:\/\/etno.net\/en\/wp-json\/wp\/v2\/product"}],"about":[{"href":"https:\/\/etno.net\/en\/wp-json\/wp\/v2\/types\/product"}],"replies":[{"embeddable":true,"href":"https:\/\/etno.net\/en\/wp-json\/wp\/v2\/comments?post=1636"}],"wp:featuredmedia":[{"embeddable":true,"href":"https:\/\/etno.net\/en\/wp-json\/wp\/v2\/media\/1640"}],"wp:attachment":[{"href":"https:\/\/etno.net\/en\/wp-json\/wp\/v2\/media?parent=1636"}],"wp:term":[{"taxonomy":"product_brand","embeddable":true,"href":"https:\/\/etno.net\/en\/wp-json\/wp\/v2\/product_brand?post=1636"},{"taxonomy":"product_cat","embeddable":true,"href":"https:\/\/etno.net\/en\/wp-json\/wp\/v2\/product_cat?post=1636"},{"taxonomy":"product_tag","embeddable":true,"href":"https:\/\/etno.net\/en\/wp-json\/wp\/v2\/product_tag?post=1636"}],"curies":[{"name":"wp","href":"https:\/\/api.w.org\/{rel}","templated":true}]}}