{"id":1641,"date":"2020-12-17T21:08:30","date_gmt":"2020-12-17T19:08:30","guid":{"rendered":"https:\/\/etno.net\/?post_type=product&#038;p=1641"},"modified":"2021-11-19T12:51:30","modified_gmt":"2021-11-19T10:51:30","slug":"piia-kleemola-pirun-ja-papin-polska","status":"publish","type":"product","link":"https:\/\/etno.net\/en\/julkaisu\/aanitteet\/piia-kleemola-pirun-ja-papin-polska","title":{"rendered":"Piia Kleemola &#8211; Pirun ja papin polska"},"content":{"rendered":"<div class=\"field field-name-body field-type-text-with-summary field-label-hidden\">\n<div class=\"field-items\">\n<div class=\"field-item even\">\n<p>20 vuotta sitten Ritva Talvitie opetti minulle ensimm\u00e4iset etel\u00e4pohjalaiset viulupolskani. Iivari Hautala, Eemeli Nurmela ja Erkki Nets\u00e4pelto olivat pelimanneja, joiden kappaleiden my\u00f6t\u00e4 p\u00e4\u00e4sin tutustumaan yhteen suomalaisen kansanmusiikin hienoimmista ilmentymist\u00e4. N\u00e4iden soittotuntien j\u00e4lkeen alkanut tutkimusty\u00f6 etel\u00e4pohjalaisten viulupelimannien ja heid\u00e4n ohjelmistonsa parissa jatkuu edelleen. Arkistoista l\u00f6ytyneet hienot s\u00e4velm\u00e4t ja niiden tulkinnat ovat saaneet minut ihailemaan, innostumaan ja inspiroitumaan.<\/p>\n<p>Sein\u00e4joella 8.6.2014<\/p>\n<\/div>\n<\/div>\n<\/div>\n<div class=\"field field-name-field-kamucd-kuv-kirjoittaja field-type-text field-label-hidden\">\n<div class=\"field-items\"><\/div>\n<\/div>\n<div class=\"field field-name-field-kamucd-tallennusmaa field-type-text field-label-inline clearfix\">\n<div class=\"field-items\">\n<div class=\"field-item even\">Piia Kleemola<\/div>\n<\/div>\n<\/div>\n<div class=\"field field-name-field-kamucd-teknikot field-type-text-long field-label-hidden\">\n<div class=\"field-items\">\n<div class=\"field-item even\">\n<p>\u00c4\u00e4nitys ja miksaus: Samuli Volanto<br \/>\nTuotanto: Piia Kleemola ja Anne-Mari Kivim\u00e4ki<br \/>\nMasterointi: Vesa Norilo<br \/>\nKannet: Petri V\u00e4lim\u00e4ki<br \/>\nKuva: Tuukka Kiviranta<br \/>\nK\u00e4\u00e4nn\u00f6kset: Kristiina Prauda<\/p>\n<p>\u00c4\u00e4nitetty Sein\u00e4joella T\u00f6rn\u00e4v\u00e4n kartanossa<\/p>\n<\/div>\n<\/div>\n<\/div>\n<div class=\"field field-name-field-kamucd-yht-kokoonpano field-type-text-long field-label-inline clearfix\">\n<div class=\"field-label\">Muusikot:<\/div>\n<div class=\"field-items\">\n<div class=\"field-item even\">\n<p>Piia Kleemola: viulu, oktaaviviulu (2, 4, 6-7), 15-kielinen kantele (4).<\/p>\n<p>Anne-Mari Kivim\u00e4ki: 5-rivinen haitari (3 &amp; 7)<\/p>\n<\/div>\n<\/div>\n<\/div>\n<div class=\"field field-name-field-kamucd-raidat field-type-text-long field-label-hidden\">\n<div class=\"field-items\">\n<div class=\"field-item even\">\n<p><strong>1. Bj\u00f6rk\u00f6-polska<\/strong><\/p>\n<p>Bj\u00f6rk\u00f6-polskan on soittanut Gustav Lindb\u00e4ck Oravaisista v. 1958 Erkki Ala-K\u00f6nnille. (Polskan parhaita. Kansanmusiikki-instituutti). Kappaleessa on lainaus S. E. Riskun soittamasta Pirun Polskasta. (Pelimannien parhaat, Karvian kotiseutuyhdistys).<\/p>\n<!--[if lt IE 9]><script>document.createElement('audio');<\/script><![endif]-->\n<audio class=\"wp-audio-shortcode\" id=\"audio-1641-1\" preload=\"none\" style=\"width: 100%;\" controls=\"controls\"><source type=\"audio\/mpeg\" src=\"https:\/\/etno.net\/wp-content\/uploads\/2020\/12\/bjo\u0308rko\u0308.mp3?_=1\" \/><a href=\"https:\/\/etno.net\/wp-content\/uploads\/2020\/12\/bjo\u0308rko\u0308.mp3\">https:\/\/etno.net\/wp-content\/uploads\/2020\/12\/bjo\u0308rko\u0308.mp3<\/a><\/audio>\n<p>2. Seilimaakarin polska<\/p>\n<p>Polska numero 71 ilmajokisen Samuel Rinta-Nikkolan (1763-1818) nuottikirjasta. Kappale kuulosti mielest\u00e4ni h\u00e4mment\u00e4v\u00e4n paljon oldtime-s\u00e4velm\u00e4lt\u00e4, ja innostuin ajatuksesta, ett\u00e4 merill\u00e4 seilimaakarina seilannut r\u00e4\u00e4t\u00e4li Rinta-Nikkola olisi tuonut matkoiltaan mukanaan uusia kappaleita.<\/p>\n<p>3. Rukkimestarin polska<\/p>\n<p>Ritva Talvitielt\u00e4 oppimaani polskaa on aikanaan soittanut Iivari Hautala Evij\u00e4rvelt\u00e4. (J\u00e4rviseudun viulumestarit. Kansanmusiikki-instituutti).<\/p>\n<p>4. Autuas p\u00e4iv\u00e4<\/p>\n<p>Hengellinen laulus\u00e4velm\u00e4 Toivo Kuulan v. 1907 ker\u00e4\u00e4mien kansanlaulujen joukosta. (Etel\u00e4pohjalaisia kansanlauluja. Suomalaisen Kirjallisuuden Seura).<\/p>\n<p><strong>5. Nusrat<\/strong><\/p>\n<p>Kappale sai nimens\u00e4, kun opettajani Maria Kalaniemi kehotti minua inspiroitumaan pakistanilaisen laulajan Nusrat Fateh Ali Khanin tulkinnoista.<\/p>\n<audio class=\"wp-audio-shortcode\" id=\"audio-1641-2\" preload=\"none\" style=\"width: 100%;\" controls=\"controls\"><source type=\"audio\/mpeg\" src=\"https:\/\/etno.net\/wp-content\/uploads\/2020\/12\/nusrat.mp3?_=2\" \/><a href=\"https:\/\/etno.net\/wp-content\/uploads\/2020\/12\/nusrat.mp3\">https:\/\/etno.net\/wp-content\/uploads\/2020\/12\/nusrat.mp3<\/a><\/audio>\n<p><strong>6. Pirun ja papin polska<\/strong><\/p>\n<p>Soittanut Yrj\u00f6 Ylikorpi Kannuksesta, tallentanut Eino Saari. (Pelimannien parhaat, Karvian kotiseutuyhdistys).<\/p>\n<audio class=\"wp-audio-shortcode\" id=\"audio-1641-3\" preload=\"none\" style=\"width: 100%;\" controls=\"controls\"><source type=\"audio\/mpeg\" src=\"https:\/\/etno.net\/wp-content\/uploads\/2020\/12\/pirunpapin.mp3?_=3\" \/><a href=\"https:\/\/etno.net\/wp-content\/uploads\/2020\/12\/pirunpapin.mp3\">https:\/\/etno.net\/wp-content\/uploads\/2020\/12\/pirunpapin.mp3<\/a><\/audio>\n<p>7. Karhun valitus<\/p>\n<p>Jalasj\u00e4rvisen Jaakko &#8221;Friikooli&#8221; Rautasen pojanpojan Ahto Rautasen soittama s\u00e4velm\u00e4. Arkistonauhalla Rautanen kertoo kappaleeseen liittyv\u00e4n tarinan, jossa ovela kettu juonii hunajanhimoisen karhun j\u00e4tt\u00e4m\u00e4\u00e4n k\u00e4p\u00e4l\u00e4ns\u00e4 jumiin puun oksien v\u00e4liin. (AK-nauhat. Kansanperinteen arkisto).<\/p>\n<p>8. J\u00e4rvenkyl\u00e4n paimenpolska ja Lyyrinen polska<\/p>\n<p>Ensimm\u00e4isen kappaleen on tallentanut Toivo Haapanen v. 1915 Antti Luurilta Karvialta. (Kauhajoen musiikkiharrastuksen kannatusyhdistyksen nuottikokoelma). Toinen kappale on jalasj\u00e4rvisen Ahto Rautasen vuonna 1975 Erkki Ala-K\u00f6nnille soittama. (Polskan parhaita. Kansanmusiikki-instituutti).<\/p>\n<p>Kaikki kappaleet trad. sov. Kleemola, paitsi 3 &amp; 7 trad. sov. Kleemola &amp; Kivim\u00e4ki ja 5 s\u00e4v. Kleemola.<\/p>\n<\/div>\n<\/div>\n<\/div>\n","protected":false},"excerpt":{"rendered":"<p>20 vuotta sitten Ritva Talvitie opetti minulle ensimm\u00e4iset etel\u00e4pohjalaiset viulupolskani. Iivari Hautala, Eemeli Nurmela ja Erkki Nets\u00e4pelto olivat pelimanneja, joiden kappaleiden my\u00f6t\u00e4 p\u00e4\u00e4sin tutustumaan yhteen suomalaisen kansanmusiikin hienoimmista ilmentymist\u00e4. N\u00e4iden soittotuntien j\u00e4lkeen alkanut tutkimusty\u00f6 etel\u00e4pohjalaisten viulupelimannien ja heid\u00e4n ohjelmistonsa parissa jatkuu edelleen. Arkistoista l\u00f6ytyneet hienot s\u00e4velm\u00e4t ja niiden tulkinnat ovat saaneet minut ihailemaan, innostumaan ja [&hellip;]<\/p>\n","protected":false},"featured_media":1645,"comment_status":"closed","ping_status":"closed","template":"","meta":{"_acf_changed":false},"product_brand":[],"product_cat":[65],"product_tag":[],"class_list":{"0":"post-1641","1":"product","2":"type-product","3":"status-publish","4":"has-post-thumbnail","6":"product_cat-aanitteet","8":"first","9":"instock","10":"shipping-taxable","11":"product-type-simple"},"acf":[],"_links":{"self":[{"href":"https:\/\/etno.net\/en\/wp-json\/wp\/v2\/product\/1641","targetHints":{"allow":["GET"]}}],"collection":[{"href":"https:\/\/etno.net\/en\/wp-json\/wp\/v2\/product"}],"about":[{"href":"https:\/\/etno.net\/en\/wp-json\/wp\/v2\/types\/product"}],"replies":[{"embeddable":true,"href":"https:\/\/etno.net\/en\/wp-json\/wp\/v2\/comments?post=1641"}],"wp:featuredmedia":[{"embeddable":true,"href":"https:\/\/etno.net\/en\/wp-json\/wp\/v2\/media\/1645"}],"wp:attachment":[{"href":"https:\/\/etno.net\/en\/wp-json\/wp\/v2\/media?parent=1641"}],"wp:term":[{"taxonomy":"product_brand","embeddable":true,"href":"https:\/\/etno.net\/en\/wp-json\/wp\/v2\/product_brand?post=1641"},{"taxonomy":"product_cat","embeddable":true,"href":"https:\/\/etno.net\/en\/wp-json\/wp\/v2\/product_cat?post=1641"},{"taxonomy":"product_tag","embeddable":true,"href":"https:\/\/etno.net\/en\/wp-json\/wp\/v2\/product_tag?post=1641"}],"curies":[{"name":"wp","href":"https:\/\/api.w.org\/{rel}","templated":true}]}}