{"id":1646,"date":"2020-12-17T21:11:58","date_gmt":"2020-12-17T19:11:58","guid":{"rendered":"https:\/\/etno.net\/?post_type=product&#038;p=1646"},"modified":"2021-11-19T12:52:06","modified_gmt":"2021-11-19T10:52:06","slug":"tuomas-logren-yovesi","status":"publish","type":"product","link":"https:\/\/etno.net\/en\/julkaisu\/aanitteet\/tuomas-logren-yovesi","title":{"rendered":"Tuomas Logr\u00e9n &#8211; Y\u00f6vesi"},"content":{"rendered":"<div class=\"field field-name-field-kamucd-teknikot field-type-text-long field-label-hidden\">\n<div class=\"field-items\">\n<div class=\"field-item even\">\n<p>\u00c4\u00e4nitys, miksaus ja tuotanto: Kimpi Huisman<br \/>\nMasterointi: Jaakko Viital\u00e4hde\/Virtal\u00e4hde Mastering, Kuhmoinen<br \/>\nGraafinen suunnittelu ja kuvat: Cvijeta Miljak<\/p>\n<p>\u00c4\u00e4nitetty 2013 Sibelius-Akatemian Kallio-Kuninkalan studiossa J\u00e4rvenp\u00e4\u00e4ss\u00e4 sek\u00e4 Studio Kartanossa ja Studio Apinalinnassa Helsingiss\u00e4.\u00a0Miksattu Studio Apinalinnassa.<\/p>\n<\/div>\n<\/div>\n<\/div>\n<div class=\"field field-name-field-kamucd-yht-kokoonpano field-type-text-long field-label-inline clearfix\">\n<div class=\"field-label\">Muusikot:<\/div>\n<div class=\"field-items\">\n<div class=\"field-item even\">\n<p>Tuomas Logr\u00e9n: laulu, kitara, banjo, mandoliini, dobro, oktaavikitara, viulu, huuliharppu, ly\u00f6m\u00e4soittimet<\/p>\n<p>Vierailevat muusikot:<\/p>\n<p>Petri Hakala: mandoliini, viulu<br \/>\nElina Lappalainen: kontrabasso<br \/>\nMatti Pitk\u00e4nen: viulu, hardangerviulu<br \/>\nYona: Laulu<br \/>\nEsko Grundstr\u00f6m: kontrabasso<br \/>\nKimpi Huisman: laulu, koskettimet<br \/>\nSami Koskela: keh\u00e4rumpu<br \/>\nAili J\u00e4rvel\u00e4: laulu<br \/>\nEero Grundstr\u00f6m: urkuharmoni, huuliharppu<br \/>\nTeija Niku: haitari<br \/>\nMaritta Kuula: laulu<\/p>\n<p>&nbsp;<\/p>\n<\/div>\n<\/div>\n<\/div>\n<div class=\"field field-name-field-kamucd-raidat field-type-text-long field-label-hidden\">\n<div class=\"field-items\">\n<div class=\"field-item even\">\n<p><strong>1. Tuu tuu<\/strong><\/p>\n<!--[if lt IE 9]><script>document.createElement('audio');<\/script><![endif]-->\n<audio class=\"wp-audio-shortcode\" id=\"audio-1646-1\" preload=\"none\" style=\"width: 100%;\" controls=\"controls\"><source type=\"audio\/mpeg\" src=\"https:\/\/etno.net\/wp-content\/uploads\/2020\/12\/tuutuu.mp3?_=1\" \/><a href=\"https:\/\/etno.net\/wp-content\/uploads\/2020\/12\/tuutuu.mp3\">https:\/\/etno.net\/wp-content\/uploads\/2020\/12\/tuutuu.mp3<\/a><\/audio>\n<p>s\u00e4v. trad.\/T. Logr\u00e9n, sov. T. Logr\u00e9n, san. trad.<\/p>\n<p>2. Onkituro<\/p>\n<p>s\u00e4v. &amp; sov. T. Logr\u00e9n<\/p>\n<p><strong>3. Puirosilla<\/strong><\/p>\n<audio class=\"wp-audio-shortcode\" id=\"audio-1646-2\" preload=\"none\" style=\"width: 100%;\" controls=\"controls\"><source type=\"audio\/mpeg\" src=\"https:\/\/etno.net\/wp-content\/uploads\/2020\/12\/puirosilla.mp3?_=2\" \/><a href=\"https:\/\/etno.net\/wp-content\/uploads\/2020\/12\/puirosilla.mp3\">https:\/\/etno.net\/wp-content\/uploads\/2020\/12\/puirosilla.mp3<\/a><\/audio>\n<p>s\u00e4v. trad., sov. T. Logr\u00e9n &amp; laulustemmat Kimpi Huisman<\/p>\n<p>4. Etel\u00e4lahtista<\/p>\n<p>s\u00e4v. Juha-Matti Kurra, sov. P. Hakala, S. Koskela &amp; T. Logr\u00e9n<\/p>\n<p>5. Havupuu<\/p>\n<p>s\u00e4v. &amp; sov. T. Logr\u00e9n<\/p>\n<p>6. Talonpoika meni honkamett\u00e4\u00e4n<\/p>\n<p>s\u00e4v. trad., sov. T. Logr\u00e9n<\/p>\n<p>7. Herrasv\u00e4ki meni saareen<\/p>\n<p>s\u00e4v. trad., sov. T. Logr\u00e9n<\/p>\n<p>8. Toutain<\/p>\n<p>s\u00e4v. &amp; sov. T. Logr\u00e9n<\/p>\n<p>9. Y\u00f6vesi<\/p>\n<p>s\u00e4v. &amp; sov. T. Logr\u00e9n<\/p>\n<p>10. Aaveratsastajat (Ghost Riders)<\/p>\n<p>s\u00e4v. Burl Jones\/Stan Jones\/kust. Warner Chappel Music, sov. T. Logr\u00e9n, suom. san. Tapio Kullervo Lahtinen<\/p>\n<p>11. Kotilaakso (Red River Valley)<\/p>\n<p>s\u00e4v. trad., sov. T. Logr\u00e9n, suom. san. Saukki<\/p>\n<p><strong>12. Polska Pekalle<\/strong><\/p>\n<audio class=\"wp-audio-shortcode\" id=\"audio-1646-3\" preload=\"none\" style=\"width: 100%;\" controls=\"controls\"><source type=\"audio\/mpeg\" src=\"https:\/\/etno.net\/wp-content\/uploads\/2020\/12\/polskapekalle.mp3?_=3\" \/><a href=\"https:\/\/etno.net\/wp-content\/uploads\/2020\/12\/polskapekalle.mp3\">https:\/\/etno.net\/wp-content\/uploads\/2020\/12\/polskapekalle.mp3<\/a><\/audio>\n<p>s\u00e4v. Lassi Logr\u00e9n, sov. T. Logr\u00e9n<\/p>\n<\/div>\n<\/div>\n<\/div>\n","protected":false},"excerpt":{"rendered":"<p>\u00c4\u00e4nitys, miksaus ja tuotanto: Kimpi Huisman Masterointi: Jaakko Viital\u00e4hde\/Virtal\u00e4hde Mastering, Kuhmoinen Graafinen suunnittelu ja kuvat: Cvijeta Miljak \u00c4\u00e4nitetty 2013 Sibelius-Akatemian Kallio-Kuninkalan studiossa J\u00e4rvenp\u00e4\u00e4ss\u00e4 sek\u00e4 Studio Kartanossa ja Studio Apinalinnassa Helsingiss\u00e4.\u00a0Miksattu Studio Apinalinnassa. Muusikot: Tuomas Logr\u00e9n: laulu, kitara, banjo, mandoliini, dobro, oktaavikitara, viulu, huuliharppu, ly\u00f6m\u00e4soittimet Vierailevat muusikot: Petri Hakala: mandoliini, viulu Elina Lappalainen: kontrabasso Matti Pitk\u00e4nen: [&hellip;]<\/p>\n","protected":false},"featured_media":1650,"comment_status":"closed","ping_status":"closed","template":"","meta":{"_acf_changed":false},"product_brand":[],"product_cat":[65],"product_tag":[],"class_list":{"0":"post-1646","1":"product","2":"type-product","3":"status-publish","4":"has-post-thumbnail","6":"product_cat-aanitteet","8":"first","9":"instock","10":"shipping-taxable","11":"product-type-simple"},"acf":[],"_links":{"self":[{"href":"https:\/\/etno.net\/en\/wp-json\/wp\/v2\/product\/1646","targetHints":{"allow":["GET"]}}],"collection":[{"href":"https:\/\/etno.net\/en\/wp-json\/wp\/v2\/product"}],"about":[{"href":"https:\/\/etno.net\/en\/wp-json\/wp\/v2\/types\/product"}],"replies":[{"embeddable":true,"href":"https:\/\/etno.net\/en\/wp-json\/wp\/v2\/comments?post=1646"}],"wp:featuredmedia":[{"embeddable":true,"href":"https:\/\/etno.net\/en\/wp-json\/wp\/v2\/media\/1650"}],"wp:attachment":[{"href":"https:\/\/etno.net\/en\/wp-json\/wp\/v2\/media?parent=1646"}],"wp:term":[{"taxonomy":"product_brand","embeddable":true,"href":"https:\/\/etno.net\/en\/wp-json\/wp\/v2\/product_brand?post=1646"},{"taxonomy":"product_cat","embeddable":true,"href":"https:\/\/etno.net\/en\/wp-json\/wp\/v2\/product_cat?post=1646"},{"taxonomy":"product_tag","embeddable":true,"href":"https:\/\/etno.net\/en\/wp-json\/wp\/v2\/product_tag?post=1646"}],"curies":[{"name":"wp","href":"https:\/\/api.w.org\/{rel}","templated":true}]}}