{"id":1654,"date":"2020-12-18T11:32:20","date_gmt":"2020-12-18T09:32:20","guid":{"rendered":"https:\/\/etno.net\/?post_type=product&#038;p=1654"},"modified":"2021-12-15T09:48:13","modified_gmt":"2021-12-15T07:48:13","slug":"snekka-sic","status":"publish","type":"product","link":"https:\/\/etno.net\/en\/julkaisu\/aanitteet\/snekka-sic","title":{"rendered":"Snekka: (SIC)"},"content":{"rendered":"<p><strong>1. Karibian merirosvot<\/strong><\/p>\n<!--[if lt IE 9]><script>document.createElement('audio');<\/script><![endif]-->\n<audio class=\"wp-audio-shortcode\" id=\"audio-1654-1\" preload=\"none\" style=\"width: 100%;\" controls=\"controls\"><source type=\"audio\/mpeg\" src=\"https:\/\/etno.net\/wp-content\/uploads\/2020\/12\/etn_fcd_077_077_sou_001_prv.mp3?_=1\" \/><a href=\"https:\/\/etno.net\/wp-content\/uploads\/2020\/12\/etn_fcd_077_077_sou_001_prv.mp3\">https:\/\/etno.net\/wp-content\/uploads\/2020\/12\/etn_fcd_077_077_sou_001_prv.mp3<\/a><\/audio>\n<p>S\u00e4v. Olli Seikkula, sov. Tarmo Anttila, Tero Hyv\u00e4luoma, Markus Luomala, Tuomas Rauhala, Olli Seikkula.<\/p>\n<p>Tarmo Anttila: s\u00e4hk\u00f6- ja kontrabasso<br \/>\nTero Hyv\u00e4luoma: viulu, alttoviulu<br \/>\nMarkus Luomala: harmonikka, Viipurin kravattihaitari<br \/>\nMarkus Pajakkala: ly\u00f6m\u00e4soittimet<br \/>\nTuomas Rauhala: rummut, ly\u00f6m\u00e4soittimet<br \/>\nOlli Seikkula: s\u00e4hk\u00f6- ja akustinen kitara<\/p>\n<p><strong>2. Partakunnan itsen\u00e4isyysp\u00e4iv\u00e4juhlasottiisi<\/strong><br \/>\nS\u00e4v. Tero Hyv\u00e4luoma, sov. Tarmo Anttila, Tero Hyv\u00e4luoma, Markus Luomala, Tuomas Rauhala, Olli Seikkula, Matias Tyni.<\/p>\n<p>Tarmo Anttila: s\u00e4hk\u00f6- ja kontrabasso<br \/>\nTero Hyv\u00e4luoma: viulu, alttoviulu<br \/>\nMarkus Luomala: harmonikka<br \/>\nTuomas Rauhala: rummut, ly\u00f6m\u00e4soittimet<br \/>\nOlli Seikkula: s\u00e4hk\u00f6- ja akustinen kitara<br \/>\nMatias Tyni: koskettimet<\/p>\n<p><strong>3. Jonkun t\u00e4ytyy tiet\u00e4\u00e4<\/strong><br \/>\nS\u00e4v. Tuomas Rauhala, sov. Tarmo Anttila.<\/p>\n<p>Tarmo Anttila: s\u00e4hk\u00f6- ja kontrabasso<br \/>\nAnnica Br\u00e4nnk\u00e4rr: viulu<br \/>\nTina Br\u00e4nnk\u00e4rr: alttoviulu<br \/>\nTero Hyv\u00e4luoma: viulu, alttoviulu<br \/>\nMarkus Luomala: harmonikka<br \/>\nHanna Parviainen: viulu<br \/>\nVeera Perkola: sello<br \/>\nTuomas Rauhala: piano<br \/>\nOlli Seikkula: s\u00e4hk\u00f6- ja akustinen kitara<\/p>\n<p><strong>4. Lipokkaani lipokkaani<\/strong><br \/>\nS\u00e4v. Olli Seikkula, sov. Tarmo Anttila, Tero Hyv\u00e4luoma, Markus Luomala, Tuomas Rauhala, Olli Seikkula.<\/p>\n<p>Tarmo Anttila: s\u00e4hk\u00f6- ja kontrabasso<br \/>\nTero Hyv\u00e4luoma: viulu, alttoviulu<br \/>\nMarkus Luomala: harmonikka<br \/>\nMarkus Pajakkala: koskettimet<br \/>\nTuomas Rauhala: rummut, ly\u00f6m\u00e4soittimet<br \/>\nOlli Seikkula: s\u00e4hk\u00f6- ja akustinen kitara<\/p>\n<p><strong>5. James Bond on kuollut<\/strong><br \/>\nS\u00e4v. Olli Seikkula, sov. Tarmo Anttila, Tero Hyv\u00e4luoma, Markus Luomala, Tuomas Rauhala, Olli Seikkula.<\/p>\n<p>Tarmo Anttila: s\u00e4hk\u00f6- ja kontrabasso<br \/>\nTero Hyv\u00e4luoma: viulu, alttoviulu<br \/>\nMarkus Luomala: harmonikka<br \/>\nTuomas Rauhala: rummut, ly\u00f6m\u00e4soittimet<br \/>\nOlli Seikkula: s\u00e4hk\u00f6- ja akustinen kitara<br \/>\nMatias Tyni: koskettimet<\/p>\n<p><strong>6. MMM-polska<\/strong><\/p>\n<audio class=\"wp-audio-shortcode\" id=\"audio-1654-2\" preload=\"none\" style=\"width: 100%;\" controls=\"controls\"><source type=\"audio\/mpeg\" src=\"https:\/\/etno.net\/wp-content\/uploads\/2020\/12\/etn_fcd_077_077_sou_006_prv.mp3?_=2\" \/><a href=\"https:\/\/etno.net\/wp-content\/uploads\/2020\/12\/etn_fcd_077_077_sou_006_prv.mp3\">https:\/\/etno.net\/wp-content\/uploads\/2020\/12\/etn_fcd_077_077_sou_006_prv.mp3<\/a><\/audio>\n<p>S\u00e4v. Tero Hyv\u00e4luoma, sov. Tarmo Anttila, Tero Hyv\u00e4luoma, Markus Luomala, Tuomas Rauhala, Olli Seikkula.<\/p>\n<p>Tarmo Anttila: s\u00e4hk\u00f6- ja kontrabasso<br \/>\nTero Hyv\u00e4luoma: viulu, alttoviulu<br \/>\nMarkus Luomala: harmonikka<br \/>\nTuomas Rauhala: rummut, ly\u00f6m\u00e4soittimet<br \/>\nOlli Seikkula: s\u00e4hk\u00f6- ja akustinen kitara<\/p>\n<p><strong>7. Maailman laidalla<\/strong><br \/>\nS\u00e4v. Tarmo Anttila, sov. Tarmo Anttila, Tero Hyv\u00e4luoma, Markus Luomala, Tuomas Rauhala, Olli Seikkula.<\/p>\n<p>Tarmo Anttila: s\u00e4hk\u00f6- ja kontrabasso<br \/>\nTero Hyv\u00e4luoma: viulu, alttoviulu<br \/>\nMarkus Luomala: harmonikka<br \/>\nTuomas Rauhala: rummut, ly\u00f6m\u00e4soittimet<br \/>\nOlli Seikkula: s\u00e4hk\u00f6- ja akustinen kitara<br \/>\nMatias Tyni: koskettimet<\/p>\n<p><strong>8. Roskainen scottish<\/strong><br \/>\nS\u00e4v. Tarmo Anttila, sov. Tarmo Anttila, Tero Hyv\u00e4luoma, Markus Luomala, Tuomas Rauhala, Olli Seikkula.<\/p>\n<p>Tarmo Anttila: s\u00e4hk\u00f6- ja kontrabasso<br \/>\nTero Hyv\u00e4luoma: viulu, alttoviulu<br \/>\nMarkus Luomala: harmonikka<br \/>\nTuomas Rauhala: rummut, ly\u00f6m\u00e4soittimet<br \/>\nOlli Seikkula: s\u00e4hk\u00f6- ja akustinen kitara<br \/>\nMatias Tyni: koskettimet<\/p>\n<p><strong>9. Elinvoima<\/strong><br \/>\nS\u00e4v. Olli Seikkula, sov. Tarmo Anttila, Tero Hyv\u00e4luoma, Markus Luomala, Tuomas Rauhala, Olli Seikkula.<\/p>\n<p>Tarmo Anttila: s\u00e4hk\u00f6- ja kontrabasso<br \/>\nTero Hyv\u00e4luoma: viulu, alttoviulu<br \/>\nMarkus Luomala: harmonikka<br \/>\nTuomas Rauhala: rummut, ly\u00f6m\u00e4soittimet<br \/>\nOlli Seikkula: s\u00e4hk\u00f6- ja akustinen kitara<\/p>\n<p><strong>10. Shudan<\/strong><br \/>\nS\u00e4v. Tarmo Anttila, sov. Tarmo Anttila, Tero Hyv\u00e4luoma, Markus Luomala, Markus Pajakkala, Tuomas Rauhala, Olli Seikkula, Matias Tyni.<\/p>\n<p>Tarmo Anttila: s\u00e4hk\u00f6- ja kontrabasso<br \/>\nVilhelmiina Heikkonen: laulu<br \/>\nMiina Hietala: laulu<br \/>\nAapo Huhta: laulu<br \/>\nEsko Huhta: laulu<br \/>\nKimmo Huhta: laulu<br \/>\nTero Hyv\u00e4luoma: viulu, alttoviulu<br \/>\nReetta Ikola: laulu<br \/>\nAili J\u00e4rvel\u00e4: laulu<br \/>\nSami Kurppa: klarinetti<br \/>\nMarkus Luomala: harmonikka<br \/>\nTuomas Meurman: laulu<br \/>\nTiina M\u00e4kel\u00e4: laulu<br \/>\nMarkus Pajakkala: baritonisaksofoni<br \/>\nTero Pajunen: laulu<br \/>\nMatteus Pentti: laulu<br \/>\nIlkka Puputti: k\u00e4yr\u00e4torvi<br \/>\nTuomas Rauhala: rummut, ly\u00f6m\u00e4soittimet<br \/>\nOlli Seikkula: laulu<br \/>\nOlli Seikkula: s\u00e4hk\u00f6- ja akustinen kitara<br \/>\nMeri Toivanen: laulu<br \/>\nSara Toivanen: laulu<br \/>\nMatias Tyni: koskettimet<br \/>\nLeena Untamala: laulu<\/p>\n<p><strong>11. Aika<\/strong><br \/>\nS\u00e4v. Tarmo Anttila.<\/p>\n<p>Tarmo Anttila: s\u00e4hk\u00f6- ja kontrabasso<br \/>\nTero Hyv\u00e4luoma: viulu, alttoviulu<br \/>\nMarkus Luomala: harmonikka<br \/>\nTuomas Rauhala: rummut, ly\u00f6m\u00e4soittimet<br \/>\nOlli Seikkula: s\u00e4hk\u00f6- ja akustinen kitara<\/p>\n<p><strong>12. Harley Benton<\/strong><\/p>\n<audio class=\"wp-audio-shortcode\" id=\"audio-1654-3\" preload=\"none\" style=\"width: 100%;\" controls=\"controls\"><source type=\"audio\/mpeg\" src=\"https:\/\/etno.net\/wp-content\/uploads\/2020\/12\/etn_fcd_077_077_sou_012_prv.mp3?_=3\" \/><a href=\"https:\/\/etno.net\/wp-content\/uploads\/2020\/12\/etn_fcd_077_077_sou_012_prv.mp3\">https:\/\/etno.net\/wp-content\/uploads\/2020\/12\/etn_fcd_077_077_sou_012_prv.mp3<\/a><\/audio>\n<p>S\u00e4v. Tero Hyv\u00e4luoma, sov. Tarmo Anttila, Tero Hyv\u00e4luoma, Markus Luomala, Tuomas Rauhala, Olli Seikkula, Matias Tyni.<\/p>\n<p>Tarmo Anttila: s\u00e4hk\u00f6- ja kontrabasso<br \/>\nVilhelmiina Heikkonen: laulu<br \/>\nMiina Hietala: laulu<br \/>\nAapo Huhta: laulu<br \/>\nEsko Huhta: laulu<br \/>\nKimmo Huhta: laulu<br \/>\nTero Hyv\u00e4luoma: viulu, alttoviulu<br \/>\nReetta Ikola: laulu<br \/>\nAili J\u00e4rvel\u00e4: laulu<br \/>\nSami Kurppa: sopraanosaksofoni<br \/>\nMarkus Luomala: harmonikka<br \/>\nTuomas Meurman: laulu<br \/>\nTiina M\u00e4kel\u00e4: laulu<br \/>\nTero Pajunen: laulu<br \/>\nMatteus Pentti: laulu<br \/>\nTuomas Rauhala: rummut, ly\u00f6m\u00e4soittimet<br \/>\nOlli Seikkula: laulu<br \/>\nOlli Seikkula: s\u00e4hk\u00f6- ja akustinen kitara<br \/>\nMeri Toivanen: laulu<br \/>\nSara Toivanen: laulu<br \/>\nMatias Tyni: koskettimet<br \/>\nLeena Untamala: laulu<\/p>\n","protected":false},"excerpt":{"rendered":"<div class=\"field field-name-body field-type-text-with-summary field-label-hidden\">\n<div class=\"field-items\">\n<div class=\"field-item even\">Kaustisl\u00e4ht\u00f6isen Snekan toisella julkaisulla jatketaan tuttuun malliin nuorten miesten omilla s\u00e4vellyksill\u00e4. Snekan musiikkia on turha yritt\u00e4\u00e4 tarkasti lokeroida mihink\u00e4\u00e4n yksitt\u00e4iseen musiikin tyyliin, sill\u00e4 yhtye on pysynyt avoimena vaikutteille yli musiikillisten rajojen. Snekan omalaatuinen instrumentointi, nuoret persoonalliset muusikot sek\u00e4 p\u00e4\u00e4asiassa omaa tuotantoa oleva ohjelmisto luovat vahvan, tunnistettavan Snekka-soundin.<\/div>\n<\/div>\n<\/div>\n<div><\/div>\n<div>Tuottajat: Tero Hyv\u00e4luoma, Markus Luomala, Olli Seikkula, Tarmo Anttila, Tuomas Rauhala, Markus Pajakkala<br \/>\n\u00c4\u00e4nitys: Markus Pajakkala<br \/>\nMiksaus: Markus Pajakkala<br \/>\nMasterointi: Vesa Norilo<\/div>","protected":false},"featured_media":1652,"comment_status":"closed","ping_status":"closed","template":"","meta":{"_acf_changed":false},"product_brand":[],"product_cat":[65],"product_tag":[],"class_list":{"0":"post-1654","1":"product","2":"type-product","3":"status-publish","4":"has-post-thumbnail","6":"product_cat-aanitteet","8":"first","9":"instock","10":"shipping-taxable","11":"product-type-simple"},"acf":[],"_links":{"self":[{"href":"https:\/\/etno.net\/en\/wp-json\/wp\/v2\/product\/1654","targetHints":{"allow":["GET"]}}],"collection":[{"href":"https:\/\/etno.net\/en\/wp-json\/wp\/v2\/product"}],"about":[{"href":"https:\/\/etno.net\/en\/wp-json\/wp\/v2\/types\/product"}],"replies":[{"embeddable":true,"href":"https:\/\/etno.net\/en\/wp-json\/wp\/v2\/comments?post=1654"}],"wp:featuredmedia":[{"embeddable":true,"href":"https:\/\/etno.net\/en\/wp-json\/wp\/v2\/media\/1652"}],"wp:attachment":[{"href":"https:\/\/etno.net\/en\/wp-json\/wp\/v2\/media?parent=1654"}],"wp:term":[{"taxonomy":"product_brand","embeddable":true,"href":"https:\/\/etno.net\/en\/wp-json\/wp\/v2\/product_brand?post=1654"},{"taxonomy":"product_cat","embeddable":true,"href":"https:\/\/etno.net\/en\/wp-json\/wp\/v2\/product_cat?post=1654"},{"taxonomy":"product_tag","embeddable":true,"href":"https:\/\/etno.net\/en\/wp-json\/wp\/v2\/product_tag?post=1654"}],"curies":[{"name":"wp","href":"https:\/\/api.w.org\/{rel}","templated":true}]}}