{"id":1664,"date":"2020-12-18T11:50:24","date_gmt":"2020-12-18T09:50:24","guid":{"rendered":"https:\/\/etno.net\/?post_type=product&#038;p=1664"},"modified":"2021-12-15T09:44:23","modified_gmt":"2021-12-15T07:44:23","slug":"timo-alakotila-johanna-juhola-vapaassa-tilassa","status":"publish","type":"product","link":"https:\/\/etno.net\/en\/julkaisu\/aanitteet\/timo-alakotila-johanna-juhola-vapaassa-tilassa","title":{"rendered":"Timo Alakotila &amp; Johanna Juhola: Vapaassa tilassa"},"content":{"rendered":"<p><strong>1. Bali<\/strong><br \/>\nS\u00e4v. Timo Alakotila, sov. Timo Alakotila, Aili Ikonen, Johanna Juhola.<\/p>\n<p>Timo Alakotila: piano<br \/>\nAili Ikonen: laulu<br \/>\nJohanna Juhola: 5-rivinen standardibassohaitari<\/p>\n<p><strong>2. Sylvesteri<\/strong><br \/>\nS\u00e4v. Johanna Juhola, sov. Timo Alakotila, Johanna Juhola, Pekka Kuusisto.<\/p>\n<p>Timo Alakotila: piano<br \/>\nJohanna Juhola: 5-rivinen standardibassohaitari<br \/>\nPekka Kuusisto: viulu<\/p>\n<p><strong>3. Vapaassa tilassa<\/strong><\/p>\n<!--[if lt IE 9]><script>document.createElement('audio');<\/script><![endif]-->\n<audio class=\"wp-audio-shortcode\" id=\"audio-1664-1\" preload=\"none\" style=\"width: 100%;\" controls=\"controls\"><source type=\"audio\/mpeg\" src=\"https:\/\/etno.net\/wp-content\/uploads\/2020\/12\/etn_fcd_079_079_sou_003_prv.mp3?_=1\" \/><a href=\"https:\/\/etno.net\/wp-content\/uploads\/2020\/12\/etn_fcd_079_079_sou_003_prv.mp3\">https:\/\/etno.net\/wp-content\/uploads\/2020\/12\/etn_fcd_079_079_sou_003_prv.mp3<\/a><\/audio>\n<p>S\u00e4v. Timo Alakotila, sov. Timo Alakotila, Jouni J\u00e4rvel\u00e4, Johanna Juhola.<\/p>\n<p>Timo Alakotila: piano<br \/>\nJouni J\u00e4rvel\u00e4: sopraanosaksofoni<br \/>\nJohanna Juhola: 5-rivinen standardibassohaitari<\/p>\n<p><strong>4. Paluu<\/strong><br \/>\nS\u00e4v. Johanna Juhola, sov. Timo Alakotila, Johanna Juhola.<\/p>\n<p>Timo Alakotila: piano<br \/>\nJohanna Juhola: 5-rivinen standardibassohaitari<\/p>\n<p><strong>5. Sheridan<\/strong><br \/>\nS\u00e4v. Johanna Juhola, sov. Timo Alakotila, Petri Hakala, Johanna Juhola, Roger Tallroth.<\/p>\n<p>Timo Alakotila: piano<br \/>\nPetri Hakala: mandoliini<br \/>\nJohanna Juhola: 5-rivinen standardibassohaitari<br \/>\nRoger Tallroth: kitara<\/p>\n<p><strong>6. Yli siniviivan<\/strong><\/p>\n<audio class=\"wp-audio-shortcode\" id=\"audio-1664-2\" preload=\"none\" style=\"width: 100%;\" controls=\"controls\"><source type=\"audio\/mpeg\" src=\"https:\/\/etno.net\/wp-content\/uploads\/2020\/12\/etn_fcd_079_079_sou_006_prv.mp3?_=2\" \/><a href=\"https:\/\/etno.net\/wp-content\/uploads\/2020\/12\/etn_fcd_079_079_sou_006_prv.mp3\">https:\/\/etno.net\/wp-content\/uploads\/2020\/12\/etn_fcd_079_079_sou_006_prv.mp3<\/a><\/audio>\n<p>S\u00e4v. Johanna Juhola, sov. Timo Alakotila, Petri Hakala, Johanna Juhola, Roger Tallroth.<\/p>\n<p>Timo Alakotila: piano<br \/>\nPetri Hakala: mandoliini<br \/>\nJohanna Juhola: 5-rivinen standardibassohaitari<br \/>\nRoger Tallroth: kitara<\/p>\n<p><strong>7. Menuetti ja polska<\/strong><br \/>\nS\u00e4v. Timo Alakotila, Johanna Juhola, sov. Timo Alakotila, Jouni J\u00e4rvel\u00e4, Johanna Juhola.<\/p>\n<p>Timo Alakotila: piano<br \/>\nJouni J\u00e4rvel\u00e4: sopraanosaksofoni<br \/>\nJohanna Juhola: 5-rivinen standardibassohaitari<\/p>\n<p><strong>8. \u00c5re polska<\/strong><br \/>\nS\u00e4v. trad., sov. Timo Alakotila, Aili Ikonen, Johanna Juhola.<\/p>\n<p>Timo Alakotila: piano<br \/>\nAili Ikonen: laulu<br \/>\nJohanna Juhola: 5-rivinen standardibassohaitari<\/p>\n<p><strong>9. Kev\u00e4\u00e4n ensimm\u00e4inen tango<\/strong><\/p>\n<audio class=\"wp-audio-shortcode\" id=\"audio-1664-3\" preload=\"none\" style=\"width: 100%;\" controls=\"controls\"><source type=\"audio\/mpeg\" src=\"https:\/\/etno.net\/wp-content\/uploads\/2020\/12\/etn_fcd_079_079_sou_009_prv.mp3?_=3\" \/><a href=\"https:\/\/etno.net\/wp-content\/uploads\/2020\/12\/etn_fcd_079_079_sou_009_prv.mp3\">https:\/\/etno.net\/wp-content\/uploads\/2020\/12\/etn_fcd_079_079_sou_009_prv.mp3<\/a><\/audio>\n<p>S\u00e4v. Johanna Juhola, sov. Timo Alakotila, Johanna Juhola, Pekka Kuusisto.<\/p>\n<p>Timo Alakotila: piano<br \/>\nJohanna Juhola: 5-rivinen standardibassohaitari<br \/>\nPekka Kuusisto: viulu<\/p>\n<p><strong>10. Heini<\/strong><br \/>\nS\u00e4v. Johanna Juhola, sov. Timo Alakotila, Johanna Juhola.<\/p>\n<p>Timo Alakotila: piano<br \/>\nJohanna Juhola: 5-rivinen standardibassohaitari<\/p>\n","protected":false},"excerpt":{"rendered":"<div class=\"field field-name-body field-type-text-with-summary field-label-hidden\">\n<div class=\"field-items\">\n<div class=\"field-item even\">\n<p>Johanna Juhola ja Timo Alakotila, joiden yhteisty\u00f6n hedelm\u00e4\u00e4 pid\u00e4tte nyt k\u00e4siss\u00e4nne, edustavat kahta kansanmuusikoiden sukupolvea. Timo Alakotilan aloittaessa huikeaa uraansa 1970-luvun alussa kansanmusiikin asema oli tyystin erilainen kuin nykyisin; kansanmusiikki n\u00e4htiin kulttuurin ulkomuseona, renkutuksena, jota ei ainakaan ammatikseen voinut harjoittaa. Toisaalta kansanmusiikkia pidettiin my\u00f6s muuttumattomana, puhtaana, alkuper\u00e4isen\u00e4. Jo muunnesointujen k\u00e4ytt\u00f6 oli sopimatonta!<\/p>\n<p>Timon ja muiden pioneerien vuosikymmenten ty\u00f6n tulokset n\u00e4kyv\u00e4t. Kansanmusiikki voi t\u00e4n\u00e4\u00e4n Suomessa paremmin kuin koskaan. Yh\u00e4 suurempi joukko muusikoita luo korkeatasoista taidetta, joka ohittaa ahtaat rajat tyylilajien v\u00e4lill\u00e4.<\/p>\n<p>Johanna Juhola on t\u00e4m\u00e4n uuden sukupolven eturivin edustaja. Omaper\u00e4inen musiikillinen tuotanto ja yhteisty\u00f6 niin klassisen kuin jazz- ja konemusiikinkin huippunimien kanssa on tehnyt Johannan tunnetuksi maamme rajojen ulkopuolellakin.<\/p>\n<p>Johannan ja Timon soittoa on en\u00e4\u00e4 turha lokeroida vain kansanmusiikiksi \u2013 silti siit\u00e4 on kuultavissa my\u00f6s perinteen syv\u00e4 tuntemus ja kunnioitus. Fuusio on usein negatiivisesti latautunut sana; erilaisten musiikillisten elementtien ja tyylien yhdist\u00e4misen nimiss\u00e4 hyv\u00e4ksyt\u00e4\u00e4n hieman kehnompiakin esityksi\u00e4, teoksia, jotka ovat v\u00e4hemm\u00e4n kuin osiensa summa. T\u00e4ll\u00e4 kertaa n\u00e4in ei ole. Jazzmainen improvisaatio ja lukuisat muut vaikutteet el\u00e4v\u00e4t, sulautuvat toisiinsa orgaanisesti ja luovat uutta, m\u00e4\u00e4rittelyj\u00e4 kaihtavaa s\u00e4velkudosta. MUSIIKKIA.<\/p>\n<\/div>\n<\/div>\n<\/div>\n<div class=\"field field-name-field-kamucd-kuv-kirjoittaja field-type-text field-label-hidden\">\n<div class=\"field-items\">\n<div class=\"field-item even\"><em>Hannu Oskala<\/em><\/div>\n<div><\/div>\n<\/div>\n<div>\u00c4\u00e4nitys: Marko My\u00f6h\u00e4nen<br \/>\nMiksaus: Marko My\u00f6h\u00e4nen<br \/>\nMasterointi: Svante Forsb\u00e4ck, Chartmakers<\/div>\n<\/div>","protected":false},"featured_media":1665,"comment_status":"closed","ping_status":"closed","template":"","meta":{"_acf_changed":false},"product_brand":[],"product_cat":[65],"product_tag":[],"class_list":{"0":"post-1664","1":"product","2":"type-product","3":"status-publish","4":"has-post-thumbnail","6":"product_cat-aanitteet","8":"first","9":"instock","10":"shipping-taxable","11":"product-type-simple"},"acf":[],"_links":{"self":[{"href":"https:\/\/etno.net\/en\/wp-json\/wp\/v2\/product\/1664","targetHints":{"allow":["GET"]}}],"collection":[{"href":"https:\/\/etno.net\/en\/wp-json\/wp\/v2\/product"}],"about":[{"href":"https:\/\/etno.net\/en\/wp-json\/wp\/v2\/types\/product"}],"replies":[{"embeddable":true,"href":"https:\/\/etno.net\/en\/wp-json\/wp\/v2\/comments?post=1664"}],"wp:featuredmedia":[{"embeddable":true,"href":"https:\/\/etno.net\/en\/wp-json\/wp\/v2\/media\/1665"}],"wp:attachment":[{"href":"https:\/\/etno.net\/en\/wp-json\/wp\/v2\/media?parent=1664"}],"wp:term":[{"taxonomy":"product_brand","embeddable":true,"href":"https:\/\/etno.net\/en\/wp-json\/wp\/v2\/product_brand?post=1664"},{"taxonomy":"product_cat","embeddable":true,"href":"https:\/\/etno.net\/en\/wp-json\/wp\/v2\/product_cat?post=1664"},{"taxonomy":"product_tag","embeddable":true,"href":"https:\/\/etno.net\/en\/wp-json\/wp\/v2\/product_tag?post=1664"}],"curies":[{"name":"wp","href":"https:\/\/api.w.org\/{rel}","templated":true}]}}